{"id":98568,"date":"2025-06-10T13:22:06","date_gmt":"2025-06-10T18:22:06","guid":{"rendered":"https:\/\/www.lincolngoldfinch.com\/?page_id=98568"},"modified":"2026-04-29T09:44:18","modified_gmt":"2026-04-29T14:44:18","slug":"detencion-de-inmigrantes","status":"publish","type":"page","link":"https:\/\/www.lincolngoldfinch.com\/es\/areas-de-practica\/detencion-de-inmigrantes\/","title":{"rendered":"Abogado de detenci\u00f3n de inmigrantes en Austin"},"content":{"rendered":"<div class=\"fusion-fullwidth fullwidth-box fusion-builder-row-1 fusion-flex-container nonhundred-percent-fullwidth non-hundred-percent-height-scrolling\" style=\"--awb-border-radius-top-left:0px;--awb-border-radius-top-right:0px;--awb-border-radius-bottom-right:0px;--awb-border-radius-bottom-left:0px;--awb-flex-wrap:wrap;\" ><div class=\"fusion-builder-row fusion-row fusion-flex-align-items-flex-start fusion-flex-content-wrap\" style=\"max-width:1331.2px;margin-left: calc(-4% \/ 2 );margin-right: calc(-4% \/ 2 );\"><div class=\"fusion-layout-column fusion_builder_column fusion-builder-column-0 fusion_builder_column_1_1 1_1 fusion-flex-column\" style=\"--awb-bg-size:cover;--awb-width-large:100%;--awb-margin-top-large:0px;--awb-spacing-right-large:1.92%;--awb-margin-bottom-large:0px;--awb-spacing-left-large:1.92%;--awb-width-medium:100%;--awb-spacing-right-medium:1.92%;--awb-spacing-left-medium:1.92%;--awb-width-small:100%;--awb-spacing-right-small:1.92%;--awb-spacing-left-small:1.92%;\"><div class=\"fusion-column-wrapper fusion-flex-justify-content-flex-start fusion-content-layout-column\"><div class=\"fusion-title title fusion-title-1 fusion-sep-none fusion-title-text fusion-title-size-one\" style=\"--awb-margin-top-small:10px;--awb-margin-right-small:0px;--awb-margin-bottom-small:10px;--awb-margin-left-small:0px;\"><h1 class=\"fusion-title-heading title-heading-left\" style=\"margin:0;\"><h1 style=\"text-align: center;\">Abogado de detenci\u00f3n de inmigrantes en Austin<\/h1><\/h1><\/div><div class=\"fusion-text fusion-text-1\"><p><strong>TL;DR:<br \/>\n<\/strong>Si t\u00fa o un ser querido han sido detenidos por las autoridades de inmigraci\u00f3n en Texas, entender sus derechos y el proceso legal es esencial. Esta gu\u00eda explica c\u00f3mo funciona la detenci\u00f3n de inmigrantes, tus opciones legales mientras est\u00e1s detenido y c\u00f3mo una firma de abogados de centros de detenci\u00f3n de inmigrantes en Austin puede ayudarte a atravesar por el sistema con urgencia y cuidado.<\/p>\n<p>Cuando alguien es detenido por agentes de inmigraci\u00f3n en Austin o en cualquier lugar de Texas, puede convertirse r\u00e1pidamente en una emergencia legal y familiar. Puedes sentirte asustado, confundido y pregunt\u00e1ndote qu\u00e9 tan r\u00e1pido puedes traerlos a casa. Entendemos todo lo que est\u00e1 en juego, y estamos aqu\u00ed para ayudarte a actuar con claridad y urgencia.<\/p>\n<p>Tanto si intentas localizar a un familiar como si luchas por su liberaci\u00f3n, esta gu\u00eda te ayudar\u00e1 a entender el proceso. Te explicaremos lo que ocurre en la detenci\u00f3n, hablaremos de tus derechos legales y c\u00f3mo un <a href=\"https:\/\/www.lincolngoldfinch.com\/es\/\">abogado de detenci\u00f3n de inmigrantes en Austin<\/a> puede apoyar a tu familia en cada paso del camino.<\/p>\n<p><img decoding=\"async\" class=\"size-full wp-image-98573 aligncenter\" src=\"https:\/\/www.lincolngoldfinch.com\/wp-content\/uploads\/2025\/06\/kate-lincoln-goldfinch-abogada-de-detencion-de-inmigrantes-en-austin.jpeg\" alt=\"Kate Lincoln-Goldfinch | Abogado De Detenci\u00f3n De Inmigrantes En Austin\" width=\"800\" height=\"530\" srcset=\"https:\/\/www.lincolngoldfinch.com\/wp-content\/uploads\/2025\/06\/kate-lincoln-goldfinch-abogada-de-detencion-de-inmigrantes-en-austin-200x133.jpeg 200w, https:\/\/www.lincolngoldfinch.com\/wp-content\/uploads\/2025\/06\/kate-lincoln-goldfinch-abogada-de-detencion-de-inmigrantes-en-austin-400x265.jpeg 400w, https:\/\/www.lincolngoldfinch.com\/wp-content\/uploads\/2025\/06\/kate-lincoln-goldfinch-abogada-de-detencion-de-inmigrantes-en-austin-600x398.jpeg 600w, https:\/\/www.lincolngoldfinch.com\/wp-content\/uploads\/2025\/06\/kate-lincoln-goldfinch-abogada-de-detencion-de-inmigrantes-en-austin-768x509.jpeg 768w, https:\/\/www.lincolngoldfinch.com\/wp-content\/uploads\/2025\/06\/kate-lincoln-goldfinch-abogada-de-detencion-de-inmigrantes-en-austin.jpeg 800w\" sizes=\"(max-width: 800px) 100vw, 800px\" \/><\/p>\n<h2>Detenci\u00f3n de inmigrantes en Texas<\/h2>\n<p>La detenci\u00f3n de inmigraci\u00f3n es la forma que tiene el Gobierno federal de retener a los no ciudadanos mientras se procesan sus casos de inmigraci\u00f3n. Las personas pueden ser detenidas tras un control de tr\u00e1fico, una redada en el lugar de trabajo, una comparecencia ante un tribunal o incluso una entrevista para la Green Card.<\/p>\n<p>Una vez bajo custodia, permanecen retenidos bajo la autoridad del Servicio de Inmigraci\u00f3n y Control de Aduanas (ICE), normalmente sin un calendario claro para su puesta en libertad. A diferencia de la detenci\u00f3n penal, la custodia de inmigraci\u00f3n no conlleva el derecho a un abogado designado por el Gobierno, lo que hace que el apoyo legal sea a\u00fan m\u00e1s urgente.<\/p>\n<p>Los detenidos pueden enfrentarse a la <a href=\"https:\/\/www.lincolngoldfinch.com\/es\/abogada-de-inmigracion-en-austin\/deportacion\/\">deportaci\u00f3n<\/a>, esperar una audiencia de asilo o solicitar la libertad bajo fianza. Algunos son retenidos durante d\u00edas, otros durante meses o m\u00e1s, especialmente si tienen una orden de expulsi\u00f3n anterior o una condena criminal. Frecuentemente las familias se ven desamparadas para entender lo que est\u00e1 ocurriendo y c\u00f3mo ayudar.<\/p>\n<p>Ah\u00ed es donde entra en juego nuestro abogado de detenci\u00f3n de inmigrantes en Austin. Protegeremos sus derechos, solicitaremos su libertad cuando sea posible y comenzaremos a construir un camino a seguir. Empecemos por lo que ocurre justo despu\u00e9s de una detenci\u00f3n.<\/p>\n<h2>\u00bfQu\u00e9 ocurre tras una detenci\u00f3n de inmigraci\u00f3n?<\/h2>\n<p>Las horas y d\u00edas posteriores a una detenci\u00f3n por inmigraci\u00f3n son confusos y abrumadores para las familias. Muchas veces no es claro d\u00f3nde est\u00e1 detenida la persona, a qu\u00e9 cargos se enfrenta o cu\u00e1ndo ver\u00e1 a un juez. Saber qu\u00e9 esperar durante esta ventana cr\u00edtica puede ayudarle a actuar con rapidez y proteger las posibilidades de su ser querido de permanecer en EE.UU.<\/p>\n<h3>1. Traslado a un centro de detenci\u00f3n<\/h3>\n<p>Tras ser arrestados por el ICE u otra agencia de inmigraci\u00f3n, los inmigrantes suelen ser trasladados a un centro de detenci\u00f3n federal. Este proceso puede producirse en cuesti\u00f3n de horas, y en muchas ocasiones los detenidos son trasladados sin previo aviso, a veces a instalaciones situadas a cientos de kil\u00f3metros de distancia. Eso hace que sea esencial actuar con rapidez para localizarlos.<\/p>\n<h3>2. Emisi\u00f3n de un Aviso de Comparecencia (NTA)<\/h3>\n<p>El <a href=\"https:\/\/www.uscis.gov\/sites\/default\/files\/document\/policy-alerts\/NTA_Policy_FINAL_2.28.25_FINAL.pdf\" target=\"_blank\" rel=\"noopener\">aviso de comparecencia<\/a> es un documento formal de acusaci\u00f3n que enumera las alegaciones del Gobierno e inicia el procedimiento de expulsi\u00f3n. Incluye la fecha y el lugar de la audiencia ante el tribunal de inmigraci\u00f3n. Debe proporcionarse una copia de la NTA al detenido, pero las familias suelen necesitar la ayuda de un abogado para obtenerla y confirmar las fechas del tribunal.<\/p>\n<h3>3. Revisi\u00f3n de la custodia y audiencia de fianza<\/h3>\n<p>Algunos detenidos re\u00fanen los requisitos para una audiencia de fianza en la que pueden solicitar su puesta en libertad mientras su caso sigue adelante. Un juez sopesar\u00e1 factores como los v\u00ednculos con la comunidad, los antecedentes penales y la probabilidad de asistir a futuras audiencias.<\/p>\n<h3>4. Audiencias judiciales<\/h3>\n<p>Las audiencias del tribunal de inmigraci\u00f3n pueden realizarse en persona o por videollamada desde el centro de detenci\u00f3n. La primera audiencia suele ser un \u201ccalendario maestro\u201d en el que se revisan los cargos y se confirma la asistencia letrada. Las audiencias posteriores, llamadas \u201cindividuales\u201d o de \u201cfondo\u201d, son en las que el caso se argumenta completamente ante un juez.<\/p>\n<h3>5. Deportaci\u00f3n o alivio<\/h3>\n<p>Al final del proceso, el juez de inmigraci\u00f3n emitir\u00e1 una orden de expulsi\u00f3n o conceder\u00e1 un alivio, como el asilo o la cancelaci\u00f3n de la expulsi\u00f3n. Si se ordena la expulsi\u00f3n, a\u00fan puede existir la posibilidad de apelar o reabrir el caso, pero el reloj empieza a correr inmediatamente.<\/p>\n<p>Cada paso del proceso de detenci\u00f3n tiene su peso y las primeras decisiones pueden condicionar todo el resultado. Las familias que entienden lo que est\u00e1 ocurriendo est\u00e1n mejor preparadas para responder con urgencia y claridad. Una vez cubiertos los aspectos b\u00e1sicos, es igual de importante saber qu\u00e9 derechos sigue teniendo tu ser querido, incluso mientras est\u00e1 detenido.<\/p>\n<h2>Conoce tus derechos legales mientras est\u00e1s detenido por inmigraci\u00f3n<\/h2>\n<p>Los inmigrantes detenidos a\u00fan tienen protecciones legales, pero muchos no se dan cuenta hasta que es demasiado tarde. Comprender sus derechos puede marcar una verdadera diferencia a la hora de que te pongan en libertad, te deporten o te den una segunda oportunidad.<\/p>\n<p><img decoding=\"async\" class=\"size-full wp-image-98575 alignright\" src=\"https:\/\/www.lincolngoldfinch.com\/wp-content\/uploads\/2025\/06\/agende-una-evaluacion-confidencial-si-es-inmigrante-detenido-en-texas.jpg\" alt=\"Agende Una Evaluaci\u00f3n Confidencial Si Es Inmigrante Detenido En Texas\" width=\"300\" height=\"200\" srcset=\"https:\/\/www.lincolngoldfinch.com\/wp-content\/uploads\/2025\/06\/agende-una-evaluacion-confidencial-si-es-inmigrante-detenido-en-texas-200x133.jpg 200w, https:\/\/www.lincolngoldfinch.com\/wp-content\/uploads\/2025\/06\/agende-una-evaluacion-confidencial-si-es-inmigrante-detenido-en-texas.jpg 300w\" sizes=\"(max-width: 300px) 100vw, 300px\" \/><\/p>\n<ul>\n<li style=\"font-weight: 400;\" aria-level=\"1\">Tienes derecho a un abogado. Los tribunales de inmigraci\u00f3n no proporcionan representaci\u00f3n legal gratuita, pero puedes contratar a un abogado para que te defienda y proteja tus derechos.<\/li>\n<li style=\"font-weight: 400;\" aria-level=\"1\">Tienes derecho a permanecer en silencio. No tienes por qu\u00e9 responder a preguntas sobre tu estatus de inmigrante o sobre c\u00f3mo entraste a los EE.UU., especialmente sin orientaci\u00f3n legal.<\/li>\n<li style=\"font-weight: 400;\" aria-level=\"1\">Puedes tener derecho a una audiencia de fianza. Si re\u00fanes los requisitos, puedes pedirle a un juez que te libere de la custodia mientras tu caso est\u00e1 pendiente.<\/li>\n<li style=\"font-weight: 400;\" aria-level=\"1\">Tienes derecho a apelar. Si un juez de inmigraci\u00f3n ordena tu deportaci\u00f3n, normalmente tienes 30 d\u00edas para impugnar la decisi\u00f3n.<\/li>\n<li style=\"font-weight: 400;\" aria-level=\"1\">No est\u00e1s obligado a firmar nada. El ICE puede presionar para que firmes r\u00e1pidamente, pero nunca debes aceptar la expulsi\u00f3n o la salida sin comprender plenamente las consecuencias.<\/li>\n<\/ul>\n<p>Conocer estos derechos es el primer paso para proteger tu futuro, pero contar con el equipo legal adecuado a tu lado marca la diferencia. Vamos a caminar a trav\u00e9s de lo que los abogados de detenci\u00f3n de inmigraci\u00f3n en Austin realmente pueden hacer para ayudar.<\/p>\n<h2>C\u00f3mo puede ayudarte un abogado de detenci\u00f3n de inmigrantes en Austin<\/h2>\n<p>Enfrentarse a la detenci\u00f3n es abrumador, pero\u00a0 no tienes que atravesarlo solo. Un abogado de detenci\u00f3n de inmigrantes en Austin calificado toma medidas concretas para proteger a tu ser querido, luchar por tu liberaci\u00f3n y preparar la defensa m\u00e1s s\u00f3lida posible. Lee m\u00e1s sobre c\u00f3mo podemos ayudarte.<\/p>\n<h3>Localizamos a tu ser querido detenido<\/h3>\n<p>ICE no siempre notifica a las familias d\u00f3nde est\u00e1 retenida una persona, y la herramienta de localizaci\u00f3n en l\u00ednea suele estar incompleta. Un abogado puede ponerse en contacto directamente con el ICE, confirmar el centro y empezar a elaborar un plan legal de inmediato.<\/p>\n<h3>Solicitamos y preparamos una audiencia de fianza<\/h3>\n<p>Si tu ser querido re\u00fane los requisitos, tu abogado te ayudar\u00e1 a reunir documentos clave, como cartas de apoyo, pruebas de v\u00ednculos con la comunidad y pruebas de buen car\u00e1cter moral. Esta preparaci\u00f3n puede aumentar significativamente las posibilidades de liberaci\u00f3n.<\/p>\n<h3>Te representamos ante el Tribunal de Inmigraci\u00f3n<\/h3>\n<p>Tu abogado comparecer\u00e1 en las audiencias, defender\u00e1 tu caso ante el juez y rebatir\u00e1 cualquier error legal o prueba d\u00e9bil. Tambi\u00e9n proteger\u00e1 tus derechos legales durante el contrainterrogatorio y se asegurar\u00e1 de que nadie se aproveche de tu situaci\u00f3n.<\/p>\n<h3>Identificamos y tomamos acciones legales<\/h3>\n<p>Dependiendo de tus antecedentes, puede que re\u00fanas los requisitos para obtener un alivio como el Asilo, el Ajuste de Estatus o la Cancelaci\u00f3n de Expulsi\u00f3n. Tu abogado evaluar\u00e1 todas las opciones disponibles y presentar\u00e1 las peticiones necesarias para mantenerte dentro de los EE.UU.<\/p>\n<p>La detenci\u00f3n de inmigrantes est\u00e1 llena de incertidumbre, pero el apoyo legal a\u00f1ade estructura, estrategia y esperanza. Para entender qu\u00e9 tipo de casos puede asumir un abogado, veamos algunas de las razones m\u00e1s comunes por las que la gente acaba detenida por motivos de inmigraci\u00f3n.<\/p>\n<h2>Motivos comunes de la detenci\u00f3n de inmigrantes<\/h2>\n<p>La detenci\u00f3n de inmigrantes puede producirse de forma inesperada y por motivos muy diversos. Algunas personas son detenidas durante controles de tr\u00e1fico rutinarios, mientras que otras son detenidas en sus casas, trabajo o audiencias judiciales. Entender por qu\u00e9 ICE detuvo a tu ser querido puede ayudar a dar forma a la respuesta legal y determinar qu\u00e9 opciones pueden estar disponibles para la liberaci\u00f3n o el alivio.<\/p>\n<ul>\n<li style=\"font-weight: 400;\" aria-level=\"1\">Entrada o reentrada ilegal. Cruzar la frontera sin inspecci\u00f3n, especialmente despu\u00e9s de una deportaci\u00f3n previa, suele conducir a la detenci\u00f3n inmediata y a una elegibilidad limitada para la fianza. Estos casos pueden requerir perdones migratorios o protecciones humanitarias especiales.<\/li>\n<li style=\"font-weight: 400;\" aria-level=\"1\">Visa caducada. Las personas que permanecen en EE.UU. despu\u00e9s de que expire su Visa pueden ser detenidas, incluso si han estado aqu\u00ed durante a\u00f1os sin problemas. Las personas que se han quedado m\u00e1s tiempo del permitido a\u00fan pueden acogerse a ciertos perdones, dependiendo de los lazos familiares y del historial migratorio.<\/li>\n<li style=\"font-weight: 400;\" aria-level=\"1\">Orden de expulsi\u00f3n anterior. ICE puede detener a un inmigrante bas\u00e1ndose en una orden de expulsi\u00f3n anterior aunque esa persona haya construido una vida en EE.UU. desde entonces. Reabrir el caso o solicitar una medida de emergencia puede ser posible con la ayuda de un abogado.<\/li>\n<li style=\"font-weight: 400;\" aria-level=\"1\">Cargos criminales pendientes o pasados. Incluso cargos menores pueden desencadenar la custodia del ICE, especialmente si la persona es indocumentada o est\u00e1 fuera de estatus. Las condenas pueden afectar a la elegibilidad para la fianza o los beneficios de inmigraci\u00f3n, pero cada situaci\u00f3n debe ser evaluada cuidadosamente.<\/li>\n<li style=\"font-weight: 400;\" aria-level=\"1\">Faltar a las audiencias del tribunal de inmigraci\u00f3n. No asistir a una audiencia puede dar lugar a una orden de deportaci\u00f3n y a una detenci\u00f3n inmediata posterior. En algunos casos, se puede presentar una moci\u00f3n para reabrir el caso si la ausencia se debi\u00f3 a una raz\u00f3n v\u00e1lida.<\/li>\n<\/ul>\n<p>Cada caso es diferente, y la detenci\u00f3n no siempre significa que la expulsi\u00f3n est\u00e9 garantizada. Con el equipo legal adecuado, incluidos nuestros abogados de detenci\u00f3n de inmigrantes en Austin experimentados, las familias pueden oponerse a la deportaci\u00f3n y luchar por una segunda oportunidad.<\/p>\n<p><img decoding=\"async\" class=\"size-full wp-image-98577 alignleft\" src=\"https:\/\/www.lincolngoldfinch.com\/wp-content\/uploads\/2025\/06\/llama-a-una-firma-de-abogados-de-inmigracion-en-austin.jpg\" alt=\"Llama A Una Firma De Abogados De Inmigraci\u00f3n En Austin\" width=\"300\" height=\"200\" srcset=\"https:\/\/www.lincolngoldfinch.com\/wp-content\/uploads\/2025\/06\/llama-a-una-firma-de-abogados-de-inmigracion-en-austin-200x133.jpg 200w, https:\/\/www.lincolngoldfinch.com\/wp-content\/uploads\/2025\/06\/llama-a-una-firma-de-abogados-de-inmigracion-en-austin.jpg 300w\" sizes=\"(max-width: 300px) 100vw, 300px\" \/><\/p>\n<h2>Lincoln-Goldfinch Law est\u00e1 aqu\u00ed para ti<\/h2>\n<p>Si tu ser querido ha sido detenido por ICE, sabemos lo urgente y aterrador que se siente ese momento. En Lincoln-Goldfinch Law, trabajamos con fuerza y urgencia para volver a unir a las familias y luchar contra la deportaci\u00f3n en cada etapa.<\/p>\n<p>Desde el momento en que recibimos tu llamada, nuestro equipo lo deja todo para centrarse en tu caso. Trabajamos con diligencia para localizar a tu ser querido, solicitar una fianza y buscar todas las formas posibles para ayudarte legalmente.<\/p>\n<p>La vida de padres, trabajadores, cuidadores y ni\u00f1os se ve alterada en un instante. Por eso te guiamos con compasi\u00f3n, te mantenemos informado a cada paso y te defendemos con agresividad en los tribunales.<\/p>\n<p>Si no est\u00e1s seguro de cu\u00e1l es tu pr\u00f3ximo paso, podemos aclararlo juntos. <a href=\"https:\/\/www.lincolngoldfinch.com\/es\/contactenos\/\">Programa hoy mismo una evaluaci\u00f3n confidencial con nuestro equipo<\/a>. Es privada, es r\u00e1pida y podr\u00eda marcar la diferencia en el futuro de tu familia. No est\u00e1s solo. Estamos aqu\u00ed para ayudarte.<\/p>\n<\/div><\/div><\/div><\/div><\/div>\n<div class=\"gsp_post_data\" \r\n\t            data-post_type=\"page\" \r\n\t            data-cat=\"\" \r\n\t            data-modified=\"120\"\r\n\t            data-created=\"1749561726\"\r\n\t            data-title=\"Abogado de detenci\u00f3n de inmigrantes en Austin\" \r\n\t            data-home=\"https:\/\/www.lincolngoldfinch.com\/es\/\"><\/div>","protected":false},"excerpt":{"rendered":"","protected":false},"author":1,"featured_media":0,"parent":98550,"menu_order":0,"comment_status":"closed","ping_status":"closed","template":"","meta":{"_acf_changed":false,"rop_custom_images_group":[],"rop_custom_messages_group":[],"rop_publish_now":"initial","rop_publish_now_accounts":[],"rop_publish_now_history":[],"rop_publish_now_status":"pending","_analytify_skip_tracking":false,"rank_math_title":"Abogados de detenci\u00f3n de inmigrantes en Austin, Texas","rank_math_description":"Obtenga ayuda urgente de una firma de abogados de detenci\u00f3n de inmigrantes que gu\u00eda a las familias durante la detenci\u00f3n en EE. UU.","rank_math_focus_keyword":"Abogado de detenci\u00f3n de inmigrantes","rank_math_canonical_url":"","footnotes":""},"class_list":["post-98568","page","type-page","status-publish","hentry"],"acf":[],"_links":{"self":[{"href":"https:\/\/www.lincolngoldfinch.com\/es\/wp-json\/wp\/v2\/pages\/98568","targetHints":{"allow":["GET"]}}],"collection":[{"href":"https:\/\/www.lincolngoldfinch.com\/es\/wp-json\/wp\/v2\/pages"}],"about":[{"href":"https:\/\/www.lincolngoldfinch.com\/es\/wp-json\/wp\/v2\/types\/page"}],"author":[{"embeddable":true,"href":"https:\/\/www.lincolngoldfinch.com\/es\/wp-json\/wp\/v2\/users\/1"}],"replies":[{"embeddable":true,"href":"https:\/\/www.lincolngoldfinch.com\/es\/wp-json\/wp\/v2\/comments?post=98568"}],"version-history":[{"count":1,"href":"https:\/\/www.lincolngoldfinch.com\/es\/wp-json\/wp\/v2\/pages\/98568\/revisions"}],"predecessor-version":[{"id":107389,"href":"https:\/\/www.lincolngoldfinch.com\/es\/wp-json\/wp\/v2\/pages\/98568\/revisions\/107389"}],"up":[{"embeddable":true,"href":"https:\/\/www.lincolngoldfinch.com\/es\/wp-json\/wp\/v2\/pages\/98550"}],"wp:attachment":[{"href":"https:\/\/www.lincolngoldfinch.com\/es\/wp-json\/wp\/v2\/media?parent=98568"}],"curies":[{"name":"wp","href":"https:\/\/api.w.org\/{rel}","templated":true}]}}