{"id":66765,"date":"2024-07-26T15:37:22","date_gmt":"2024-07-26T20:37:22","guid":{"rendered":"https:\/\/www.lincolngoldfinch.com\/?page_id=66765"},"modified":"2025-10-28T18:49:01","modified_gmt":"2025-10-28T23:49:01","slug":"sobre-nosotros","status":"publish","type":"page","link":"https:\/\/www.lincolngoldfinch.com\/es\/sobre-nosotros\/","title":{"rendered":"Sobre Lincoln-Goldfinch Law \u2013 Abogados de Inmigraci\u00f3n \u2013 su socio de confianza en inmigraci\u00f3n"},"content":{"rendered":"<div class=\"fusion-fullwidth fullwidth-box fusion-builder-row-1 fusion-flex-container nonhundred-percent-fullwidth non-hundred-percent-height-scrolling\" style=\"--awb-border-radius-top-left:0px;--awb-border-radius-top-right:0px;--awb-border-radius-bottom-right:0px;--awb-border-radius-bottom-left:0px;--awb-flex-wrap:wrap;\" ><div class=\"fusion-builder-row fusion-row fusion-flex-align-items-flex-start fusion-flex-content-wrap\" style=\"max-width:1331.2px;margin-left: calc(-4% \/ 2 );margin-right: calc(-4% \/ 2 );\"><div class=\"fusion-layout-column fusion_builder_column fusion-builder-column-0 fusion_builder_column_1_1 1_1 fusion-flex-column\" style=\"--awb-bg-size:cover;--awb-width-large:100%;--awb-margin-top-large:0px;--awb-spacing-right-large:1.92%;--awb-margin-bottom-large:20px;--awb-spacing-left-large:1.92%;--awb-width-medium:100%;--awb-order-medium:0;--awb-spacing-right-medium:1.92%;--awb-spacing-left-medium:1.92%;--awb-width-small:100%;--awb-order-small:0;--awb-spacing-right-small:1.92%;--awb-spacing-left-small:1.92%;\"><div class=\"fusion-column-wrapper fusion-column-has-shadow fusion-flex-justify-content-flex-start fusion-content-layout-column\"><div class=\"fusion-text fusion-text-1\" style=\"--awb-content-alignment:left;--awb-text-transform:none;\"><h1 style=\"text-align: center;\">LGL &#8211; Abogados de Inmigraci\u00f3n es su socio de confianza<\/h1>\n<\/div><div class=\"fusion-video fusion-youtube\" style=\"--awb-max-width:720px;--awb-max-height:405px;--awb-align-self:center;--awb-width:100%;--awb-margin-bottom:40px;\"><div class=\"video-shortcode\"><lite-youtube videoid=\"rEX5RwqOLdw\" class=\"landscape\" params=\"wmode=transparent&autoplay=1&amp;enablejsapi=1\" title=\"YouTube video player 1\" data-button-label=\"Play Video\" width=\"720\" height=\"405\" data-thumbnail-size=\"auto\" data-no-cookie=\"on\"><\/lite-youtube><\/div><\/div><div class=\"fusion-text fusion-text-2\"><p>Bienvenido a Lincoln-Goldfinch Law, su firma de inmigraci\u00f3n de confianza en Austin, Texas. Sabemos que tratar con inmigraci\u00f3n puede ser un viaje estresante lleno de incertidumbre y tensi\u00f3n. Por eso estamos aqu\u00ed para ayudarle en cada paso del camino. Nuestra misi\u00f3n es hacer que su proceso de inmigraci\u00f3n sea lo m\u00e1s fluido y libre de estr\u00e9s posible. Sumerj\u00e1monos en qui\u00e9nes somos, qu\u00e9 hacemos y por qu\u00e9 destacamos.<\/p>\n<\/div><div class=\"fusion-text fusion-text-3\" style=\"--awb-content-alignment:left;--awb-text-transform:none;\"><h2>Qui\u00e9nes somos<\/h2>\n<\/div><div class=\"fusion-image-element \" style=\"text-align:center;--awb-mask-url: url(https:\/\/www.lincolngoldfinch.com\/wp-content\/plugins\/fusion-builder\/\/assets\/images\/masks\/mask-17.svg);--awb-mask-size: 105%;--awb-margin-bottom:35px;--awb-caption-title-font-family:var(--h2_typography-font-family);--awb-caption-title-font-weight:var(--h2_typography-font-weight);--awb-caption-title-font-style:var(--h2_typography-font-style);--awb-caption-title-size:var(--h2_typography-font-size);--awb-caption-title-transform:var(--h2_typography-text-transform);--awb-caption-title-line-height:var(--h2_typography-line-height);--awb-caption-title-letter-spacing:var(--h2_typography-letter-spacing);\"><span class=\" fusion-imageframe imageframe-none imageframe-1 hover-type-none has-mask\"><img decoding=\"async\" width=\"900\" height=\"601\" alt=\"Abogados De Inmigraci\u00f3n En Austin Le Ayudar\u00e1n A Lograr Sus Objetivos\" title=\"Lincoln Goldfinch Law Abogados De Inmigracion Premiados En Texas\" src=\"https:\/\/www.lincolngoldfinch.com\/wp-content\/uploads\/2025\/08\/lincoln-goldfinch-law-abogados-de-inmigracion-experimentados-en-texas.webp\" class=\"img-responsive wp-image-101902\"\/><\/span><\/div><div class=\"fusion-text fusion-text-4\"><p>En Lincoln-Goldfinch Law somos un equipo apasionado dedicado a ayudar a personas y familias a alcanzar sus sue\u00f1os americanos. Entendemos la carga emocional que conlleva la inmigraci\u00f3n y nos comprometemos a ofrecer un servicio compasivo y personalizado a cada uno de nuestros clientes. Creemos en tratar a nuestros clientes como si fueran de la familia, porque sabemos que su viaje es algo m\u00e1s que papeleo: se trata de su futuro, sus sue\u00f1os y su vida.<\/p>\n<\/div><div class=\"fusion-text fusion-text-5\" style=\"--awb-content-alignment:left;--awb-text-transform:none;\"><h2>Nuestros servicios de inmigraci\u00f3n<\/h2>\n<p>Ofrecemos diversos servicios de inmigraci\u00f3n para satisfacer sus necesidades. Ya sea que busque una Visa humanitaria, solicite la Green Card o se enfrente a la deportaci\u00f3n, le tenemos cubierto. Aqu\u00ed tiene una muestra de lo que hacemos:<\/p>\n<\/div><div class=\"fusion-text fusion-text-6\" style=\"--awb-content-alignment:left;--awb-text-transform:none;\"><h3>Inmigraci\u00f3n basada en la familia<\/h3>\n<p>Mantener unidas a las familias es nuestra m\u00e1xima prioridad. Ayudamos con las peticiones de c\u00f3nyuges, hijos, padres y hermanos, garantizando que sus seres queridos puedan reunirse con usted en EEUU.<\/p>\n<\/div><div class=\"fusion-text fusion-text-7\" style=\"--awb-content-alignment:left;--awb-text-transform:none;\"><h3>Defensa contra la deportaci\u00f3n<\/h3>\n<p>Si usted o un ser querido se enfrentan a la deportaci\u00f3n, estamos aqu\u00ed para luchar por ustedes. Proporcionamos una representaci\u00f3n s\u00f3lida y trabajamos incansablemente para proteger su derecho a permanecer en EE.UU.<\/p>\n<\/div><div class=\"fusion-text fusion-text-8\" style=\"--awb-content-alignment:left;--awb-text-transform:none;\"><h3>Ciudadan\u00eda y naturalizaci\u00f3n<\/h3>\n<p>Convertirse en ciudadano estadounidense es un hito importante. Le guiamos a trav\u00e9s del proceso de naturalizaci\u00f3n, desde la solicitud hasta la entrevista, asegur\u00e1ndonos de que usted est\u00e9 preparado para cada paso. Tanto si va a reunirse con su familia, como si busca oportunidades de trabajo o se enfrenta a la deportaci\u00f3n, nuestra firma ofrece servicios integrales de inmigraci\u00f3n para apoyarle a lo largo de todo el proceso.<\/p>\n<\/div><div class=\"fusion-section-separator section-separator triangle fusion-section-separator-1\" style=\"--awb-border-top:3px solid var(--awb-color3);--awb-spacer-height:3px;--awb-svg-margin-left:1.92%;--awb-svg-margin-right:1.92%;--awb-svg-margin-left-medium:1.92%;--awb-svg-margin-right-medium:1.92%;--awb-svg-margin-left-small:1.92%;--awb-svg-margin-right-small:1.92%;--awb-icon-color:var(--awb-color1);--awb-icon-top:-13px;--awb-margin-top:10px;--awb-margin-bottom:25px;\"><div class=\"fusion-section-separator-svg\"><div class=\"divider-candy-arrow top\" style=\"bottom:3px;border-bottom-color: var(--awb-color2);\"><\/div><div class=\"divider-candy top\" style=\"top:-23px;border-bottom:1px solid var(--awb-color3);border-left:1px solid var(--awb-color3);\"><\/div><\/div><div class=\"fusion-section-separator-spacer\"><div class=\"fusion-section-separator-spacer-height\"><\/div><\/div><\/div><div class=\"fusion-text fusion-text-9\" style=\"--awb-content-alignment:left;--awb-text-transform:none;\"><h2>Nuestro enfoque<\/h2>\n<p>Nuestro compromiso con el servicio personalizado y la atenci\u00f3n genuina a nuestros clientes nos distingue.<\/p>\n<p><strong>As\u00ed es como lo hacemos:<\/strong><\/p>\n<p><strong>Escuchamos y comprendemos:<\/strong> Empezamos escuchando su historia. Queremos entender sus objetivos, preocupaciones y necesidades. Esto nos ayuda a adaptar nuestro enfoque para apoyarle mejor.<\/p>\n<p><strong>Comunicaci\u00f3n clara:<\/strong> Creemos en la transparencia y en mantenerle informado. Le explicaremos el proceso en un lenguaje sencillo, responderemos a sus preguntas y aclararemos cada paso.<\/p>\n<p><strong>Apoyo compasivo:<\/strong> Los temas de inmigraci\u00f3n pueden ser estresantes y emocionales. Proporcionamos un entorno de apoyo, ofreciendo asesor\u00eda legal, empat\u00eda y comprensi\u00f3n.<\/p>\n<p><strong>Luchamos por usted:<\/strong> No somos solo su equipo legal: somos sus defensores. Lucharemos incansablemente por sus derechos y haremos todo lo posible para ayudarle a conseguir sus objetivos en materia de inmigraci\u00f3n.<\/p>\n<p>En Lincoln-Goldfinch Law &#8211; Abogados de Inmigraci\u00f3n hacemos todo lo posible por nuestros clientes. No nos limitamos a representarle. Nos convertimos en sus abogados, luchando por sus objetivos de inmigraci\u00f3n con dedicaci\u00f3n y empat\u00eda.<\/p>\n<\/div><div class=\"fusion-image-element \" style=\"--awb-aspect-ratio: 100 \/ 52;--awb-object-position:46% 9%;--awb-mask-url: url(https:\/\/www.lincolngoldfinch.com\/wp-content\/plugins\/fusion-builder\/\/assets\/images\/masks\/mask-17.svg);--awb-mask-size: cover;--awb-caption-title-font-family:var(--h2_typography-font-family);--awb-caption-title-font-weight:var(--h2_typography-font-weight);--awb-caption-title-font-style:var(--h2_typography-font-style);--awb-caption-title-size:var(--h2_typography-font-size);--awb-caption-title-transform:var(--h2_typography-text-transform);--awb-caption-title-line-height:var(--h2_typography-line-height);--awb-caption-title-letter-spacing:var(--h2_typography-letter-spacing);\"><span class=\" fusion-imageframe imageframe-none imageframe-2 hover-type-none has-mask has-aspect-ratio\"><img decoding=\"async\" width=\"1252\" height=\"1200\" alt=\"Lincoln-Goldfinch Law Firma De Inmigraci\u00f3n En Austin Y Waco, TX\" src=\"https:\/\/www.lincolngoldfinch.com\/wp-content\/uploads\/2024\/07\/lincoln-goldfinch-law-firma-de-inmigracion-en-austin-y-waco-tx.webp\" class=\"img-responsive wp-image-66778 img-with-aspect-ratio\" data-parent-fit=\"cover\" data-parent-container=\".fusion-image-element\" \/><\/span><\/div><div class=\"fusion-text fusion-text-10\" style=\"--awb-content-alignment:left;--awb-text-transform:none;\"><h2>\u00bfPor qu\u00e9 elegir a Lincoln-Goldfinch Law &#8211; Abogados de Inmigraci\u00f3n?<\/h2>\n<p>Hay muchas razones por las que los clientes nos eligen, pero aqu\u00ed destacamos algunas:<\/p>\n<\/div><div class=\"fusion-text fusion-text-11\" style=\"--awb-content-alignment:left;--awb-text-transform:none;\"><h3>Enfoque centrado en el cliente<\/h3>\n<p>Sus necesidades y objetivos son nuestra m\u00e1xima prioridad. Nos tomamos el tiempo necesario para conocerlo a usted y a su caso, garantizando una representaci\u00f3n personalizada y eficaz.<\/p>\n<h3>Equipo experimentado<\/h3>\n<p>Nuestro equipo tiene a\u00f1os de experiencia y un profundo conocimiento de la ley de inmigraci\u00f3n. Utilizamos estos conocimientos para ofrecer la mejor orientaci\u00f3n y apoyo posibles.<\/p>\n<h3>Historial probado<\/h3>\n<p>Estamos orgullosos de nuestras historias de \u00e9xito y de nuestro impacto positivo en la vida de nuestros clientes. Hemos ayudado a m\u00e1s de 10.000 familias felices a alcanzar la tranquilidad. Nuestro historial habla por s\u00ed solo.<\/p>\n<h3>Participaci\u00f3n comunitaria<\/h3>\n<p>No somos solo una firma de abogados: formamos parte de la comunidad de Austin. Participamos activamente en eventos e iniciativas locales, retribuyendo a la comunidad que nos apoya. En Lincoln-Goldfinch Law &#8211; Abogados de Inmigraci\u00f3n, ofrecemos algo m\u00e1s que representaci\u00f3n legal. Nos centramos en comprender tus necesidades, ofrecemos orientaci\u00f3n capacitada y tenemos un historial de \u00e9xitos.<\/p>\n<\/div><div class=\"fusion-section-separator section-separator triangle fusion-section-separator-2\" style=\"--awb-border-top:3px solid var(--awb-color3);--awb-spacer-height:3px;--awb-svg-margin-left:1.92%;--awb-svg-margin-right:1.92%;--awb-svg-margin-left-medium:1.92%;--awb-svg-margin-right-medium:1.92%;--awb-svg-margin-left-small:1.92%;--awb-svg-margin-right-small:1.92%;--awb-icon-color:var(--awb-color1);--awb-icon-top:-13px;--awb-margin-top:10px;--awb-margin-bottom:25px;\"><div class=\"fusion-section-separator-svg\"><div class=\"divider-candy-arrow top\" style=\"bottom:3px;border-bottom-color: var(--awb-color2);\"><\/div><div class=\"divider-candy top\" style=\"top:-23px;border-bottom:1px solid var(--awb-color3);border-left:1px solid var(--awb-color3);\"><\/div><\/div><div class=\"fusion-section-separator-spacer\"><div class=\"fusion-section-separator-spacer-height\"><\/div><\/div><\/div><div class=\"fusion-text fusion-text-12\" style=\"--awb-content-alignment:left;--awb-text-transform:none;\"><h2>P\u00f3ngase en contacto<\/h2>\n<p>Si busca una firma de inmigraci\u00f3n que realmente se preocupe por usted y por su futuro, <strong><a href=\"tel:+1-855-502-0555\">ll\u00e1menos<\/a><\/strong>.<\/p>\n<p>Estamos aqu\u00ed para ayudarle en todos los giros del proceso de inmigraci\u00f3n, proporcion\u00e1ndole el apoyo y la orientaci\u00f3n que necesita para tener \u00e9xito.<\/p>\n<p><a href=\"https:\/\/www.lincolngoldfinch.com\/es\/contactenos\/\">P\u00f3ngase en contacto con nosotros hoy mismo para programar una evaluaci\u00f3n confidencial y r\u00e1pida de su caso<\/a>. D\u00e9 el primer paso para conseguir sus sue\u00f1os migratorios. Estamos deseando trabajar con usted y formar parte de su viaje.<\/p>\n<\/div><\/div><\/div><\/div><\/div>\n<div class=\"gsp_post_data\" \r\n\t            data-post_type=\"page\" \r\n\t            data-cat=\"\" \r\n\t            data-modified=\"120\"\r\n\t            data-created=\"1722008242\"\r\n\t            data-title=\"Sobre Lincoln-Goldfinch Law \u2013 Abogados de Inmigraci\u00f3n \u2013 su socio de confianza en inmigraci\u00f3n\" \r\n\t            data-home=\"https:\/\/www.lincolngoldfinch.com\/es\/\"><\/div>","protected":false},"excerpt":{"rendered":"","protected":false},"author":1,"featured_media":0,"parent":0,"menu_order":0,"comment_status":"closed","ping_status":"closed","template":"","meta":{"_acf_changed":false,"rop_custom_images_group":[],"rop_custom_messages_group":[],"rop_publish_now":"initial","rop_publish_now_accounts":[],"rop_publish_now_history":[],"rop_publish_now_status":"pending","_analytify_skip_tracking":false,"rank_math_title":"Sobre nosotros | LGL - Abogados de Inmigraci\u00f3n","rank_math_description":"Conozca m\u00e1s sobre nosotros en Lincoln-Goldfinch Law, abogados de inmigraci\u00f3n que brindan apoyo legal para alcanzar sus metas.","rank_math_focus_keyword":"Sobre Nosotros","rank_math_canonical_url":"","footnotes":""},"class_list":["post-66765","page","type-page","status-publish","hentry"],"acf":[],"_links":{"self":[{"href":"https:\/\/www.lincolngoldfinch.com\/es\/wp-json\/wp\/v2\/pages\/66765","targetHints":{"allow":["GET"]}}],"collection":[{"href":"https:\/\/www.lincolngoldfinch.com\/es\/wp-json\/wp\/v2\/pages"}],"about":[{"href":"https:\/\/www.lincolngoldfinch.com\/es\/wp-json\/wp\/v2\/types\/page"}],"author":[{"embeddable":true,"href":"https:\/\/www.lincolngoldfinch.com\/es\/wp-json\/wp\/v2\/users\/1"}],"replies":[{"embeddable":true,"href":"https:\/\/www.lincolngoldfinch.com\/es\/wp-json\/wp\/v2\/comments?post=66765"}],"version-history":[{"count":0,"href":"https:\/\/www.lincolngoldfinch.com\/es\/wp-json\/wp\/v2\/pages\/66765\/revisions"}],"wp:attachment":[{"href":"https:\/\/www.lincolngoldfinch.com\/es\/wp-json\/wp\/v2\/media?parent=66765"}],"curies":[{"name":"wp","href":"https:\/\/api.w.org\/{rel}","templated":true}]}}