{"id":61920,"date":"2024-02-01T11:10:35","date_gmt":"2024-02-01T17:10:35","guid":{"rendered":"https:\/\/www.lincolngoldfinch.com\/?page_id=61920"},"modified":"2025-03-18T16:51:59","modified_gmt":"2025-03-18T21:51:59","slug":"es-posible-cambiar-de-estatus-con-una-visa-u-de-no-inmigrante","status":"publish","type":"page","link":"https:\/\/www.lincolngoldfinch.com\/es\/areas-de-practica\/ajuste-de-estatus\/es-posible-cambiar-de-estatus-con-una-visa-u-de-no-inmigrante\/","title":{"rendered":"\u00bfEs posible cambiar de estatus con una Visa U de no inmigrante?"},"content":{"rendered":"<div class=\"fusion-fullwidth fullwidth-box fusion-builder-row-1 fusion-flex-container nonhundred-percent-fullwidth non-hundred-percent-height-scrolling\" style=\"--awb-border-radius-top-left:0px;--awb-border-radius-top-right:0px;--awb-border-radius-bottom-right:0px;--awb-border-radius-bottom-left:0px;--awb-flex-wrap:wrap;\" ><div class=\"fusion-builder-row fusion-row fusion-flex-align-items-flex-start fusion-flex-content-wrap\" style=\"max-width:1331.2px;margin-left: calc(-4% \/ 2 );margin-right: calc(-4% \/ 2 );\"><div class=\"fusion-layout-column fusion_builder_column fusion-builder-column-0 fusion_builder_column_1_1 1_1 fusion-flex-column\" style=\"--awb-bg-size:cover;--awb-width-large:100%;--awb-margin-top-large:0px;--awb-spacing-right-large:1.92%;--awb-margin-bottom-large:0px;--awb-spacing-left-large:1.92%;--awb-width-medium:100%;--awb-order-medium:0;--awb-spacing-right-medium:1.92%;--awb-spacing-left-medium:1.92%;--awb-width-small:100%;--awb-order-small:0;--awb-spacing-right-small:1.92%;--awb-spacing-left-small:1.92%;\" data-scroll-devices=\"small-visibility,medium-visibility,large-visibility\"><div class=\"fusion-column-wrapper fusion-column-has-shadow fusion-flex-justify-content-flex-start fusion-content-layout-column\"><div class=\"fusion-title title fusion-title-1 fusion-sep-none fusion-title-text fusion-title-size-one\" style=\"--awb-margin-top-small:10px;--awb-margin-right-small:0px;--awb-margin-bottom-small:10px;--awb-margin-left-small:0px;\"><h1 class=\"fusion-title-heading title-heading-left\" style=\"margin:0;\">\u00bfEs posible cambiar de estatus con una visa u de no inmigrante?<\/h1><\/div><div class=\"fusion-text fusion-text-1\"><p><span style=\"font-weight: 400;\">Embarcarse en un viaje hacia la obtenci\u00f3n de una tarjeta de residente permanente en los Estados Unidos a trav\u00e9s de un <a href=\"https:\/\/www.lincolngoldfinch.com\/es\/abogada-de-inmigracion-de-austin\/ajuste-de-estatus\/\">Ajuste de Estatus<\/a> es una decisi\u00f3n importante. Si es usted titular de una Visa U de no inmigrante, tal vez se pregunte si es posible obtener la residencia permanente con este documento.<\/span><\/p>\n<p><span style=\"font-weight: 400;\">Aqu\u00ed conocer\u00e1 la definici\u00f3n y los aspectos jur\u00eddicos de la Visa U, as\u00ed como su proceso y criterios de elegibilidad. Tambi\u00e9n aprender\u00e1 la importancia de un abogado de Green Card en su viaje hacia la residencia permanente en los Estados Unidos.<\/span><\/p>\n<p><img decoding=\"async\" class=\"alignnone size-full wp-image-62219\" src=\"https:\/\/www.lincolngoldfinch.com\/wp-content\/uploads\/2024\/02\/abogado-de-inmigracion-le-asiste-en-el-proceso-de-ajuste-de-estatus-con-una-visa-u.jpg\" alt=\"Abogado De Inmigraci\u00f3n Le Asiste En El Proceso De Ajuste De Estatus Con Una Visa U\" width=\"1200\" height=\"800\" srcset=\"https:\/\/www.lincolngoldfinch.com\/wp-content\/uploads\/2024\/02\/abogado-de-inmigracion-le-asiste-en-el-proceso-de-ajuste-de-estatus-con-una-visa-u-200x133.jpg 200w, https:\/\/www.lincolngoldfinch.com\/wp-content\/uploads\/2024\/02\/abogado-de-inmigracion-le-asiste-en-el-proceso-de-ajuste-de-estatus-con-una-visa-u-400x267.jpg 400w, https:\/\/www.lincolngoldfinch.com\/wp-content\/uploads\/2024\/02\/abogado-de-inmigracion-le-asiste-en-el-proceso-de-ajuste-de-estatus-con-una-visa-u-600x400.jpg 600w, https:\/\/www.lincolngoldfinch.com\/wp-content\/uploads\/2024\/02\/abogado-de-inmigracion-le-asiste-en-el-proceso-de-ajuste-de-estatus-con-una-visa-u-768x512.jpg 768w, https:\/\/www.lincolngoldfinch.com\/wp-content\/uploads\/2024\/02\/abogado-de-inmigracion-le-asiste-en-el-proceso-de-ajuste-de-estatus-con-una-visa-u-800x533.jpg 800w, https:\/\/www.lincolngoldfinch.com\/wp-content\/uploads\/2024\/02\/abogado-de-inmigracion-le-asiste-en-el-proceso-de-ajuste-de-estatus-con-una-visa-u-1000x667.jpg 1000w, https:\/\/www.lincolngoldfinch.com\/wp-content\/uploads\/2024\/02\/abogado-de-inmigracion-le-asiste-en-el-proceso-de-ajuste-de-estatus-con-una-visa-u.jpg 1200w\" sizes=\"(max-width: 1200px) 100vw, 1200px\" \/><\/p>\n<h2>\u00bfTiene derecho a una visa u?<\/h2>\n<p><span style=\"font-weight: 400;\">La Visa U est\u00e1 dise\u00f1ada para proporcionar un estatus legal temporal y protecci\u00f3n a las v\u00edctimas de delitos. Por tanto, puede solicitarla si ha sufrido malos tratos ps\u00edquicos o f\u00edsicos y puede ayudar a las fuerzas de seguridad en la investigaci\u00f3n. Tambi\u00e9n puede hacerlo si es v\u00edctima de una actividad delictiva que cumpla los requisitos. Incluye violencia dom\u00e9stica, secuestro, agresi\u00f3n grave y detenci\u00f3n ilegal.<\/span><\/p>\n<p><span style=\"font-weight: 400;\">Para obtener esta Visa, debe cumplir los siguientes requisitos:<\/span><\/p>\n<ul>\n<li style=\"font-weight: 400;\" aria-level=\"1\"><span style=\"font-weight: 400;\">Maltrato f\u00edsico o mental importante: Debe haber sufrido malos tratos f\u00edsicos o ps\u00edquicos importantes como consecuencia de haber sido v\u00edctima de una actividad delictiva.<\/span><\/li>\n<li style=\"font-weight: 400;\" aria-level=\"1\"><span style=\"font-weight: 400;\">Posesi\u00f3n de informaci\u00f3n: Debe poseer informaci\u00f3n sobre la actividad delictiva. Si tiene menos de 16 a\u00f1os o no puede dar informaci\u00f3n debido a una discapacidad, uno de sus padres, su tutor o un amigo \u00edntimo puede facilitar los datos necesarios en su nombre.<\/span><\/li>\n<li style=\"font-weight: 400;\" aria-level=\"1\"><span style=\"font-weight: 400;\">Asistencia a las fuerzas del orden: Cooperas con las fuerzas de seguridad en la investigaci\u00f3n o persecuci\u00f3n del delito.<\/span><\/li>\n<li style=\"font-weight: 400;\" aria-level=\"1\"><span style=\"font-weight: 400;\">Ocurrencia en Estados Unidos: El delito debe haber ocurrido en Estados Unidos o haber violado leyes estadounidenses.<\/span><\/li>\n<li style=\"font-weight: 400;\" aria-level=\"1\"><span style=\"font-weight: 400;\">Requisito de admisibilidad: Tiene que ser admisible en Estados Unidos. Si no lo es, puede solicitar una exenci\u00f3n utilizando el formulario I-192, Solicitud de permiso anticipado de entrada como no inmigrante.<\/span><\/li>\n<\/ul>\n<p><span style=\"font-weight: 400;\">Considere detenidamente estas calificaciones, ya que implican otra faceta del Derecho: la delincuencia. Mientras eval\u00faa estos factores, es igualmente crucial comprender el proceso que implica la solicitud de una Visa U.<\/span><\/p>\n<h2>\u00bfC\u00f3mo solicitar una visa u?<\/h2>\n<p><span style=\"font-weight: 400;\">Para empezar a solicitar una Visa U de no inmigrante, debe cumplimentar y presentar el formulario I-918, la Petici\u00f3n de estatus U de no inmigrante. Adem\u00e1s, deber\u00e1 presentar el Formulario I-918 Suplemento B, la Certificaci\u00f3n de la condici\u00f3n de no inmigrante U. Para ello, debe llevar la firma de un funcionario autorizado del organismo policial que certifica.<\/span><\/p>\n<p><span style=\"font-weight: 400;\">El aval de este funcionario confirma su cooperaci\u00f3n pasada, presente o prevista en la investigaci\u00f3n o enjuiciamiento del caso en cuesti\u00f3n. Adem\u00e1s, la certificaci\u00f3n de la agencia debe afirmar que usted ha sido \u00fatil, est\u00e1 ayudando actualmente o es probable que ayude en los procedimientos judiciales en curso.<\/span><\/p>\n<p><span style=\"font-weight: 400;\">Adem\u00e1s, el paquete de presentaci\u00f3n debe incluir una declaraci\u00f3n personal detallada en la que se describa la actividad delictiva de la que fue v\u00edctima. Para ello, debe presentar pruebas convincentes que demuestren el cumplimiento de los requisitos de admisibilidad. <\/span><\/p>\n<p><span style=\"font-weight: 400;\">Si se encuentra fuera de Estados Unidos, el proceso consiste en presentar todos los formularios requeridos al Centro de Servicios de <a href=\"https:\/\/www.uscis.gov\/es\" target=\"_blank\" rel=\"noopener\">USCIS<\/a> en Vermont. Puede incluir someterse a la toma de huellas dactilares en la Embajada o Consulado de EE.UU. m\u00e1s cercano. Una vez aprobada su petici\u00f3n, el siguiente paso es la tramitaci\u00f3n consular. En esta fase, se someter\u00e1 a una entrevista con un funcionario consular en la Embajada o Consulado de EE.UU. m\u00e1s cercano.<\/span><\/p>\n<p><span style=\"font-weight: 400;\">Dado que este proceso se centra en usted como v\u00edctima de malos tratos o de un delito, es natural que tenga en cuenta el bienestar de los miembros de su familia. En medio de una experiencia tan traum\u00e1tica, puede que se plantee la posibilidad de solicitar su protecci\u00f3n y apoyo.<\/span><\/p>\n<h2>\u00bfPuede presentar una solicitud por su familia?<\/h2>\n<p><span style=\"font-weight: 400;\">Los miembros de su familia que re\u00fanan los requisitos pueden optar a una Visa U derivada con usted como solicitante principal. Su petici\u00f3n debe ser aprobada antes de que los miembros de su familia puedan ser considerados elegibles. <\/span><\/p>\n<p><span style=\"font-weight: 400;\">Como obligado principal, si es menor de 21 a\u00f1os, puede presentar una petici\u00f3n para su c\u00f3nyuge e hijos. Tambi\u00e9n puede hacerlo con sus padres y hermanos solteros menores de 18 a\u00f1os. Sin embargo, si tiene 21 a\u00f1os o m\u00e1s, su capacidad de petici\u00f3n se extiende exclusivamente a su marido o mujer y a sus hijos.<\/span><\/p>\n<p><span style=\"font-weight: 400;\">Para iniciar el proceso de petici\u00f3n de un familiar que re\u00fana los requisitos, debe presentar el Formulario I-918 Suplemento A. Este formulario se conoce como Petici\u00f3n para familiar que re\u00fana los requisitos del beneficiario de la Visa U-1. Puede presentarla al mismo tiempo que su solicitud o m\u00e1s adelante.<\/span><\/p>\n<p><span style=\"font-weight: 400;\">Una vez aprobado el estatuto de no inmigrante U, su validez es de cuatro a\u00f1os. Sin embargo, las ampliaciones son posibles en situaciones espec\u00edficas y restringidas. Estas circunstancias pueden incluir la necesidad derivada de una solicitud de las fuerzas de seguridad o de circunstancias excepcionales. Tambi\u00e9n puede deberse a los retrasos en la tramitaci\u00f3n consular.<\/span><\/p>\n<p><span style=\"font-weight: 400;\">Estos procesos son complejos, y la ayuda de un abogado especializado en la Green Card puede ser importante. Pueden ayudarle a conseguir la aprobaci\u00f3n de sus documentos. Cuando usted y su familia reciban la aprobaci\u00f3n del USCIS para esta solicitud, podr\u00e1n disfrutar de varias ventajas.<\/span><\/p>\n<h2>\u00bfCu\u00e1les son las ventajas de la visa u?<\/h2>\n<p><span style=\"font-weight: 400;\">Ser v\u00edctima de abusos o actividades delictivas puede tener un impacto duradero en su bienestar. Sin embargo, la Visa U creada para las v\u00edctimas de delitos ofrece esperanza al proporcionar posibles beneficios al obtenerla. Entre ellos se encuentran:<\/span><\/p>\n<ul>\n<li style=\"font-weight: 400;\" aria-level=\"1\"><span style=\"font-weight: 400;\">Estatus legal temporal que le permite vivir y trabajar en Estados Unidos.<\/span><\/li>\n<li style=\"font-weight: 400;\" aria-level=\"1\"><span style=\"font-weight: 400;\">Mientras la Visa U est\u00e1 pendiente o ha sido aprobada, por lo general tiene protecci\u00f3n contra la deportaci\u00f3n.<\/span><\/li>\n<li style=\"font-weight: 400;\" aria-level=\"1\"><span style=\"font-weight: 400;\">Poder viajar fuera de Estados Unidos y regresar.<\/span><\/li>\n<li style=\"font-weight: 400;\" aria-level=\"1\"><span style=\"font-weight: 400;\">Despu\u00e9s de mantener una Visa U durante tres a\u00f1os, puede solicitar la residencia permanente legal en Estados Unidos.<\/span><\/li>\n<\/ul>\n<p><span style=\"font-weight: 400;\">Estas son algunas de las ventajas de las que podr\u00e1 disfrutar una vez aprobada su solicitud. Sin embargo, existen a\u00fan m\u00e1s ventajas cuando se avanza hacia la residencia permanente a trav\u00e9s del Ajuste de Estatus. Entonces surge la pregunta: \u00bfC\u00f3mo hacerlo?<\/span><\/p>\n<h2>\u00bfC\u00f3mo solicitar el ajuste de estatus?<\/h2>\n<p><span style=\"font-weight: 400;\">La Visa U ofrece la posibilidad de obtener la Green Card en Estados Unidos. Al igual que sus requisitos, el ajuste de su estatus tambi\u00e9n implica el cumplimiento de criterios espec\u00edficos. Implica:<\/span><\/p>\n<ul>\n<li style=\"font-weight: 400;\" aria-level=\"1\"><span style=\"font-weight: 400;\">Presencia f\u00edsica en Estados Unidos durante al menos tres a\u00f1os con estatus de no inmigrante U.<\/span><\/li>\n<li style=\"font-weight: 400;\" aria-level=\"1\"><span style=\"font-weight: 400;\">No negarse injustificadamente a ayudar a las fuerzas del orden desde que recibi\u00f3 la Visa U.<\/span><\/li>\n<\/ul>\n<p><span style=\"font-weight: 400;\">Puede presentar el Formulario I-485 o Solicitud de Registro de Residencia Permanente o de Ajuste de Estatus si cumple los requisitos. El USCIS se encargar\u00e1 de sus papeles.<\/span><\/p>\n<p><span style=\"font-weight: 400;\">A continuaci\u00f3n, se le citar\u00e1 para una entrevista biom\u00e9trica, en la que el USCIS recoger\u00e1 datos esenciales como las huellas dactilares, una fotograf\u00eda y su firma. A continuaci\u00f3n se realiza la entrevista sobre su admisibilidad. En este caso, debe presentar documentos justificativos que acrediten su caso. A continuaci\u00f3n, el USCIS revisar\u00e1 meticulosamente su solicitud y posteriormente tomar\u00e1 una decisi\u00f3n. Una vez que reciba la aprobaci\u00f3n, obtendr\u00e1 una tarjeta de residente permanente.<\/span><\/p>\n<p><span style=\"font-weight: 400;\">Debe tener en cuenta que los miembros de su familia que re\u00fanan los requisitos y no tengan una Visa U derivada pierden la posibilidad de obtenerla cuando usted obtenga la Green Card. Sin embargo, a\u00fan pueden optar a solicitar la residencia permanente legal.<\/span><\/p>\n<p><span style=\"font-weight: 400;\">Para incluir a sus familiares elegibles en el proceso de no inmigrante U-1, es necesario presentar un Formulario I-929 por separado para cada individuo. Se conoce como Petici\u00f3n para Familiar Calificado de No Inmigrante U-1. Usted tiene la flexibilidad de presentar el formulario ya sea al mismo tiempo que su Formulario I-485 o despu\u00e9s de su presentaci\u00f3n.<\/span><\/p>\n<p><span style=\"font-weight: 400;\">Dadas las complejidades que entra\u00f1a, un abogado de inmigraci\u00f3n resulta inestimable para facilitar la transici\u00f3n de una Visa U a la residencia permanente. Desempe\u00f1an un papel crucial para aliviarle de la desalentadora tarea de navegar por las complejidades inherentes a estos documentos.<\/span><\/p>\n<p><img decoding=\"async\" class=\"size-full wp-image-62221 alignright\" src=\"https:\/\/www.lincolngoldfinch.com\/wp-content\/uploads\/2024\/02\/abogado-de-inmigracion-comparte-perspectivas-sobre-el-proceso-de-ajuste-de-estatus.jpg\" alt=\"Abogado De Inmigraci\u00f3n Comparte Perspectivas Sobre El Proceso De Ajuste De Estatus\" width=\"300\" height=\"200\" srcset=\"https:\/\/www.lincolngoldfinch.com\/wp-content\/uploads\/2024\/02\/abogado-de-inmigracion-comparte-perspectivas-sobre-el-proceso-de-ajuste-de-estatus-200x133.jpg 200w, https:\/\/www.lincolngoldfinch.com\/wp-content\/uploads\/2024\/02\/abogado-de-inmigracion-comparte-perspectivas-sobre-el-proceso-de-ajuste-de-estatus.jpg 300w\" sizes=\"(max-width: 300px) 100vw, 300px\" \/><\/p>\n<h2>\u00bfPor qu\u00e9 recurrir a la ayuda de un abogado de inmigraci\u00f3n?<\/h2>\n<p><span style=\"font-weight: 400;\">Contratar a un abogado de inmigraci\u00f3n durante la transici\u00f3n de una Visa U a la residencia permanente es crucial para un proceso sin contratiempos. Las leyes de inmigraci\u00f3n est\u00e1n sujetas a cambios frecuentes, que requieren las habilidades y el conocimiento de un abogado de Visas para navegar con \u00e9xito.<\/span><\/p>\n<p><span style=\"font-weight: 400;\">Los abogados de inmigraci\u00f3n de <a href=\"https:\/\/www.lincolngoldfinch.com\/es\/\">Lincoln-Goldfinch Law &#8211; Abogados de Inmigraci\u00f3n<\/a> pueden garantizar una documentaci\u00f3n precisa, presentaciones oportunas y el cumplimiento de las regulaciones en evoluci\u00f3n. Trabajar con ellos puede minimizar el riesgo de complicaciones o retrasos en su solicitud.<\/span><\/p>\n<p><span style=\"font-weight: 400;\">Su conocimiento del intrincado panorama jur\u00eddico aumenta las posibilidades de \u00e9xito de la transici\u00f3n. Los abogados de LGL pueden abordar posibles retos como los criterios de admisibilidad, la comprobaci\u00f3n de antecedentes y los matices de procedimiento. En \u00faltima instancia, la asistencia de un abogado de inmigraci\u00f3n a\u00f1ade una capa de apoyo profesional.<\/span><\/p>\n<h2>Resumen<\/h2>\n<p><span style=\"font-weight: 400;\">La transici\u00f3n de una Visa U a la residencia permanente en Estados Unidos implica complejos procesos legales. Para solicitar una Visa U, las v\u00edctimas de delitos deben cumplir criterios tales como maltrato sustancial. Tambi\u00e9n debe poseer informaci\u00f3n sobre el delito y cooperar con las fuerzas de seguridad.<\/span><\/p>\n<p><span style=\"font-weight: 400;\">El proceso de solicitud incluye la cumplimentaci\u00f3n de formularios y la presentaci\u00f3n de pruebas de admisibilidad. Los miembros de su familia que cumplan los requisitos tambi\u00e9n pueden solicitarla. Teniendo esto en cuenta, contratar a un abogado de inmigraci\u00f3n es muy valioso, ya que le facilitar\u00e1 la transici\u00f3n a la residencia permanente.<\/span><\/p>\n<\/div><\/div><\/div><\/div><\/div>\n<div class=\"gsp_post_data\" \r\n\t            data-post_type=\"page\" \r\n\t            data-cat=\"\" \r\n\t            data-modified=\"120\"\r\n\t            data-created=\"1706785835\"\r\n\t            data-title=\"\u00bfEs posible cambiar de estatus con una Visa U de no inmigrante?\" \r\n\t            data-home=\"https:\/\/www.lincolngoldfinch.com\/es\/\"><\/div>","protected":false},"excerpt":{"rendered":"","protected":false},"author":1,"featured_media":0,"parent":5739,"menu_order":0,"comment_status":"closed","ping_status":"closed","template":"","meta":{"_acf_changed":false,"rop_custom_images_group":[],"rop_custom_messages_group":[],"rop_publish_now":"initial","rop_publish_now_accounts":[],"rop_publish_now_history":[],"rop_publish_now_status":"pending","_analytify_skip_tracking":false,"rank_math_title":"\u00bfEs Posible Cambiar De Estatus Con Uuna Visa U De No Inmigrante? | Lincoln-Goldfinch Law","rank_math_description":"La Visa U garantiza que las v\u00edctimas de delitos puedan denunciarlos sin temor a ser deportadas. Vea c\u00f3mo puede ser una v\u00eda hacia la Green Card a trav\u00e9s del Ajuste de Estatus.","rank_math_focus_keyword":"Visa","rank_math_canonical_url":"","footnotes":""},"class_list":["post-61920","page","type-page","status-publish","hentry"],"acf":[],"_links":{"self":[{"href":"https:\/\/www.lincolngoldfinch.com\/es\/wp-json\/wp\/v2\/pages\/61920","targetHints":{"allow":["GET"]}}],"collection":[{"href":"https:\/\/www.lincolngoldfinch.com\/es\/wp-json\/wp\/v2\/pages"}],"about":[{"href":"https:\/\/www.lincolngoldfinch.com\/es\/wp-json\/wp\/v2\/types\/page"}],"author":[{"embeddable":true,"href":"https:\/\/www.lincolngoldfinch.com\/es\/wp-json\/wp\/v2\/users\/1"}],"replies":[{"embeddable":true,"href":"https:\/\/www.lincolngoldfinch.com\/es\/wp-json\/wp\/v2\/comments?post=61920"}],"version-history":[{"count":0,"href":"https:\/\/www.lincolngoldfinch.com\/es\/wp-json\/wp\/v2\/pages\/61920\/revisions"}],"up":[{"embeddable":true,"href":"https:\/\/www.lincolngoldfinch.com\/es\/wp-json\/wp\/v2\/pages\/5739"}],"wp:attachment":[{"href":"https:\/\/www.lincolngoldfinch.com\/es\/wp-json\/wp\/v2\/media?parent=61920"}],"curies":[{"name":"wp","href":"https:\/\/api.w.org\/{rel}","templated":true}]}}