{"id":61910,"date":"2024-02-01T11:10:03","date_gmt":"2024-02-01T17:10:03","guid":{"rendered":"https:\/\/www.lincolngoldfinch.com\/?page_id=61910"},"modified":"2025-03-18T16:52:28","modified_gmt":"2025-03-18T21:52:28","slug":"ajuste-de-estatus-de-la-visa-de-prometido-a-la-green-card","status":"publish","type":"page","link":"https:\/\/www.lincolngoldfinch.com\/es\/areas-de-practica\/ajuste-de-estatus\/ajuste-de-estatus-de-la-visa-de-prometido-a-la-green-card\/","title":{"rendered":"Ajuste de estatus \u2013 De la Visa de prometido a la Green Card"},"content":{"rendered":"<div class=\"fusion-fullwidth fullwidth-box fusion-builder-row-1 fusion-flex-container nonhundred-percent-fullwidth non-hundred-percent-height-scrolling\" style=\"--awb-border-radius-top-left:0px;--awb-border-radius-top-right:0px;--awb-border-radius-bottom-right:0px;--awb-border-radius-bottom-left:0px;--awb-flex-wrap:wrap;\" ><div class=\"fusion-builder-row fusion-row fusion-flex-align-items-flex-start fusion-flex-content-wrap\" style=\"max-width:1331.2px;margin-left: calc(-4% \/ 2 );margin-right: calc(-4% \/ 2 );\"><div class=\"fusion-layout-column fusion_builder_column fusion-builder-column-0 fusion_builder_column_1_1 1_1 fusion-flex-column\" style=\"--awb-bg-size:cover;--awb-width-large:100%;--awb-margin-top-large:0px;--awb-spacing-right-large:1.92%;--awb-margin-bottom-large:0px;--awb-spacing-left-large:1.92%;--awb-width-medium:100%;--awb-order-medium:0;--awb-spacing-right-medium:1.92%;--awb-spacing-left-medium:1.92%;--awb-width-small:100%;--awb-order-small:0;--awb-spacing-right-small:1.92%;--awb-spacing-left-small:1.92%;\" data-scroll-devices=\"small-visibility,medium-visibility,large-visibility\"><div class=\"fusion-column-wrapper fusion-column-has-shadow fusion-flex-justify-content-flex-start fusion-content-layout-column\"><div class=\"fusion-title title fusion-title-1 fusion-sep-none fusion-title-text fusion-title-size-one\" style=\"--awb-margin-top-small:10px;--awb-margin-right-small:0px;--awb-margin-bottom-small:10px;--awb-margin-left-small:0px;\"><h1 class=\"fusion-title-heading title-heading-left\" style=\"margin:0;\">Ajuste de estatus &#8211; De la visa de prometido a la green card<\/h1><\/div><div class=\"fusion-text fusion-text-1\"><p><span style=\"font-weight: 400;\">Imag\u00ednese enamorarse de alguien de un rinc\u00f3n lejano del mundo. El deseo de estar f\u00edsicamente juntos para toda la vida se convierte en un sue\u00f1o imperioso. Aunque es posible mantener relaciones a distancia durante la fase de noviazgo, el objetivo final es unirse en persona. Con esto, el proceso de <a href=\"https:\/\/www.lincolngoldfinch.com\/es\/abogada-de-inmigracion-de-austin\/ajuste-de-estatus\/\">Ajuste De Estatus<\/a> (AOS) es la v\u00eda legal que hace realidad este sue\u00f1o.<\/span><\/p>\n<p><span style=\"font-weight: 400;\">Aqu\u00ed, explorar\u00e1 la transici\u00f3n de una Visa K-1 a una Green Card, un objetivo fundamental para las parejas que buscan construir una vida juntos. Adem\u00e1s, podr\u00e1 conocer los entresijos de la Visa de prometido. Tambi\u00e9n descubrir\u00e1 c\u00f3mo un abogado de inmigraci\u00f3n ayuda a navegar por este viaje transformador.<\/span><\/p>\n<p><img decoding=\"async\" class=\"alignnone size-full wp-image-62139\" src=\"https:\/\/www.lincolngoldfinch.com\/wp-content\/uploads\/2024\/02\/firma-de-abogados-de-inmigracion-para-el-proceso-de-ajuste-de-estatus-en-austin.jpg\" alt=\"Firma De Abogados De Inmigraci\u00f3n Para El Proceso De Ajuste De Estatus En Austin\" width=\"1200\" height=\"800\" srcset=\"https:\/\/www.lincolngoldfinch.com\/wp-content\/uploads\/2024\/02\/firma-de-abogados-de-inmigracion-para-el-proceso-de-ajuste-de-estatus-en-austin-200x133.jpg 200w, https:\/\/www.lincolngoldfinch.com\/wp-content\/uploads\/2024\/02\/firma-de-abogados-de-inmigracion-para-el-proceso-de-ajuste-de-estatus-en-austin-400x267.jpg 400w, https:\/\/www.lincolngoldfinch.com\/wp-content\/uploads\/2024\/02\/firma-de-abogados-de-inmigracion-para-el-proceso-de-ajuste-de-estatus-en-austin-600x400.jpg 600w, https:\/\/www.lincolngoldfinch.com\/wp-content\/uploads\/2024\/02\/firma-de-abogados-de-inmigracion-para-el-proceso-de-ajuste-de-estatus-en-austin-768x512.jpg 768w, https:\/\/www.lincolngoldfinch.com\/wp-content\/uploads\/2024\/02\/firma-de-abogados-de-inmigracion-para-el-proceso-de-ajuste-de-estatus-en-austin-800x533.jpg 800w, https:\/\/www.lincolngoldfinch.com\/wp-content\/uploads\/2024\/02\/firma-de-abogados-de-inmigracion-para-el-proceso-de-ajuste-de-estatus-en-austin-1000x667.jpg 1000w, https:\/\/www.lincolngoldfinch.com\/wp-content\/uploads\/2024\/02\/firma-de-abogados-de-inmigracion-para-el-proceso-de-ajuste-de-estatus-en-austin.jpg 1200w\" sizes=\"(max-width: 1200px) 100vw, 1200px\" \/><\/p>\n<h2>Visa de prometido<\/h2>\n<p><span style=\"font-weight: 400;\">Si desea traer a su amante extranjero a Estados Unidos para contraer matrimonio, debe presentar el formulario I-129F, Petition For Alien Fianc\u00e9(e). Esta petici\u00f3n inicia la obtenci\u00f3n de una Visa de no inmigrante K-1, com\u00fanmente conocida como Visa de prometido(a).<\/span><\/p>\n<p><span style=\"font-weight: 400;\">Debe cumplir todos los requisitos para obtener un Visa K-1 de prometido(a). Su matrimonio debe ser aut\u00e9ntico, reflejar un compromiso sincero de establecer una vida en com\u00fan y no simplemente obtener beneficios de inmigraci\u00f3n. La validez en este contexto implica una intenci\u00f3n de buena fe por ambas partes de crear una relaci\u00f3n matrimonial significativa y duradera.<\/span><\/p>\n<p><span style=\"font-weight: 400;\">Puede traer a su amante extranjero a Estados Unidos con una Visa K-1 si cumple los siguientes requisitos:<\/span><\/p>\n<ul>\n<li style=\"font-weight: 400;\" aria-level=\"1\"><span style=\"font-weight: 400;\">Debe ser ciudadano estadounidense.<\/span><\/li>\n<li style=\"font-weight: 400;\" aria-level=\"1\"><span style=\"font-weight: 400;\">Tanto usted como su prometido(a) deben tener la intenci\u00f3n de casarse dentro de los 90 d\u00edas siguientes a la admisi\u00f3n de su prometido(a) en Estados Unidos con una Visa de no inmigrante K-1.<\/span><\/li>\n<li style=\"font-weight: 400;\" aria-level=\"1\"><span style=\"font-weight: 400;\">Tanto usted como su prometido(a) deben ser legalmente libres para contraer matrimonio, lo que significa que tienen capacidad legal para casarse en Estados Unidos. Tambi\u00e9n significa que los matrimonios anteriores se han disuelto oficialmente por divorcio, fallecimiento o anulaci\u00f3n.<\/span><\/li>\n<li style=\"font-weight: 400;\" aria-level=\"1\"><span style=\"font-weight: 400;\">Usted y su prometido(a) deben haberse visto en persona al menos una vez en los dos a\u00f1os anteriores a la presentaci\u00f3n de la solicitud. <\/span><\/li>\n<\/ul>\n<p><span style=\"font-weight: 400;\">No obstante, existe la posibilidad de solicitar una exenci\u00f3n de este requisito de reuni\u00f3n en persona. Esto es as\u00ed si puede demostrar que hacerlo violar\u00eda costumbres o pr\u00e1cticas sociales estrictas y establecidas desde hace mucho tiempo. Tambi\u00e9n puede solicitar una excepci\u00f3n si demuestra que este requisito le supondr\u00eda dificultades extremas.<\/span><\/p>\n<p><span style=\"font-weight: 400;\">Entender los criterios de elegibilidad para una Visa K-1 es esencial, y es igualmente beneficioso familiarizarse con los pasos del procedimiento. Para obtener este documento legal es necesario seguir varios pasos.<\/span><\/p>\n<h2>Traiga a su prometido a los Estados Unidos<\/h2>\n<p><span style=\"font-weight: 400;\">Guiar a su prometido en su viaje a Estados Unidos va m\u00e1s all\u00e1 de una simple solicitud de Visa. Implica la coordinaci\u00f3n con el <a href=\"http:\/\/uscis.gov\/es\" target=\"_blank\" rel=\"noopener\">Servicio de Ciudadan\u00eda e Inmigraci\u00f3n de Estados Unidos (USCIS)<\/a>, el Departamento de Estado (DOS) y el Servicio de Aduanas y Protecci\u00f3n de Fronteras (CBP). A lo largo de cada etapa, se realizar\u00e1n comprobaciones exhaustivas de sus antecedentes y de la seguridad de usted y de su futuro c\u00f3nyuge.<\/span><\/p>\n<h3>Presentar la petici\u00f3n<\/h3>\n<p><span style=\"font-weight: 400;\">Usted inicia el proceso presentando el formulario Petition for Alien Fianc\u00e9(e) (Petici\u00f3n de prometido\/a extranjero\/a), siguiendo las instrucciones. Este formulario sirve para solicitar al USCIS que reconozca su relaci\u00f3n con su futuro c\u00f3nyuge.<\/span><\/p>\n<p><span style=\"font-weight: 400;\">Tras la presentaci\u00f3n, el USCIS revisar\u00e1 minuciosamente su petici\u00f3n y los documentos que la acompa\u00f1an. Recibir\u00e1 una solicitud de pruebas si necesitan documentaci\u00f3n o informaci\u00f3n adicional. Ellos aprobar\u00e1n su Formulario I-129F al establecer la elegibilidad, reconociendo oficialmente la relaci\u00f3n de prometido(a) reclamada.<\/span><\/p>\n<p><span style=\"font-weight: 400;\">Si no cumple el requisito de elegibilidad, le comunicar\u00e1n la denegaci\u00f3n, motivando la decisi\u00f3n. Posteriormente, la agencia remitir\u00e1 el Formulario I-129F aprobado al Centro Nacional de Visas (NVC) del DOS.<\/span><\/p>\n<h3>Solicitar la visa<\/h3>\n<p><span style=\"font-weight: 400;\">Una vez aprobado, el NVC transfiere el formulario I-129F a la embajada o consulado de EE.UU. correspondiente, normalmente en la regi\u00f3n donde reside su prometido(a). Recibir\u00e1 una notificaci\u00f3n una vez que la embajada haya programado la entrevista para la Visa.<\/span><\/p>\n<p><span style=\"font-weight: 400;\">En la entrevista programada, su prometido(a) solicita la Visa de no inmigrante K-1, presentando los impresos y documentos necesarios. El funcionario consular eval\u00faa si cumplen los requisitos. La Visa es v\u00e1lida hasta seis meses para una sola entrada si se aprueba.<\/span><\/p>\n<p><span style=\"font-weight: 400;\">Por el contrario, si el funcionario determina que la relaci\u00f3n no es aut\u00e9ntica, el DOS devuelve el formulario I-129F al USCIS, y usted puede optar por presentar uno nuevo si lo desea.<\/span><\/p>\n<h3>Inspecci\u00f3n en un puerto de entrada<\/h3>\n<p><span style=\"font-weight: 400;\">Si el DOS concede una Visa de no inmigrante K-1, su amante extranjero viaja a Estados Unidos. Aqu\u00ed, se presentar\u00e1n para su admisi\u00f3n en un puerto de entrada designado durante la validez de la Visa.<\/span><\/p>\n<p><span style=\"font-weight: 400;\">Es fundamental comprender que poseer una Visa K-1 no garantiza autom\u00e1ticamente la entrada en Estados Unidos. La decisi\u00f3n final sobre la admisi\u00f3n corresponde a un funcionario del Servicio de Aduanas y Protecci\u00f3n de Fronteras (CBP). Ellos evaluar\u00e1n y determinar\u00e1n si admiten a tu(s) prometido(s) en el puerto de entrada.<\/span><\/p>\n<h3>Matrimonio<\/h3>\n<p><span style=\"font-weight: 400;\">Una vez admitido como no inmigrante K-1, usted y su prometido(a) disponen de 90 d\u00edas para contraer matrimonio. Esta duraci\u00f3n es crucial para el proceso de la Visa, y pone de relieve la necesidad de un matrimonio oportuno y leg\u00edtimo. A medida que demuestre el cumplimiento de este proceso y establezca la autenticidad de su matrimonio, su c\u00f3nyuge podr\u00e1 solicitar ahora un Ajuste de Estatus.<\/span><\/p>\n<h2>Ajuste de estatus de K-1 a green card<\/h2>\n<p><span style=\"font-weight: 400;\">Si la uni\u00f3n matrimonial se produce dentro del plazo de 90 d\u00edas, su c\u00f3nyuge podr\u00e1 solicitar la residencia permanente en Estados Unidos. Esto se inicia mediante la presentaci\u00f3n del Formulario I-485, la Solicitud de Registro de Residencia Permanente o Ajuste de Estatus.<\/span><\/p>\n<p><span style=\"font-weight: 400;\">El USCIS revisar\u00e1 el formulario I-485, y los documentos que lo acompa\u00f1an pueden dar lugar a solicitudes de informaci\u00f3n adicional. Tambi\u00e9n debe tener en cuenta que una entrevista conjunta suele formar parte del proceso.<\/span><\/p>\n<p><span style=\"font-weight: 400;\">En la entrevista, las preguntas suelen centrarse en la historia de su relaci\u00f3n, las actividades cotidianas como pareja casada y los planes de futuro juntos. Tambi\u00e9n es una oportunidad para presentar pruebas adicionales que demuestren la autenticidad de su matrimonio.<\/span><\/p>\n<p><span style=\"font-weight: 400;\">Cuando el matrimonio tiene menos de dos a\u00f1os durante la aprobaci\u00f3n del Formulario I-485, la Green Card expedida a su c\u00f3nyuge tiene una validez de dos a\u00f1os con ciertas condiciones. Con esto, su estatus es condicional hasta que el USCIS apruebe eliminar las condiciones.<\/span><\/p>\n<p><img decoding=\"async\" class=\"size-full wp-image-62141 alignright\" src=\"https:\/\/www.lincolngoldfinch.com\/wp-content\/uploads\/2024\/02\/el-proceso-de-obtencion-de-la-green-card-por-matrimonio.jpg\" alt=\"El Proceso De Obtenci\u00f3n De La Green Card Por Matrimonio\" width=\"300\" height=\"200\" srcset=\"https:\/\/www.lincolngoldfinch.com\/wp-content\/uploads\/2024\/02\/el-proceso-de-obtencion-de-la-green-card-por-matrimonio-200x133.jpg 200w, https:\/\/www.lincolngoldfinch.com\/wp-content\/uploads\/2024\/02\/el-proceso-de-obtencion-de-la-green-card-por-matrimonio.jpg 300w\" sizes=\"(max-width: 300px) 100vw, 300px\" \/><\/p>\n<h2>C\u00f3mo eliminar las condiciones de la residencia permanente<\/h2>\n<p><span style=\"font-weight: 400;\">Para iniciar el proceso de eliminaci\u00f3n de las condiciones de su residencia permanente, presente el formulario I-751 conjuntamente con su c\u00f3nyuge. Como parte de la documentaci\u00f3n justificativa, presente pruebas exhaustivas que validen la autenticidad de su matrimonio y de la relaci\u00f3n en curso. Estas pruebas pueden incluir documentos financieros conjuntos, bienes compartidos y cualquier otra prueba pertinente que afirme la legitimidad de su matrimonio de buena fe.<\/span><\/p>\n<p><span style=\"font-weight: 400;\">Adem\u00e1s, incluya declaraciones juradas de amigos, familiares o personas que conozcan su relaci\u00f3n y puedan dar fe de su autenticidad. A continuaci\u00f3n, acuda a una cita biom\u00e9trica en la que le tomar\u00e1n las huellas dactilares y una fotograf\u00eda para comprobar sus antecedentes. Si el USCIS emite una Solicitud de Pruebas (RFE), responda con prontitud aportando los documentos necesarios.<\/span><\/p>\n<p><span style=\"font-weight: 400;\">Si su petici\u00f3n a\u00fan est\u00e1 siendo revisada cuando expire su Green Card condicional, puede solicitar una pr\u00f3rroga de su estatus poni\u00e9ndose en contacto con el USCIS. Tras la aprobaci\u00f3n de su petici\u00f3n, se le expedir\u00e1 una Green Card de 10 a\u00f1os, que significa la eliminaci\u00f3n de las condiciones y le concede la residencia permanente sin ninguna restricci\u00f3n. <\/span><\/p>\n<p><span style=\"font-weight: 400;\">Dadas las complejidades que entra\u00f1an estos procesos, es muy aconsejable solicitar la asistencia de un abogado especializado en Visas. Aunque es concebible realizar los tr\u00e1mites de forma independiente, confiar en las habilidades y conocimientos de un abogado especializado en permisos de residencia puede evitarle posibles problemas.<\/span><\/p>\n<h2>Busque la ayuda de un abogado de inmigraci\u00f3n<\/h2>\n<p><span style=\"font-weight: 400;\">Contratar a un abogado de inmigraci\u00f3n para ajustar el estatus basado en el matrimonio garantiza un proceso fluido y exitoso. Poseen un profundo conocimiento de las intrincadas leyes de inmigraci\u00f3n, agilizan los complejos procedimientos y mitigan los posibles problemas. Proporcionan una orientaci\u00f3n inestimable a la hora de preparar y presentar la documentaci\u00f3n necesaria, minimizando el riesgo de errores u omisiones.<\/span><\/p>\n<p><span style=\"font-weight: 400;\">Con sus conocimientos y habilidades, los abogados de inmigraci\u00f3n navegan por las entrevistas y otras v\u00edas para lograr su objetivo de inmigraci\u00f3n. Este apoyo profesional aumenta la probabilidad de aprobaci\u00f3n y alivia el estr\u00e9s y las incertidumbres asociadas con el Ajuste de Estatus.<\/span><\/p>\n<p><span style=\"font-weight: 400;\">Asociarse con los abogados de Visa de <a href=\"https:\/\/www.lincolngoldfinch.com\/es\">Lincoln-Goldfinch Law &#8211; Abogados de Inmigraci\u00f3n<\/a> le ahorra un tiempo valioso y aprovecha su profundo conocimiento de las complejidades de la inmigraci\u00f3n. Sus competencias son especialmente beneficiosas cuando se trata de traer a Estados Unidos a su futura pareja. La competencia de su equipo jur\u00eddico aumenta la eficacia de su viaje de inmigraci\u00f3n. Fomenta una experiencia m\u00e1s fluida a la vez que prioriza su objetivo de reunirse con su ser querido.<\/span><\/p>\n<h2>Resumen<\/h2>\n<p><span style=\"font-weight: 400;\">La transici\u00f3n de una relaci\u00f3n a distancia a la construcci\u00f3n de una vida en com\u00fan en Estados Unidos implica intrincados procesos legales. En particular, incluye el Ajuste de Estatus (AOS) basado en el matrimonio. Al explorar el camino desde una Visa K-1 a una Green Card, es crucial comprender los criterios de elegibilidad y los pasos del procedimiento. La presentaci\u00f3n del formulario I-129F para iniciar el proceso de la Visa de prometido, el cumplimiento de unos criterios espec\u00edficos y la observancia del requisito de 90 d\u00edas de matrimonio son componentes clave.<\/span><\/p>\n<p><span style=\"font-weight: 400;\">El posterior ajuste de estatus implica presentar el formulario I-485, una entrevista y solicitar la eliminaci\u00f3n de las condiciones de residencia permanente. Con todas estas complejidades, se recomienda encarecidamente solicitar la asistencia de un abogado de inmigraci\u00f3n para que el proceso se desarrolle sin problemas y con \u00e9xito, minimizando los posibles problemas.<\/span><\/p>\n<p><a href=\"https:\/\/www.lincolngoldfinch.com\/es\/abogada-de-inmigracion-de-austin\/ajuste-de-estatus\/es-posible-cambiar-de-estatus-con-una-visa-u-de-no-inmigrante\/\">Conozca En Detalle Nuestros Servicios De Inmigraci\u00f3n.<\/a><\/p>\n<\/div><\/div><\/div><\/div><\/div>\n<div class=\"gsp_post_data\" \r\n\t            data-post_type=\"page\" \r\n\t            data-cat=\"\" \r\n\t            data-modified=\"120\"\r\n\t            data-created=\"1706785803\"\r\n\t            data-title=\"Ajuste de estatus \u2013 De la Visa de prometido a la Green Card\" \r\n\t            data-home=\"https:\/\/www.lincolngoldfinch.com\/es\/\"><\/div>","protected":false},"excerpt":{"rendered":"","protected":false},"author":1,"featured_media":0,"parent":5739,"menu_order":0,"comment_status":"closed","ping_status":"closed","template":"","meta":{"_acf_changed":false,"rop_custom_images_group":[],"rop_custom_messages_group":[],"rop_publish_now":"initial","rop_publish_now_accounts":[],"rop_publish_now_history":[],"rop_publish_now_status":"pending","_analytify_skip_tracking":false,"rank_math_title":"Ajuste de Estatus - De Visa De Prometido A Green Card | Lincoln-Goldfinch Law","rank_math_description":"Pasar del compromiso a la obtenci\u00f3n de una Green Card implica un paso legal vital llamado ajuste de estatus. Vea c\u00f3mo un abogado de inmigraci\u00f3n puede ayudarle con la transici\u00f3n.","rank_math_focus_keyword":"Green Card","rank_math_canonical_url":"","footnotes":""},"class_list":["post-61910","page","type-page","status-publish","hentry"],"acf":[],"_links":{"self":[{"href":"https:\/\/www.lincolngoldfinch.com\/es\/wp-json\/wp\/v2\/pages\/61910","targetHints":{"allow":["GET"]}}],"collection":[{"href":"https:\/\/www.lincolngoldfinch.com\/es\/wp-json\/wp\/v2\/pages"}],"about":[{"href":"https:\/\/www.lincolngoldfinch.com\/es\/wp-json\/wp\/v2\/types\/page"}],"author":[{"embeddable":true,"href":"https:\/\/www.lincolngoldfinch.com\/es\/wp-json\/wp\/v2\/users\/1"}],"replies":[{"embeddable":true,"href":"https:\/\/www.lincolngoldfinch.com\/es\/wp-json\/wp\/v2\/comments?post=61910"}],"version-history":[{"count":0,"href":"https:\/\/www.lincolngoldfinch.com\/es\/wp-json\/wp\/v2\/pages\/61910\/revisions"}],"up":[{"embeddable":true,"href":"https:\/\/www.lincolngoldfinch.com\/es\/wp-json\/wp\/v2\/pages\/5739"}],"wp:attachment":[{"href":"https:\/\/www.lincolngoldfinch.com\/es\/wp-json\/wp\/v2\/media?parent=61910"}],"curies":[{"name":"wp","href":"https:\/\/api.w.org\/{rel}","templated":true}]}}