{"id":61676,"date":"2024-02-01T11:09:18","date_gmt":"2024-02-01T17:09:18","guid":{"rendered":"https:\/\/www.lincolngoldfinch.com\/?page_id=61676"},"modified":"2025-03-18T16:53:09","modified_gmt":"2025-03-18T21:53:09","slug":"lo-que-debe-saber-sobre-la-peticion-familiar","status":"publish","type":"page","link":"https:\/\/www.lincolngoldfinch.com\/es\/areas-de-practica\/inmigracion-familiar\/lo-que-debe-saber-sobre-la-peticion-familiar\/","title":{"rendered":"Lo que debe saber sobre la petici\u00f3n familiar estadounidense"},"content":{"rendered":"<div class=\"fusion-fullwidth fullwidth-box fusion-builder-row-1 fusion-flex-container nonhundred-percent-fullwidth non-hundred-percent-height-scrolling\" style=\"--awb-border-radius-top-left:0px;--awb-border-radius-top-right:0px;--awb-border-radius-bottom-right:0px;--awb-border-radius-bottom-left:0px;--awb-flex-wrap:wrap;\" ><div class=\"fusion-builder-row fusion-row fusion-flex-align-items-flex-start fusion-flex-content-wrap\" style=\"max-width:1331.2px;margin-left: calc(-4% \/ 2 );margin-right: calc(-4% \/ 2 );\"><div class=\"fusion-layout-column fusion_builder_column fusion-builder-column-0 fusion_builder_column_1_1 1_1 fusion-flex-column\" style=\"--awb-bg-size:cover;--awb-width-large:100%;--awb-margin-top-large:0px;--awb-spacing-right-large:1.92%;--awb-margin-bottom-large:0px;--awb-spacing-left-large:1.92%;--awb-width-medium:100%;--awb-order-medium:0;--awb-spacing-right-medium:1.92%;--awb-spacing-left-medium:1.92%;--awb-width-small:100%;--awb-order-small:0;--awb-spacing-right-small:1.92%;--awb-spacing-left-small:1.92%;\" data-scroll-devices=\"small-visibility,medium-visibility,large-visibility\"><div class=\"fusion-column-wrapper fusion-column-has-shadow fusion-flex-justify-content-flex-start fusion-content-layout-column\"><div class=\"fusion-title title fusion-title-1 fusion-sep-none fusion-title-text fusion-title-size-one\" style=\"--awb-margin-top-small:10px;--awb-margin-right-small:0px;--awb-margin-bottom-small:10px;--awb-margin-left-small:0px;\"><h1 class=\"fusion-title-heading title-heading-left\" style=\"margin:0;\">Lo que debe saber sobre la petici\u00f3n familiar estadounidense<\/h1><\/div><div class=\"fusion-text fusion-text-1\"><p><span style=\"font-weight: 400;\">Cuando quiera vivir, trabajar y reunirse con su familia en Estados Unidos, una petici\u00f3n basada en la familia es una forma de hacerlo. Tiene sus requisitos y su proceso legal, que puede resultar abrumador. Por eso es aconsejable contratar a un <a href=\"https:\/\/www.lincolngoldfinch.com\/es\/\">abogado de inmigraci\u00f3n<\/a> de confianza si elige esta v\u00eda para obtener la residencia permanente.<\/span><\/p>\n<p><span style=\"font-weight: 400;\">Inf\u00f3rmese sobre los datos esenciales que debe conocer en este proceso de inmigraci\u00f3n. Sepa c\u00f3mo un <a href=\"https:\/\/www.lincolngoldfinch.com\/es\/abogada-de-inmigracion-de-austin\/peticion-familiar-inmigracion\/\">abogado especializado en Green Card<\/a> puede ayudarle significativamente en este viaje.<\/span><\/p>\n<p><img decoding=\"async\" class=\"alignnone size-full wp-image-62128\" src=\"https:\/\/www.lincolngoldfinch.com\/wp-content\/uploads\/2024\/02\/consejos-e-informacion-imprescindible-sobre-la-peticion-familiar-estadounidense.jpg\" alt=\"Consejos E Informaci\u00f3n Imprescindible Sobre La Petici\u00f3n Familiar Estadounidense\" width=\"1200\" height=\"793\" srcset=\"https:\/\/www.lincolngoldfinch.com\/wp-content\/uploads\/2024\/02\/consejos-e-informacion-imprescindible-sobre-la-peticion-familiar-estadounidense-200x132.jpg 200w, https:\/\/www.lincolngoldfinch.com\/wp-content\/uploads\/2024\/02\/consejos-e-informacion-imprescindible-sobre-la-peticion-familiar-estadounidense-400x264.jpg 400w, https:\/\/www.lincolngoldfinch.com\/wp-content\/uploads\/2024\/02\/consejos-e-informacion-imprescindible-sobre-la-peticion-familiar-estadounidense-600x397.jpg 600w, https:\/\/www.lincolngoldfinch.com\/wp-content\/uploads\/2024\/02\/consejos-e-informacion-imprescindible-sobre-la-peticion-familiar-estadounidense-768x508.jpg 768w, https:\/\/www.lincolngoldfinch.com\/wp-content\/uploads\/2024\/02\/consejos-e-informacion-imprescindible-sobre-la-peticion-familiar-estadounidense-800x529.jpg 800w, https:\/\/www.lincolngoldfinch.com\/wp-content\/uploads\/2024\/02\/consejos-e-informacion-imprescindible-sobre-la-peticion-familiar-estadounidense-1000x661.jpg 1000w, https:\/\/www.lincolngoldfinch.com\/wp-content\/uploads\/2024\/02\/consejos-e-informacion-imprescindible-sobre-la-peticion-familiar-estadounidense.jpg 1200w\" sizes=\"(max-width: 1200px) 100vw, 1200px\" \/><\/p>\n<h2>La petici\u00f3n familiar como v\u00eda para obtener la residencia<\/h2>\n<p><span style=\"font-weight: 400;\">Hay varias razones de peso por las que las familias deciden emigrar a Estados Unidos. En primer lugar, el pa\u00eds ofrece un mercado laboral fuerte y salarios m\u00e1s altos, y esta b\u00fasqueda es m\u00e1s com\u00fan entre los inmigrantes.<\/span><\/p>\n<p><span style=\"font-weight: 400;\">En segundo lugar, las familias buscan mejores perspectivas educativas para sus hijos. El pa\u00eds ofrece acceso a mejores programas educativos a trav\u00e9s de sus universidades de renombre y su sistema integral. En tercer lugar, el sistema sanitario atrae a familias que necesitan atenci\u00f3n m\u00e9dica avanzada e instalaciones.<\/span><\/p>\n<p><span style=\"font-weight: 400;\">Adem\u00e1s, el atractivo de la libertad religiosa y la protecci\u00f3n de los derechos humanos atrae a personas que sufrieron persecuci\u00f3n en sus pa\u00edses de origen.<\/span><\/p>\n<p><span style=\"font-weight: 400;\">Sea cual sea el motivo que le lleva a establecerse en Estados Unidos, ser\u00eda prudente explorar sus entresijos. Hacerlo le dar\u00eda m\u00e1s confianza para navegar por este complejo panorama. Con esto, una de las cosas que hay que saber es sobre su patrocinio.<\/span><\/p>\n<h2>El apadrinamiento en la inmigraci\u00f3n familiar<\/h2>\n<p><span style=\"font-weight: 400;\">El apadrinamiento desempe\u00f1a un papel crucial en la inmigraci\u00f3n basada en la familia, ya que es la etapa en la que usted indica su conexi\u00f3n con su familiar en Estados Unidos. Su familiar debe tener al menos 21 a\u00f1os y ser residente legal permanente (LPR) o ciudadano estadounidense para poder patrocinarle para una Visa de inmigrante. Este proceso depende de su relaci\u00f3n con ellos, que se divide en categor\u00edas.<\/span><\/p>\n<h3>Familiares directos<\/h3>\n<p><span style=\"font-weight: 400;\">Esta categor\u00eda se refiere a los familiares m\u00e1s cercanos de ciudadanos estadounidenses, incluidos c\u00f3nyuges, hijos solteros menores de 21 a\u00f1os y padres (si el reagrupante tiene al menos 21 a\u00f1os). No hay l\u00edmite num\u00e9rico en el n\u00famero de Visas disponibles para familiares directos.<\/span><\/p>\n<h3>Preferencia familiar<\/h3>\n<p><span style=\"font-weight: 400;\">La categor\u00eda de preferencia familiar incluye a determinados familiares de ciudadanos y titulares de la Green Card que son sus parientes m\u00e1s lejanos. Las Visas para esta categor\u00eda tienen l\u00edmites num\u00e9ricos anuales, lo que significa que hay un tope en el n\u00famero de Visas disponibles anualmente.<\/span><\/p>\n<p><span style=\"font-weight: 400;\">Como ya se ha mencionado, esta categor\u00eda se refiere a parientes lejanos. Incluye:<\/span><\/p>\n<ul>\n<li style=\"font-weight: 400;\" aria-level=\"1\"><span style=\"font-weight: 400;\">Hijos solteros y menores de ciudadanos estadounidenses.<\/span><\/li>\n<li style=\"font-weight: 400;\" aria-level=\"1\"><span style=\"font-weight: 400;\">Hijos solteros (menores de 21 a\u00f1os) y c\u00f3nyuges de residentes legales permanentes.<\/span><\/li>\n<li style=\"font-weight: 400;\" aria-level=\"1\"><span style=\"font-weight: 400;\">Hijas e hijos solteros (mayores de 21 a\u00f1os) de titulares de la Green Card.<\/span><\/li>\n<li style=\"font-weight: 400;\" aria-level=\"1\"><span style=\"font-weight: 400;\">Los hijos casados de ciudadanos estadounidenses, sus c\u00f3nyuges e hijos menores de edad.<\/span><\/li>\n<li style=\"font-weight: 400;\" aria-level=\"1\"><span style=\"font-weight: 400;\">Hermanos de ciudadanos estadounidenses.<\/span><\/li>\n<\/ul>\n<p><span style=\"font-weight: 400;\">Es esencial conocer estas categor\u00edas, ya que son cruciales para determinar las Visas que puede solicitar a trav\u00e9s de su familia. Sin embargo, conocer el papel del patrocinador es igualmente vital. Si tiene intenci\u00f3n de inmigrar, tambi\u00e9n debe conocer la elegibilidad de su familiar ciudadano estadounidense o residente legal permanente en este proceso.<\/span><\/p>\n<h2>Requisitos y ayuda financiera<\/h2>\n<p><span style=\"font-weight: 400;\">Deben cumplir determinados requisitos, entre ellos ser ciudadano estadounidense o residente legal permanente de al menos 21 a\u00f1os de edad. Adem\u00e1s, el patrocinador debe demostrar su capacidad para mantenerle econ\u00f3micamente como inmigrante. De este modo se asegurar\u00e1 de no convertirse en una carga p\u00fablica. Se refiere a un individuo susceptible de depender principalmente del gobierno para su apoyo financiero.<\/span><\/p>\n<p><span style=\"font-weight: 400;\">Para demostrar que tu padrino puede respaldarte econ\u00f3micamente, debe cumplir unos umbrales de ingresos espec\u00edficos y aportar documentos justificativos. Incluye declaraciones de la renta, talones de pago y verificaci\u00f3n del empleo. Deben presentar una declaraci\u00f3n jurada de manutenci\u00f3n o el formulario I-864 para demostrar su capacidad econ\u00f3mica para mantenerte. Al firmar este documento jur\u00eddicamente vinculante, se comprometen a responder a sus necesidades monetarias en Estados Unidos.<\/span><\/p>\n<p><span style=\"font-weight: 400;\">Los patrocinadores deben demostrar unos ingresos iguales o superiores al 125% del nivel federal de pobreza. Para el personal militar en activo que patrocine a su c\u00f3nyuge o hijos, el requisito de ingresos es el 100% del nivel de pobreza.<\/span><\/p>\n<p><span style=\"font-weight: 400;\">Sus activos financieros -como cuentas corrientes y de ahorro, acciones, bonos o propiedades- pueden tenerse en cuenta si sus ingresos no cumplen este requisito. Los niveles federales de pobreza sirven de referencia para estas evaluaciones financieras.<\/span><\/p>\n<p><span style=\"font-weight: 400;\">Adem\u00e1s de cumplir estos criterios, es fundamental tener en cuenta su papel en el proceso de inmigraci\u00f3n. Como futuro inmigrante, es mejor que conozca tambi\u00e9n este aspecto para tener una perspectiva clara de su viaje de inmigraci\u00f3n.<\/span><\/p>\n<h2>Responsabilidades del patrocinador<\/h2>\n<p><span style=\"font-weight: 400;\">Su padrino desempe\u00f1a un papel crucial en el proceso de inmigraci\u00f3n y asume diversas responsabilidades. \u00c9stas pueden variar en funci\u00f3n de la categor\u00eda espec\u00edfica de inmigraci\u00f3n.<\/span><\/p>\n<h3>Presentaci\u00f3n de la petici\u00f3n<\/h3>\n<p><span style=\"font-weight: 400;\">El patrocinador inicia el proceso de inmigraci\u00f3n presentando la petici\u00f3n correspondiente ante el <a href=\"http:\/\/uscis.gov\/es\" target=\"_blank\" rel=\"noopener\">Servicio de Ciudadan\u00eda e Inmigraci\u00f3n de EE.UU. (USCIS).<\/a> El formulario requerido depende de la relaci\u00f3n entre el patrocinador y el inmigrante.<\/span><\/p>\n<p><span style=\"font-weight: 400;\">Por ejemplo, el formulario I-130 para los familiares directos o el formulario I-129F para los prometidos. El promotor debe cumplimentar con exactitud la petici\u00f3n, aportar la documentaci\u00f3n necesaria y abonar las tasas exigidas.<\/span><\/p>\n<h3>Documentaci\u00f3n<\/h3>\n<p><span style=\"font-weight: 400;\">Deben reunir documentos justificativos que establezcan su relaci\u00f3n con usted. Esto incluye certificados de nacimiento, matrimonio o adopci\u00f3n. Estos documentos ayudan a demostrar la legitimidad de la relaci\u00f3n y son necesarios para su solicitud de inmigraci\u00f3n.<\/span><\/p>\n<h3>Asistir a la entrevista<\/h3>\n<p><span style=\"font-weight: 400;\">En algunos casos, el patrocinador y el inmigrante pueden verse obligados a participar en una entrevista realizada por el USCIS o en la embajada o consulado de EE.UU.. Durante esta entrevista, es posible que se pida al promotor que aporte pruebas complementarias y demuestre que la relaci\u00f3n es aut\u00e9ntica. Deben demostrar que est\u00e1 arraigada en la autenticidad y no orquestada \u00fanicamente con fines de inmigraci\u00f3n.<\/span><\/p>\n<h3>Ayudar al inmigrante<\/h3>\n<p><span style=\"font-weight: 400;\">Una vez que el inmigrante entra en Estados Unidos, el patrocinador es responsable de garantizar su bienestar y el cumplimiento de las condiciones de su estatuto de inmigrante. Esto puede implicar ayudar al inmigrante a obtener los documentos necesarios, encontrar alojamiento, acceder a la asistencia sanitaria y adaptarse a la vida en Estados Unidos. Su patrocinador tambi\u00e9n debe estar al tanto de cualquier ajuste en su situaci\u00f3n, como cambios de direcci\u00f3n, que pueden requerir actualizaciones a USCIS.<\/span><\/p>\n<p><span style=\"font-weight: 400;\">Patrocinar a un familiar para la inmigraci\u00f3n supone un importante compromiso legal y financiero. El patrocinador debe considerar cuidadosamente su capacidad para cumplir con estas responsabilidades. Si no atienden a estas obligaciones, el resultado pueden ser sus responsabilidades.<\/span><\/p>\n<h2>Responsabilidades del patrocinador<\/h2>\n<p><span style=\"font-weight: 400;\">El promotor es responsable de reembolsar a la agencia las prestaciones p\u00fablicas sujetas a la comprobaci\u00f3n de recursos que usted reciba. El impago de esta deuda puede dar lugar a acciones legales, en las que la agencia o usted pueden interponer una demanda judicial para recuperar los fondos adeudados.<\/span><\/p>\n<p><span style=\"font-weight: 400;\">Esta obligaci\u00f3n econ\u00f3mica se extiende a los miembros de la unidad familiar. Un co-patrocinador es una persona que consiente en apoyarle econ\u00f3micamente cuando su peticionario original no puede alcanzar el umbral de ingresos requerido para ayudarle. Si estas personas permitieron que la combinaci\u00f3n de sus ingresos con los del solicitante original cumpliera los requisitos de ingresos m\u00ednimos, esto las hace legalmente responsables de mantenerte.<\/span><\/p>\n<p><span style=\"font-weight: 400;\">Es esencial determinar qu\u00e9 categor\u00edas le corresponden y conocer las responsabilidades de su peticionario. Sin embargo, conocer el sistema de prioridades de este proceso de inmigraci\u00f3n es igualmente vital. Hacerlo le ayudar\u00e1 a cultivar la perspectiva y la actitud adecuadas mientras se anticipa a la duraci\u00f3n de la tramitaci\u00f3n de su petici\u00f3n.<\/span><\/p>\n<h2>Sistema de prioridades<\/h2>\n<p><span style=\"font-weight: 400;\">El sistema de prioridades en la inmigraci\u00f3n familiar en Estados Unidos pretende facilitar la unidad y reforzar los lazos. Sin embargo, los tiempos de espera para algunas categor\u00edas pueden ser largos debido al n\u00famero limitado de Visas disponibles y a la gran demanda. Este sistema determina el orden en que los familiares pueden apadrinar a sus parientes en el pa\u00eds.<\/span><\/p>\n<p><span style=\"font-weight: 400;\">No existen l\u00edmites num\u00e9ricos al n\u00famero de Visas disponibles para los familiares directos. Esto significa que las Visas pueden expedirse tan pronto como se tramiten los documentos necesarios. Por otro lado, las preferencias familiares tienen un n\u00famero limitado de Visas disponibles, lo que se traduce en un periodo de espera m\u00e1s prolongado.<\/span><\/p>\n<p><span style=\"font-weight: 400;\">Las pol\u00edticas de inmigraci\u00f3n pueden cambiar con el tiempo. Por eso es esencial conocer la informaci\u00f3n m\u00e1s actualizada. Dado que este viaje es complejo y desalentador, es crucial buscar la orientaci\u00f3n de un abogado especializado en inmigraci\u00f3n.<\/span><\/p>\n<p><img decoding=\"async\" class=\"size-full wp-image-62130 alignright\" src=\"https:\/\/www.lincolngoldfinch.com\/wp-content\/uploads\/2024\/02\/abogado-de-inmigracion-aboga-por-la-reunificacion-de-su-familia.jpg\" alt=\"Abogado De Inmigraci\u00f3n Aboga Por La Reunificaci\u00f3n De Su Familia\" width=\"300\" height=\"199\" srcset=\"https:\/\/www.lincolngoldfinch.com\/wp-content\/uploads\/2024\/02\/abogado-de-inmigracion-aboga-por-la-reunificacion-de-su-familia-200x133.jpg 200w, https:\/\/www.lincolngoldfinch.com\/wp-content\/uploads\/2024\/02\/abogado-de-inmigracion-aboga-por-la-reunificacion-de-su-familia.jpg 300w\" sizes=\"(max-width: 300px) 100vw, 300px\" \/><\/p>\n<h2>Busque la ayuda de un abogado especializado en la green card<\/h2>\n<p><span style=\"font-weight: 400;\">La obtenci\u00f3n de una Visa familiar implica intrincados procesos legales, lo que hace indispensable un abogado de inmigraci\u00f3n. Sus conocimientos garantizan la exactitud de los tr\u00e1mites, el cumplimiento de la normativa y la puntualidad de las presentaciones, minimizando el riesgo de retrasos o denegaciones.<\/span><\/p>\n<p><span style=\"font-weight: 400;\">Los abogados de Lincoln-Goldfinch Law &#8211; Abogados de Inmigraci\u00f3n navegan por el cambiante panorama de la inmigraci\u00f3n, ofreciendo orientaci\u00f3n estrat\u00e9gica para superar los retos. Interpretan leyes complejas, abordan posibles problemas y defienden su caso, salvaguardando sus intereses.<\/span><\/p>\n<p><span style=\"font-weight: 400;\">Con esta asistencia profesional, usted gana un aliado bien informado que agiliza la solicitud de una Visa. De este modo, aportan tranquilidad y aumentan las probabilidades de \u00e9xito del reencuentro con su familia en Estados Unidos.<\/span><\/p>\n<h2>Resumen<\/h2>\n<p><span style=\"font-weight: 400;\">Las familias se trasladan a Estados Unidos por diversas razones. Puede ser para obtener beneficios econ\u00f3micos o sanitarios o para huir de la persecuci\u00f3n de sus pa\u00edses de origen. Si tiene previsto reunirse con su familia en el pa\u00eds, saber a qu\u00e9 categor\u00eda de apadrinamiento pertenece es un primer paso crucial para que sus familiares puedan solicitarle.<\/span><\/p>\n<p><span style=\"font-weight: 400;\">Adem\u00e1s, saber c\u00f3mo funciona el sistema de prioridad de inmigraci\u00f3n de EE.UU. le ayudar\u00e1 a anticipar el tiempo que necesita invertir en la petici\u00f3n. Tu familiar tambi\u00e9n debe cumplir fielmente con sus obligaciones como padrino, ya que esto te ayudar\u00e1 a facilitar tu integraci\u00f3n en la cultura estadounidense. Por \u00faltimo, contar con los servicios de un abogado experto y competente en inmigraci\u00f3n aumenta sus posibilidades de \u00e9xito.<\/span><\/p>\n<\/div><\/div><\/div><\/div><\/div>\n<div class=\"gsp_post_data\" \r\n\t            data-post_type=\"page\" \r\n\t            data-cat=\"\" \r\n\t            data-modified=\"120\"\r\n\t            data-created=\"1706785758\"\r\n\t            data-title=\"Lo que debe saber sobre la petici\u00f3n familiar estadounidense\" \r\n\t            data-home=\"https:\/\/www.lincolngoldfinch.com\/es\/\"><\/div>","protected":false},"excerpt":{"rendered":"","protected":false},"author":1,"featured_media":0,"parent":46033,"menu_order":0,"comment_status":"closed","ping_status":"closed","template":"","meta":{"_acf_changed":false,"rop_custom_images_group":[],"rop_custom_messages_group":[],"rop_publish_now":"initial","rop_publish_now_accounts":[],"rop_publish_now_history":[],"rop_publish_now_status":"pending","_analytify_skip_tracking":false,"rank_math_title":"Lo Que Debe Saber Sobre La Petici\u00f3n Familiar En EE.UU. | Lincoln-Goldfinch Law","rank_math_description":"La Petici\u00f3n Familiar es una de las v\u00edas habituales para vivir y trabajar en Estados Unidos. Obtenga m\u00e1s informaci\u00f3n sobre sus aspectos legales y complejidades.","rank_math_focus_keyword":"peticion","rank_math_canonical_url":"","footnotes":""},"class_list":["post-61676","page","type-page","status-publish","hentry"],"acf":[],"_links":{"self":[{"href":"https:\/\/www.lincolngoldfinch.com\/es\/wp-json\/wp\/v2\/pages\/61676","targetHints":{"allow":["GET"]}}],"collection":[{"href":"https:\/\/www.lincolngoldfinch.com\/es\/wp-json\/wp\/v2\/pages"}],"about":[{"href":"https:\/\/www.lincolngoldfinch.com\/es\/wp-json\/wp\/v2\/types\/page"}],"author":[{"embeddable":true,"href":"https:\/\/www.lincolngoldfinch.com\/es\/wp-json\/wp\/v2\/users\/1"}],"replies":[{"embeddable":true,"href":"https:\/\/www.lincolngoldfinch.com\/es\/wp-json\/wp\/v2\/comments?post=61676"}],"version-history":[{"count":0,"href":"https:\/\/www.lincolngoldfinch.com\/es\/wp-json\/wp\/v2\/pages\/61676\/revisions"}],"up":[{"embeddable":true,"href":"https:\/\/www.lincolngoldfinch.com\/es\/wp-json\/wp\/v2\/pages\/46033"}],"wp:attachment":[{"href":"https:\/\/www.lincolngoldfinch.com\/es\/wp-json\/wp\/v2\/media?parent=61676"}],"curies":[{"name":"wp","href":"https:\/\/api.w.org\/{rel}","templated":true}]}}