{"id":61664,"date":"2024-02-01T11:08:20","date_gmt":"2024-02-01T17:08:20","guid":{"rendered":"https:\/\/www.lincolngoldfinch.com\/?page_id=61664"},"modified":"2025-03-18T16:54:16","modified_gmt":"2025-03-18T21:54:16","slug":"cinco-pasos-para-obtener-la-green-card-por-peticion-familiar","status":"publish","type":"page","link":"https:\/\/www.lincolngoldfinch.com\/es\/areas-de-practica\/inmigracion-familiar\/cinco-pasos-para-obtener-la-green-card-por-peticion-familiar\/","title":{"rendered":"Cinco pasos para obtener la Green Card por petici\u00f3n familiar"},"content":{"rendered":"<div class=\"fusion-fullwidth fullwidth-box fusion-builder-row-1 fusion-flex-container nonhundred-percent-fullwidth non-hundred-percent-height-scrolling\" style=\"--awb-border-radius-top-left:0px;--awb-border-radius-top-right:0px;--awb-border-radius-bottom-right:0px;--awb-border-radius-bottom-left:0px;--awb-flex-wrap:wrap;\" ><div class=\"fusion-builder-row fusion-row fusion-flex-align-items-flex-start fusion-flex-content-wrap\" style=\"max-width:1331.2px;margin-left: calc(-4% \/ 2 );margin-right: calc(-4% \/ 2 );\"><div class=\"fusion-layout-column fusion_builder_column fusion-builder-column-0 fusion_builder_column_1_1 1_1 fusion-flex-column\" style=\"--awb-bg-size:cover;--awb-width-large:100%;--awb-margin-top-large:0px;--awb-spacing-right-large:1.92%;--awb-margin-bottom-large:0px;--awb-spacing-left-large:1.92%;--awb-width-medium:100%;--awb-order-medium:0;--awb-spacing-right-medium:1.92%;--awb-spacing-left-medium:1.92%;--awb-width-small:100%;--awb-order-small:0;--awb-spacing-right-small:1.92%;--awb-spacing-left-small:1.92%;\" data-scroll-devices=\"small-visibility,medium-visibility,large-visibility\"><div class=\"fusion-column-wrapper fusion-column-has-shadow fusion-flex-justify-content-flex-start fusion-content-layout-column\"><div class=\"fusion-title title fusion-title-1 fusion-sep-none fusion-title-text fusion-title-size-one\" style=\"--awb-margin-top-small:10px;--awb-margin-right-small:0px;--awb-margin-bottom-small:10px;--awb-margin-left-small:0px;\"><h1 class=\"fusion-title-heading title-heading-left\" style=\"margin:0;\">Cinco pasos para obtener la green card por petici\u00f3n familiar<\/h1><\/div><div class=\"fusion-text fusion-text-1\"><p>Muchas personas de diversos pa\u00edses han hecho de Estados Unidos su hogar. Sin embargo, su sentido de pertenencia aqu\u00ed puede depender de tener seres queridos con usted. La buena noticia es que puede traer a su familia a Estados Unidos a trav\u00e9s de una petici\u00f3n basada en la familia.<\/p>\n<p>Obtener una Green Card a trav\u00e9s de un familiar puede parecer intimidante, pero con una comprensi\u00f3n clara del proceso, puede navegar por \u00e9l con confianza. Aqu\u00ed, descubra los cinco pasos para obtenerla a trav\u00e9s de una petici\u00f3n basada en la familia.<\/p>\n<p><img decoding=\"async\" class=\"alignnone size-full wp-image-62047\" src=\"https:\/\/www.lincolngoldfinch.com\/wp-content\/uploads\/2024\/02\/orientacion-y-apoyo-para-facilitar-el-proceso-de-solicitud-de-la-green-card.jpg\" alt=\"Orientaci\u00f3n Y Apoyo Para Facilitar El Proceso De Solicitud De La Green Card\" width=\"1200\" height=\"800\" srcset=\"https:\/\/www.lincolngoldfinch.com\/wp-content\/uploads\/2024\/02\/orientacion-y-apoyo-para-facilitar-el-proceso-de-solicitud-de-la-green-card-200x133.jpg 200w, https:\/\/www.lincolngoldfinch.com\/wp-content\/uploads\/2024\/02\/orientacion-y-apoyo-para-facilitar-el-proceso-de-solicitud-de-la-green-card-400x267.jpg 400w, https:\/\/www.lincolngoldfinch.com\/wp-content\/uploads\/2024\/02\/orientacion-y-apoyo-para-facilitar-el-proceso-de-solicitud-de-la-green-card-600x400.jpg 600w, https:\/\/www.lincolngoldfinch.com\/wp-content\/uploads\/2024\/02\/orientacion-y-apoyo-para-facilitar-el-proceso-de-solicitud-de-la-green-card-768x512.jpg 768w, https:\/\/www.lincolngoldfinch.com\/wp-content\/uploads\/2024\/02\/orientacion-y-apoyo-para-facilitar-el-proceso-de-solicitud-de-la-green-card-800x533.jpg 800w, https:\/\/www.lincolngoldfinch.com\/wp-content\/uploads\/2024\/02\/orientacion-y-apoyo-para-facilitar-el-proceso-de-solicitud-de-la-green-card-1000x667.jpg 1000w, https:\/\/www.lincolngoldfinch.com\/wp-content\/uploads\/2024\/02\/orientacion-y-apoyo-para-facilitar-el-proceso-de-solicitud-de-la-green-card.jpg 1200w\" sizes=\"(max-width: 1200px) 100vw, 1200px\" \/><\/p>\n<h2>La green card a trav\u00e9s familiares<\/h2>\n<p>Existen diversas formas de obtener una Green Card en Estados Unidos, siendo una de ellas una petici\u00f3n familiar. Si su ser querido tiene la intenci\u00f3n de patrocinarlo para ingresar al pa\u00eds, deben ser ciudadanos estadounidenses o residentes permanentes.<\/p>\n<p>Adem\u00e1s, los pasos requeridos para solicitar una tarjeta de residente permanente pueden variar seg\u00fan las circunstancias individuales. No obstante, se recomienda conocer el proceso de solicitud en general. Aqu\u00ed est\u00e1n los cinco pasos esenciales que los solicitantes suelen seguir.<\/p>\n<h3>Paso 1: Determine su elegibilidad<\/h3>\n<p>Primero, debe identificar y determinar los criterios de elegibilidad. Dado que se trata de una solicitud a trav\u00e9s de la familia, su relaci\u00f3n con el patrocinador es esencial. Para los parientes cercanos de los ciudadanos estadounidenses, esto cubre a sus c\u00f3nyuges, hijos solteros menores de 21 a\u00f1os y padres.<\/p>\n<p>Mientras tanto, las personas que se encuentran en las categor\u00edas de preferencia basadas en la familia son parientes lejanos del ciudadano estadounidense que solicita. Incluyen a aquellos que est\u00e1n casados y solteros mayores de 21 a\u00f1os o hermanos.<\/p>\n<p>Si su patrocinador es un residente permanente legal, esta categor\u00eda significa que pueden solicitar a sus hijos solteros menores de 21 a\u00f1os. Sus hijos solteros o hijas mayores de 21 a\u00f1os tambi\u00e9n son elegibles para esta clasificaci\u00f3n. Adem\u00e1s, si usted es prometido(a) o viudo(a) de un ciudadano, tambi\u00e9n puede solicitar la residencia permanente.<\/p>\n<h3>Paso 2: Completa las solicitudes necesarias<\/h3>\n<p>Despu\u00e9s de determinar su elegibilidad, es hora de completar los documentos necesarios. Para la solicitud de residencia permanente, su patrocinador debe presentar el <a href=\"https:\/\/www.uscis.gov\/es\/i-130\" target=\"_blank\" rel=\"noopener\">Formulario I-130<\/a>, Petici\u00f3n para un Pariente Extranjero. Esto es esencial porque establecer\u00e1 y probar\u00e1 la relaci\u00f3n del peticionario con usted como su pariente extranjero.<\/p>\n<h3>Paso 3: Espere la aprobaci\u00f3n y la fecha de prioridad<\/h3>\n<p>Mientras espera la aprobaci\u00f3n del formulario I-130, puede presentar el formulario I-485, Solicitud para Registrar Residencia Permanente o Ajustar Estatus. Esto est\u00e1 disponible para personas en Estados Unidos que desean solicitar la residencia permanente.<\/p>\n<p>Un ejemplo es un pariente de un ciudadano estadounidense que tiene una Visa de Turista que est\u00e1 por vencer y desea ajustar su estatus. Ajustar el estatus significa que no tiene que salir del pa\u00eds y someterse a un proceso consular al solicitar una Green Card.<\/p>\n<p>Adem\u00e1s de presentar formularios y esperar la aprobaci\u00f3n, tambi\u00e9n debe tener en cuenta la fecha de prioridad. Se refiere a la fecha espec\u00edfica en que su pariente estadounidense o residente present\u00f3 su petici\u00f3n de Visa ante la oficina de inmigraci\u00f3n en su nombre.<\/p>\n<p>Si se encuentra fuera de Estados Unidos, debe someterse a un proceso consular con el Departamento de Estado de Estados Unidos. Este proceso implica la solicitud de una Visa de Inmigrante para ingresar al pa\u00eds y obtener la residencia permanente.<\/p>\n<h3>Paso 4: Proceso consular y ajuste de estatus<\/h3>\n<p>El USCIS env\u00eda las solicitudes aprobadas al Centro Nacional de Visas (NVC) del Departamento de Estado para el proceso consular. Su caso se mantendr\u00e1 hasta que est\u00e9 disponible un n\u00famero de Visa de Inmigrante. No tiene que preocuparse por esto porque el USCIS le notificar\u00e1 a usted y a su patrocinador sobre su solicitud.<\/p>\n<p>Despu\u00e9s de obtener un n\u00famero de Visa de Inmigrante, el NVC le indicar\u00e1 cu\u00e1ndo cumplir con las tarifas de solicitud y la documentaci\u00f3n de respaldo. Luego, recibir\u00e1 su carta de bienvenida y pagar\u00e1 las tarifas de procesamiento. Estas implican la Tarifa de Procesamiento de Solicitud de Visa de Inmigrante y la Tarifa de Declaraci\u00f3n de Apoyo, que puede pagar en l\u00ednea. Sin embargo, no puede hacerlo simult\u00e1neamente, as\u00ed que debe pagar una a la vez.<\/p>\n<p>Antes de pasar a los siguientes pasos, debe esperar al menos una semana para que procesen sus tarifas. Despu\u00e9s de esto, debe completar el formulario DS-260 o una solicitud electr\u00f3nica de Visa de Inmigrante. El formulario lo completa t\u00edpicamente en l\u00ednea las personas que han recibido notificaci\u00f3n del NVC para proceder con el proceso de solicitud de Visa de inmigrante.<\/p>\n<p>Despu\u00e9s de enviarlo, el NVC revisar\u00e1 su solicitud. Recibir\u00e1 un correo electr\u00f3nico sobre correcciones requeridas o documentaci\u00f3n completa. Si recibe el primero, debe volver a enviar su caso.<\/p>\n<p>Dado que el proceso consular es para aquellos fuera de Estados Unidos, solicitar la residencia permanente es un proceso diferente cuando se encuentra dentro del pa\u00eds. Si est\u00e1 dentro de Estados Unidos, puede someterse a un ajuste de estatus. A\u00fan as\u00ed, debe cumplir con los formularios y otros documentos de respaldo.<\/p>\n<h3>Paso 5: Asista a la entrevista y reciba su green card<\/h3>\n<p>Antes de asistir a su entrevista, aseg\u00farese de haber visto y seguido los preparativos para la entrevista de la Embajada o Consulado de Estados Unidos. Ellos se encargan del proceso consular, incluida la emisi\u00f3n de Visas, entrevistas de Visa de Inmigrante y servicios a ciudadanos. Su rol se extiende a facilitar la autenticaci\u00f3n de documentos y los procesos de adopci\u00f3n y asistir a ciudadanos estadounidenses en el extranjero en emergencias.<\/p>\n<p>Un oficial consular lo entrevistar\u00e1 para saber si es elegible para una Visa de Inmigrante. Ser\u00eda \u00fatil que tenga representaci\u00f3n legal. Su abogado de Visa lo guiar\u00e1 para responder preguntas de la entrevista y presentarse de manera efectiva.<\/p>\n<p>Mientras tanto, si se encuentra en Estados Unidos y est\u00e1 trabajando en su ajuste de estatus, las autoridades del USCIS evaluar\u00e1n su caso. Determinar\u00e1n si se necesita una entrevista. Debe presentarse en una oficina del USCIS para una sesi\u00f3n de preguntas juradas o afirmadas sobre su Formulario I-485 si est\u00e1 programado. Se le proporcionar\u00e1 un aviso con la fecha, hora y ubicaci\u00f3n de la entrevista.<\/p>\n<p>Durante la entrevista, debe traer copias originales de los documentos presentados con la solicitud del Formulario I-485. Si corresponde, esto incluye los de los familiares que presentaron la petici\u00f3n de inmigrante en su nombre.<\/p>\n<p><img decoding=\"async\" class=\"size-full wp-image-62050 alignright\" src=\"https:\/\/www.lincolngoldfinch.com\/wp-content\/uploads\/2024\/02\/ayuda-para-solicitar-una-visa-de-inmigracion-familiar.jpg\" alt=\"Ayuda Para Solicitar Una Visa De Inmigraci\u00f3n Familiar\" width=\"300\" height=\"200\" srcset=\"https:\/\/www.lincolngoldfinch.com\/wp-content\/uploads\/2024\/02\/ayuda-para-solicitar-una-visa-de-inmigracion-familiar-200x133.jpg 200w, https:\/\/www.lincolngoldfinch.com\/wp-content\/uploads\/2024\/02\/ayuda-para-solicitar-una-visa-de-inmigracion-familiar.jpg 300w\" sizes=\"(max-width: 300px) 100vw, 300px\" \/><\/p>\n<h2>Prepare sus documentos<\/h2>\n<p>Independientemente de si se encuentra en Am\u00e9rica o en el extranjero, debe preparar la documentaci\u00f3n necesaria. Para el peticionario, deben completar una declaraci\u00f3n jurada de apoyo o el Formulario I-864. Adem\u00e1s de eso, tambi\u00e9n deben proporcionar evidencia de sus finanzas como su patrocinador.<\/p>\n<p>Como beneficiario o solicitante principal, debe iniciar una solicitud de Visa en l\u00ednea o DS-260. Luego, puede reunir documentos civiles relevantes como los siguientes:<\/p>\n<ul>\n<li style=\"font-weight: 400;\" aria-level=\"1\">Documentos relacionados con el nacimiento, como certificados de nacimiento.<\/li>\n<li style=\"font-weight: 400;\" aria-level=\"1\">Certificados que confirmen su matrimonio con su peticionario.<\/li>\n<li style=\"font-weight: 400;\" aria-level=\"1\">Documentaci\u00f3n que indique la terminaci\u00f3n de su matrimonio con su peticionario.<\/li>\n<li style=\"font-weight: 400;\" aria-level=\"1\">Registros asociados con el servicio militar.<\/li>\n<li style=\"font-weight: 400;\" aria-level=\"1\">Fotocopia de la p\u00e1gina de datos biom\u00e9tricos de su pasaporte v\u00e1lido.<\/li>\n<\/ul>\n<p>Adem\u00e1s de los documentos civiles, es posible que tambi\u00e9n necesite presentar ex\u00e1menes m\u00e9dicos de inmigraci\u00f3n, fotograf\u00edas y otros documentos relacionados con su caso.<\/p>\n<h2>Reprogramaci\u00f3n de entrevistas<\/h2>\n<p>Debe comunicarse inmediatamente con la Embajada o Consulado de Estados Unidos si no puede asistir a su cita programada. Si no los notifica dentro de un a\u00f1o despu\u00e9s de recibir su carta de cita, su solicitud puede ser cancelada.<\/p>\n<p>Consecuentemente, cancelar\u00e1n su petici\u00f3n de Visa de Inmigrante y no podr\u00e1 reembolsar ninguna tarifa. Mientras tanto, la embajada o el consulado tienen instrucciones particulares si desea reprogramar la entrevista.<\/p>\n<p>Despu\u00e9s de la entrevista, comienza el tiempo de espera y procesamiento. Solo hay dos decisiones posibles en su caso. Es que su Visa sea aprobada o denegada.<\/p>\n<p>Obtener una Visa a trav\u00e9s de una <a href=\"https:\/\/www.lincolngoldfinch.com\/es\/abogada-de-inmigracion-de-austin\/peticion-familiar-inmigracion\/\">petici\u00f3n basada en la familia<\/a> es realmente complejo. Con esto, debe buscar la gu\u00eda de un <a href=\"https:\/\/www.lincolngoldfinch.com\/es\/\">Abogado<\/a> de la Green Card para navegarlo con confianza.<\/p>\n<h2>Busque la gu\u00eda de un abogado de inmigraci\u00f3n<\/h2>\n<p>Navegar por las complejidades de una petici\u00f3n basada en la familia para una tarjeta de residente permanente puede ser desalentador. Esto hace que la ayuda de un Abogado de Inmigraci\u00f3n sea invaluable. Un Abogado experimentado completa los papeles complicados con precisi\u00f3n, minimizando errores que pueden llevar a retrasos o denegaciones. Ofrecen conocimientos sobre las leyes de Inmigraci\u00f3n en evoluci\u00f3n y adaptan estrategias a casos individuales.<\/p>\n<p>Con conocimiento de los desaf\u00edos potenciales, un Abogado navega por el proceso de manera eficiente, brindando tranquilidad. Adem\u00e1s, abogan por los clientes durante las entrevistas, abordando preocupaciones y optimizando la probabilidad de un resultado exitoso. En el intrincado \u00e1mbito de la inmigraci\u00f3n, un Abogado se convierte en un aliado esencial, simplificando el camino hacia la reunificaci\u00f3n familiar.<\/p>\n<h2>Resumen<\/h2>\n<p>El deseo de reunificaci\u00f3n familiar lleva a numerosos extranjeros a explorar la obtenci\u00f3n de una Tarjeta Verde a trav\u00e9s del patrocinio familiar en Estados Unidos. Con estos cinco pasos esenciales, puede navegar por la petici\u00f3n basada en la familia, cubriendo la elegibilidad, presentaci\u00f3n de formularios, aprobaci\u00f3n, proceso consular y la crucial fase de la entrevista.<\/p>\n<p>Debe tener en cuenta que la situaci\u00f3n var\u00eda para los solicitantes con base en Estados Unidos y en el extranjero. Por eso, requiere una preparaci\u00f3n y documentaci\u00f3n meticulosas. Adem\u00e1s, la complejidad del proceso sugiere la necesidad de la gu\u00eda de un abogado de inmigraci\u00f3n. Asegura una navegaci\u00f3n confiada y exitosa del intrincado panorama de la inmigraci\u00f3n.<\/p>\n<p><a href=\"https:\/\/www.lincolngoldfinch.com\/es\/abogada-de-inmigracion-de-austin\/peticion-familiar-inmigracion\/como-obtener-la-green-card-a-traves-de-una-peticion-familiar\/\">Conozca nuestros servicios de inmigraci\u00f3n en detalle.<\/a><\/p>\n<\/div><\/div><\/div><\/div><\/div>\n<div class=\"gsp_post_data\" \r\n\t            data-post_type=\"page\" \r\n\t            data-cat=\"\" \r\n\t            data-modified=\"120\"\r\n\t            data-created=\"1706785700\"\r\n\t            data-title=\"Cinco pasos para obtener la Green Card por petici\u00f3n familiar\" \r\n\t            data-home=\"https:\/\/www.lincolngoldfinch.com\/es\/\"><\/div>","protected":false},"excerpt":{"rendered":"","protected":false},"author":1,"featured_media":0,"parent":46033,"menu_order":0,"comment_status":"closed","ping_status":"closed","template":"","meta":{"_acf_changed":false,"rop_custom_images_group":[],"rop_custom_messages_group":[],"rop_publish_now":"initial","rop_publish_now_accounts":[],"rop_publish_now_history":[],"rop_publish_now_status":"pending","_analytify_skip_tracking":false,"rank_math_title":"Cinco Pasos Para Obtener Una Green Card A Trav\u00e9s De La Petici\u00f3n Basada En La ]Familia | Lincoln-Goldfinch Law","rank_math_description":"Una de las v\u00edas para reunirse con sus seres queridos en Estados Unidos son las peticiones familiares. Aprenda a hacerlo mediante estos cinco sencillos pasos. ","rank_math_focus_keyword":"Green Card","rank_math_canonical_url":"","footnotes":""},"class_list":["post-61664","page","type-page","status-publish","hentry"],"acf":[],"_links":{"self":[{"href":"https:\/\/www.lincolngoldfinch.com\/es\/wp-json\/wp\/v2\/pages\/61664","targetHints":{"allow":["GET"]}}],"collection":[{"href":"https:\/\/www.lincolngoldfinch.com\/es\/wp-json\/wp\/v2\/pages"}],"about":[{"href":"https:\/\/www.lincolngoldfinch.com\/es\/wp-json\/wp\/v2\/types\/page"}],"author":[{"embeddable":true,"href":"https:\/\/www.lincolngoldfinch.com\/es\/wp-json\/wp\/v2\/users\/1"}],"replies":[{"embeddable":true,"href":"https:\/\/www.lincolngoldfinch.com\/es\/wp-json\/wp\/v2\/comments?post=61664"}],"version-history":[{"count":0,"href":"https:\/\/www.lincolngoldfinch.com\/es\/wp-json\/wp\/v2\/pages\/61664\/revisions"}],"up":[{"embeddable":true,"href":"https:\/\/www.lincolngoldfinch.com\/es\/wp-json\/wp\/v2\/pages\/46033"}],"wp:attachment":[{"href":"https:\/\/www.lincolngoldfinch.com\/es\/wp-json\/wp\/v2\/media?parent=61664"}],"curies":[{"name":"wp","href":"https:\/\/api.w.org\/{rel}","templated":true}]}}