{"id":5846,"date":"2020-06-03T05:54:02","date_gmt":"2020-06-03T10:54:02","guid":{"rendered":"https:\/\/www.aia-temp-dev.info\/?page_id=5846"},"modified":"2025-06-07T13:33:31","modified_gmt":"2025-06-07T18:33:31","slug":"terminos-de-uso","status":"publish","type":"page","link":"https:\/\/www.lincolngoldfinch.com\/es\/terminos-de-uso\/","title":{"rendered":"T\u00e9rminos de uso"},"content":{"rendered":"<div class=\"fusion-fullwidth fullwidth-box fusion-builder-row-1 fusion-flex-container nonhundred-percent-fullwidth non-hundred-percent-height-scrolling\" style=\"--awb-border-radius-top-left:0px;--awb-border-radius-top-right:0px;--awb-border-radius-bottom-right:0px;--awb-border-radius-bottom-left:0px;--awb-flex-wrap:wrap;\" ><div class=\"fusion-builder-row fusion-row fusion-flex-align-items-flex-start fusion-flex-content-wrap\" style=\"max-width:1331.2px;margin-left: calc(-4% \/ 2 );margin-right: calc(-4% \/ 2 );\"><div class=\"fusion-layout-column fusion_builder_column fusion-builder-column-0 fusion_builder_column_1_1 1_1 fusion-flex-column\" style=\"--awb-bg-size:cover;--awb-width-large:100%;--awb-margin-top-large:0px;--awb-spacing-right-large:1.92%;--awb-margin-bottom-large:0px;--awb-spacing-left-large:1.92%;--awb-width-medium:100%;--awb-spacing-right-medium:1.92%;--awb-spacing-left-medium:1.92%;--awb-width-small:100%;--awb-spacing-right-small:1.92%;--awb-spacing-left-small:1.92%;\"><div class=\"fusion-column-wrapper fusion-flex-justify-content-flex-start fusion-content-layout-column\"><div class=\"fusion-title title fusion-title-1 fusion-sep-none fusion-title-center fusion-title-text fusion-title-size-one\" style=\"--awb-margin-top-small:10px;--awb-margin-right-small:0px;--awb-margin-bottom-small:10px;--awb-margin-left-small:0px;\"><h1 class=\"fusion-title-heading title-heading-center\" style=\"margin:0;\">T\u00e9rminos de uso<\/h1><\/div><div class=\"fusion-text fusion-text-1\"><p><strong><b><a href=\"https:\/\/www.lincolngoldfinch.com\/es\/es\" data-uw-rm-brl=\"PR\" data-uw-original-href=\"https:\/\/www.lincolngoldfinch.com\/es\/\">LincolnGoldfinch.com<\/a><\/b> respeta sus derechos.<\/strong><\/p>\n<p>Nos hemos esforzado en dise\u00f1ar nuestro sitio web para que sea \u00fatil, informativo, \u00fatil, honesto y divertido. Esperamos haberlo conseguido, y le pedimos que nos comunique si desea ver mejoras o cambios que le faciliten a\u00fan m\u00e1s la b\u00fasqueda de la informaci\u00f3n que necesita y desea.<\/p>\n<p>Lo \u00fanico que le pedimos es que acepte cumplir los siguientes <strong>T\u00e9rminos de Uso<\/strong>. T\u00f3mese unos minutos para revisarlos, ya que al utilizar nuestro sitio web los acepta autom\u00e1ticamente. Naturalmente, si no est\u00e1 de acuerdo, no utilice el sitio. Nos reservamos el derecho a realizar las modificaciones que consideremos necesarias en cualquier momento. Por favor, siga consultando estas condiciones para ver cu\u00e1les son esos cambios. El uso continuado del sitio web lincolngoldfinch.com significa que usted acepta esos cambios.<\/p>\n<p>\u00a1GRACIAS DE NUEVO POR VISITARNOS!<\/p>\n<h2>Restricciones de uso de nuestros materiales en l\u00ednea<\/h2>\n<p>Todos los materiales en l\u00ednea del sitio lincolngoldfinch.com, incluyendo, sin limitaci\u00f3n, el texto, el software, los nombres, los logotipos, las marcas comerciales, las marcas de servicio, los nombres comerciales, las im\u00e1genes, las fotos, las ilustraciones, los clips de audio, los clips de v\u00eddeo y la m\u00fasica son propiedad intelectual protegida por derechos de autor. Todos los derechos de uso son propiedad y est\u00e1n controlados por lincolngoldfinch.com. Usted, el visitante, puede descargar los materiales en l\u00ednea para uso personal y no comercial, siempre y cuando: 1) Conserve todos los avisos de derechos de autor, marcas y propiedad, 2) No realice ninguna modificaci\u00f3n en los materiales, 3) No utilice los materiales de manera que sugiera una asociaci\u00f3n con cualquiera de nuestros productos, servicios, eventos o marcas, y 4) No descargue cantidades de materiales a una base de datos, servidor u ordenador personal para reutilizarlos con fines comerciales. No obstante, no podr\u00e1 copiar, reproducir, volver a publicar, cargar, publicar, transmitir o distribuir los materiales en l\u00ednea de ninguna manera ni con ning\u00fan otro fin, a menos que obtenga primero nuestro permiso por escrito. Tampoco podr\u00e1 a\u00f1adir, eliminar, distorsionar o tergiversar ning\u00fan contenido del sitio lincolngoldfinch.com. Se proh\u00edbe cualquier intento de modificar cualquier material en l\u00ednea, o de anular o eludir nuestras funciones de seguridad.<\/p>\n<p>Todo lo que usted descargue, cualquier software, adem\u00e1s de todos los archivos, todas las im\u00e1genes incorporadas o generadas por el software, y todos los datos que lo acompa\u00f1an, se considera que lincolngoldfinch.com o los terceros licenciantes le otorgan una licencia para su uso personal y no comercial en el hogar. No le transferimos la titularidad del software. Esto significa que conservamos la plena titularidad del software y de todos los derechos de propiedad intelectual asociados. No est\u00e1 permitido redistribuir o vender el material ni aplicar ingenier\u00eda inversa, desmontarlo o convertirlo en cualquier otra forma que pueda ser utilizada por otras personas.<\/p>\n<h2>Enviarnos su material en l\u00ednea<\/h2>\n<p>Todas las observaciones, sugerencias, ideas, gr\u00e1ficos, comentarios u otra informaci\u00f3n que env\u00ede a lincolngoldfinch.com a trav\u00e9s de nuestro sitio (aparte de la informaci\u00f3n que nos comprometemos a proteger en virtud de nuestra Pol\u00edtica de Privacidad) pasan a ser de nuestra propiedad, incluso si este acuerdo se rescinde posteriormente.<\/p>\n<p>Eso significa que no tenemos que tratar ninguna de esos aportes como confidenciales. No puede demandarnos por utilizar las ideas que usted nos env\u00ede. Si los utilizamos, o algo parecido, no tenemos que pagarle a usted ni a nadie por ellos. Tendremos la propiedad exclusiva de todos los derechos presentes y futuros de los env\u00edos de cualquier tipo. Podemos utilizarlos para cualquier prop\u00f3sito que consideremos apropiado para nuestra misi\u00f3n de lincolngoldfinch.com, sin compensarle a usted ni a nadie por ello.<\/p>\n<p>Usted reconoce que es responsable de cualquier env\u00edo que haga. Esto significa que usted (y no nosotros) tiene toda la responsabilidad del mensaje, incluyendo su legalidad, fiabilidad, adecuaci\u00f3n, originalidad y derechos de autor.<\/p>\n<h2>Limitaci\u00f3n de responsabilidad<\/h2>\n<p>lincolngoldfinch.com NO SER\u00c1 RESPONSABLE DE NING\u00daN DA\u00d1O O PERJUICIO QUE ACOMPA\u00d1E O RESULTE DEL USO QUE USTED HAGA DE SU SITIO.<\/p>\n<p>ESTOS INCLUYEN (PERO NO SE LIMITAN A) LOS DA\u00d1OS O LESIONES CAUSADOS POR CUALQUIER:<\/p>\n<p>* USO DE (O LA IMPOSIBILIDAD DE USAR) EL SITIO<\/p>\n<p>* USO DE (O LA IMPOSIBILIDAD DE USAR) CUALQUIER SITIO AL QUE SE HAGA UN HIPERV\u00cdNCULO DESDE NUESTRO SITIO<\/p>\n<p>* FALLA EN NUESTRO SITIO O QUE \u00c9STE NO FUNCIONE DE LA MANERA QUE USTED ESPERABA O DESEABA<\/p>\n<p>* ERROR EN NUESTRO SITIO<\/p>\n<p>* OMISI\u00d3N EN NUESTRO SITIO<\/p>\n<p>* INTERRUPCI\u00d3N DE LA DISPONIBILIDAD DE NUESTRO SITIO<\/p>\n<p>* DEFECTO EN NUESTRO SITIO<\/p>\n<p>* RETRASO EN EL FUNCIONAMIENTO O LA TRANSMISI\u00d3N DE NUESTRO SITIO<\/p>\n<p>* VIRUS INFORM\u00c1TICO O FALLO DE LA L\u00cdNEA<\/p>\n<p>TENGA EN CUENTA QUE NO SOMOS RESPONSABLES DE NING\u00daN DA\u00d1O, INCLUYENDO:<\/p>\n<p>* DA\u00d1OS Y PERJUICIOS DESTINADOS A COMPENSAR A ALGUIEN DIRECTAMENTE POR UNA P\u00c9RDIDA O UN PERJUICIO<\/p>\n<p>* LOS DA\u00d1OS QUE SE ESPERA RAZONABLEMENTE QUE SEAN CONSECUENCIA DE UNA P\u00c9RDIDA O LESI\u00d3N (CONOCIDOS EN T\u00c9RMINOS LEGALES COMO \u00abDA\u00d1OS CONSECUENTES\u00bb).<\/p>\n<p>* OTROS DA\u00d1OS Y GASTOS DIVERSOS DERIVADOS DIRECTAMENTE DE UN SINIESTRO O LESI\u00d3N (CONOCIDOS EN T\u00c9RMINOS LEGALES COMO \u00abDA\u00d1OS INCIDENTALES\u00bb).<\/p>\n<p>NO SOMOS RESPONSABLES INCLUSO SI HEMOS SIDO NEGLIGENTES O SI NUESTRO REPRESENTANTE AUTORIZADO HA SIDO ADVERTIDO DE LA POSIBILIDAD DE TALES DA\u00d1OS O AMBOS.<\/p>\n<p>EXCEPCI\u00d3N: ES POSIBLE QUE ALGUNAS LEYES ESTATALES NO NOS PERMITAN LIMITAR O EXCLUIR LA RESPONSABILIDAD POR ESTOS DA\u00d1OS \u00abINCIDENTALES\u00bb O \u00abCONSECUENTES\u00bb. SI VIVE EN UNO DE ESOS ESTADOS, OBVIAMENTE NO SE APLICAR\u00cdA LA LIMITACI\u00d3N ANTERIOR, LO QUE SIGNIFICAR\u00cdA QUE PODR\u00cdA TENER DERECHO A RECUPERAR ESTE TIPO DE DA\u00d1OS.<\/p>\n<p>SIN EMBARGO, EN CUALQUIER CASO, NUESTRA RESPONSABILIDAD ANTE USTED POR TODAS LAS P\u00c9RDIDAS, DA\u00d1OS, LESIONES Y RECLAMACIONES DE CUALQUIER TIPO (TANTO SI LOS DA\u00d1OS SE RECLAMAN EN VIRTUD DE LOS T\u00c9RMINOS DE UN CONTRATO, COMO SI SE RECLAMAN POR NEGLIGENCIA U OTRA CONDUCTA IL\u00cdCITA, O SE RECLAMAN EN VIRTUD DE CUALQUIER OTRA TEOR\u00cdA LEGAL) NO SER\u00c1N MAYORES QUE LA CANTIDAD QUE USTED PAG\u00d3 EN SU CASO PARA ACCEDER A NUESTRO SITIO.<\/p>\n<h2>Enlaces a otros sitios<\/h2>\n<p>A veces proporcionamos referencias y enlaces a otros sitios web de todo el mundo desde nuestro sitio. Dicho enlace no debe considerarse como un respaldo, una aprobaci\u00f3n o un acuerdo con la informaci\u00f3n o los recursos ofrecidos en los sitios a los que se puede acceder a trav\u00e9s de nuestro sitio. En caso de duda, compruebe siempre la direcci\u00f3n del Localizador Uniforme de Recursos (URL) proporcionada en su navegador WWW para ver si todav\u00eda est\u00e1 en un sitio operado por lincolngoldfinch.com o se ha trasladado a otro sitio. lincolngoldfinch.com no es responsable del contenido o las pr\u00e1cticas de los sitios de terceros que puedan estar vinculados a nuestro sitio. Cuando lincolngoldfinch.com proporciona enlaces o referencias a otros sitios web, no se debe hacer ninguna inferencia o suposici\u00f3n y no se debe inferir que lincolngoldfinch.com est\u00e1 conectado con, opera o controla estos sitios web. Cualquier enlace aprobado no debe representar de ninguna manera, ya sea expl\u00edcitamente o por implicaci\u00f3n, que ha recibido el respaldo, el patrocinio o el apoyo de cualquier sitio de lincolngoldfinch.com o el respaldo, el patrocinio o el apoyo de lincolngoldfinch.com, incluyendo sus respectivos empleados, agentes o directores.<\/p>\n<h2>Terminaci\u00f3n de este acuerdo<\/h2>\n<p>Este acuerdo es efectivo hasta que sea rescindido por cualquiera de las partes. Usted puede terminar este acuerdo en cualquier momento, destruyendo todos los materiales obtenidos de todo el sitio web lincolngoldfinch.com, junto con toda la documentaci\u00f3n relacionada y todas las copias e instalaciones. lincolngoldfinch.com puede rescindir este acuerdo en cualquier momento y sin previo aviso, si, a su juicio, usted incumple cualquier t\u00e9rmino o condici\u00f3n de este acuerdo. En el momento de la rescisi\u00f3n, usted deber\u00e1 destruir todo el material. Adem\u00e1s, al proporcionar material en nuestro sitio web, no prometemos de ninguna manera que los materiales permanecer\u00e1n disponibles para usted. Y lincolngoldfinch.com tiene derecho a dar por terminada la totalidad o parte de su sitio web sin previo aviso.<\/p>\n<h2>Jurisdicci\u00f3n y otros puntos a tener en cuenta<\/h2>\n<p>Si usted utiliza nuestro sitio desde lugares situados fuera de los Estados Unidos, es responsable de cumplir con las leyes locales aplicables.<\/p>\n<p>Estas condiciones de uso se regir\u00e1n, interpretar\u00e1n y aplicar\u00e1n de acuerdo con las leyes del estado de Texas, tal y como se aplican a los acuerdos celebrados y que se ejecuten \u00edntegramente en dicha jurisdicci\u00f3n.<\/p>\n<p>En la medida en que usted haya violado o amenazado con violar los derechos de propiedad intelectual de lincolngoldfinch.com y\/o sus afiliados, lincolngoldfinch.com y\/o sus afiliados podr\u00e1n solicitar medidas cautelares o cualquier otra reparaci\u00f3n apropiada en cualquier tribunal estatal o federal del Estado de Texas, y usted acepta la jurisdicci\u00f3n exclusiva y la competencia de dichas cortes.<\/p>\n<p>Cualquier otro litigio se resolver\u00e1 de la siguiente manera:<\/p>\n<p>Si surge un conflicto en el marco de este acuerdo, acordamos intentar resolverlo primero con la ayuda de un mediador acordado mutuamente en el siguiente lugar: Ciudad de Austin, Texas. Todos los gastos y honorarios, salvo los de los abogados, relacionados con la mediaci\u00f3n ser\u00e1n compartidos a partes iguales por cada uno de nosotros.<\/p>\n<p>Si resulta imposible llegar a una soluci\u00f3n mutuamente satisfactoria a trav\u00e9s de la mediaci\u00f3n, acordamos someter la disputa a un arbitraje vinculante en el siguiente lugar: Austin, Texas, bajo las reglas de la Asociaci\u00f3n Americana de Arbitraje. La sentencia sobre el laudo dictado por el arbitraje podr\u00e1 ser dictada por cualquier corte competente para ello.<\/p>\n<p>lincolngoldfinch.com puede modificar estas condiciones de uso, y el acuerdo que crean, en cualquier momento, simplemente actualizando esta publicaci\u00f3n y sin previo aviso. Este es el acuerdo \u00cdNTERO sobre todos los asuntos que se han tratado.<\/p>\n<p>Para cualquier pregunta relacionada con los <strong><a style=\"font-weight: bold;\" href=\"https:\/\/www.lincolngoldfinch.com\/es\/terminos-de-uso\/\">T\u00e9rminos de uso<\/a><\/strong> , <a href=\"https:\/\/www.lincolngoldfinch.com\/es\/politica-de-privacidad\/\">Pol\u00edtica de Privacidad<\/a>, <a href=\"https:\/\/www.lincolngoldfinch.com\/es\/aviso-legal\/\">Avisos Legales<\/a> u otros contenidos publicados en este sitio web, por favor contacte con el abogado responsable de Lincoln-Goldfinch Law &#8211; Abogados de Inmigraci\u00f3n que aparece a continuaci\u00f3n.<\/p>\n<h3>Lincoln-Goldfinch Law &#8211; Abogados de Inmigraci\u00f3n<\/h3>\n<p style=\"text-align: left;\">Oficina de Austin, Texas:<br \/>\nLincoln-Goldfinch Law &#8211; Abogados de Inmigraci\u00f3n<br \/>\n1005 E 40th St<br \/>\nAustin, TX 78751<br \/>\n<a href=\"tel:+1-855-502-0555\">(855) 502-0555<\/a><\/p>\n<\/div><\/div><\/div><\/div><\/div>\n<div class=\"gsp_post_data\" \r\n\t            data-post_type=\"page\" \r\n\t            data-cat=\"\" \r\n\t            data-modified=\"120\"\r\n\t            data-created=\"1591163642\"\r\n\t            data-title=\"T\u00e9rminos de uso\" \r\n\t            data-home=\"https:\/\/www.lincolngoldfinch.com\/es\/\"><\/div>","protected":false},"excerpt":{"rendered":"","protected":false},"author":1,"featured_media":0,"parent":0,"menu_order":0,"comment_status":"closed","ping_status":"closed","template":"","meta":{"_acf_changed":false,"rop_custom_images_group":[],"rop_custom_messages_group":[],"rop_publish_now":"initial","rop_publish_now_accounts":[],"rop_publish_now_history":[],"rop_publish_now_status":"pending","_analytify_skip_tracking":false,"rank_math_title":"T\u00e9rminos de uso | Lincoln-Goldfinch Law","rank_math_description":"Aqu\u00ed nuestros T\u00e9rminos de Uso. T\u00f3mate unos minutos para revisarlos, ya que al utilizar nuestro sitio web los aceptas autom\u00e1ticamente.","rank_math_focus_keyword":"T\u00e9rminos De Uso","rank_math_canonical_url":"","footnotes":""},"class_list":["post-5846","page","type-page","status-publish","hentry"],"acf":[],"_links":{"self":[{"href":"https:\/\/www.lincolngoldfinch.com\/es\/wp-json\/wp\/v2\/pages\/5846","targetHints":{"allow":["GET"]}}],"collection":[{"href":"https:\/\/www.lincolngoldfinch.com\/es\/wp-json\/wp\/v2\/pages"}],"about":[{"href":"https:\/\/www.lincolngoldfinch.com\/es\/wp-json\/wp\/v2\/types\/page"}],"author":[{"embeddable":true,"href":"https:\/\/www.lincolngoldfinch.com\/es\/wp-json\/wp\/v2\/users\/1"}],"replies":[{"embeddable":true,"href":"https:\/\/www.lincolngoldfinch.com\/es\/wp-json\/wp\/v2\/comments?post=5846"}],"version-history":[{"count":0,"href":"https:\/\/www.lincolngoldfinch.com\/es\/wp-json\/wp\/v2\/pages\/5846\/revisions"}],"wp:attachment":[{"href":"https:\/\/www.lincolngoldfinch.com\/es\/wp-json\/wp\/v2\/media?parent=5846"}],"curies":[{"name":"wp","href":"https:\/\/api.w.org\/{rel}","templated":true}]}}