{"id":5812,"date":"2020-09-01T04:37:26","date_gmt":"2020-08-31T20:37:26","guid":{"rendered":"https:\/\/www.aia-temp-dev.info\/?page_id=5812"},"modified":"2022-01-22T02:36:22","modified_gmt":"2022-01-21T18:36:22","slug":"aimee-camacho","status":"publish","type":"page","link":"https:\/\/www.lincolngoldfinch.com\/es\/conozca-nuestro-equipo\/aimee-camacho\/","title":{"rendered":"Aimee Camacho &#8211; Asistente Legal"},"content":{"rendered":"[vc_row full_width=\u00bbstretch_row\u00bb bg_type=\u00bbimage\u00bb parallax_style=\u00bbvcpb-default\u00bb bg_image_new=\u00bbid^12190|url^https:\/\/www.lincolngoldfinch.com\/wp-content\/uploads\/2021\/08\/lincoln-goldfinch-immigration-law-firm-dots-bg.png|caption^null|alt^null|title^lincoln-goldfinch-immigration-law-firm-dots-bg|description^null\u00bb bg_image_repeat=\u00bbno-repeat\u00bb bg_image_size=\u00bbinitial\u00bb bg_image_posiiton=\u00bbleft\u00bb][vc_column][vc_row_inner css=\u00bb.vc_custom_1628956281748{margin-bottom: 50px !important;}\u00bb][vc_column_inner width=\u00bb1\/3&#8243;][vc_single_image image=\u00bb10163&#8243; img_size=\u00bbfull\u00bb alignment=\u00bbcenter\u00bb style=\u00bbvc_box_shadow\u00bb css_animation=\u00bbfadeIn\u00bb css=\u00bb.vc_custom_1635259163038{border-top-width: 1px !important;border-right-width: 1px !important;border-bottom-width: 1px !important;border-left-width: 1px !important;padding-top: 5px !important;padding-right: 5px !important;padding-bottom: 5px !important;padding-left: 5px !important;border-left-color: #eeee22 !important;border-left-style: dotted !important;border-right-color: #eeee22 !important;border-right-style: dotted !important;border-top-color: #eeee22 !important;border-top-style: dotted !important;border-bottom-color: #eeee22 !important;border-bottom-style: dotted !important;}\u00bb][\/vc_column_inner][vc_column_inner width=\u00bb2\/3&#8243; css=\u00bb.vc_custom_1629335272863{padding-top: 50px !important;}\u00bb][vc_column_text css=\u00bb.vc_custom_1636487506536{margin-bottom: 10px !important;}\u00bb]\n<h1>Aimee Camacho<\/h1>\n[\/vc_column_text][vc_text_separator title=\u00bbAsistente Legal\u00bb title_align=\u00bbseparator_align_left\u00bb color=\u00bbcustom\u00bb border_width=\u00bb2&#8243; el_class=\u00bbtitle\u00bb accent_color=\u00bb#fdf363&#8243; css=\u00bb.vc_custom_1636487515581{margin-bottom: 10px !important;}\u00bb][vc_column_text el_class=\u00bbnew-p\u00bb]Al nacer y criarme en un destino tur\u00edstico muy popular, Puerto Vallarta, M\u00e9xico, he tenido el placer de conocer gente de todo el mundo y de todos los \u00e1mbitos de la vida. He escuchado lo bueno, lo malo y lo feo de la inmigraci\u00f3n tanto de personas que quieren irse de M\u00e9xico como de muchas personas que quieren convertirlo en su hogar. Tanto mi abuela como mi abuelo son ciudadanos estadounidenses y vivieron en California durante 40 a\u00f1os, donde se ganaron la vida y la de su familia.<\/p>\n<p>He escuchado muchas historias felices y frustrantes de su tiempo en los Estados Unidos, lo que me di\u00f3 muchas m\u00e1s ganas a una edad temprana de saber m\u00e1s. Obtuve mi t\u00edtulo de abogado en la Universidad de Guadalajara y me he interesado especialmente en Inmigraci\u00f3n. Me encanta poder ayudar a las personas a comenzar una nueva vida con nuevos comienzos, tal como lo hicieron mis abuelos hace tantos a\u00f1os. Lincoln-Goldfinch Law &#8211; Abogados de Inmigraci\u00f3n me ha dado esa oportunidad.[\/vc_column_text][\/vc_column_inner][\/vc_row_inner][\/vc_column][\/vc_row][vc_row full_width=\u00bbstretch_row\u00bb bg_type=\u00bbimage\u00bb parallax_style=\u00bbvcpb-default\u00bb bg_image_new=\u00bbid^12223|url^https:\/\/www.lincolngoldfinch.com\/wp-content\/uploads\/2021\/08\/paw-pattern-immigration-team-pets-lincoln-goldfinch-law-firm.jpg|caption^null|alt^null|title^paw-pattern-immigration-team-pets-lincoln-goldfinch-law-firm|description^null\u00bb bg_image_size=\u00bbinitial\u00bb css=\u00bb.vc_custom_1642790160774{padding-top: 20px !important;}\u00bb][vc_column][vc_row_inner css=\u00bb.vc_custom_1642790167458{padding-top: 20px !important;}\u00bb][vc_column_inner width=\u00bb1\/4&#8243;][vc_separator color=\u00bbcustom\u00bb accent_color=\u00bb#fadc3c\u00bb][\/vc_column_inner][vc_column_inner width=\u00bb1\/2&#8243;][vc_column_text]\n<h2 class=\"sidekick-title\" style=\"text-align: center;\"><span class=\"txt-sdk\">COMPA\u00d1ERO CONFIABLE<\/span><\/h2>\n[\/vc_column_text][\/vc_column_inner][vc_column_inner width=\u00bb1\/4&#8243;][vc_separator color=\u00bbcustom\u00bb accent_color=\u00bb#fadc3c\u00bb][\/vc_column_inner][\/vc_row_inner][vc_row_inner content_placement=\u00bbtop\u00bb el_class=\u00bbpets-section\u00bb][vc_column_inner width=\u00bb1\/4&#8243;][\/vc_column_inner][vc_column_inner width=\u00bb1\/2&#8243;][vc_single_image image=\u00bb13069&#8243; img_size=\u00bb200&#215;200&#8243; alignment=\u00bbcenter\u00bb style=\u00bbvc_box_shadow_border_circle_2&#8243; css_animation=\u00bbfadeIn\u00bb css=\u00bb.vc_custom_1631504031930{margin-bottom: 20px !important;}\u00bb][vc_column_text css_animation=\u00bbnone\u00bb]\n<h2 style=\"text-align: center;\"><span style=\"font-size: 18pt;\">Te presento a Enzo!<\/span><\/h2>\n[\/vc_column_text][vc_separator color=\u00bbcustom\u00bb border_width=\u00bb3&#8243; el_width=\u00bb40&#8243; css_animation=\u00bbnone\u00bb accent_color=\u00bb#fdf363&#8243; css=\u00bb.vc_custom_1631499399975{padding-top: 15px !important;padding-bottom: 15px !important;}\u00bb][vc_column_text css_animation=\u00bbnone\u00bb el_class=\u00bbnew-p\u00bb]Hola, me llamo Enzo y soy el beb\u00e9 de Aimee, \u00a1me encanta ir a la playa y comer zanahorias! Me encanta jugar con mi cuerda mientras ella est\u00e1 trabajando y me gusta ver los coches y la gente pasar desde la ventana.<\/p>\n<p>Me aseguro de que ella me preste atenci\u00f3n mientras trabaja para que pueda darme masajes en la barriga.[\/vc_column_text][\/vc_column_inner][vc_column_inner width=\u00bb1\/4&#8243;][\/vc_column_inner][\/vc_row_inner][\/vc_column][\/vc_row][vc_row full_width=\u00bbstretch_row\u00bb css=\u00bb.vc_custom_1631426872633{padding-top: 20px !important;padding-bottom: 20px !important;background-color: #fae768 !important;}\u00bb][vc_column][vc_custom_heading text=\u00bbD\u00c9JENOS PONER NUESTROS CONOCIMIENTOS Y EXPERIENCIA A SU SERVICIO.\u00bb font_container=\u00bbtag:p|font_size:20px|text_align:center|color:%23000000&#8243; google_fonts=\u00bbfont_family:Josefin%20Sans%3A100%2C100italic%2C300%2C300italic%2Cregular%2Citalic%2C600%2C600italic%2C700%2C700italic|font_style:400%20regular%3A400%3Anormal\u00bb link=\u00bburl:https%3A%2F%2Fwww.lincolngoldfinch.com%2Fcontact-us%2F|title:Contact%20Us\u00bb el_class=\u00bbcta-bottom\u00bb][\/vc_column][\/vc_row]\n<div class=\"gsp_post_data\" \r\n\t            data-post_type=\"page\" \r\n\t            data-cat=\"\" \r\n\t            data-modified=\"120\"\r\n\t            data-created=\"1598935046\"\r\n\t            data-title=\"Aimee Camacho &#8211; Asistente Legal\" \r\n\t            data-home=\"https:\/\/www.lincolngoldfinch.com\/es\/\"><\/div>","protected":false},"excerpt":{"rendered":"<p>[vc_row full_width=\u00bbstretch_row\u00bb bg_type=\u00bbimage\u00bb parallax_style=\u00bbvcpb-default\u00bb bg_image_new=\u00bbid^12190|url^https:\/\/www.lincolngoldfinch.com\/wp-content\/uploads\/2021\/08\/lincoln-goldfinch-immigration-law-firm-dots-bg.png|caption^null|alt^null|title^lincoln-goldfinch-immigration-law-firm-dots-bg|description^null\u00bb bg_image_repeat=\u00bbno-repeat\u00bb bg_image_size=\u00bbinitial\u00bb bg_image_posiiton=\u00bbleft\u00bb][vc_column][vc_row_inner css=\u00bb.vc_custom_1628956281748{margin-bottom: 50px !important;}\u00bb][vc_column_inner width=\u00bb1\/3&#8243;][vc_single_image image=\u00bb10163&#8243; img_size=\u00bbfull\u00bb alignment=\u00bbcenter\u00bb style=\u00bbvc_box_shadow\u00bb css_animation=\u00bbfadeIn\u00bb css=\u00bb.vc_custom_1635259163038{border-top-width: 1px !important;border-right-width:  [&#8230;]<\/p>\n","protected":false},"author":1,"featured_media":0,"parent":5839,"menu_order":0,"comment_status":"closed","ping_status":"open","template":"","meta":{"_acf_changed":false,"rop_custom_images_group":[],"rop_custom_messages_group":[],"rop_publish_now":"initial","rop_publish_now_accounts":[],"rop_publish_now_history":[],"rop_publish_now_status":"pending","_analytify_skip_tracking":false,"rank_math_title":"","rank_math_description":"Conoce la historia de nuestra Asistente Legal, Aimee Camacho, quien conoce de manera personal los altibajos de la inmigraci\u00f3n a EE.UU.","rank_math_focus_keyword":"aimee camacho","rank_math_canonical_url":"","footnotes":""},"class_list":["post-5812","page","type-page","status-publish","hentry"],"acf":[],"_links":{"self":[{"href":"https:\/\/www.lincolngoldfinch.com\/es\/wp-json\/wp\/v2\/pages\/5812","targetHints":{"allow":["GET"]}}],"collection":[{"href":"https:\/\/www.lincolngoldfinch.com\/es\/wp-json\/wp\/v2\/pages"}],"about":[{"href":"https:\/\/www.lincolngoldfinch.com\/es\/wp-json\/wp\/v2\/types\/page"}],"author":[{"embeddable":true,"href":"https:\/\/www.lincolngoldfinch.com\/es\/wp-json\/wp\/v2\/users\/1"}],"replies":[{"embeddable":true,"href":"https:\/\/www.lincolngoldfinch.com\/es\/wp-json\/wp\/v2\/comments?post=5812"}],"version-history":[{"count":0,"href":"https:\/\/www.lincolngoldfinch.com\/es\/wp-json\/wp\/v2\/pages\/5812\/revisions"}],"up":[{"embeddable":true,"href":"https:\/\/www.lincolngoldfinch.com\/es\/wp-json\/wp\/v2\/pages\/5839"}],"wp:attachment":[{"href":"https:\/\/www.lincolngoldfinch.com\/es\/wp-json\/wp\/v2\/media?parent=5812"}],"curies":[{"name":"wp","href":"https:\/\/api.w.org\/{rel}","templated":true}]}}