{"id":5811,"date":"2020-06-03T05:38:23","date_gmt":"2020-06-03T10:38:23","guid":{"rendered":"https:\/\/www.aia-temp-dev.info\/?page_id=5811"},"modified":"2025-10-28T16:21:55","modified_gmt":"2025-10-28T21:21:55","slug":"aviso-legal","status":"publish","type":"page","link":"https:\/\/www.lincolngoldfinch.com\/es\/aviso-legal\/","title":{"rendered":"Aviso legal"},"content":{"rendered":"<div class=\"fusion-fullwidth fullwidth-box fusion-builder-row-1 fusion-flex-container nonhundred-percent-fullwidth non-hundred-percent-height-scrolling\" style=\"--awb-border-radius-top-left:0px;--awb-border-radius-top-right:0px;--awb-border-radius-bottom-right:0px;--awb-border-radius-bottom-left:0px;--awb-flex-wrap:wrap;\" ><div class=\"fusion-builder-row fusion-row fusion-flex-align-items-flex-start fusion-flex-content-wrap\" style=\"max-width:1331.2px;margin-left: calc(-4% \/ 2 );margin-right: calc(-4% \/ 2 );\"><div class=\"fusion-layout-column fusion_builder_column fusion-builder-column-0 fusion_builder_column_1_1 1_1 fusion-flex-column\" style=\"--awb-bg-size:cover;--awb-width-large:100%;--awb-margin-top-large:0px;--awb-spacing-right-large:1.92%;--awb-margin-bottom-large:0px;--awb-spacing-left-large:1.92%;--awb-width-medium:100%;--awb-spacing-right-medium:1.92%;--awb-spacing-left-medium:1.92%;--awb-width-small:100%;--awb-spacing-right-small:1.92%;--awb-spacing-left-small:1.92%;\"><div class=\"fusion-column-wrapper fusion-flex-justify-content-flex-start fusion-content-layout-column\"><div class=\"fusion-text fusion-text-1\"><h1 style=\"text-align: left;\">Aviso legal<\/h1>\n<p style=\"text-align: left;\"><strong><b><a href=\"https:\/\/www.lincolngoldfinch.com\/es\/es\" data-uw-rm-brl=\"PR\" data-uw-original-href=\"https:\/\/www.lincolngoldfinch.com\/es\/\">LincolnGoldfinch.com<\/a><\/b> Respeta Sus Derechos.<\/strong><\/p>\n<h2 style=\"text-align: left;\">El uso de este sitio web no crea una relaci\u00f3n Abogado-Cliente<\/h2>\n<p style=\"text-align: left;\">El uso de este sitio web o la recepci\u00f3n de informaci\u00f3n publicada en este sitio web, <strong>NO<\/strong> crea una relaci\u00f3n abogado-cliente entre usted y Lincoln-Goldfinch Law &#8211; Abogados de Inmigraci\u00f3n. Ponerse en contacto con Lincoln-Goldfinch Law &#8211; Abogados de Inmigraci\u00f3n o uno de sus abogados a trav\u00e9s de los formularios de contacto en l\u00ednea de este sitio o cualquier n\u00famero de tel\u00e9fono que aparece en este sitio web, de igual manera <strong>NO<\/strong> crea una relaci\u00f3n abogado-cliente con Lincoln-Goldfinch Law &#8211; Abogados de Inmigraci\u00f3n. <u><em>En consecuencia, no debe utilizar este sitio web para proporcionar informaci\u00f3n confidencial sobre asuntos legales a Lincoln-Goldfinch Law &#8211; Abogados de Inmigraci\u00f3n.<\/em><\/u><\/p>\n<h2 style=\"text-align: left;\">Sitio web no destinado a recibir asesoramiento legal<\/h2>\n<p style=\"text-align: left;\">Este sitio web puede contener informaci\u00f3n sobre cuestiones legales o desarrollo. La informaci\u00f3n publicada en nuestro sitio web no es, ni pretende ser, asesoramiento jur\u00eddico. Siempre debe consultar directamente con un abogado para que le asesore sobre su caso y situaci\u00f3n individual. Ninguna persona debe actuar o confiar en la informaci\u00f3n publicada en este sitio web sin buscar el consejo de un abogado.<\/p>\n<h2 style=\"text-align: left;\">Los testimonios y veredictos anteriores publicados en este sitio no deben interpretarse como una garant\u00eda de resultados<\/h2>\n<p style=\"text-align: left;\">Los testimonios publicados en este sitio web de clientes anteriores de Lincoln-Goldfinch Law &#8211; Abogados de Inmigraci\u00f3n no constituyen una garant\u00eda o predicci\u00f3n con respecto al resultado de su caso o asunto legal. El resultado de cualquier caso legal depende de muchos factores diferentes, incluyendo los hechos del caso espec\u00edfico y ning\u00fan abogado puede ofrecer un resultado positivo garantizado en cualquier caso particular. Cualquier resultado anterior logrado por un abogado no puede garantizar un resultado similar.<\/p>\n<h2 style=\"text-align: left;\">Este sitio web es un anuncio de servicios legales<\/h2>\n<p style=\"text-align: left;\">Este sitio web puede considerarse publicidad en algunas jurisdicciones seg\u00fan la ley aplicable y las normas \u00e9ticas de conducta. La determinaci\u00f3n de la necesidad de servicios legales y la elecci\u00f3n de un abogado para la representaci\u00f3n son decisiones extremadamente importantes y no deben basarse \u00fanicamente en anuncios o experiencia autoproclamada. No se hace ninguna representaci\u00f3n de que la calidad de los servicios legales que se realizar\u00e1n es mayor que la calidad de los servicios legales prestados por otros abogados.<\/p>\n<h2 style=\"text-align: left;\">Preguntas respecto a estas exenciones de responsabilidad o el contenido de este sitio web<\/h2>\n<p style=\"text-align: left;\">Para cualquier pregunta relacionada con los <strong>Avisos legales<\/strong> , <a href=\"https:\/\/www.lincolngoldfinch.com\/es\/politica-de-privacidad\/\">Pol\u00edtica de Privacidad<\/a>, <a href=\"https:\/\/www.lincolngoldfinch.com\/es\/terminos-de-uso\/\">T\u00e9rminos de Uso<\/a> u otros contenidos publicados en \u00e9ste sitio web, por favor, p\u00f3ngase en contacto con el abogado responsable de Lincoln-Goldfinch Law &#8211; Abogados de Inmigraci\u00f3n que aparece a continuaci\u00f3n.<\/p>\n<h3 style=\"text-align: left;\">Lincoln-Goldfinch Law &#8211; Abogados de Inmigraci\u00f3n<\/h3>\n<p style=\"text-align: left;\"><strong>Oficina de Austin, Texas:<\/strong><br \/>\nLincoln-Goldfinch Law &#8211; Abogados de Inmigraci\u00f3n<br \/>\n<span class=\"contact_widget_address\" data-userway-font-size=\"12\">1005 E 40th St<\/span><br \/>\n<span class=\"contact_widget_state\" data-userway-font-size=\"12\">Austin, TX 78751 <\/span><br \/>\n<span class=\"contact_widget_address\" data-userway-font-size=\"12\"><a href=\"tel:+1-855-502-0555\">(855) 502-0555<\/a><\/span><\/p>\n<\/div><\/div><\/div><\/div><\/div>\n<div class=\"gsp_post_data\" \r\n\t            data-post_type=\"page\" \r\n\t            data-cat=\"\" \r\n\t            data-modified=\"120\"\r\n\t            data-created=\"1591162703\"\r\n\t            data-title=\"Aviso legal\" \r\n\t            data-home=\"https:\/\/www.lincolngoldfinch.com\/es\/\"><\/div>","protected":false},"excerpt":{"rendered":"","protected":false},"author":1,"featured_media":0,"parent":0,"menu_order":0,"comment_status":"closed","ping_status":"closed","template":"","meta":{"_acf_changed":false,"rop_custom_images_group":[],"rop_custom_messages_group":[],"rop_publish_now":"initial","rop_publish_now_accounts":[],"rop_publish_now_history":[],"rop_publish_now_status":"pending","_analytify_skip_tracking":false,"rank_math_title":"Aviso legal | Lincoln-Goldfinch Law","rank_math_description":"Lincoln-Goldfinch Law - Abogados de Inmigraci\u00f3n respeta tus derechos. Consulta aqu\u00ed los avisos legales sobre el uso del sitio web.","rank_math_focus_keyword":"aviso","rank_math_canonical_url":"","footnotes":""},"class_list":["post-5811","page","type-page","status-publish","hentry"],"acf":[],"_links":{"self":[{"href":"https:\/\/www.lincolngoldfinch.com\/es\/wp-json\/wp\/v2\/pages\/5811","targetHints":{"allow":["GET"]}}],"collection":[{"href":"https:\/\/www.lincolngoldfinch.com\/es\/wp-json\/wp\/v2\/pages"}],"about":[{"href":"https:\/\/www.lincolngoldfinch.com\/es\/wp-json\/wp\/v2\/types\/page"}],"author":[{"embeddable":true,"href":"https:\/\/www.lincolngoldfinch.com\/es\/wp-json\/wp\/v2\/users\/1"}],"replies":[{"embeddable":true,"href":"https:\/\/www.lincolngoldfinch.com\/es\/wp-json\/wp\/v2\/comments?post=5811"}],"version-history":[{"count":0,"href":"https:\/\/www.lincolngoldfinch.com\/es\/wp-json\/wp\/v2\/pages\/5811\/revisions"}],"wp:attachment":[{"href":"https:\/\/www.lincolngoldfinch.com\/es\/wp-json\/wp\/v2\/media?parent=5811"}],"curies":[{"name":"wp","href":"https:\/\/api.w.org\/{rel}","templated":true}]}}