{"id":57885,"date":"2023-09-11T16:47:07","date_gmt":"2023-09-11T21:47:07","guid":{"rendered":"https:\/\/www.lincolngoldfinch.com\/?page_id=57885"},"modified":"2025-03-18T17:14:44","modified_gmt":"2025-03-18T22:14:44","slug":"como-obtener-auto-peticion-vawa-antes-del-divorcio","status":"publish","type":"page","link":"https:\/\/www.lincolngoldfinch.com\/es\/areas-de-practica\/vawa\/como-obtener-auto-peticion-vawa-antes-del-divorcio\/","title":{"rendered":"C\u00f3mo obtener una auto-petici\u00f3n de green card VAWA antes del divorcio"},"content":{"rendered":"<div class=\"fusion-fullwidth fullwidth-box fusion-builder-row-1 fusion-flex-container nonhundred-percent-fullwidth non-hundred-percent-height-scrolling\" style=\"--awb-border-radius-top-left:0px;--awb-border-radius-top-right:0px;--awb-border-radius-bottom-right:0px;--awb-border-radius-bottom-left:0px;--awb-flex-wrap:wrap;\" ><div class=\"fusion-builder-row fusion-row fusion-flex-align-items-flex-start fusion-flex-content-wrap\" style=\"max-width:1331.2px;margin-left: calc(-4% \/ 2 );margin-right: calc(-4% \/ 2 );\"><div class=\"fusion-layout-column fusion_builder_column fusion-builder-column-0 fusion_builder_column_1_1 1_1 fusion-flex-column\" style=\"--awb-bg-size:cover;--awb-width-large:100%;--awb-margin-top-large:0px;--awb-spacing-right-large:2.56%;--awb-margin-bottom-large:0px;--awb-spacing-left-large:1.92%;--awb-width-medium:100%;--awb-spacing-right-medium:2.56%;--awb-spacing-left-medium:1.92%;--awb-width-small:100%;--awb-spacing-right-small:1.92%;--awb-spacing-left-small:1.92%;\"><div class=\"fusion-column-wrapper fusion-flex-justify-content-flex-start fusion-content-layout-column\"><div class=\"fusion-title title fusion-title-1 fusion-sep-none fusion-title-text fusion-title-size-one\" style=\"--awb-margin-top-small:10px;--awb-margin-right-small:0px;--awb-margin-bottom-small:10px;--awb-margin-left-small:0px;\"><h1 class=\"fusion-title-heading title-heading-left\" style=\"margin:0;\">C\u00f3mo obtener una auto-petici\u00f3n de green card VAWA antes del divorcio<\/h1><\/div><div class=\"fusion-text fusion-text-1\"><p><span style=\"font-weight: 400;\">La obtenci\u00f3n de una Green Card de autopetici\u00f3n de la Ley de Violencia contra la Mujer (VAWA) antes de un divorcio puede proporcionar una protecci\u00f3n legal crucial. Es una v\u00eda hacia la residencia permanente para las personas que se enfrentan a la violencia dom\u00e9stica. <\/span><\/p>\n<p><span style=\"font-weight: 400;\">Pueden solicitarlo los supervivientes de violencia familiar cometida por ciudadanos estadounidenses y residentes legales permanentes. Esta disposici\u00f3n permite a las personas que cumplan los requisitos solicitar por s\u00ed mismas la Green Card. Puede concederles la residencia permanente legal en Estados Unidos independientemente de su familiar maltratador. <\/span><\/p>\n<p><span style=\"font-weight: 400;\">Este art\u00edculo le ayudar\u00e1 a comprender el proceso de autopetici\u00f3n y sus requisitos de admisibilidad. Tambi\u00e9n destaca los pasos para obtener una Green Card VAWA antes de un divorcio.<\/span><\/p>\n<p><img decoding=\"async\" class=\"alignleft size-full wp-image-57952\" src=\"https:\/\/www.lincolngoldfinch.com\/wp-content\/uploads\/2023\/09\/cuales-son-los-requisitos-para-la-autopeticion-vawa.jpg\" alt=\"\u00bfCu\u00e1les Son Los Requisitos Para La Autopetici\u00f3n VAWA?\" width=\"100%\" height=\"683\" srcset=\"https:\/\/www.lincolngoldfinch.com\/wp-content\/uploads\/2023\/09\/cuales-son-los-requisitos-para-la-autopeticion-vawa-200x133.jpg 200w, https:\/\/www.lincolngoldfinch.com\/wp-content\/uploads\/2023\/09\/cuales-son-los-requisitos-para-la-autopeticion-vawa-400x267.jpg 400w, https:\/\/www.lincolngoldfinch.com\/wp-content\/uploads\/2023\/09\/cuales-son-los-requisitos-para-la-autopeticion-vawa-600x400.jpg 600w, https:\/\/www.lincolngoldfinch.com\/wp-content\/uploads\/2023\/09\/cuales-son-los-requisitos-para-la-autopeticion-vawa-768x512.jpg 768w, https:\/\/www.lincolngoldfinch.com\/wp-content\/uploads\/2023\/09\/cuales-son-los-requisitos-para-la-autopeticion-vawa-800x534.jpg 800w, https:\/\/www.lincolngoldfinch.com\/wp-content\/uploads\/2023\/09\/cuales-son-los-requisitos-para-la-autopeticion-vawa-1000x667.jpg 1000w, https:\/\/www.lincolngoldfinch.com\/wp-content\/uploads\/2023\/09\/cuales-son-los-requisitos-para-la-autopeticion-vawa.jpg 1024w\" sizes=\"(max-width: 1024px) 100vw, 1024px\" \/><\/p>\n<h2><b>El proceso de autopetici\u00f3n VAWA<\/b><\/h2>\n<p><span style=\"font-weight: 400;\">Una autopetici\u00f3n VAWA antes del divorcio es crucial para recuperar el control y encontrar seguridad frente a la violencia dom\u00e9stica. Proporciona un salvavidas a las v\u00edctimas inmigrantes y las capacita para liberarse de sus c\u00f3nyuges maltratadores sin poner en peligro su situaci\u00f3n migratoria.<\/span><\/p>\n<p><span style=\"font-weight: 400;\">Los supervivientes pueden reclamar justicia y protecci\u00f3n cumpliendo estrictos requisitos de elegibilidad. Incluye aportar pruebas de agresi\u00f3n o crueldad extrema por parte de su c\u00f3nyuge ciudadano estadounidense o residente permanente. El proceso va m\u00e1s all\u00e1 de rellenar formularios y requiere reunir cuidadosamente pruebas contundentes que validen los abusos sufridos.<\/span><\/p>\n<p><span style=\"font-weight: 400;\">Los informes policiales, los historiales m\u00e9dicos y las fotograf\u00edas que documentan los malos tratos son pruebas cruciales para una autopetici\u00f3n s\u00f3lida. Los testimonios de testigos o profesionales tambi\u00e9n contribuyen a crear una base s\u00f3lida para el caso. Con cada pieza de documentaci\u00f3n, los supervivientes amplifican sus voces y pintan un cuadro v\u00edvido del dolor que han soportado.<\/span><\/p>\n<p><span style=\"font-weight: 400;\">Navegar por el proceso de autopetici\u00f3n exige una atenci\u00f3n inquebrantable a los detalles y precisi\u00f3n a la hora de cumplimentar los formularios necesarios. Garantiza una transici\u00f3n fluida a los supervivientes que buscan protecci\u00f3n legal e independencia.<\/span><\/p>\n<h2><b>Pasos para obtener la green card en virtud de VAWA<\/b><\/h2>\n<p><span style=\"font-weight: 400;\">Los siguientes pasos proporcionan un marco para buscar protecci\u00f3n legal y solicitar una autopetici\u00f3n VAWA antes de presentar una demanda de divorcio.<\/span><\/p>\n<h3><b>Requisitos para acogerse a VAWA<\/b><\/h3>\n<p><span style=\"font-weight: 400;\">Para asegurarse de que comprende plenamente los requisitos de elegibilidad establecidos en la Ley de Violencia contra la Mujer (VAWA), es crucial repasarlos uno por uno. Si se toma el tiempo necesario para comprender los criterios espec\u00edficos, podr\u00e1 determinar si re\u00fane los requisitos para ser considerada v\u00edctima de violencia dom\u00e9stica o maltrato. Tambi\u00e9n es importante tener en cuenta que la elegibilidad depende de si el abuso es perpetrado por un padre, c\u00f3nyuge o hijo que sea ciudadano estadounidense o residente permanente.<\/span><\/p>\n<p><span style=\"font-weight: 400;\">Es necesario revisar detenidamente las directrices para asegurarse de que sus circunstancias cumplen los requisitos. Esto implica examinar los criterios y determinar si ha sufrido violencia f\u00edsica, emocional o sexual en su relaci\u00f3n. Si realiza una evaluaci\u00f3n exhaustiva, podr\u00e1 determinar si re\u00fane las condiciones necesarias para recibir asistencia en virtud de VAWA.<\/span><\/p>\n<h3><b>Reunir pruebas<\/b><\/h3>\n<p><span style=\"font-weight: 400;\">Es crucial reunir pruebas sustanciales que respalden sus alegaciones de violencia dom\u00e9stica o maltrato. Estas pruebas pueden adoptar diversas formas. Incluye reportes policiales convincentes, historiales m\u00e9dicos convincentes, fotograf\u00edas impactantes y declaraciones de testigos contundentes. Cualquier otra documentaci\u00f3n que valide la dolorosa realidad de su experiencia tambi\u00e9n es \u00fatil para presentar un caso s\u00f3lido. <\/span><\/p>\n<p><span style=\"font-weight: 400;\">La obtenci\u00f3n de un conjunto s\u00f3lido de pruebas refuerza su caso y mejora sus posibilidades de recibir la protecci\u00f3n y el apoyo legales que merece. Es una poderosa herramienta para demostrar la realidad de la violencia dom\u00e9stica o los malos tratos que has sufrido. <\/span><\/p>\n<h3><b>Consultar a un abogado de inmigraci\u00f3n<\/b><\/h3>\n<p><span style=\"font-weight: 400;\">Cuando se persigue una Green Card bajo VAWA antes del divorcio, es crucial no subestimar la orientaci\u00f3n que un abogado de inmigraci\u00f3n puede ofrecer. Proporcionan un apoyo inestimable a lo largo de todo el proceso, asegur\u00e1ndose de que sortea con \u00e9xito las complejidades. Recurrir a su ayuda puede aumentar significativamente sus posibilidades de lograr un resultado favorable y obtener la protecci\u00f3n legal que merece.<\/span><\/p>\n<p><span style=\"font-weight: 400;\">Con sus conocimientos y experiencia, usted gana un poderoso aliado que defender\u00e1 incansablemente sus derechos. Le proporcionar\u00e1n informaci\u00f3n esencial y le guiar\u00e1n hacia el \u00e9xito. Un abogado de inmigraci\u00f3n se convierte en su sistema de apoyo inquebrantable, luchando a su lado por el futuro mejor que se merece.<\/span><\/p>\n<h3><b>Preparar el formulario I-360<\/b><\/h3>\n<p><span style=\"font-weight: 400;\"><img decoding=\"async\" class=\"alignleft size-full wp-image-57954\" src=\"https:\/\/www.lincolngoldfinch.com\/wp-content\/uploads\/2023\/09\/navegando-el-proceso-de-la-green-card-vawa-guia-paso-a-paso.jpg\" alt=\"Navegando El Proceso De La Green Card VAWA: Gu\u00eda Paso A Paso\" width=\"300\" height=\"200\" srcset=\"https:\/\/www.lincolngoldfinch.com\/wp-content\/uploads\/2023\/09\/navegando-el-proceso-de-la-green-card-vawa-guia-paso-a-paso-200x133.jpg 200w, https:\/\/www.lincolngoldfinch.com\/wp-content\/uploads\/2023\/09\/navegando-el-proceso-de-la-green-card-vawa-guia-paso-a-paso.jpg 300w\" sizes=\"(max-width: 300px) 100vw, 300px\" \/>Al presentar una autopetici\u00f3n, la cumplimentaci\u00f3n y presentaci\u00f3n del <a href=\"https:\/\/www.uscis.gov\/es\/formularios\/todos-los-formularios\/presentacion-directa-del-formulario-i-360-peticion-de-amerasiatico-viudoa-o-inmigrante-especial\" target=\"_blank\" rel=\"noopener\">formulario I-360<\/a> tienen una gran importancia. Es un paso tangible para recuperar tu vida y buscar la protecci\u00f3n que necesitas. Con una determinaci\u00f3n inquebrantable, rellene meticulosamente este formulario necesario, siguiendo diligentemente las instrucciones. <\/span><\/p>\n<p><span style=\"font-weight: 400;\">Proporcione detalles precisos y completos sobre su relaci\u00f3n y los graves abusos que sufri\u00f3. Cada palabra que rellena en el formulario I-360 se convierte en un poderoso testamento de su fuerza interior y su resistencia. Se convierte en una sentida petici\u00f3n de justicia, una declaraci\u00f3n de que mereces una vida libre de violencia. <\/span><\/p>\n<p><span style=\"font-weight: 400;\">Cada dato que facilite en el formulario es una poderosa afirmaci\u00f3n de su derecho fundamental a la seguridad. Tambi\u00e9n es tu oportunidad de reconstruir tu vida seg\u00fan tus condiciones.<\/span><\/p>\n<h3><b>Incluir documentos justificativos<\/b><\/h3>\n<p><span style=\"font-weight: 400;\">Presentar documentos justificativos con su autopetici\u00f3n es un paso crucial en su camino hacia la obtenci\u00f3n de la residencia permanente. Incluye certificados de matrimonio, sentencias de divorcio o partidas de nacimiento, que validan sus reclamaciones y a\u00f1aden peso a su caso. Revisar los requisitos de las instrucciones de la autopetici\u00f3n es vital para asegurarse de que sus pruebas cumplen los criterios especificados. <\/span><\/p>\n<p><span style=\"font-weight: 400;\">Si aporta documentaci\u00f3n precisa, reforzar\u00e1 la credibilidad de su petici\u00f3n y aumentar\u00e1 las probabilidades de \u00e9xito.<\/span><\/p>\n<h3><b>Asistir a las entrevistas y esperar la decisi\u00f3n<\/b><\/h3>\n<p><span style=\"font-weight: 400;\">Est\u00e9 preparado para las entrevistas si el Servicio de Ciudadan\u00eda e Inmigraci\u00f3n de los Estados Unidos (USCIS) se lo pide. Estas entrevistas les permiten evaluar m\u00e1s a fondo su caso, comprender sus experiencias y valorar la credibilidad de su autopetici\u00f3n. Despu\u00e9s, es fundamental esperar pacientemente a que USCIS revise a fondo su autopetici\u00f3n y las pruebas que la respaldan. <\/span><\/p>\n<h2><b>Requisitos para la autopetici\u00f3n VAWA<\/b><\/h2>\n<p><span style=\"font-weight: 400;\">Cumplir unos criterios espec\u00edficos es esencial para que las personas puedan optar a una Green Card a trav\u00e9s de la autopetici\u00f3n VAWA antes de divorciarse de su c\u00f3nyuge maltratador. Este paso es muy significativo, ya que allana el camino para que los supervivientes recuperen el control de sus vidas y obtengan la protecci\u00f3n necesaria que merecen.<\/span><\/p>\n<h3><b>Calificaci\u00f3n de la relaci\u00f3n<\/b><\/h3>\n<p><span style=\"font-weight: 400;\">Debe ser c\u00f3nyuge, hijo o padre de un ciudadano estadounidense o residente permanente que haya abusado de usted. Significa que han sido f\u00edsica, emocional o sexualmente violentos contigo. Para ello, la superviviente debe aportar pruebas de la relaci\u00f3n abusiva. Incluye historiales m\u00e9dicos, informes policiales y testimonios de testigos que apoyan su reclamaci\u00f3n. <\/span><\/p>\n<h3><b>Buen car\u00e1cter moral<\/b><\/h3>\n<p><span style=\"font-weight: 400;\">Es esencial demostrar un buen car\u00e1cter moral al solicitar la residencia permanente. Puede hacerlo manteniendo un expediente limpio y evitando actividades que puedan repercutir negativamente en la evaluaci\u00f3n de su car\u00e1cter. Al encarnar la integridad, aumentan tus posibilidades de alcanzar tus objetivos. Tambi\u00e9n ayuda a mostrar tus intenciones y allana el camino hacia un futuro prometedor.<\/span><\/p>\n<h3><b>Requisito de residencia<\/b><\/h3>\n<p><span style=\"font-weight: 400;\">Debe haber vivido con un c\u00f3nyuge o progenitor maltratador que sea ciudadano estadounidense o residente permanente durante la relaci\u00f3n de maltrato. Este requisito reconoce el impacto de la situaci\u00f3n abusiva y contribuye a garantizar que quienes la han sufrido reciban ayuda. Cumplir esta condici\u00f3n demuestra su derecho a recibir ayuda de las autoridades.<\/span><\/p>\n<h3><b>Pruebas de abuso<\/b><\/h3>\n<p><span style=\"font-weight: 400;\">Es fundamental aportar pruebas contundentes que ilustren claramente los maltratos f\u00edsicos, emocionales o mentales. Son los malos tratos que has soportado a causa de la relaci\u00f3n. Es un testimonio poderoso, que pone de relieve la profundidad de su sufrimiento y la urgente necesidad de intervenci\u00f3n y apoyo. <\/span><\/p>\n<p><span style=\"font-weight: 400;\">Si presenta pruebas sustanciales de los malos tratos, reforzar\u00e1 sus posibilidades de recibir asistencia y protecci\u00f3n.<\/span><\/p>\n<h3><b>Validez del matrimonio<\/b><\/h3>\n<p><span style=\"font-weight: 400;\">Es imprescindible aportar pruebas s\u00f3lidas y convincentes que verifiquen la validez legal de su matrimonio con un ciudadano estadounidense o residente permanente. Para ello es necesario presentar documentos esenciales, como certificados de matrimonio o cualquier otra prueba que acredite la autenticidad y legitimidad de su v\u00ednculo matrimonial. Al presentar estos materiales, puede establecer una base s\u00f3lida y reforzar su caso con eficacia.<\/span><\/p>\n<p><span style=\"font-weight: 400;\">Refuerce la credibilidad de su solicitud demostrando meticulosamente la legalidad de su sindicato. Aumenta sus posibilidades de conseguir el estatus de inmigraci\u00f3n deseado.<\/span><\/p>\n<h3><b>Presentaci\u00f3n a tiempo<\/b><\/h3>\n<p><span style=\"font-weight: 400;\">Presentar la autopetici\u00f3n VAWA antes de finalizar el divorcio es primordial. Sin embargo, aunque el divorcio sea definitivo, algunas situaciones pueden hacer que a\u00fan cumpla los requisitos. Puede seguir recibiendo apoyo y protecci\u00f3n si los malos tratos pusieron fin a su matrimonio de forma significativa.<\/span><\/p>\n<p><span style=\"font-weight: 400;\">Usted reconoce la importancia de actuar a tiempo. Reconocer las excepciones en algunos casos te capacita a\u00fan m\u00e1s. Le permite perseguir la justicia y buscar la asistencia que leg\u00edtimamente merece. <\/span><\/p>\n<p><span style=\"font-weight: 400;\">Conocer los pasos para obtener una Permanent Resident Card en virtud de VAWA es crucial para comprender plenamente los requisitos de elegibilidad. Le ayudar\u00e1 a navegar con confianza por el proceso y a aumentar sus posibilidades de obtener la Green Card. <\/span><\/p>\n<h2><b>Resumen<\/b><\/h2>\n<p><span style=\"font-weight: 400;\">Entender el proceso de auto-petici\u00f3n VAWA es vital para recuperar el control y encontrar la seguridad de la violencia dom\u00e9stica. Proporciona un salvavidas para que las v\u00edctimas inmigrantes puedan optar finalmente a una Green Card. Adem\u00e1s, les capacita para liberarse de su familiar maltratador sin poner en peligro su situaci\u00f3n migratoria. Los supervivientes deben cumplir estrictos requisitos de admisibilidad y aportar pruebas de los malos tratos. <\/span><\/p>\n<p><span style=\"font-weight: 400;\">Navegando por el proceso, los supervivientes pueden conseguir justicia, protecci\u00f3n y un futuro libre de abusos. Para obtener la Green Card antes del divorcio hay que conocer los requisitos y reunir pruebas. Tambi\u00e9n implica consultar a un <a href=\"https:\/\/www.lincolngoldfinch.com\/es\/abogado-de-inmigracion-austin\/ley-violencia-contra-las-mujeres-vawa\/\">abogado de inmigraci\u00f3n<\/a>, preparar el formulario I-360, incluidos los documentos justificativos, asistir a las entrevistas y esperar la decisi\u00f3n.<\/span><\/p>\n<\/div><\/div><\/div><\/div><\/div>\n<div class=\"gsp_post_data\" \r\n\t            data-post_type=\"page\" \r\n\t            data-cat=\"\" \r\n\t            data-modified=\"120\"\r\n\t            data-created=\"1694450827\"\r\n\t            data-title=\"C\u00f3mo obtener una auto-petici\u00f3n de green card VAWA antes del divorcio\" \r\n\t            data-home=\"https:\/\/www.lincolngoldfinch.com\/es\/\"><\/div>","protected":false},"excerpt":{"rendered":"","protected":false},"author":1,"featured_media":0,"parent":5717,"menu_order":0,"comment_status":"closed","ping_status":"closed","template":"","meta":{"_acf_changed":false,"rop_custom_images_group":[],"rop_custom_messages_group":[],"rop_publish_now":"initial","rop_publish_now_accounts":[],"rop_publish_now_history":[],"rop_publish_now_status":"pending","_analytify_skip_tracking":false,"rank_math_title":"Obtenci\u00f3n de la green card VAWA antes del divorcio | Lincoln-Goldfinch Law","rank_math_description":"La autopetici\u00f3n VAWA ofrece a las supervivientes de maltrato la posibilidad de obtener la Green Card. Explore el proceso y los requisitos para obtener la residencia permanente.","rank_math_focus_keyword":"VAWA","rank_math_canonical_url":"","footnotes":""},"class_list":["post-57885","page","type-page","status-publish","hentry"],"acf":[],"_links":{"self":[{"href":"https:\/\/www.lincolngoldfinch.com\/es\/wp-json\/wp\/v2\/pages\/57885","targetHints":{"allow":["GET"]}}],"collection":[{"href":"https:\/\/www.lincolngoldfinch.com\/es\/wp-json\/wp\/v2\/pages"}],"about":[{"href":"https:\/\/www.lincolngoldfinch.com\/es\/wp-json\/wp\/v2\/types\/page"}],"author":[{"embeddable":true,"href":"https:\/\/www.lincolngoldfinch.com\/es\/wp-json\/wp\/v2\/users\/1"}],"replies":[{"embeddable":true,"href":"https:\/\/www.lincolngoldfinch.com\/es\/wp-json\/wp\/v2\/comments?post=57885"}],"version-history":[{"count":0,"href":"https:\/\/www.lincolngoldfinch.com\/es\/wp-json\/wp\/v2\/pages\/57885\/revisions"}],"up":[{"embeddable":true,"href":"https:\/\/www.lincolngoldfinch.com\/es\/wp-json\/wp\/v2\/pages\/5717"}],"wp:attachment":[{"href":"https:\/\/www.lincolngoldfinch.com\/es\/wp-json\/wp\/v2\/media?parent=57885"}],"curies":[{"name":"wp","href":"https:\/\/api.w.org\/{rel}","templated":true}]}}