{"id":5774,"date":"2015-06-20T04:40:25","date_gmt":"2015-06-20T09:40:25","guid":{"rendered":"https:\/\/www.aia-temp-dev.info\/?page_id=5774"},"modified":"2026-03-16T10:44:27","modified_gmt":"2026-03-16T15:44:27","slug":"politica-de-inmigracion","status":"publish","type":"page","link":"https:\/\/www.lincolngoldfinch.com\/es\/politica-de-inmigracion\/","title":{"rendered":"Inmigraci\u00f3n: leyes, pol\u00edticas y derechos de inmigrantes"},"content":{"rendered":"<div class=\"fusion-fullwidth fullwidth-box fusion-builder-row-1 fusion-flex-container nonhundred-percent-fullwidth non-hundred-percent-height-scrolling\" style=\"--awb-border-radius-top-left:0px;--awb-border-radius-top-right:0px;--awb-border-radius-bottom-right:0px;--awb-border-radius-bottom-left:0px;--awb-flex-wrap:wrap;\" ><div class=\"fusion-builder-row fusion-row fusion-flex-align-items-flex-start fusion-flex-content-wrap\" style=\"max-width:1331.2px;margin-left: calc(-4% \/ 2 );margin-right: calc(-4% \/ 2 );\"><div class=\"fusion-layout-column fusion_builder_column fusion-builder-column-0 fusion_builder_column_1_1 1_1 fusion-flex-column\" style=\"--awb-bg-size:cover;--awb-width-large:100%;--awb-margin-top-large:0px;--awb-spacing-right-large:1.92%;--awb-margin-bottom-large:0px;--awb-spacing-left-large:1.92%;--awb-width-medium:100%;--awb-spacing-right-medium:1.92%;--awb-spacing-left-medium:1.92%;--awb-width-small:100%;--awb-spacing-right-small:1.92%;--awb-spacing-left-small:1.92%;\"><div class=\"fusion-column-wrapper fusion-flex-justify-content-flex-start fusion-content-layout-column\"><div class=\"fusion-title title fusion-title-1 fusion-sep-none fusion-title-text fusion-title-size-one\" style=\"--awb-margin-top-small:10px;--awb-margin-right-small:0px;--awb-margin-bottom-small:10px;--awb-margin-left-small:0px;\"><h1 class=\"fusion-title-heading title-heading-left\" style=\"margin:0;\">Pol\u00edtica de inmigraci\u00f3n y organizaciones pro-inmigrantes<\/h1><\/div><div class=\"fusion-text fusion-text-1\"><h2>Grupos de inmigraci\u00f3n empresarial<\/h2>\n<p><a href=\"https:\/\/en.wikipedia.org\/wiki\/Coalition_for_Comprehensive_Immigration_Reform\" target=\"_blank\" rel=\"noopener noreferrer\">Coalici\u00f3n para la Reforma Integral de la Inmigraci\u00f3n<\/a><\/p>\n<p><a href=\"https:\/\/www.competeamerica.org\/\" target=\"_blank\" rel=\"noopener noreferrer\">Compete America<\/a><\/p>\n<p><a href=\"https:\/\/www.ewic.org\/\" target=\"_blank\" rel=\"noopener noreferrer\">Coalici\u00f3n para la Inmigraci\u00f3n de Trabajadores Esenciales<\/a><\/p>\n<p><a href=\"https:\/\/immigrationvoice.org\/\" target=\"_blank\" rel=\"noopener noreferrer\">Immigration Voice<\/a><\/p>\n<h2>Grupos nacionales de inmigraci\u00f3n<\/h2>\n<p><a href=\"https:\/\/www.advancingjustice-aajc.org\/\" target=\"_blank\" rel=\"noopener noreferrer\">Centro de Justicia Asi\u00e1tico-Americano &#8211; Derechos de los Inmigrantes<\/a><\/p>\n<p><a href=\"https:\/\/www.aclu.org\/immigrants\/\" target=\"_blank\" rel=\"noopener noreferrer\">Uni\u00f3n Americana de Libertades Civiles (American Civil Liberties Union &#8211; ACLU) &#8211; Derechos de los inmigrantes<\/a><\/p>\n<p><a href=\"https:\/\/www.adc.org\/\" target=\"_blank\" rel=\"noopener noreferrer\">Comit\u00e9 Americano-\u00c1rabe contra la Discriminaci\u00f3n<\/a><\/p>\n<p><a href=\"https:\/\/www.afsc.org\/immigrants-rights\/\" target=\"_blank\" rel=\"noopener noreferrer\">Comit\u00e9 de Servicio de los Amigos Americanos &#8211; Derechos de los Inmigrantes<\/a><\/p>\n<p><a href=\"https:\/\/www.adl.org\/\" target=\"_blank\" rel=\"noopener noreferrer\">Liga Antidifamaci\u00f3n &#8211; Informes y Recursos sobre Inmigraci\u00f3n<\/a><\/p>\n<p><a href=\"https:\/\/www.cliniclegal.org\/\" target=\"_blank\" rel=\"noopener noreferrer\">Red Cat\u00f3lica de Inmigraci\u00f3n Legal<\/a><\/p>\n<p><a href=\"https:\/\/www.civilrights.org\/immigration\/\" target=\"_blank\" rel=\"noopener noreferrer\">civilrights.org &#8211; Inmigraci\u00f3n<\/a><\/p>\n<p><a href=\"https:\/\/www.farmworkerjustice.org\/advocacy-and-programs\/immigration-and-labor\" target=\"_blank\" rel=\"noopener noreferrer\">Farmworker Justice &#8211; Inmigraci\u00f3n y trabajo<\/a><\/p>\n<p><a href=\"https:\/\/www.hias.org\/\" target=\"_blank\" rel=\"noopener noreferrer\">Sociedad de Ayuda al Inmigrante Hebreo<\/a><\/p>\n<p><a href=\"https:\/\/www.ilrc.org\/\" target=\"_blank\" rel=\"noopener noreferrer\">Centro de Recursos Legales para Inmigrantes<\/a><\/p>\n<p><a href=\"https:\/\/www.immigrationadvocates.org\/\" target=\"_blank\" rel=\"noopener noreferrer\">Red de Defensores de la Inmigraci\u00f3n<\/a><\/p>\n<p><a href=\"https:\/\/www.immigrationequality.org\/\" target=\"_blank\" rel=\"noopener noreferrer\">Immigration Equality<\/a><\/p>\n<p><a href=\"https:\/\/www.immigrantsolidarity.org\/\" target=\"_blank\" rel=\"noopener noreferrer\">Red de Solidaridad con los Inmigrantes<\/a><\/p>\n<p><a href=\"https:\/\/www.irishlobbyusa.org\/\" target=\"_blank\" rel=\"noopener noreferrer\">Lobby irland\u00e9s para la Reforma Migratoria<\/a><\/p>\n<p><a href=\"https:\/\/www.justiceforimmigrants.org\/\" target=\"_blank\" rel=\"noopener noreferrer\">Justice for Immigrants<\/a><\/p>\n<p><a href=\"https:\/\/www.lirs.org\/\" target=\"_blank\" rel=\"noopener noreferrer\">Servicio Luterano de Inmigraci\u00f3n y Refugiados<\/a><\/p>\n<p><a href=\"https:\/\/www.maldef.org\/\" target=\"_blank\" rel=\"noopener noreferrer\">Fondo Mexicano-Americano para la Defensa Legal y la Educaci\u00f3n<\/a><\/p>\n<p><a href=\"https:\/\/unidosus.org\/\" target=\"_blank\" rel=\"noopener noreferrer\">Consejo Nacional de la Raza<\/a><\/p>\n<p><a href=\"https:\/\/immigrantjustice.org\/es\/\" target=\"_blank\" rel=\"noopener noreferrer\">Centro Nacional de Justicia para Inmigrantes<\/a><\/p>\n<p><a href=\"https:\/\/www.immigrationforum.org\/\" target=\"_blank\" rel=\"noopener noreferrer\">Foro Nacional de Inmigraci\u00f3n<\/a><\/p>\n<p><a href=\"https:\/\/www.nilc.org\/\" target=\"_blank\" rel=\"noopener noreferrer\">Centro Nacional de Derecho de Inmigraci\u00f3n<\/a><\/p>\n<p><a href=\"https:\/\/www.nationalimmigrationproject.org\/\" target=\"_blank\" rel=\"noopener noreferrer\">Proyecto Nacional de Inmigraci\u00f3n<\/a><\/p>\n<p><a href=\"https:\/\/www.nnirr.org\/\" target=\"_blank\" rel=\"noopener noreferrer\">Red Nacional para los Derechos de los Inmigrantes y Refugiados<\/a><\/p>\n<p><a href=\"https:\/\/unitefamilies.org\/\" target=\"_blank\" rel=\"noopener noreferrer\">Reunir a las Familias<\/a><\/p>\n<p><a href=\"https:\/\/www.vera.org\/\" target=\"_blank\" rel=\"noopener noreferrer\">Centro de Inmigraci\u00f3n y Justicia de Vera<\/a><\/p>\n<p><a href=\"https:\/\/theyoungcenter.org\/\" target=\"_blank\" rel=\"noopener noreferrer\">Centro Joven para los Derechos de los Ni\u00f1os Inmigrantes<\/a><\/p>\n<h2>Grupos estatales Y\/O regionales de inmigraci\u00f3n<\/h2>\n<h3>Alabama<\/h3>\n<p><a href=\"https:\/\/www.splcenter.org\/\" target=\"_blank\" rel=\"noopener noreferrer\">Centro Legal para la Pobreza del Sur<\/a><\/p>\n<h3>Arizona<\/h3>\n<p><a href=\"https:\/\/www.borderaction.org\/\" target=\"_blank\" rel=\"noopener noreferrer\">Red de Acci\u00f3n Fronteriza<\/a><\/p>\n<p><a href=\"https:\/\/firrp.org\/\" target=\"_blank\" rel=\"noopener noreferrer\">Proyecto de Derechos de los Inmigrantes y Refugiados de Florencia<\/a><\/p>\n<p><a href=\"https:\/\/www.humaneborders.org\/\" target=\"_blank\" rel=\"noopener noreferrer\">Humane Borders<\/a><\/p>\n<h3>California<\/h3>\n<p><a href=\"https:\/\/iibayarea.org\/\" target=\"_blank\" rel=\"noopener noreferrer\">Coalici\u00f3n por los Derechos de los Inmigrantes del \u00c1rea de la Bah\u00eda<\/a><\/p>\n<p><a href=\"https:\/\/www.crlaf.org\/\" target=\"_blank\" rel=\"noopener noreferrer\">Fundaci\u00f3n de Asistencia Legal Rural de California<\/a><\/p>\n<p><a href=\"https:\/\/www.chirla.org\/\" target=\"_blank\" rel=\"noopener noreferrer\">Coalici\u00f3n por los Derechos Humanos de los Inmigrantes de Los \u00c1ngeles<\/a><\/p>\n<p><a href=\"https:\/\/www.lafla.org\/service.php?sect=immigrate&amp;sub=main\" target=\"_blank\" rel=\"noopener noreferrer\">Fundaci\u00f3n de Ayuda Legal de Los \u00c1ngeles &#8211; Inmigraci\u00f3n<\/a><\/p>\n<h3>Colorado<\/h3>\n<p><a href=\"https:\/\/www.rmian.org\/\" target=\"_blank\" rel=\"noopener noreferrer\">Red de Defensa de la Inmigraci\u00f3n de las Monta\u00f1as Rocosas<\/a><\/p>\n<h3>Connecticut<\/h3>\n<p><a href=\"http:\/\/www.ctneweconomy.org\/\" target=\"_blank\" rel=\"noopener noreferrer\">Centro de Connecticut para una Nueva Econom\u00eda<\/a><\/p>\n<h3>D.C.<\/h3>\n<p><a href=\"https:\/\/www.caircoalition.org\/\" target=\"_blank\" rel=\"noopener noreferrer\">Coalici\u00f3n por los Derechos de los Inmigrantes del \u00c1rea Capital<\/a><\/p>\n<h3>Florida<\/h3>\n<p><a href=\"https:\/\/www.fiacfla.org\/\" target=\"_blank\" rel=\"noopener noreferrer\">Centro de Defensa del Inmigrante de Florida<\/a><\/p>\n<h3>Illinois<\/h3>\n<p><a href=\"https:\/\/www.icirr.org\/\" target=\"_blank\" rel=\"noopener noreferrer\">Coalici\u00f3n de Illinois para los Derechos de los Inmigrantes y Refugiados<\/a><\/p>\n<h3>Iowa<\/h3>\n<p><a href=\"https:\/\/www.irnin.org\/\" target=\"_blank\" rel=\"noopener noreferrer\">Red de Derechos de los Inmigrantes de Iowa y Nebraska<\/a><\/p>\n<h3>Massachusetts<\/h3>\n<p><a href=\"https:\/\/www.miracoalition.org\/\" target=\"_blank\" rel=\"noopener noreferrer\">Coalici\u00f3n de Defensa de los Inmigrantes y Refugiados de Massachusetts<\/a><\/p>\n<p><a href=\"https:\/\/www.simforus.com\/Simforus\/Welcome\/Welcome.html\" target=\"_blank\" rel=\"noopener noreferrer\">Movimiento Estudiantil de Inmigraci\u00f3n<\/a><\/p>\n<h3>Minnesota<\/h3>\n<p><a href=\"https:\/\/www.ilcm.org\/\" target=\"_blank\" rel=\"noopener noreferrer\">Centro Jur\u00eddico para Inmigrantes de Minnesota<\/a><\/p>\n<p><a href=\"https:\/\/mn.gov\/dhs\/resettlement\/\" target=\"_blank\" rel=\"noopener noreferrer\">Defensores de los Derechos Humanos de Minnesota &#8211; Programa de Refugiados e Inmigrantes<\/a><\/p>\n<p><a href=\"https:\/\/mnchurches.org\/what-we-do\/refugee-services\" target=\"_blank\" rel=\"noopener noreferrer\">Consejo de Iglesias de Minnesota &#8211; Servicios para refugiados<\/a><\/p>\n<p><a href=\"https:\/\/www.health.state.mn.us\/divs\/idepc\/refugee\/index.html\" target=\"_blank\" rel=\"noopener noreferrer\">Departamento de Salud de Minnesota &#8211; Programa de Salud para Refugiados<\/a><\/p>\n<p><a href=\"https:\/\/www.minneapolisfoundation.org\/\" target=\"_blank\" rel=\"noopener noreferrer\">The Minneapolis Foundation &#8211; Inmigraci\u00f3n en Minnesota<\/a><\/p>\n<h3>Nebraska<\/h3>\n<p><a href=\"https:\/\/www.irnin.org\/\" target=\"_blank\" rel=\"noopener noreferrer\">Red de Derechos de los Inmigrantes de Iowa y Nebraska<\/a><\/p>\n<h3>Nuevo M\u00e9xico<\/h3>\n<p><a href=\"https:\/\/www.somosunpueblounido.com\/\" target=\"_blank\" rel=\"noopener noreferrer\">Somos Un Pueblo Unido<\/a><\/p>\n<h3>Nueva York<\/h3>\n<p><a href=\"https:\/\/www.nynice.org\/\" target=\"_blank\" rel=\"noopener noreferrer\">New Immigrant Community Empowerment<\/a><\/p>\n<p><a href=\"https:\/\/www.nynice.org\/\" target=\"_blank\" rel=\"noopener noreferrer\">Asociaci\u00f3n de Nuevos Americanos de Nueva York<\/a><\/p>\n<p><a href=\"https:\/\/www.nynice.org\/\" target=\"_blank\" rel=\"noopener noreferrer\">Coalici\u00f3n de Inmigraci\u00f3n de Nueva York<\/a><\/p>\n<h3>Carolina Del Norte<\/h3>\n<p><a href=\"https:\/\/legalaidnc.org\/topic\/other\/immigrant\/\" target=\"_blank\" rel=\"noopener noreferrer\">Servicios Legales del Sur del Piamonte<\/a><\/p>\n<h3>Oreg\u00f3n<\/h3>\n<p><a href=\"https:\/\/www.irco.org\/IRCO\/\" target=\"_blank\" rel=\"noopener noreferrer\">Organizaci\u00f3n de la Comunidad de Inmigrantes y Refugiados<\/a><\/p>\n<p><a href=\"https:\/\/www.pcun.org\/\" target=\"_blank\" rel=\"noopener noreferrer\">Northwest Treeplanters and Farmworkers United<\/a><\/p>\n<h3>Pennsylvania<\/h3>\n<p><a href=\"https:\/\/www.goldenvision.org\/\" target=\"_blank\" rel=\"noopener noreferrer\">Fundaci\u00f3n Golden Vision<\/a><\/p>\n<p><a href=\"https:\/\/www.pirclaw.org\/\" target=\"_blank\" rel=\"noopener noreferrer\">Centro de Recursos para Inmigrantes de Pensilvania<\/a><\/p>\n<h3>Carolina Del Sur<\/h3>\n<p><a href=\"https:\/\/www.scivc.info\/\" target=\"_blank\" rel=\"noopener noreferrer\">Coalici\u00f3n para los nuevos habitantes de Carolina del Sur<\/a><\/p>\n<h3>Tennessee<\/h3>\n<p><a href=\"https:\/\/www.tnimmigrant.org\/\" target=\"_blank\" rel=\"noopener noreferrer\">Coalici\u00f3n por los Derechos de los Inmigrantes y Refugiados de Tennessee<\/a><\/p>\n<h3>Texas<\/h3>\n<p><a href=\"https:\/\/www.americangateways.org\/\" target=\"_blank\" rel=\"noopener noreferrer\">American Gateways (antes Proyecto de Asilo Pol\u00edtico de Austin)<\/a><\/p>\n<p><a href=\"https:\/\/www.austinirc.org\/\" target=\"_blank\" rel=\"noopener noreferrer\">Coalici\u00f3n por los Derechos de los Inmigrantes de Austin<br \/>\n<\/a><\/p>\n<p><a href=\"https:\/\/www.immigrationadvocates.org\/embedded\/iamerica_es\/organization.626673-Refugee_and_Immigrant_Center_for_Education_and_Legal_Services_Inc_RAICES\" target=\"_blank\" rel=\"noopener noreferrer\">Centro de Educaci\u00f3n y Servicios Legales para Refugiados e Inmigrantes, Inc. (Refugee and Immigrant Center for Education and Legal Services &#8211; RAICES)<br \/>\n<\/a><\/p>\n<p><a href=\"https:\/\/www.abanet.org\/publicserv\/immigration\/probar.shtml\" target=\"_blank\" rel=\"noopener noreferrer\">Proyecto de Representaci\u00f3n de Asilo Pro Bono del Sur de Texas (South Texas Pro Bono Asylum Representation Project &#8211; ProBAR)<\/a><\/p>\n<p><a href=\"https:\/\/www.txsip.org\/\" target=\"_blank\" rel=\"noopener noreferrer\">Texans for Sensible Immigration Policy<\/a><\/p>\n<p><a href=\"https:\/\/www.equaljusticecenter.org\/\" target=\"_blank\" rel=\"noopener noreferrer\">El Centro de Igualdad de Justicia<\/a><\/p>\n<p><a href=\"https:\/\/www.womenontheborder.org\/index.htm\" target=\"_blank\" rel=\"noopener noreferrer\">Women on the Border<\/a><\/p>\n<p><a href=\"https:\/\/www.workersdefense.org\/\" target=\"_blank\" rel=\"noopener noreferrer\">Proyecto de Defensa de los Trabajadores<\/a><\/p>\n<h3>Virginia<\/h3>\n<p><a href=\"https:\/\/www.justice4all.org\/\" target=\"_blank\" rel=\"noopener noreferrer\">Centro de Justicia y de Ayuda Legal<\/a><\/p>\n<h3>Washington<\/h3>\n<p><a href=\"https:\/\/www.nwirp.org\/\" target=\"blank\" rel=\"noopener noreferrer\">Proyecto de Derechos de los Inmigrantes del Noroeste<\/a><\/p>\n<\/div><\/div><\/div><\/div><\/div>\n<div class=\"gsp_post_data\" \r\n\t            data-post_type=\"page\" \r\n\t            data-cat=\"\" \r\n\t            data-modified=\"120\"\r\n\t            data-created=\"1434775225\"\r\n\t            data-title=\"Inmigraci\u00f3n: leyes, pol\u00edticas y derechos de inmigrantes\" \r\n\t            data-home=\"https:\/\/www.lincolngoldfinch.com\/es\/\"><\/div>","protected":false},"excerpt":{"rendered":"","protected":false},"author":1,"featured_media":0,"parent":0,"menu_order":0,"comment_status":"closed","ping_status":"closed","template":"","meta":{"_acf_changed":false,"rop_custom_images_group":[],"rop_custom_messages_group":[],"rop_publish_now":"initial","rop_publish_now_accounts":[],"rop_publish_now_history":[],"rop_publish_now_status":"pending","_analytify_skip_tracking":false,"rank_math_title":"Pol\u00edtica de inmigraci\u00f3n por estado | Lincoln-Goldfinch Law","rank_math_description":"Elaboramos un listado con una variedad de enlaces a sitios web utiles sobre la politica de inmigraci\u00f3n en cada estado de EE.UU.","rank_math_focus_keyword":"pol\u00edtica de inmigraci\u00f3n","rank_math_canonical_url":"","footnotes":""},"class_list":["post-5774","page","type-page","status-publish","hentry"],"acf":[],"_links":{"self":[{"href":"https:\/\/www.lincolngoldfinch.com\/es\/wp-json\/wp\/v2\/pages\/5774","targetHints":{"allow":["GET"]}}],"collection":[{"href":"https:\/\/www.lincolngoldfinch.com\/es\/wp-json\/wp\/v2\/pages"}],"about":[{"href":"https:\/\/www.lincolngoldfinch.com\/es\/wp-json\/wp\/v2\/types\/page"}],"author":[{"embeddable":true,"href":"https:\/\/www.lincolngoldfinch.com\/es\/wp-json\/wp\/v2\/users\/1"}],"replies":[{"embeddable":true,"href":"https:\/\/www.lincolngoldfinch.com\/es\/wp-json\/wp\/v2\/comments?post=5774"}],"version-history":[{"count":0,"href":"https:\/\/www.lincolngoldfinch.com\/es\/wp-json\/wp\/v2\/pages\/5774\/revisions"}],"wp:attachment":[{"href":"https:\/\/www.lincolngoldfinch.com\/es\/wp-json\/wp\/v2\/media?parent=5774"}],"curies":[{"name":"wp","href":"https:\/\/api.w.org\/{rel}","templated":true}]}}