{"id":5769,"date":"2015-06-20T04:44:19","date_gmt":"2015-06-20T09:44:19","guid":{"rendered":"https:\/\/www.aia-temp-dev.info\/?page_id=5769"},"modified":"2026-04-27T18:47:38","modified_gmt":"2026-04-27T23:47:38","slug":"informes-servicio-de-investigacion-del-congreso","status":"publish","type":"page","link":"https:\/\/www.lincolngoldfinch.com\/es\/informes-servicio-de-investigacion-del-congreso\/","title":{"rendered":"Servicio de investigaci\u00f3n del congreso: Informes inmigraci\u00f3n"},"content":{"rendered":"<div class=\"fusion-fullwidth fullwidth-box fusion-builder-row-1 fusion-flex-container nonhundred-percent-fullwidth non-hundred-percent-height-scrolling\" style=\"--awb-border-radius-top-left:0px;--awb-border-radius-top-right:0px;--awb-border-radius-bottom-right:0px;--awb-border-radius-bottom-left:0px;--awb-flex-wrap:wrap;\" ><div class=\"fusion-builder-row fusion-row fusion-flex-align-items-flex-start fusion-flex-content-wrap\" style=\"max-width:1331.2px;margin-left: calc(-4% \/ 2 );margin-right: calc(-4% \/ 2 );\"><div class=\"fusion-layout-column fusion_builder_column fusion-builder-column-0 fusion_builder_column_1_1 1_1 fusion-flex-column\" style=\"--awb-bg-size:cover;--awb-width-large:100%;--awb-margin-top-large:0px;--awb-spacing-right-large:1.92%;--awb-margin-bottom-large:0px;--awb-spacing-left-large:1.92%;--awb-width-medium:100%;--awb-spacing-right-medium:1.92%;--awb-spacing-left-medium:1.92%;--awb-width-small:100%;--awb-spacing-right-small:1.92%;--awb-spacing-left-small:1.92%;\"><div class=\"fusion-column-wrapper fusion-flex-justify-content-flex-start fusion-content-layout-column\"><div class=\"fusion-text fusion-text-1\"><h1>Informes Del Servicio De Investigaci\u00f3n Del Congreso Sobre Inmigraci\u00f3n<\/h1>\n<p>El Servicio de Investigaci\u00f3n del Congreso (Congress Research Service &#8211; CRS), una agencia del poder legislativo federal ubicada en la Biblioteca del Congreso, sirve como personal compartido exclusivamente a los comit\u00e9s del Congreso y a los miembros del Congreso. Los expertos del CRS prestan asistencia en todas las etapas del proceso legislativo, desde las primeras consideraciones que preceden a la redacci\u00f3n de un proyecto de ley, pasando por las audiencias de las comisiones y el debate en el pleno, hasta la supervisi\u00f3n de las leyes promulgadas y las diversas actividades de los organismos.<\/p>\n<p>El CRS aborda temas complejos desde una variedad de perspectivas y examina todos los aspectos de una problem\u00e1tica. Los funcionarios analizan las pol\u00edticas actuales y presentan el impacto de las alternativas pol\u00edticas propuestas. Los servicios del CRS son muy variados:<\/p>\n<ul>\n<li>Informes sobre las principales materias pol\u00edticas<\/li>\n<li>Memorandos confidenciales a medida, sesiones informativas y consultas<\/li>\n<li>Seminarios y talleres<\/li>\n<li>Testimonios de expertos en el Congreso<\/li>\n<\/ul>\n<p>Ante la creciente complejidad de las problem\u00e1ticas de la pol\u00edtica p\u00fablica, la necesidad de un an\u00e1lisis perspicaz y exhaustivo se ha vuelto vital. El Congreso conf\u00eda en el CRS para organizar recursos interdisciplinarios, fomentar el pensamiento cr\u00edtico y crear marcos innovadores para ayudar a los legisladores a formular pol\u00edticas s\u00f3lidas, tomar decisiones sobre una serie de cuestiones dif\u00edciles y abordar las preocupaciones y necesidades de sus electores. Estas decisiones guiar\u00e1n y dar\u00e1n forma a la naci\u00f3n hoy y en las generaciones venideras.<\/p>\n<hr \/>\n<p><a href=\"https:\/\/www.hsdl.org\/?view&amp;did=28926\" target=\"_blank\" rel=\"noopener noreferrer\">Legalizaci\u00f3n de extranjeros y ajuste de estatus: Un manual b\u00e1sico (Alien Legalization and Adjustment of Status: A Primer) <\/a> (PDF &#8211; Ingl\u00e9s)<\/p>\n<p><a href=\"https:\/\/constitution.congress.gov\/browse\/essay\/amdt4-6-6-3\/ALDE_00000239\/\" target=\"_blank\" rel=\"noopener noreferrer\">Registros en la frontera seg\u00fan la cuarta enmienda (Border Searches under the Fourth Amendment)<\/a> (PDF &#8211; Ingl\u00e9s)<\/p>\n<p><a href=\"https:\/\/trac.syr.edu\/immigration\/library\/P1.pdf\" target=\"_blank\" rel=\"noopener noreferrer\">Seguridad fronteriza: detenciones de extranjeros \u00abno mexicanos\u00bb (Border Security: Apprehensions of \u00abOther than Mexican\u00bb Aliens)<\/a> (PDF &#8211; Ingl\u00e9s)<\/p>\n<p><a href=\"https:\/\/tracreports.org\/tracker\/dynadata\/2008_05\/RL33659.pdf\" target=\"_blank\" rel=\"noopener noreferrer\">Seguridad fronteriza: Barreras a lo largo de la frontera internacional de Estados Unidos (Border Security: Barriers Along the U.S. International Border)<\/a> (PDF &#8211; Ingl\u00e9s)<\/p>\n<p><a href=\"https:\/\/tracreports.org\/tracfed\/tracker\/dynadata\/2005_12\/RL32399.pdf\" target=\"_blank\" rel=\"noopener noreferrer\">Seguridad fronteriza: Inspecciones, pr\u00e1cticas, pol\u00edticas y temas (Border Security: Inspections, Practices, Policies, and Issues)<\/a> (PDF &#8211; Ingl\u00e9s)<\/p>\n<p><a href=\"https:\/\/tracreports.org\/tracker\/dynadata\/2010_03\/RS21899.pdf\" target=\"_blank\" rel=\"noopener noreferrer\">Seguridad fronteriza: Agencias clave y sus misiones (Border Security: Key Agencies and Their Missions)<\/a> (PDF &#8211; Ingl\u00e9s)<\/p>\n<p><a href=\"https:\/\/sgp.fas.org\/crs\/homesec\/RL32562.pdf\" target=\"_blank\" rel=\"noopener noreferrer\">Seguridad fronteriza: El papel de la patrulla fronteriza de Estados Unidos (Border Security: The Role of the U.S. Border Patrol)<\/a> (PDF &#8211; Ingl\u00e9s)<\/p>\n<p><a href=\"https:\/\/www.cbp.gov\/border-security\/along-us-borders\/history\" target=\"_blank\" rel=\"noopener noreferrer\">Patrullas civiles en la frontera: Cuestiones jur\u00eddicas y pol\u00edticas (Civilian Patrols Along the Border: Legal and Policy Issues)<\/a> (PDF &#8211; Ingl\u00e9s)<\/p>\n<p><a href=\"https:\/\/www.congress.gov\/crs_external_products\/RL\/PDF\/RL32094\/RL32094.4.pdf\" target=\"_blank\" rel=\"noopener noreferrer\">Tarjetas de identificaci\u00f3n consular (Consular Identification Cards)<\/a> (PDF &#8211; Ingl\u00e9s)<\/p>\n<p><a href=\"https:\/\/tracreports.org\/tracfed\/tracker\/dynadata\/2005_12\/RL32276_03112004.pdf\" target=\"_blank\" rel=\"noopener noreferrer\">Convenci\u00f3n contra la tortura: Pol\u00edtica de aplicaci\u00f3n de Estados Unidos en materia de deportaci\u00f3n (Convention Against Torture: U.S. Implementation Policy Concerning Removal)<\/a> (PDF &#8211; Ingl\u00e9s)<\/p>\n<p><a href=\"https:\/\/www.ilw.com\/immigrationdaily\/news\/2006,0825-crs.pdf\" target=\"_blank\" rel=\"noopener noreferrer\">Estimaciones del coste de la inmigraci\u00f3n no autorizada (Ilegal) (Cost Estimates of Unauthorized (Illegal) Immigration)<\/a> (PDF &#8211; Ingl\u00e9s)<\/p>\n<p><a href=\"https:\/\/trac.syr.edu\/immigration\/library\/P585.pdf\" target=\"_blank\" rel=\"noopener noreferrer\">Penalizaci\u00f3n de la presencia ilegal: Temas seleccionadas (Criminalizing Unlawful Presence: Selected Issues)<\/a> (PDF &#8211; Ingl\u00e9s)<\/p>\n<p><a href=\"https:\/\/trac.syr.edu\/immigration\/library\/P48.pdf\" target=\"_blank\" rel=\"noopener noreferrer\">Aplicaci\u00f3n de la ley de inmigraci\u00f3n: El papel de las fuerzas de orden p\u00fablico locales y estatales (Enforcing Immigration Law: Role of Local and State Law Enforcement)<\/a> (PDF &#8211; Ingl\u00e9s)<\/p>\n<p><a href=\"https:\/\/www.uscis.gov\/es\/militares\/naturalizacion-por-medio-del-servicio-militar\" target=\"_blank\" rel=\"noopener noreferrer\">Ciudadan\u00eda acelerada a trav\u00e9s del servicio militar: Pol\u00edtica y temas (Expedited Citizenship Through Military Service: Policy and Issues)<\/a><\/p>\n<p><a href=\"https:\/\/www.everycrsreport.com\/files\/20100323_97-746_f484e8fa2c10e093182d13928677bb502a04db5f.pdf\" target=\"_blank\" rel=\"noopener noreferrer\">Presencia de cient\u00edficos e Ingenieros extranjeros en las instituciones y la mano de obra de Estados Unidos (Foreign Science and Engineering Presence in U.S. Institutions and the Labor Force)<\/a> (PDF &#8211; Ingl\u00e9s)<\/p>\n<p><a href=\"https:\/\/digital.library.unt.edu\/ark:\/67531\/metadc743404\/m1\/1\/high_res_d\/RL33844_2009Feb24.pdf\" target=\"_blank\" rel=\"noopener noreferrer\">Visas para inversionistas extranjeros: Pol\u00edticas y temas (Foreign Investor Visas: Policies and Issues)<\/a> (PDF)<\/p>\n<p><a href=\"https:\/\/www.everycrsreport.com\/files\/20080605_RS22584_741db3b3d23cde16d9db7d961e213972d76e42f4.pdf\" target=\"_blank\" rel=\"noopener noreferrer\">M\u00e9dicos graduados en el extranjero: Breve descripci\u00f3n del programa de exenci\u00f3n de visa J-1 (Foreign Medical Graduates: A Brief Overview of the J-1 Visa Waiver Program)<\/a> (PDF &#8211; Ingl\u00e9s)<\/p>\n<p><a href=\"https:\/\/www2.law.umaryland.edu\/marshall\/crsreports\/crsdocuments\/RL31146_03282002.pdf\" target=\"_blank\" rel=\"noopener noreferrer\">Estudiantes extranjeros en Estados Unidos: Pol\u00edticas y legislaci\u00f3n (Foreign Students in the United States: Policies and Legislation)<\/a> (PDF &#8211; Ingl\u00e9s)<\/p>\n<p><a href=\"https:\/\/www.ansarilawfirm.com\/docs\/H1-B-Visas.pdf\" target=\"_blank\" rel=\"noopener noreferrer\">Visas de tipo H-1B<\/a> (PDF) &#8212;-MISSING LINK<\/p>\n<p><a href=\"https:\/\/www.congress.gov\/crs-product\/RL34556\" target=\"_blank\" rel=\"noopener noreferrer\">Atenci\u00f3n sanitaria para los no ciudadanos detenidos por motivos de inmigraci\u00f3n (Health Care for Non Citizens in Immigration Detention)<\/a> (PDF &#8211; Ingl\u00e9s)<\/p>\n<p><a href=\"https:\/\/trac.syr.edu\/immigration\/library\/P4.pdf\" target=\"_blank\" rel=\"noopener noreferrer\">Inmigraci\u00f3n: Gu\u00eda de recursos en internet (Immigration: A Guide to Internet Resources)<\/a> (PDF &#8211; Ingl\u00e9s)<\/p>\n<p><a href=\"https:\/\/www.usa.gov\/es\/real-id-para-viajar\" target=\"_blank\" rel=\"noopener noreferrer\">Inmigraci\u00f3n: An\u00e1lisis de las principales disposiciones de la ley REAL ID de 2005 (Immigration: Analysis of the Major Provisions of the REAL ID Act of 2005)<\/a><\/p>\n<p><a href=\"https:\/\/www.congress.gov\/crs-product\/R45151\" target=\"_blank\" rel=\"noopener noreferrer\">Consecuencias migratorias de la actividad delictiva (Immigration Consequences of Criminal Activity)<\/a> (PDF &#8211; Ingl\u00e9s)<\/p>\n<p><a href=\"https:\/\/trac.syr.edu\/immigration\/library\/P459.pdf\" target=\"_blank\" rel=\"noopener noreferrer\">Aplicaci\u00f3n de la ley de inmigraci\u00f3n en Estados Unidos (Immigration Enforcement Within the United States)<\/a> (PDF &#8211; Ingl\u00e9s)<\/p>\n<p><a href=\"https:\/\/trac.syr.edu\/immigration\/library\/P1866.pdf\" target=\"_blank\" rel=\"noopener noreferrer\">Fraude de inmigraci\u00f3n: Pol\u00edticas, investigaciones y temas (Immigration Fraud: Policies, Investigations, and Issues)<\/a> (PDF &#8211; Ingl\u00e9s)<\/p>\n<p><a href=\"https:\/\/www.everycrsreport.com\/files\/20060512_RL33125_74a6abda48d1a468d08acbb126a16e0a0035f5a5.pdf\" target=\"_blank\" rel=\"noopener noreferrer\">Legislaci\u00f3n y temas de inmigraci\u00f3n en el 109\u00ba congreso (Immigration Legislation and Issues in the 109th Congress)<\/a> (PDF &#8211; Ingl\u00e9s)<\/p>\n<p><a href=\"https:\/\/www.ilw.com\/immigrationdaily\/news\/2006,0516-crs.pdf\" target=\"_blank\" rel=\"noopener noreferrer\">Reforma de los litigios de inmigraci\u00f3n (Immigration Litigation Reform)<\/a> (PDF &#8211; Ingl\u00e9s)<\/p>\n<p><a href=\"https:\/\/trac.syr.edu\/immigration\/library\/P10.pdf\" target=\"_blank\" rel=\"noopener noreferrer\">Inmigraci\u00f3n de trabajadores agr\u00edcolas invitados: Pol\u00edtica, tendencias y temas legislativos (Immigration of Agricultural Guest Workers: Policy, Trends, and Legislative Issues)<\/a> (PDF &#8211; Ingl\u00e9s)<\/p>\n<p><a href=\"https:\/\/trac.syr.edu\/immigration\/library\/P1772.pdf\" target=\"_blank\" rel=\"noopener noreferrer\">Inmigraci\u00f3n de trabajadores extranjeros: Pruebas y protecciones del mercado laboral (Immigration of Foreign Workers: Labor Market Tests and Protections)<\/a> (PDF &#8211; Ingl\u00e9s)<\/p>\n<p><a href=\"https:\/\/trac.syr.edu\/immigration\/library\/P13.pdf\" target=\"_blank\" rel=\"noopener noreferrer\">Pol\u00edtica de inmigraci\u00f3n sobre la deportaci\u00f3n expedita (Immigration Policy on Expedited Removal)<\/a> (PDF &#8211; Ingl\u00e9s)<\/p>\n<p><a href=\"https:\/\/trac.syr.edu\/immigration\/library\/P1815.pdf\" target=\"_blank\" rel=\"noopener noreferrer\">La reforma migratoria: Breve s\u00edntesis del tema (Immigration Reform: Brief Synthesis of Issue)<\/a> (PDF &#8211; Ingl\u00e9s)<\/p>\n<p><a href=\"https:\/\/www.everycrsreport.com\/files\/20051219_RL33181_2e31913c621f78e50574cb5a2d14baf4e00ac372.pdf\" target=\"_blank\" rel=\"noopener noreferrer\">Legislaci\u00f3n sobre seguridad fronteriza relacionada con la inmigraci\u00f3n en el 109\u00ba congreso (Immigration-Related Border Security Legislation in the 109th Congress)<\/a> (PDF &#8211; Ingl\u00e9s)<\/p>\n<p><a href=\"https:\/\/www.everycrsreport.com\/files\/20100127_RL32369_0a0e3b3ad3bfbcd2567943f7841c558aca4f049e.pdf\" target=\"_blank\" rel=\"noopener noreferrer\">Detenci\u00f3n relacionada con la inmigraci\u00f3n: Temas legislativos actuales (Immigration-Related Detention: Current Legislative Issues)<\/a> (PDF &#8211; Ingl\u00e9s)<\/p>\n<p><a href=\"https:\/\/www.everycrsreport.com\/files\/20090123_RL32657_76fae62bf6a7be75945b13811b9ea280fb003bcd.pdf\" target=\"_blank\" rel=\"noopener noreferrer\">Fraude de documentos relacionados con la inmigraci\u00f3n: Resumen de las consecuencias civiles, penales y migratorias (Immigration-Related Document Fraud: Overview of Civil, Criminal, and Immigration Consequences)<\/a>(PDF &#8211; Ingl\u00e9s)<\/p>\n<p><a href=\"https:\/\/www.everycrsreport.com\/files\/20100624_R40002_14b951cbab83392f154aff869a2233954bf9ec42.pdf\" target=\"_blank\" rel=\"noopener noreferrer\">Aplicaci\u00f3n de la ley migratoria en el lugar de trabajo: Indicadores de desempe\u00f1o (Immigration-Related Worksite Enforcement: Performance Measures)<\/a>(PDF &#8211; Ingl\u00e9s)<\/p>\n<p><a href=\"https:\/\/ilw.com\/immigrationdaily\/news\/2006,0717-crs.pdf\" target=\"_blank\" rel=\"noopener noreferrer\">Estad\u00edsticas migratorias en la web (Immigration Statistics on the Web)<\/a> (PDF &#8211; Ingl\u00e9s)<\/p>\n<p><a href=\"https:\/\/www.everycrsreport.com\/files\/20100112_RL32564_c8f91eae622419859d23835173df033a0e3f25b3.pdf\" target=\"_blank\" rel=\"noopener noreferrer\">Inmigraci\u00f3n: Motivos de exclusi\u00f3n y deportaci\u00f3n de extranjeros relacionados con terrorismo (Immigration: Terrorist Grounds for Exclusion and Removal of Aliens)<\/a> (PDF &#8211; Ingl\u00e9s)<\/p>\n<p><a href=\"https:\/\/www.everycrsreport.com\/files\/20100310_R41104_951cf89c952975cf616804bfe7436dd57deb76f7.pdf\" target=\"_blank\" rel=\"noopener noreferrer\">Expedici\u00f3n de visas de inmigraci\u00f3n y motivos de exclusi\u00f3n: Pol\u00edtica y tendencias (Immigration Visa Issuances and Grounds for Exclusion: Policy and Trends)<\/a> (PDF &#8211; Ingl\u00e9s)<\/p>\n<p><a href=\"https:\/\/www.everycrsreport.com\/files\/20060515_RL32030_ee90f6acff7c071c0ffc4a6dd3bf842199832268.pdf\" target=\"_blank\" rel=\"noopener noreferrer\">Transferencias intraempresariales (Visa L): Temas y legislaci\u00f3n (Intra-company Transfers (L Visa): Issues and Legislation)<\/a> (PDF &#8211; Ingl\u00e9s)<\/p>\n<p><a href=\"https:\/\/www.everycrsreport.com\/files\/20050720_RL33002_d65c43df3e2a343f21f2bc21468bf35171d39b46.pdf\" target=\"_blank\" rel=\"noopener noreferrer\">Pr\u00e1cticas laborales en la industria de empaque de carnes y procesamiento de aves de corral (Labor Practices in the Meat Packing and Poultry Processing Industry)<\/a> (PDF &#8211; Ingl\u00e9s)<\/p>\n<p><a href=\"https:\/\/trac.syr.edu\/immigration\/library\/P4026.pdf\" target=\"_blank\" rel=\"noopener noreferrer\">\u00c9tica jur\u00eddica en materia de inmigraci\u00f3n: Representaci\u00f3n legal y pr\u00e1ctica no autorizada del derecho (Legal Ethics in Immigration Matters: Legal Representation and Unauthorized Practice of Law)<\/a>(PDF &#8211; Ingl\u00e9s)<\/p>\n<p><a href=\"https:\/\/www.everycrsreport.com\/files\/20080415_RS22629_b7031dc52d9ebc8d2a55ee38d9a47804e6de3c8e.pdf\" target=\"_blank\" rel=\"noopener noreferrer\">Documentaci\u00f3n para la ciudadan\u00eda de medicaid (Medicaid Citizenship Documentation)<\/a> (PDF &#8211; Ingl\u00e9s)<\/p>\n<p><a href=\"https:\/\/www.everycrsreport.com\/files\/20100420_R40889_6e4705eba53b0b3989fcfb037c9c651a1702f270.pdf\" target=\"_blank\" rel=\"noopener noreferrer\">Temas de elegibilidad y verificaci\u00f3n de los no ciudadanos en la legislaci\u00f3n de la reforma sanitaria (Non citizen Eligibility and Verification Issues in the Health Care Reform Legislation)<\/a> (PDF &#8211; Ingl\u00e9s)<\/p>\n<p><a href=\"https:\/\/www.everycrsreport.com\/files\/20070124_RS22446_cc33480d0f715bed27bbefc6ff4ddb29f781c01c.pdf\" target=\"_blank\" rel=\"noopener noreferrer\">La permanencia de los no inmigrantes en el pa\u00eds: Breve s\u00edntesis de la situaci\u00f3n (Nonimmigrant Overstays: Brief Synthesis of the Issue)<\/a>(PDF &#8211; Ingl\u00e9s)<\/p>\n<p><a href=\"https:\/\/www.everycrsreport.com\/files\/20040608_RL32044_bb5b3388f19c9abaee5032cfb0e937e5c170316e.pdf\" target=\"_blank\" rel=\"noopener noreferrer\">Consideraciones pol\u00edticas relacionadas con los programas de trabajadores invitados (Policy Considerations Related to Guest Worker Programs)<\/a> (PDF &#8211; Ingl\u00e9s)<\/p>\n<p><a href=\"https:\/\/www.uscis.gov\/es\/residencia-permanente-tarjeta-verde\/categorias-de-elegibilidad-a-la-residencia-permanente\/residencia-permanente-para-informante-no-inmigrante-s\" target=\"_blank\" rel=\"noopener noreferrer\">Visas S para informantes acerca de delitos y terrorismo (S Visas for Criminal and Terrorist Informants)\u00a0<\/a><\/p>\n<p><a href=\"https:\/\/trac.syr.edu\/immigration\/library\/P1077.pdf\" target=\"_blank\" rel=\"noopener noreferrer\">Beneficios de seguridad social para los no ciudadanos: Pol\u00edtica y legislaci\u00f3n actuales (Social Security Benefits for Noncitizens: Current Policy and Legislation)<\/a> (PDF &#8211; Ingl\u00e9s)<\/p>\n<p><a href=\"https:\/\/www.everycrsreport.com\/files\/20071017_RL33431_2180489617e6fec0035d66a0483a17223e4e3072.pdf\" target=\"_blank\" rel=\"noopener noreferrer\">Programa estatal de asistencia a los extranjeros delincuentes (State Criminal Alien Assistance Program &#8211; SCAAP)<\/a> (PDF &#8211; Ingl\u00e9s)<\/p>\n<p><a href=\"https:\/\/trac.syr.edu\/immigration\/library\/P13104.pdf\" target=\"_blank\" rel=\"noopener noreferrer\">Estatus de protecci\u00f3n temporal: Pol\u00edtica y problemas actuales de inmigraci\u00f3n (Temporary Protected Status: Current Immigration Policy and Issues)<\/a> (PDF &#8211; Ingl\u00e9s)<\/p>\n<p><a href=\"https:\/\/www.everycrsreport.com\/reports\/RL34430.html\" target=\"_blank\" rel=\"noopener noreferrer\">La ley REAL ID de 2005: Aspectos legales, reglamentarios y de aplicaci\u00f3n (The REAL ID Act of 2005: Legal, Regulatory, and Implementation Issues)<\/a> (PDF &#8211; Ingl\u00e9s)<\/p>\n<p><a href=\"https:\/\/www.files.ethz.ch\/isn\/118413\/2007-11-02_Gangs_Threat.pdf\" target=\"_blank\" rel=\"noopener noreferrer\">La MS-13 y las pandillas de la calle 18: \u00bfAmenaza transnacional emergente? (The MS-13 and 18th Street Gangs: Emerging Transnational Gang Threats?)<\/a> (PDF &#8211; Ingl\u00e9s)<\/p>\n<p><a href=\"https:\/\/www.everycrsreport.com\/files\/20070125_RL33319_4cec62da541aacd758b8d69d5891412acb9f6f61.pdf\" target=\"_blank\" rel=\"noopener noreferrer\">Avanzando hacia pol\u00edticas de inmigraci\u00f3n m\u00e1s eficaces (Toward More Effective Immigration Policies)<\/a> (PDF &#8211; Ingl\u00e9s)<\/p>\n<p><a href=\"https:\/\/www.congress.gov\/crs_external_products\/RL\/PDF\/RL34317\/RL34317.37.pdf\" target=\"_blank\" rel=\"noopener noreferrer\">Tr\u00e1fico de personas: Pol\u00edtica de Estados Unidos y temas para el congreso (Trafficking in Persons: U.S. Policy and Issues for Congress)<\/a> (PDF &#8211; Ingl\u00e9s)<\/p>\n<p><a href=\"https:\/\/ecommons.cornell.edu\/server\/api\/core\/bitstreams\/9a38143b-85e9-4e1d-b0fa-fb8976eec387\/content\" target=\"_blank\" rel=\"noopener noreferrer\">Estudiantes extranjeros no autorizados, Educaci\u00f3n superior y tasas de matr\u00edcula en el estado: Un an\u00e1lisis jur\u00eddico (Unauthorized Alien Students, Higher Education, and In-State Tuition Rates: A Legal Analysis)<\/a>(PDF &#8211; Ingl\u00e9s)<\/p>\n<p><a href=\"https:\/\/crsreports.congress.gov\/product\/pdf\/RL\/RL33863\" target=\"_blank\" rel=\"noopener noreferrer\">Estudiantes extranjeros no autorizados: Temas y legislaci\u00f3n del \u00abDREAM Act\u00bb (Unauthorized Alien Students: Issues and \u00abDREAM Act\u00bb Legislation)<\/a> (PDF &#8211; Ingl\u00e9s)<\/p>\n<p><a href=\"https:\/\/trac.syr.edu\/immigration\/library\/P1642.pdf\" target=\"_blank\" rel=\"noopener noreferrer\">Ni\u00f1os extranjeros no acompa\u00f1ados: Pol\u00edticas y temas (Unaccompanied Alien Children: Policies and Issues) <\/a> (PDF &#8211; Ingl\u00e9s)<\/p>\n<p><a href=\"https:\/\/cdn.factcheck.org\/UploadedFiles\/CRS-Citizenship-Report.pdf\" target=\"_blank\" rel=\"noopener noreferrer\">Ciudadan\u00eda estadounidense de las personas nacidas en Estados Unidos de padres extranjeros (U.S. Citizenship of Persons Born in the United States to Alien Parents)<\/a> (PDF &#8211; Ingl\u00e9s)<\/p>\n<p><a href=\"https:\/\/www.uscis.gov\/humanitarian\/refugees-and-asylum\/asylum\" target=\"_blank\" rel=\"noopener noreferrer\">Pol\u00edtica de inmigraci\u00f3n de Estados Unidos sobre los solicitantes de asilo (U.S. Immigration Policy on Asylum Seekers)<\/a><\/p>\n<p><a href=\"https:\/\/www.everycrsreport.com\/files\/20110517_RS21349_c6a8bc391c450f3244b0151c20deab7110d31290.pdf\" target=\"_blank\" rel=\"noopener noreferrer\">Pol\u00edtica de inmigraci\u00f3n de Estados Unidos sobre los migrantes haitianos (U.S. Immigration Policy on Haitian Migrants)<\/a> (PDF &#8211; Ingl\u00e9s)<\/p>\n<p><a href=\"https:\/\/www.everycrsreport.com\/files\/20120313_RL32235_d55b68311ed50bfc76e61ca68ad76b78e9e8aef6.pdf\" target=\"_blank\" rel=\"noopener noreferrer\">Pol\u00edtica de inmigraci\u00f3n de Estados Unidos sobre las admisiones permanentes (U.S. Immigration Policy on Permanent Admissions)<\/a> (PDF &#8211; Ingl\u00e9s)<\/p>\n<p><a href=\"https:\/\/www.dhs.gov\/xlibrary\/assets\/usvisit\/usvisit_edu_traveler_brochure_spanish.pdf\" target=\"_blank\" rel=\"noopener noreferrer\">Programa de visitas a Estados Unidos (U.S. Visit Program)<\/a> (PDF &#8211; Ingl\u00e9s)<\/p>\n<p><a href=\"https:\/\/www.uscis.gov\/sites\/default\/files\/document\/forms\/i-485instr.pdf\" target=\"_blank\" rel=\"noopener noreferrer\">Ley de violencia contra las mujeres (Violence Against Women Act &#8211; VAWA)<\/a> (PDF &#8211; Ingl\u00e9s)<\/p>\n<p><a href=\"https:\/\/www.everycrsreport.com\/files\/20030124_RL31512_c0cb75c9af5f15779f26a99ecfbaf4f386d54497.pdf\" target=\"_pdf\" rel=\"noopener noreferrer\">Expedici\u00f3n de visas: Pol\u00edtica, problemas y legislaci\u00f3n (Visa Issuances: Policy, Issues, and Legislation)<\/a> (PDF &#8211; Ingl\u00e9s)<\/p>\n<p><a href=\"https:\/\/tracreports.org\/tracker\/dynadata\/2011_01\/R41093.pdf\" target=\"_blank\" rel=\"noopener noreferrer\">Pol\u00edtica de seguridad de visas: Funciones de los departamentos de Estado y de seguridad nacional (Visa Security Policy: Roles of the Departments of State and Homeland Security)<\/a> (PDF &#8211; Ingl\u00e9s)<\/p>\n<p><a href=\"https:\/\/www.everycrsreport.com\/files\/20160801_RL32221_d08477f620e9b36070cf6eda3b36938c9acd3ffe.pdf\" target=\"_blank\" rel=\"noopener noreferrer\">Programa de exenci\u00f3n de visa (Visa Waiver Program) <\/a> (PDF &#8211; Ingl\u00e9s)<\/p>\n<hr \/>\n<p>Si usted o un ser querido necesita ayuda con su caso de inmigraci\u00f3n en Austin, \u00a1<a href=\"https:\/\/www.lincolngoldfinch.com\/es\/contactenos\/\">Contacte a la abogada Kate Lincoln-Goldfinch hoy<\/a>!<\/p>\n<\/div><\/div><\/div><\/div><\/div>\n<div class=\"gsp_post_data\" \r\n\t            data-post_type=\"page\" \r\n\t            data-cat=\"\" \r\n\t            data-modified=\"120\"\r\n\t            data-created=\"1434775459\"\r\n\t            data-title=\"Servicio de investigaci\u00f3n del congreso: Informes inmigraci\u00f3n\" \r\n\t            data-home=\"https:\/\/www.lincolngoldfinch.com\/es\/\"><\/div>","protected":false},"excerpt":{"rendered":"","protected":false},"author":1,"featured_media":0,"parent":0,"menu_order":0,"comment_status":"closed","ping_status":"closed","template":"","meta":{"_acf_changed":false,"rop_custom_images_group":[],"rop_custom_messages_group":[],"rop_publish_now":"initial","rop_publish_now_accounts":[],"rop_publish_now_history":[],"rop_publish_now_status":"pending","_analytify_skip_tracking":false,"rank_math_title":"Informes de servicio de investigaci\u00f3n del congreso","rank_math_description":"Reunimos varios documentos con informes del Servicio de Investigaci\u00f3n del Congreso de EE. UU. sobre temas de inmigraci\u00f3n.","rank_math_focus_keyword":"servicio de investigaci\u00f3n del congreso","rank_math_canonical_url":"","footnotes":""},"class_list":["post-5769","page","type-page","status-publish","hentry"],"acf":[],"_links":{"self":[{"href":"https:\/\/www.lincolngoldfinch.com\/es\/wp-json\/wp\/v2\/pages\/5769","targetHints":{"allow":["GET"]}}],"collection":[{"href":"https:\/\/www.lincolngoldfinch.com\/es\/wp-json\/wp\/v2\/pages"}],"about":[{"href":"https:\/\/www.lincolngoldfinch.com\/es\/wp-json\/wp\/v2\/types\/page"}],"author":[{"embeddable":true,"href":"https:\/\/www.lincolngoldfinch.com\/es\/wp-json\/wp\/v2\/users\/1"}],"replies":[{"embeddable":true,"href":"https:\/\/www.lincolngoldfinch.com\/es\/wp-json\/wp\/v2\/comments?post=5769"}],"version-history":[{"count":1,"href":"https:\/\/www.lincolngoldfinch.com\/es\/wp-json\/wp\/v2\/pages\/5769\/revisions"}],"predecessor-version":[{"id":107337,"href":"https:\/\/www.lincolngoldfinch.com\/es\/wp-json\/wp\/v2\/pages\/5769\/revisions\/107337"}],"wp:attachment":[{"href":"https:\/\/www.lincolngoldfinch.com\/es\/wp-json\/wp\/v2\/media?parent=5769"}],"curies":[{"name":"wp","href":"https:\/\/api.w.org\/{rel}","templated":true}]}}