{"id":5752,"date":"2015-06-20T04:49:16","date_gmt":"2015-06-20T09:49:16","guid":{"rendered":"https:\/\/www.aia-temp-dev.info\/?page_id=5752"},"modified":"2026-04-23T08:47:35","modified_gmt":"2026-04-23T13:47:35","slug":"sitios-web-utiles","status":"publish","type":"page","link":"https:\/\/www.lincolngoldfinch.com\/es\/sitios-web-utiles\/","title":{"rendered":"Sitios web \u00fatiles para informaci\u00f3n sobre inmigraci\u00f3n"},"content":{"rendered":"<div class=\"fusion-fullwidth fullwidth-box fusion-builder-row-1 fusion-flex-container nonhundred-percent-fullwidth non-hundred-percent-height-scrolling\" style=\"--awb-border-radius-top-left:0px;--awb-border-radius-top-right:0px;--awb-border-radius-bottom-right:0px;--awb-border-radius-bottom-left:0px;--awb-flex-wrap:wrap;\" ><div class=\"fusion-builder-row fusion-row fusion-flex-align-items-flex-start fusion-flex-content-wrap\" style=\"max-width:1331.2px;margin-left: calc(-4% \/ 2 );margin-right: calc(-4% \/ 2 );\"><div class=\"fusion-layout-column fusion_builder_column fusion-builder-column-0 fusion_builder_column_1_1 1_1 fusion-flex-column\" style=\"--awb-bg-size:cover;--awb-width-large:100%;--awb-margin-top-large:0px;--awb-spacing-right-large:1.92%;--awb-margin-bottom-large:0px;--awb-spacing-left-large:1.92%;--awb-width-medium:100%;--awb-spacing-right-medium:1.92%;--awb-spacing-left-medium:1.92%;--awb-width-small:100%;--awb-spacing-right-small:1.92%;--awb-spacing-left-small:1.92%;\"><div class=\"fusion-column-wrapper fusion-flex-justify-content-flex-start fusion-content-layout-column\"><div class=\"fusion-title title fusion-title-1 fusion-sep-none fusion-title-text fusion-title-size-one\" style=\"--awb-margin-top-small:10px;--awb-margin-right-small:0px;--awb-margin-bottom-small:10px;--awb-margin-left-small:0px;\"><h1 class=\"fusion-title-heading title-heading-left\" style=\"margin:0;\">Sitios web \u00fatiles sobre la ley migratoria de EE.UU.<\/h1><\/div><div class=\"fusion-text fusion-text-1\"><p><a href=\"https:\/\/www.alternet.org\/immigration\" target=\"_blank\" rel=\"noopener noreferrer\">P\u00e1gina de Inmigraci\u00f3n de AlterNet<\/a><\/p>\n<p><a href=\"https:\/\/www.abanet.org\/publicserv\/immigration\/home.html\" target=\"_blank\" rel=\"noopener noreferrer\">Comisi\u00f3n de Inmigraci\u00f3n del Colegio de Abogados de Estados Unidos<\/a><\/p>\n<p><a href=\"https:\/\/www.aila.org\/\" target=\"_blank\" rel=\"noopener noreferrer\">Asociaci\u00f3n Americana de Abogados de Inmigraci\u00f3n<\/a><\/p>\n<p><a href=\"https:\/\/www.americanimmigrationcouncil.org\/\" target=\"_blank\" rel=\"noopener noreferrer\">Consejo Americano de Inmigraci\u00f3n<\/a><\/p>\n<p><a href=\"https:\/\/ccis.ucsd.edu\/\" target=\"_blank\" rel=\"noopener noreferrer\">Centro de Estudios Comparativos sobre Inmigraci\u00f3n<\/a><\/p>\n<p><a href=\"https:\/\/www.uscis.gov\/laws-and-policy\/regulations\" target=\"_blank\" rel=\"noopener noreferrer\">C\u00f3digo de Reglamentos Federales<\/a><\/p>\n<p><a href=\"https:\/\/www.law.cornell.edu\/wex\/index.php\/Immigration\" target=\"_blank\" rel=\"noopener noreferrer\">Instituto de Informaci\u00f3n Jur\u00eddica de Cornell &#8211; Inmigraci\u00f3n<\/a><\/p>\n<p><a href=\"https:\/\/www.oalj.dol.gov\/libina.htm\" target=\"_blank\" rel=\"noopener noreferrer\">Biblioteca de Derecho Laboral &#8211; Colecci\u00f3n sobre Inmigraci\u00f3n<\/a><\/p>\n<p><a href=\"https:\/\/www.justice.gov\/eoir\/vll\/ILA-Newsleter\/lib_ila.html\" target=\"_blank\" rel=\"noopener noreferrer\">Biblioteca Jur\u00eddica Virtual de la Oficina Ejecutiva para la Revisi\u00f3n Migratoria (Executive Office for Immigration Review &#8211; EOIR)<\/a><\/p>\n<p><a href=\"https:\/\/www.law.georgetown.edu\/library\/research\/guides\/ImmigrationLaw.cfm\" target=\"_blank\" rel=\"noopener noreferrer\">Biblioteca de Derecho de Georgetown &#8211; Gu\u00eda de Investigaci\u00f3n sobre la Ley Migratoria de los Estados Unidos<\/a><\/p>\n<p><a href=\"https:\/\/www.ilw.com\/\" target=\"_blank\" rel=\"noopener noreferrer\">ILW.COM<\/a><\/p>\n<p><a href=\"https:\/\/www.iom.int\/jahia\/jsp\/index.jsp\" target=\"_blank\" rel=\"noopener noreferrer\">Organizaci\u00f3n Internacional para las Migraciones<\/a><\/p>\n<p><a href=\"https:\/\/www.ilrc.org\/\" target=\"_blank\" rel=\"noopener noreferrer\">Centro de Recursos Legales para Inmigrantes<\/a><\/p>\n<p><a href=\"https:\/\/www.immigrationadvocates.org\/\" target=\"_blank\" rel=\"noopener noreferrer\">Red de Defensores de la Inmigraci\u00f3n<\/a><\/p>\n<p><a href=\"https:\/\/mediamatters.org\/issues\/immigration\" target=\"_blank\" rel=\"noopener noreferrer\">P\u00e1gina de Inmigraci\u00f3n de Media Matters<\/a><\/p>\n<p><a href=\"https:\/\/migration.ucdavis.edu\/\" target=\"_blank\" rel=\"noopener noreferrer\">Di\u00e1logo sobre la Migraci\u00f3n &#8211; Universidad de California en Davis<\/a><\/p>\n<p><a href=\"https:\/\/www.migrationpolicy.org\/\" target=\"_blank\" rel=\"noopener noreferrer\">Instituto de Pol\u00edtica Migratoria<\/a><\/p>\n<p><a href=\"https:\/\/www.npr.org\/templates\/story\/story.php?storyId=5310549\" target=\"_blank\" rel=\"noopener noreferrer\">National Public Radio &#8211; El Debate sobre la Inmigraci\u00f3n<\/a><\/p>\n<p><a href=\"https:\/\/topics.nytimes.com\/top\/reference\/timestopics\/subjects\/i\/immigration_and_refugees\/index.html?inline=nyt-classifier\" target=\"_blank\" rel=\"noopener noreferrer\">New York Times &#8211; Inmigraci\u00f3n y Refugiados<\/a><\/p>\n<p><a href=\"https:\/\/pewhispanic.org\/\" target=\"_blank\" rel=\"noopener noreferrer\">Centro Hispano Pew<\/a><\/p>\n<p><a href=\"https:\/\/www.urban.org\/immigrants\/index.cfm\" target=\"_blank\" rel=\"noopener noreferrer\">Instituto Urbano &#8211; Inmigrantes<\/a><\/p>\n<p><a href=\"https:\/\/trac.syr.edu\/immigration\/\" target=\"_blank\" rel=\"noopener noreferrer\">Base de Datos de Acceso a Registros Transaccionales (Transactional Records Access Clearinghouse &#8211; TRAC) de Inmigraci\u00f3n<\/a><\/p>\n<p><a href=\"https:\/\/news.yahoo.com\/topics\/immigration\" target=\"_blank\" rel=\"noopener noreferrer\">Yahoo! Noticias &#8211; Inmigraci\u00f3n<\/a><\/p>\n<p><a href=\"https:\/\/www.uscis.gov\/laws-and-policy\/legislation\/immigration-and-nationality-act\" target=\"_blank\" rel=\"noopener noreferrer\">C\u00f3digo de los Estados Unidos<\/a><\/p>\n<\/div><\/div><\/div><\/div><\/div>\n<div class=\"gsp_post_data\" \r\n\t            data-post_type=\"page\" \r\n\t            data-cat=\"\" \r\n\t            data-modified=\"120\"\r\n\t            data-created=\"1434775756\"\r\n\t            data-title=\"Sitios web \u00fatiles para informaci\u00f3n sobre inmigraci\u00f3n\" \r\n\t            data-home=\"https:\/\/www.lincolngoldfinch.com\/es\/\"><\/div>","protected":false},"excerpt":{"rendered":"","protected":false},"author":1,"featured_media":0,"parent":0,"menu_order":0,"comment_status":"closed","ping_status":"closed","template":"","meta":{"_acf_changed":false,"rop_custom_images_group":[],"rop_custom_messages_group":[],"rop_publish_now":"initial","rop_publish_now_accounts":[],"rop_publish_now_history":[],"rop_publish_now_status":"pending","_analytify_skip_tracking":false,"rank_math_title":"Sitios web \u00fatiles | Lincoln-Goldfinch Law","rank_math_description":"Reunimos y elaboramos una lista con diversos sitios web \u00fatiles donde puede encontrar informaci\u00f3n sobre la inmigraci\u00f3n a EE.UU.","rank_math_focus_keyword":"sitios web","rank_math_canonical_url":"","footnotes":""},"class_list":["post-5752","page","type-page","status-publish","hentry"],"acf":[],"_links":{"self":[{"href":"https:\/\/www.lincolngoldfinch.com\/es\/wp-json\/wp\/v2\/pages\/5752","targetHints":{"allow":["GET"]}}],"collection":[{"href":"https:\/\/www.lincolngoldfinch.com\/es\/wp-json\/wp\/v2\/pages"}],"about":[{"href":"https:\/\/www.lincolngoldfinch.com\/es\/wp-json\/wp\/v2\/types\/page"}],"author":[{"embeddable":true,"href":"https:\/\/www.lincolngoldfinch.com\/es\/wp-json\/wp\/v2\/users\/1"}],"replies":[{"embeddable":true,"href":"https:\/\/www.lincolngoldfinch.com\/es\/wp-json\/wp\/v2\/comments?post=5752"}],"version-history":[{"count":1,"href":"https:\/\/www.lincolngoldfinch.com\/es\/wp-json\/wp\/v2\/pages\/5752\/revisions"}],"predecessor-version":[{"id":107306,"href":"https:\/\/www.lincolngoldfinch.com\/es\/wp-json\/wp\/v2\/pages\/5752\/revisions\/107306"}],"wp:attachment":[{"href":"https:\/\/www.lincolngoldfinch.com\/es\/wp-json\/wp\/v2\/media?parent=5752"}],"curies":[{"name":"wp","href":"https:\/\/api.w.org\/{rel}","templated":true}]}}