{"id":5748,"date":"2015-06-20T04:52:33","date_gmt":"2015-06-20T09:52:33","guid":{"rendered":"https:\/\/www.aia-temp-dev.info\/?page_id=5748"},"modified":"2025-10-27T20:51:07","modified_gmt":"2025-10-28T01:51:07","slug":"tiempos-de-espera-para-solicitudes-de-inmigracion","status":"publish","type":"page","link":"https:\/\/www.lincolngoldfinch.com\/es\/tiempos-de-espera-para-solicitudes-de-inmigracion\/","title":{"rendered":"Tiempos de espera para visas y solicitudes migratorias"},"content":{"rendered":"<div class=\"fusion-fullwidth fullwidth-box fusion-builder-row-1 fusion-flex-container nonhundred-percent-fullwidth non-hundred-percent-height-scrolling\" style=\"--awb-border-radius-top-left:0px;--awb-border-radius-top-right:0px;--awb-border-radius-bottom-right:0px;--awb-border-radius-bottom-left:0px;--awb-flex-wrap:wrap;\" ><div class=\"fusion-builder-row fusion-row fusion-flex-align-items-flex-start fusion-flex-content-wrap\" style=\"max-width:1331.2px;margin-left: calc(-4% \/ 2 );margin-right: calc(-4% \/ 2 );\"><div class=\"fusion-layout-column fusion_builder_column fusion-builder-column-0 fusion_builder_column_1_1 1_1 fusion-flex-column\" style=\"--awb-bg-size:cover;--awb-width-large:100%;--awb-margin-top-large:0px;--awb-spacing-right-large:1.92%;--awb-margin-bottom-large:0px;--awb-spacing-left-large:1.92%;--awb-width-medium:100%;--awb-spacing-right-medium:1.92%;--awb-spacing-left-medium:1.92%;--awb-width-small:100%;--awb-spacing-right-small:1.92%;--awb-spacing-left-small:1.92%;\"><div class=\"fusion-column-wrapper fusion-flex-justify-content-flex-start fusion-content-layout-column\"><div class=\"fusion-title title fusion-title-1 fusion-sep-none fusion-title-text fusion-title-size-one\" style=\"--awb-margin-top-small:10px;--awb-margin-right-small:0px;--awb-margin-bottom-small:10px;--awb-margin-left-small:0px;\"><h1 class=\"fusion-title-heading title-heading-left\" style=\"margin:0;\">Tiempos de espera para solicitudes, visas y apelaciones<\/h1><\/div><div class=\"fusion-text fusion-text-1\"><p><a href=\"https:\/\/www.uscis.gov\/about-us\/directorates-and-program-offices\/administrative-appeals-office-aao\/aao-processing-times\" target=\"_blank\" rel=\"noopener noreferrer\">Oficina de Apelaciones Administrativos<\/a><\/p>\n<p><a href=\"https:\/\/egov.uscis.gov\/office-locator\/#\/\" target=\"_blank\" rel=\"noopener noreferrer\">Centros de servicio del Servicio de Ciudadan\u00eda e Inmigraci\u00f3n de los Estados Unidos (United States Citizenship and Immigration Services &#8211; UCIS) y Oficinas Locales del Distrito<\/a><\/p>\n<p><a href=\"https:\/\/www.uscis.gov\/about-us\/freedom-information-and-privacy-act-foia\/foia-request-status-check-average-processing-times\/check-status-request\" target=\"_blank\" rel=\"noopener noreferrer\">Comprobaci\u00f3n del Estado de la solicitud bajo Ley de Libertad de Acceso a la Informaci\u00f3n (Freedom of Information Act &#8211; FOIA) ante el USCIS<\/a><\/p>\n<\/div><\/div><\/div><\/div><\/div>\n<div class=\"gsp_post_data\" \r\n\t            data-post_type=\"page\" \r\n\t            data-cat=\"\" \r\n\t            data-modified=\"120\"\r\n\t            data-created=\"1434775953\"\r\n\t            data-title=\"Tiempos de espera para visas y solicitudes migratorias\" \r\n\t            data-home=\"https:\/\/www.lincolngoldfinch.com\/es\/\"><\/div>","protected":false},"excerpt":{"rendered":"","protected":false},"author":1,"featured_media":0,"parent":0,"menu_order":0,"comment_status":"closed","ping_status":"closed","template":"","meta":{"_acf_changed":false,"rop_custom_images_group":[],"rop_custom_messages_group":[],"rop_publish_now":"initial","rop_publish_now_accounts":[],"rop_publish_now_history":[],"rop_publish_now_status":"pending","_analytify_skip_tracking":false,"rank_math_title":"Solicitudes de inmigraci\u00f3n y tiempos de espera","rank_math_description":"Conozca los tiempos de espera de solicitudes de inmigraci\u00f3n en EE. UU. Nuestros abogados pueden ayudarle en el proceso.","rank_math_focus_keyword":"solicitudes de inmigraci\u00f3n","rank_math_canonical_url":"","footnotes":""},"class_list":["post-5748","page","type-page","status-publish","hentry"],"acf":[],"_links":{"self":[{"href":"https:\/\/www.lincolngoldfinch.com\/es\/wp-json\/wp\/v2\/pages\/5748","targetHints":{"allow":["GET"]}}],"collection":[{"href":"https:\/\/www.lincolngoldfinch.com\/es\/wp-json\/wp\/v2\/pages"}],"about":[{"href":"https:\/\/www.lincolngoldfinch.com\/es\/wp-json\/wp\/v2\/types\/page"}],"author":[{"embeddable":true,"href":"https:\/\/www.lincolngoldfinch.com\/es\/wp-json\/wp\/v2\/users\/1"}],"replies":[{"embeddable":true,"href":"https:\/\/www.lincolngoldfinch.com\/es\/wp-json\/wp\/v2\/comments?post=5748"}],"version-history":[{"count":0,"href":"https:\/\/www.lincolngoldfinch.com\/es\/wp-json\/wp\/v2\/pages\/5748\/revisions"}],"wp:attachment":[{"href":"https:\/\/www.lincolngoldfinch.com\/es\/wp-json\/wp\/v2\/media?parent=5748"}],"curies":[{"name":"wp","href":"https:\/\/api.w.org\/{rel}","templated":true}]}}