{"id":57436,"date":"2023-09-07T21:00:21","date_gmt":"2023-09-08T02:00:21","guid":{"rendered":"https:\/\/www.lincolngoldfinch.com\/?page_id=57436"},"modified":"2025-03-19T10:27:25","modified_gmt":"2025-03-19T15:27:25","slug":"aprobacion-i-360","status":"publish","type":"page","link":"https:\/\/www.lincolngoldfinch.com\/es\/areas-de-practica\/vawa\/aprobacion-i-360\/","title":{"rendered":"\u00bfQu\u00e9 ocurre una vez aprobado el I-360?"},"content":{"rendered":"<div class=\"fusion-fullwidth fullwidth-box fusion-builder-row-1 fusion-flex-container nonhundred-percent-fullwidth non-hundred-percent-height-scrolling\" style=\"--awb-border-radius-top-left:0px;--awb-border-radius-top-right:0px;--awb-border-radius-bottom-right:0px;--awb-border-radius-bottom-left:0px;--awb-flex-wrap:wrap;\" ><div class=\"fusion-builder-row fusion-row fusion-flex-align-items-flex-start fusion-flex-content-wrap\" style=\"max-width:1331.2px;margin-left: calc(-4% \/ 2 );margin-right: calc(-4% \/ 2 );\"><div class=\"fusion-layout-column fusion_builder_column fusion-builder-column-0 fusion_builder_column_1_1 1_1 fusion-flex-column\" style=\"--awb-bg-size:cover;--awb-width-large:100%;--awb-margin-top-large:0px;--awb-spacing-right-large:2.56%;--awb-margin-bottom-large:0px;--awb-spacing-left-large:1.92%;--awb-width-medium:100%;--awb-spacing-right-medium:2.56%;--awb-spacing-left-medium:1.92%;--awb-width-small:100%;--awb-spacing-right-small:1.92%;--awb-spacing-left-small:1.92%;\"><div class=\"fusion-column-wrapper fusion-flex-justify-content-flex-start fusion-content-layout-column\"><div class=\"fusion-title title fusion-title-1 fusion-sep-none fusion-title-text fusion-title-size-one\" style=\"--awb-margin-top-small:10px;--awb-margin-right-small:0px;--awb-margin-bottom-small:10px;--awb-margin-left-small:0px;\"><h1 class=\"fusion-title-heading title-heading-left\" style=\"margin:0;\">\u00bfQu\u00e9 ocurre una vez aprobado el I-360?<\/h1><\/div><div class=\"fusion-text fusion-text-1\"><p>La aprobaci\u00f3n de una petici\u00f3n I-360 representa un logro notable para las personas que persiguen beneficios de inmigraci\u00f3n en Estados Unidos. Una vez que su autopetici\u00f3n VAWA haya prosperado, comenzar\u00e1 su progreso hacia la adquisici\u00f3n de los beneficios a los que tiene derecho.<\/p>\n<p>Examinar los procedimientos subsiguientes al apoyo de la solicitud especial de inmigrante de un individuo. Descubra este completo manual para recorrer eficazmente las siguientes etapas del proceso de inmigraci\u00f3n.<\/p>\n<p><img decoding=\"async\" class=\"alignleft size-full wp-image-57444\" src=\"https:\/\/www.lincolngoldfinch.com\/wp-content\/uploads\/2023\/09\/siguientes-pasos-a-seguir-tras-la-aprobacion-del-i-360.jpg\" alt=\"Siguientes Pasos A Seguir Tras La Aprobaci\u00f3n Del I-360\" width=\"100%\" height=\"683\" srcset=\"https:\/\/www.lincolngoldfinch.com\/wp-content\/uploads\/2023\/09\/siguientes-pasos-a-seguir-tras-la-aprobacion-del-i-360-200x133.jpg 200w, https:\/\/www.lincolngoldfinch.com\/wp-content\/uploads\/2023\/09\/siguientes-pasos-a-seguir-tras-la-aprobacion-del-i-360-400x267.jpg 400w, https:\/\/www.lincolngoldfinch.com\/wp-content\/uploads\/2023\/09\/siguientes-pasos-a-seguir-tras-la-aprobacion-del-i-360-600x400.jpg 600w, https:\/\/www.lincolngoldfinch.com\/wp-content\/uploads\/2023\/09\/siguientes-pasos-a-seguir-tras-la-aprobacion-del-i-360-768x512.jpg 768w, https:\/\/www.lincolngoldfinch.com\/wp-content\/uploads\/2023\/09\/siguientes-pasos-a-seguir-tras-la-aprobacion-del-i-360-800x534.jpg 800w, https:\/\/www.lincolngoldfinch.com\/wp-content\/uploads\/2023\/09\/siguientes-pasos-a-seguir-tras-la-aprobacion-del-i-360-1000x667.jpg 1000w, https:\/\/www.lincolngoldfinch.com\/wp-content\/uploads\/2023\/09\/siguientes-pasos-a-seguir-tras-la-aprobacion-del-i-360.jpg 1024w\" sizes=\"(max-width: 1024px) 100vw, 1024px\" \/><\/p>\n<h2>\u00bfQu\u00e9 ocurre tras la aprobaci\u00f3n de la autopetici\u00f3n VAWA?<\/h2>\n<p>Una vez que su petici\u00f3n I-360 haya sido aprobada, el <a href=\"https:\/\/www.uscis.gov\/es\" target=\"_blank\" rel=\"noopener\">Servicio de Ciudadan\u00eda e Inmigraci\u00f3n de EE.UU. (USCIS)<\/a> le enviar\u00e1 una notificaci\u00f3n oficial de aprobaci\u00f3n.<\/p>\n<p>Tras la aprobaci\u00f3n de la petici\u00f3n I-360, alguien no se convierte autom\u00e1ticamente en ciudadano estadounidense. Ciertos inmigrantes especiales, incluidos los inmigrantes amerasi\u00e1ticos, los menores inmigrantes especiales, los trabajadores religiosos y otros, presentan la petici\u00f3n. Aunque les concede un beneficio o estatus migratorio espec\u00edfico, no conduce a la ciudadan\u00eda inmediata.<\/p>\n<p>USCIS le enviar\u00e1 una forma llamada Form I-797C, Notice of Action, para darle informaci\u00f3n importante sobre diferentes situaciones:<\/p>\n<ul>\n<li style=\"font-weight: 400;\" aria-level=\"1\">Aviso de recibo: USCIS le enviar\u00e1 un aviso de recibo despu\u00e9s de presentar una petici\u00f3n o solicitud. Esta forma confirma que han recibido su caso y las tasas de presentaci\u00f3n. Tambi\u00e9n proporciona un n\u00famero de recibo \u00fanico para seguir su caso en l\u00ednea.<\/li>\n<li style=\"font-weight: 400;\" aria-level=\"1\">Notificaci\u00f3n de rechazo: Si su solicitud est\u00e1 incompleta o contiene informaci\u00f3n o pagos incorrectos, USCIS emitir\u00e1 un aviso de rechazo. Esto significa que no admitir\u00e1n a tr\u00e1mite su solicitud.<\/li>\n<li style=\"font-weight: 400;\" aria-level=\"1\">Aviso de traslado: A veces, USCIS traslada casos a otras oficinas para acelerar la tramitaci\u00f3n. Si su caso es transferido, recibir\u00e1 un aviso de transferencia inform\u00e1ndole del cambio.<\/li>\n<li style=\"font-weight: 400;\" aria-level=\"1\">Reapertura de casos: Si su caso fue denegado anteriormente, pero USCIS lo reabre para su procesamiento, le enviar\u00e1n un aviso de reapertura.<\/li>\n<li style=\"font-weight: 400;\" aria-level=\"1\">Aviso de cita: Cuando tenga que acudir a una cita con el USCIS, como para los datos biom\u00e9tricos o una entrevista, recibir\u00e1 un aviso. Esta forma le indica la fecha y hora de su cita.<\/li>\n<\/ul>\n<h2>\u00bfQu\u00e9 sigue despu\u00e9s de recibir una forma I-797C?<\/h2>\n<p>Si recibe una forma de recibo I-797C, significa que ha presentado una solicitud de prestaci\u00f3n de inmigraci\u00f3n. Sin embargo, esto no significa que USCIS haya aprobado su solicitud todav\u00eda. Por ejemplo, si solicita la nacionalidad estadounidense mediante el formulario N-400, USCIS le enviar\u00e1 el formulario I-797C para confirmar que han recibido su solicitud. Pero eso no significa que ya haya obtenido la ciudadan\u00eda.<\/p>\n<p>Despu\u00e9s de recibir la Notificaci\u00f3n de Aprobaci\u00f3n, revise su estatus migratorio, autorizaci\u00f3n de trabajo e instrucciones. Es importante seguir todas las indicaciones importantes, como las restricciones para trabajar o viajar.<\/p>\n<p>Haz copias adicionales y gu\u00e1rdalas en un lugar seguro. Las solicitudes y la documentaci\u00f3n de inmigraci\u00f3n requieren estas copias.<\/p>\n<p>Si la notificaci\u00f3n de permiso especifica acciones o formularios de seguimiento, aseg\u00farese de presentarlos inmediatamente a las autoridades pertinentes. Podr\u00eda implicar cambiar su estatus migratorio o solicitar una Green Card.<\/p>\n<h2>\u00bfAjuste de estatus o proceso consular?<\/h2>\n<p>Conocer sus opciones para convertirse en residente permanente en Estados Unidos es un primer paso esencial en el proceso de inmigraci\u00f3n. Si su petici\u00f3n I-360 es aceptada, deber\u00e1 elegir entre el ajuste de estatus o el Proceso Consular.<\/p>\n<h3>Ajuste de estatus<\/h3>\n<p>El t\u00e9rmino \u00abAjuste de Estatus\u00bb describe el procedimiento de solicitar el estatus de residente legal permanente estando ya presente en Estados Unidos. Si re\u00fane los requisitos para acogerse al AOS, puede presentar el formulario I-485 ante el USCIS. El procedimiento le permite convertirse en residente permanente sin salir del pa\u00eds.<\/p>\n<h3>Proceso consular<\/h3>\n<p>Por otro lado, el Proceso Consular implica solicitar una Visa de inmigrante en un Consulado o Embajada de su pa\u00eds de origen. El caso se transmitir\u00e1 a la Embajada o Consulado estadounidense correspondiente una vez que el USCIS apruebe la petici\u00f3n I-360.<\/p>\n<p>Un abogado de inmigraci\u00f3n puede asesorarle en funci\u00f3n de sus circunstancias. Pueden ayudarle a sopesar las ventajas de sus opciones y elegir la mejor acci\u00f3n.<\/p>\n<h2>Presentar documentaci\u00f3n adicional<\/h2>\n<p>El siguiente paso en el procedimiento de inmigraci\u00f3n podr\u00eda implicar la presentaci\u00f3n de papeleo adicional. Las solicitudes de material adicional colman lagunas en la aplicaci\u00f3n y resuelven problemas.<\/p>\n<p>Algunos documentos complementarios pueden incluir una Solicitud de Pruebas (RFE) del USCIS, y Si el USCIS deniega su solicitud y reclamaci\u00f3n, puede emitir un NOID. Las peticiones de m\u00e1s pruebas son t\u00edpicas. Algunos ejemplos son la prueba de una relaci\u00f3n calificada, los malos tratos o da\u00f1os continuados, o la admisibilidad en una categor\u00eda de inmigraci\u00f3n.<\/p>\n<p>Tambi\u00e9n pueden pedirle que aclare su caso a lo largo de la tramitaci\u00f3n. Los criterios pueden incluir su conexi\u00f3n, abuso o victimizaci\u00f3n, y otros factores.<\/p>\n<h2>Entrevista y adjudicaci\u00f3n<\/h2>\n<p>La entrevista y la adjudicaci\u00f3n de un candidato seleccionado son uno de los pasos necesarios para obtener el estatus de residente legal permanente en Estados Unidos. La exactitud de la determinaci\u00f3n de la admisibilidad del solicitante depende en gran medida de esta fase.<\/p>\n<p>Los funcionarios de inmigraci\u00f3n pueden verificar los detalles durante las entrevistas y determinaciones. El m\u00e9todo garantiza que toda la informaci\u00f3n es exacta, completa y coincide con las credenciales del solicitante.<\/p>\n<p>Tambi\u00e9n evita el fraude y la tergiversaci\u00f3n en materia de inmigraci\u00f3n. La entrevista podr\u00eda abordar cuestiones sobre la forma aprobada del candidato. Pueden explicar las discrepancias o a\u00f1adir pruebas que apoyen su afirmaci\u00f3n.<\/p>\n<p>La entrevista y el proceso de adjudicaci\u00f3n pueden determinar el derecho a las prestaciones. Los funcionarios de inmigraci\u00f3n comprueban el historial, las relaciones, los documentos justificativos y la admisibilidad para garantizar el cumplimiento.<\/p>\n<p>La comprobaci\u00f3n de antecedentes puede revelar los factores de descalificaci\u00f3n del candidato. Las entrevistas y la adjudicaci\u00f3n aportan equidad al sistema de inmigraci\u00f3n. Garantiza que las aprobaciones se basen en hechos, como exige la ley.<\/p>\n<h2>\u00bfQu\u00e9 ocurre cuando se niega el I-360?<\/h2>\n<p><img decoding=\"async\" class=\"alignleft size-full wp-image-57450\" src=\"https:\/\/www.lincolngoldfinch.com\/wp-content\/uploads\/2023\/09\/conozca-los-hechos-mas-importantes-sobre-la-peticion-i-360.jpg\" alt=\"Conozca Los Hechos M\u00e1s Importantes Sobre La Petici\u00f3n I-360\" width=\"300\" height=\"200\" srcset=\"https:\/\/www.lincolngoldfinch.com\/wp-content\/uploads\/2023\/09\/conozca-los-hechos-mas-importantes-sobre-la-peticion-i-360-200x133.jpg 200w, https:\/\/www.lincolngoldfinch.com\/wp-content\/uploads\/2023\/09\/conozca-los-hechos-mas-importantes-sobre-la-peticion-i-360.jpg 300w\" sizes=\"(max-width: 300px) 100vw, 300px\" \/>El I-360 es un formulario para las personas que solicitan beneficios especiales de inmigraci\u00f3n, como los c\u00f3nyuges de ciudadanos estadounidenses maltratadores. Comprender las implicaciones de la negaci\u00f3n es esencial para que las personas afectadas tomen decisiones informadas de cara al futuro.<\/p>\n<p>Tras recibir una notificaci\u00f3n de negaci\u00f3n, el solicitante puede recurrir la decisi\u00f3n o presentar una moci\u00f3n para reabrir o reconsiderar el caso. Contratar los servicios de un abogado de inmigraci\u00f3n con experiencia es vital durante este proceso. Pueden evaluar los motivos de la negaci\u00f3n y asesorar sobre la mejor manera de proceder.<\/p>\n<p>Alternativamente, si la negaci\u00f3n se debe a la inelegibilidad del solicitante, puede haber otras v\u00edas de inmigraci\u00f3n disponibles. Explorar opciones alternativas de Visa o peticiones patrocinadas por la familia podr\u00edan ser opciones viables para quienes se enfrentan a una denegaci\u00f3n del I-360.<\/p>\n<p>Es crucial recordar que una petici\u00f3n I-360 denegada no significa necesariamente el final del camino. Con la orientaci\u00f3n de un abogado de inmigraci\u00f3n, las personas a\u00fan pueden perseguir sus sue\u00f1os de inmigrar a Estados Unidos.<\/p>\n<p>Adem\u00e1s, durante este proceso es esencial conocer a fondo las opciones disponibles. La paciencia, la perseverancia y el asesoramiento legal adecuado pueden marcar la diferencia a la hora de superar los retos que presenta una I-360 denegada en Texas.<\/p>\n<h2>Conozca los derechos y deberes posteriores a la aprobaci\u00f3n<\/h2>\n<p>El solicitante debe conocer sus derechos y responsabilidades para que el proceso posterior a la aprobaci\u00f3n funcione. La persona a la que se le concede puede optar a varias ventajas y privilegios, incluido un Documento de Autorizaci\u00f3n de Empleo (EAD).<\/p>\n<p>Permite al beneficiario trabajar en Estados Unidos si se aprueba legalmente. Adem\u00e1s, pueden optar a un ajuste de estatus para convertirse en residentes permanentes legales o titulares de una Green Card.<\/p>\n<p>Este AOS puede ser un paso transformador, que conceda al beneficiario el derecho a vivir y trabajar en EE.UU. indefinidamente. Tambi\u00e9n proporciona otros beneficios, como la posibilidad de viajar libremente fuera del pa\u00eds y regresar sin poner en peligro su estatus.<\/p>\n<h2>Contratar a un abogado de inmigraci\u00f3n reputado<\/h2>\n<p>Los abogados de inmigraci\u00f3n poseen conocimientos y experiencia en la tramitaci\u00f3n de peticiones VAWA e I-360. Conocen bien los entresijos de estas v\u00edas espec\u00edficas de inmigraci\u00f3n y comprenden los retos y requisitos espec\u00edficos a los que pueden enfrentarse los solicitantes. Gracias a su competencia, pueden preparar y presentar h\u00e1bilmente un caso s\u00f3lido en nombre del solicitante, aumentando las posibilidades de aprobaci\u00f3n.<\/p>\n<h3>Orientaci\u00f3n y apoyo personalizados<\/h3>\n<p>Cada caso de inmigraci\u00f3n es \u00fanico, y un <a href=\"https:\/\/www.lincolngoldfinch.com\/es\/abogado-de-inmigracion-austin\/ley-violencia-contra-las-mujeres-vawa\/\">abogado experto en VAWA<\/a> se tomar\u00e1 el tiempo necesario para comprender a fondo las circunstancias espec\u00edficas del solicitante. Evaluar\u00e1n el caso desde todos los \u00e1ngulos, proporcionando asesoramiento y estrategias a medida para abordar los posibles retos.<\/p>\n<p>Este nivel de apoyo alivia el estr\u00e9s y la incertidumbre a menudo asociados con el proceso de inmigraci\u00f3n y permite al solicitante centrarse en otros aspectos esenciales de su vida.<\/p>\n<h3>Mitigar retrasos y reducir riesgos<\/h3>\n<p>Gestionar el proceso de aprobaci\u00f3n de VAWA y el I-360 sin representaci\u00f3n legal puede provocar retrasos y mayores riesgos. Los errores en el papeleo o el incumplimiento de los plazos pueden retrasar considerablemente la solicitud. Un abogado de inmigraci\u00f3n se asegura de que todos los formularios se cumplimenten con precisi\u00f3n y se presenten a tiempo, reduciendo el riesgo de retrasos en la tramitaci\u00f3n.<\/p>\n<p>Adem\u00e1s, son expertos en identificar posibles se\u00f1ales de alarma o problemas que puedan poner en peligro la solicitud. Abordar estas preocupaciones aumenta las posibilidades de \u00e9xito y evita contratiempos innecesarios.<\/p>\n<h2>Resumen<\/h2>\n<p>Tras obtener la aprobaci\u00f3n de su petici\u00f3n I-360, recibir\u00e1 una notificaci\u00f3n oficial del USCIS. Sin embargo, esta aprobaci\u00f3n no concede autom\u00e1ticamente la ciudadan\u00eda estadounidense. Tras la aprobaci\u00f3n, USCIS le enviar\u00e1 el formulario I-797C, Notice of Action, que proporciona informaci\u00f3n crucial sobre varios supuestos.<\/p>\n<p>Comprender estos pasos le ayudar\u00e1 a navegar por el proceso de inmigraci\u00f3n con eficacia despu\u00e9s de obtener la aprobaci\u00f3n del I-360. Puede afectar a la continuidad de su elegibilidad o a su situaci\u00f3n legal. Adem\u00e1s, debe seguir demostrando buena conducta moral, cumplir todos sus deberes y comportarse siguiendo todas las normas de inmigraci\u00f3n aplicables.<\/p>\n<p><a href=\"https:\/\/www.lincolngoldfinch.com\/es\/abogado-de-inmigracion-austin\/ley-violencia-contra-las-mujeres-vawa\/inmigracion-vawa\/\" target=\"_blank\" rel=\"noopener\">Lo Que Necesita Saber Cuando Presenta Una VAWA<\/a><\/p>\n<\/div><\/div><\/div><\/div><\/div>\n<div class=\"gsp_post_data\" \r\n\t            data-post_type=\"page\" \r\n\t            data-cat=\"\" \r\n\t            data-modified=\"120\"\r\n\t            data-created=\"1694120421\"\r\n\t            data-title=\"\u00bfQu\u00e9 ocurre una vez aprobado el I-360?\" \r\n\t            data-home=\"https:\/\/www.lincolngoldfinch.com\/es\/\"><\/div>","protected":false},"excerpt":{"rendered":"","protected":false},"author":1,"featured_media":0,"parent":5717,"menu_order":0,"comment_status":"closed","ping_status":"closed","template":"","meta":{"_acf_changed":false,"rop_custom_images_group":[],"rop_custom_messages_group":[],"rop_publish_now":"initial","rop_publish_now_accounts":[],"rop_publish_now_history":[],"rop_publish_now_status":"pending","_analytify_skip_tracking":false,"rank_math_title":"\u00bfQu\u00e9 sigue despu\u00e9s de la aprobaci\u00f3n del I-360?","rank_math_description":"La aprobaci\u00f3n de la petici\u00f3n I-360 es un gran avance para el solicitante. Conozca sus beneficios y los pr\u00f3ximos pasos en su proceso migratorio.","rank_math_focus_keyword":"I-360","rank_math_canonical_url":"","footnotes":""},"class_list":["post-57436","page","type-page","status-publish","hentry"],"acf":[],"_links":{"self":[{"href":"https:\/\/www.lincolngoldfinch.com\/es\/wp-json\/wp\/v2\/pages\/57436","targetHints":{"allow":["GET"]}}],"collection":[{"href":"https:\/\/www.lincolngoldfinch.com\/es\/wp-json\/wp\/v2\/pages"}],"about":[{"href":"https:\/\/www.lincolngoldfinch.com\/es\/wp-json\/wp\/v2\/types\/page"}],"author":[{"embeddable":true,"href":"https:\/\/www.lincolngoldfinch.com\/es\/wp-json\/wp\/v2\/users\/1"}],"replies":[{"embeddable":true,"href":"https:\/\/www.lincolngoldfinch.com\/es\/wp-json\/wp\/v2\/comments?post=57436"}],"version-history":[{"count":0,"href":"https:\/\/www.lincolngoldfinch.com\/es\/wp-json\/wp\/v2\/pages\/57436\/revisions"}],"up":[{"embeddable":true,"href":"https:\/\/www.lincolngoldfinch.com\/es\/wp-json\/wp\/v2\/pages\/5717"}],"wp:attachment":[{"href":"https:\/\/www.lincolngoldfinch.com\/es\/wp-json\/wp\/v2\/media?parent=57436"}],"curies":[{"name":"wp","href":"https:\/\/api.w.org\/{rel}","templated":true}]}}