{"id":5741,"date":"2015-06-20T04:51:10","date_gmt":"2015-06-20T09:51:10","guid":{"rendered":"https:\/\/www.aia-temp-dev.info\/?page_id=5741"},"modified":"2025-10-28T16:13:03","modified_gmt":"2025-10-28T21:13:03","slug":"formularios-inmigracion-estados-unidos","status":"publish","type":"page","link":"https:\/\/www.lincolngoldfinch.com\/es\/formularios-inmigracion-estados-unidos\/","title":{"rendered":"Formularios de inmigraci\u00f3n de USA y otros sitios \u00fatiles"},"content":{"rendered":"<div class=\"fusion-fullwidth fullwidth-box fusion-builder-row-1 fusion-flex-container nonhundred-percent-fullwidth non-hundred-percent-height-scrolling\" style=\"--awb-border-radius-top-left:0px;--awb-border-radius-top-right:0px;--awb-border-radius-bottom-right:0px;--awb-border-radius-bottom-left:0px;--awb-flex-wrap:wrap;\" ><div class=\"fusion-builder-row fusion-row fusion-flex-align-items-flex-start fusion-flex-content-wrap\" style=\"max-width:1331.2px;margin-left: calc(-4% \/ 2 );margin-right: calc(-4% \/ 2 );\"><div class=\"fusion-layout-column fusion_builder_column fusion-builder-column-0 fusion_builder_column_1_1 1_1 fusion-flex-column\" style=\"--awb-bg-size:cover;--awb-width-large:100%;--awb-margin-top-large:0px;--awb-spacing-right-large:1.92%;--awb-margin-bottom-large:0px;--awb-spacing-left-large:1.92%;--awb-width-medium:100%;--awb-spacing-right-medium:1.92%;--awb-spacing-left-medium:1.92%;--awb-width-small:100%;--awb-spacing-right-small:1.92%;--awb-spacing-left-small:1.92%;\"><div class=\"fusion-column-wrapper fusion-flex-justify-content-flex-start fusion-content-layout-column\"><div class=\"fusion-title title fusion-title-1 fusion-sep-none fusion-title-text fusion-title-size-one\" style=\"--awb-margin-top-small:10px;--awb-margin-right-small:0px;--awb-margin-bottom-small:10px;--awb-margin-left-small:0px;\"><h1 class=\"fusion-title-heading title-heading-left\" style=\"margin:0;\">Formularios de inmigraci\u00f3n de USA y otros sitios \u00fatiles<\/h1><\/div><div class=\"fusion-text fusion-text-1\"><hr \/>\n<p><a href=\"https:\/\/www.uscis.gov\/es\/formularios\/todos-los-formularios\" target=\"_blank\" rel=\"noopener noreferrer\">Formularios de Inmigraci\u00f3n del Servicio de Ciudadan\u00eda e Inmigraci\u00f3n de los Estados Unidos (United States Citizenship and Immigration Services &#8211; UCIS)<\/a><\/p>\n<p><a href=\"https:\/\/www.usa.gov\/espanol\/pasaportes-documentos-de-viaje\" target=\"_blank\" rel=\"noopener noreferrer\">Solicitudes y Formularios para el Pasaporte<\/a><\/p>\n<p><a href=\"https:\/\/www.usa.gov\/espanol\/inmigrantes-noresidentes\" target=\"_blank\" rel=\"noopener noreferrer\">Formularios de Solicitud de Visa del Departamento de Estado<\/a><\/p>\n<p><a href=\"https:\/\/www.ssa.gov\/forms\/\" target=\"_blank\" rel=\"noopener noreferrer\">Formularios de Seguridad Social<\/a> (Ingl\u00e9s)<\/p>\n<p><a href=\"https:\/\/www.irs.gov\/individuals\/article\/0,,id=96287,00.html\" target=\"_blank\" rel=\"noopener noreferrer\">Formulario del IRS para el N\u00famero de Identificaci\u00f3n Personal del Contribuyente (Individual Taxpayer Identification Number &#8211; ITIN)<\/a><\/p>\n<p><a href=\"https:\/\/www.usdoj.gov\/eoir\/formslist.htm\" target=\"_blank\" rel=\"noopener noreferrer\">Formularios de la Oficina Ejecutiva para la Revisi\u00f3n Migratoria (Executive Office for Immigration Review &#8211; EOIR)<\/a><\/p>\n<p><a href=\"https:\/\/www.dol.gov\/general\/forms\" target=\"_blank\" rel=\"noopener noreferrer\">Formularios del Departamento de Trabajo de los Estados Unidos<\/a><\/p>\n<p><a href=\"https:\/\/www.texas.gov\/es\/servicios-para-conductores\/renovaciones-reemplazos-de-licencias-de-conducir-e-identificaciones-de-texas\/\" target=\"_blank\" rel=\"noopener noreferrer\">Departamento de Seguridad P\u00fablica de Texas &#8211; Divisi\u00f3n de Licencias de Conducir<\/a><\/p>\n<p><a href=\"https:\/\/www.texas.gov\/es\/directorio-servicios-gubernamentales\/\" target=\"_blank\" rel=\"noopener noreferrer\">Departamento de Seguridad P\u00fablica de Texas &#8211; Servicio de Registros Criminales<\/a><\/p>\n<p><a href=\"https:\/\/www.dshs.state.tx.us\/vs-sp\/\" target=\"_blank\" rel=\"noopener noreferrer\">Departamento Estatal de Servicios de Salud de Texas &#8211; Estad\u00edsticas Vitales de Texas<\/a><\/p>\n<\/div><\/div><\/div><\/div><\/div>\n<div class=\"gsp_post_data\" \r\n\t            data-post_type=\"page\" \r\n\t            data-cat=\"\" \r\n\t            data-modified=\"120\"\r\n\t            data-created=\"1434775870\"\r\n\t            data-title=\"Formularios de inmigraci\u00f3n de USA y otros sitios \u00fatiles\" \r\n\t            data-home=\"https:\/\/www.lincolngoldfinch.com\/es\/\"><\/div>","protected":false},"excerpt":{"rendered":"","protected":false},"author":1,"featured_media":0,"parent":0,"menu_order":0,"comment_status":"closed","ping_status":"closed","template":"","meta":{"_acf_changed":false,"rop_custom_images_group":[],"rop_custom_messages_group":[],"rop_publish_now":"initial","rop_publish_now_accounts":[],"rop_publish_now_history":[],"rop_publish_now_status":"pending","_analytify_skip_tracking":false,"rank_math_title":"Formularios de inmigraci\u00f3n de EE.UU.","rank_math_description":"Para su comodidad, reunimos y elaboramos una lista con variedad de formularios de inmigraci\u00f3n de gran utilidad para su caso migratorio.","rank_math_focus_keyword":"formularios de inmigraci\u00f3n","rank_math_canonical_url":"","footnotes":""},"class_list":["post-5741","page","type-page","status-publish","hentry"],"acf":[],"_links":{"self":[{"href":"https:\/\/www.lincolngoldfinch.com\/es\/wp-json\/wp\/v2\/pages\/5741","targetHints":{"allow":["GET"]}}],"collection":[{"href":"https:\/\/www.lincolngoldfinch.com\/es\/wp-json\/wp\/v2\/pages"}],"about":[{"href":"https:\/\/www.lincolngoldfinch.com\/es\/wp-json\/wp\/v2\/types\/page"}],"author":[{"embeddable":true,"href":"https:\/\/www.lincolngoldfinch.com\/es\/wp-json\/wp\/v2\/users\/1"}],"replies":[{"embeddable":true,"href":"https:\/\/www.lincolngoldfinch.com\/es\/wp-json\/wp\/v2\/comments?post=5741"}],"version-history":[{"count":0,"href":"https:\/\/www.lincolngoldfinch.com\/es\/wp-json\/wp\/v2\/pages\/5741\/revisions"}],"wp:attachment":[{"href":"https:\/\/www.lincolngoldfinch.com\/es\/wp-json\/wp\/v2\/media?parent=5741"}],"curies":[{"name":"wp","href":"https:\/\/api.w.org\/{rel}","templated":true}]}}