{"id":5739,"date":"2015-05-20T10:33:09","date_gmt":"2015-05-20T15:33:09","guid":{"rendered":"https:\/\/www.aia-temp-dev.info\/?page_id=5739"},"modified":"2025-10-27T20:51:32","modified_gmt":"2025-10-28T01:51:32","slug":"ajuste-de-estatus","status":"publish","type":"page","link":"https:\/\/www.lincolngoldfinch.com\/es\/areas-de-practica\/ajuste-de-estatus\/","title":{"rendered":"Gu\u00eda de ajuste de estatus para inmigrantes En EE.UU."},"content":{"rendered":"<div class=\"fusion-fullwidth fullwidth-box fusion-builder-row-1 fusion-flex-container nonhundred-percent-fullwidth non-hundred-percent-height-scrolling\" style=\"--awb-border-radius-top-left:0px;--awb-border-radius-top-right:0px;--awb-border-radius-bottom-right:0px;--awb-border-radius-bottom-left:0px;--awb-flex-wrap:wrap;\" ><div class=\"fusion-builder-row fusion-row fusion-flex-align-items-flex-start fusion-flex-content-wrap\" style=\"max-width:1331.2px;margin-left: calc(-4% \/ 2 );margin-right: calc(-4% \/ 2 );\"><div class=\"fusion-layout-column fusion_builder_column fusion-builder-column-0 fusion_builder_column_1_1 1_1 fusion-flex-column\" style=\"--awb-bg-size:cover;--awb-width-large:100%;--awb-margin-top-large:0px;--awb-spacing-right-large:1.92%;--awb-margin-bottom-large:20px;--awb-spacing-left-large:1.92%;--awb-width-medium:100%;--awb-order-medium:0;--awb-spacing-right-medium:1.92%;--awb-spacing-left-medium:1.92%;--awb-width-small:100%;--awb-order-small:0;--awb-spacing-right-small:1.92%;--awb-spacing-left-small:1.92%;\"><div class=\"fusion-column-wrapper fusion-column-has-shadow fusion-flex-justify-content-flex-start fusion-content-layout-column\"><div class=\"fusion-text fusion-text-1\" style=\"--awb-content-alignment:center;--awb-text-transform:none;\"><h1>Gu\u00eda de ajuste de estatus para inmigrantes En EE.UU.<\/h1>\n<\/div><div class=\"fusion-separator fusion-full-width-sep\" style=\"align-self: center;margin-left: auto;margin-right: auto;margin-top:10px;margin-bottom:20px;width:100%;\"><div class=\"fusion-separator-border sep-single sep-solid\" style=\"--awb-height:20px;--awb-amount:20px;--awb-sep-color:#000000;border-color:#000000;border-top-width:1px;\"><\/div><\/div><div class=\"fusion-text fusion-text-2\" style=\"--awb-text-transform:none;\"><p>Si usted es un inmigrante que se enfrenta a <a href=\"https:\/\/en.wikipedia.org\/wiki\/Removal_proceedings\" target=\"_blank\" rel=\"noopener\">un procedimiento de expulsi\u00f3n<\/a> en Austin, Texas, puede que se pregunte cu\u00e1les son sus opciones. Una opci\u00f3n que tiene a su disposici\u00f3n es un ajuste de estatus. Este proceso permite a los inmigrantes solicitar la Green Card mientras permanecen en Estados Unidos.<\/p>\n<p>En este blog hablaremos de la adaptaci\u00f3n de su estatuto y de las ventajas de hacerlo. Este post tambi\u00e9n proporcionar\u00e1 informaci\u00f3n sobre la Secci\u00f3n 245(i), un programa temporal que permite a algunos inmigrantes ajustar su estatus sin salir del pa\u00eds.<\/p>\n<p>Si se enfrenta a un procedimiento de expulsi\u00f3n, es crucial que busque asesoramiento legal de un abogado de inmigraci\u00f3n con experiencia que pueda ayudarle a elegir la mejor opci\u00f3n. Deje que Lincoln-Goldfinch Law &#8211; Abogados de Inmigraci\u00f3n Firm, con sus h\u00e1biles y capaces abogados de inmigraci\u00f3n, luche por usted.<\/p>\n<p><img decoding=\"async\" class=\"alignnone size-full wp-image-45600\" src=\"https:\/\/www.lincolngoldfinch.com\/wp-content\/uploads\/2023\/01\/si-necesita-regularizarse-migratoriamente-en-los-estados-unidos-asegurese-de-saber-lo-necesario-para-obtener-su-ajuste-de-estatus.webp\" alt=\"Si Necesita Regularizarse Migratoriamente En Los Estados Unidos, Aseg\u00farese De Saber Lo Necesario Para Obtener Su Ajuste De Estatus\" width=\"100%\" height=\"450\" \/><\/p>\n<h2>Ajuste de estatus<\/h2>\n<p>El ajuste de estatus o Secci\u00f3n 245(i) es un proceso de inmigraci\u00f3n disponible para individuos espec\u00edficos nacidos en el extranjero que actualmente residen en Austin, Texas, y otras partes del pa\u00eds. Les permite cambiar su estatus migratorio sin salir del pa\u00eds y pasar por el tr\u00e1mite del consulado.<\/p>\n<p>Por ejemplo, una persona que haya entrado en el pa\u00eds con una Visa de Turista caducada puede solicitar un ajuste de estatus para convertirse en residente legal permanente sin tener que salir de Estados Unidos. Pueden hacerlo sin tener que volver a su pa\u00eds de origen para solicitar una pr\u00f3rroga.<\/p>\n<p>Sin la Secci\u00f3n 245(i), los inmigrantes tendr\u00e1n que salir de Estados Unidos para pasar por el consulado y solicitar la Green Card desde fuera del pa\u00eds. Esto puede dar lugar a una larga espera y a la posible denegaci\u00f3n de su solicitud. Con la Secci\u00f3n 245(i), los inmigrantes pueden solicitar el ajuste de estatus dentro de Estados Unidos y pueden continuar con sus vidas mientras esperan la aprobaci\u00f3n.<\/p>\n<p>La Secci\u00f3n 245(i) es beneficiosa porque permite un ajuste de estatus sin salir del pa\u00eds mientras se solicita una Green Card en Estados Unidos. Tambi\u00e9n reduce los tiempos de espera y aumenta considerablemente las posibilidades de aprobaci\u00f3n.<\/p>\n<p>Adem\u00e1s, en virtud de la secci\u00f3n 245(i), un ajuste puede estar disponible incluso si un inmigrante tiene un caso de deportaci\u00f3n sin resolver en su contra o ha cometido ciertos actos que normalmente le har\u00edan inelegible para el ajuste.<\/p>\n<h2>C\u00f3mo solicitar el cambio de estatus<\/h2>\n<p>El ajuste de estatus o AOS es un proceso utilizado por los inmigrantes en Estados Unidos para obtener el estatus de residente legal permanente (LPR) sin tener que abandonar el pa\u00eds. Generalmente, el ajuste de estatus puede hacerse a trav\u00e9s de peticiones basadas en la familia, peticiones basadas en el matrimonio, peticiones patrocinadas por el empleador y solicitudes de asilo o refugio.<\/p>\n<h3>Peticiones familiares<\/h3>\n<p>Las solicitudes de ajuste de estatus basadas en la familia son para familiares directos de ciudadanos estadounidenses. Esta petici\u00f3n es tambi\u00e9n para aquellos con una fecha de prioridad actual bajo el Bolet\u00edn de Visas. Entre los parientes cercanos se incluyen los c\u00f3nyuges, los hijos solteros menores de 21 a\u00f1os y los padres si el solicitante tiene m\u00e1s de 21 a\u00f1os. Otros miembros de la familia tambi\u00e9n pueden cumplir los requisitos en funci\u00f3n de su relaci\u00f3n con el ciudadano estadounidense o el residente legal patrocinador y de su lugar en la categor\u00eda de preferencia de Visa y fecha de prioridad.<\/p>\n<h3>Peticiones basadas en el matrimonio<\/h3>\n<p>El ajuste de estatus tambi\u00e9n se puede hacer a trav\u00e9s del matrimonio con un ciudadano estadounidense o un patrocinador LPR. Los c\u00f3nyuges, prometidos y otros familiares solteros pueden optar al ajuste de estatuto si cumplen todos los requisitos. Uno de los requisitos es tener una petici\u00f3n I-130 aprobada presentada por un familiar que cumpla los requisitos. Tambi\u00e9n deben disponer de un n\u00famero de Visa de inmigrante.<\/p>\n<h3>Peticiones patrocinadas por la empresa<\/h3>\n<p>Tambi\u00e9n puede obtener la residencia permanente mediante el patrocinio de un empresario. Puede ser a trav\u00e9s de una solicitud directa de ajuste de estatus o de un tr\u00e1mite consular en un consulado de EE.UU. en el extranjero. Tiene que rellenar el formulario I-140 o Petici\u00f3n de Inmigrante para Trabajador Extranjero.<\/p>\n<p>El solicitante debe tener una oferta de trabajo del patrocinador y debe cumplir todos los requisitos del ajuste de estatus basado en el empleo. Por ejemplo, deben demostrar que re\u00fanen los requisitos para un ajuste en Estados Unidos y tener una petici\u00f3n I-140 aprobada presentada por su empleador.<\/p>\n<h3>Solicitudes de asilo o refugio<\/h3>\n<p>Por \u00faltimo, el ajuste de estatus tambi\u00e9n est\u00e1 disponible para las personas que huyen de la persecuci\u00f3n en sus pa\u00edses de origen y buscan refugio en Estados Unidos. Los solicitantes de asilo pueden solicitar el ajuste de estatus mediante el formulario I-485 o a trav\u00e9s del Proceso Consular en la embajada o consulado de EE.UU. en el extranjero, dependiendo del programa aplicable. Usted necesita hablar con un abogado de inmigraci\u00f3n en Austin para entender su elegibilidad para el ajuste de estatus y completar el proceso de solicitud.<\/p>\n<p>El ajuste de estatus est\u00e1 disponible para los inmigrantes en Estados Unidos que re\u00fanen los requisitos para convertirse en residentes permanentes legales. El proceso implica presentar una petici\u00f3n y cumplir otros requisitos, dependiendo de la categor\u00eda de ajuste de estatus a la que opte el inmigrante.<\/p>\n<p>Si usted tiene alguna pregunta sobre el ajuste de estatus, es vital buscar la ayuda de un abogado de inmigraci\u00f3n de Austin. Ellos pueden guiarle a trav\u00e9s del proceso de ajuste del estatus y ayudarle a entender sus opciones.<\/p>\n<h2>Requisitos de elegibilidad<\/h2>\n<p>Si desea cambiar su estatus migratorio actual en Estados Unidos, el ajuste de estatus es uno de los m\u00e9todos m\u00e1s comunes. Este proceso de ajuste puede realizarse mediante una solicitud al <a href=\"https:\/\/www.uscis.gov\/es\" target=\"_blank\" rel=\"noopener\">Servicio de Ciudadan\u00eda e Inmigraci\u00f3n de EE.UU. (USCIS)<\/a>. Para completar esta solicitud, primero deben cumplirse algunos requisitos b\u00e1sicos:<\/p>\n<ul>\n<li>Debe estar f\u00edsicamente presente en Estados Unidos en el momento de presentar la solicitud.<\/li>\n<li>Debe haber sido inspeccionado, admitido o en libertad condicional en Estados Unidos o haber mantenido la condici\u00f3n legal de no inmigrante.<\/li>\n<li>Lo mejor ser\u00eda que cumpliera todos los criterios de elegibilidad para el ajuste de estatus.<\/li>\n<li>No debe haber infringido ninguna condici\u00f3n que pueda dar lugar a su expulsi\u00f3n de Estados Unidos.<\/li>\n<\/ul>\n<p>Una vez que haya determinado que cumple con los requisitos para el ajuste de estatus, debe decidir si es o no elegible para presentar la solicitud en Austin Texas. Cuenta con una de las varias oficinas del USCIS que aceptan solicitudes de ajuste. Si Austin no es su oficina local, es posible que tenga que desplazarse hasta all\u00ed y cumplimentar su solicitud de adaptaci\u00f3n en la oficina.<\/p>\n<p>Al presentar una petici\u00f3n de ajuste de estatus, es vital proporcionar todos los documentos justificativos necesarios como parte del paquete de solicitud. Esto incluye la prueba de que ha cumplido los criterios de elegibilidad para la adaptaci\u00f3n. Tambi\u00e9n debe mostrar pruebas que demuestren su identidad y su parentesco con cualquier familiar que pueda estar incluido en la petici\u00f3n con usted.<\/p>\n<p>Una vez presentado su caso, USCIS revisar\u00e1 su solicitud y le notificar\u00e1 si necesita m\u00e1s informaci\u00f3n o si aprueba o deniega su solicitud.<\/p>\n<p>Si se aprueba el ajuste de estatus, recibir\u00e1 una prueba temporal de autorizaci\u00f3n que le permitir\u00e1 permanecer en el pa\u00eds hasta que le llegue por correo su Green Card. Una vez recibido, puede vivir y trabajar legalmente en Estados Unidos.<\/p>\n<h2>\u00bfSe puede obtener la green card a trav\u00e9s del AOS?<\/h2>\n<p>El ajuste de estatus es una forma de obtener la Green Card si ya se encuentra en Estados Unidos. Es importante recordar que el ajuste de estatus puede no estar siempre disponible o ser preferible dependiendo de su estatus de inmigraci\u00f3n y otros factores. Por lo tanto, usted necesita hablar con un abogado de inmigraci\u00f3n de Austin, Texas tan pronto como sea posible cuando se considera un ajuste de estatus. Un abogado experto en inmigraci\u00f3n puede orientar su situaci\u00f3n y ayudarle a comprender todas las opciones disponibles.<\/p>\n<h2>\u00bfCu\u00e1nto dura el proceso?<\/h2>\n<p>El proceso de ajuste de estatus puede variar en duraci\u00f3n dependiendo del caso individual y de la oficina del USCIS donde se presente la solicitud. Los plazos de tramitaci\u00f3n pueden oscilar entre varios meses y m\u00e1s de un a\u00f1o. Varios factores pueden causar retrasos en el proceso de ajuste de estatus, entre ellos los siguientes.<\/p>\n<ul>\n<li>N\u00famero de solicitudes de ajuste presentadas.<\/li>\n<li>Solicitud de pruebas adicionales.<\/li>\n<li>Plazos de tramitaci\u00f3n del USCIS.<\/li>\n<li>Integridad y exactitud del expediente de candidatura.<\/li>\n<li>Informaci\u00f3n inexacta o incorrecta en los formularios.<\/li>\n<\/ul>\n<p>Aunque no existe un plazo de tramitaci\u00f3n claro para el ajuste de estatus, es esencial ser paciente y dar tiempo al USCIS para tramitar la solicitud. Sin embargo, suponga que cree que USCIS no est\u00e1 actuando con prontitud. En ese caso, puede ponerse en contacto con un abogado de inmigraci\u00f3n de Austin que puede ayudar a guiarlo a trav\u00e9s del proceso de ajuste. Tambi\u00e9n pueden solicitar un mandamiento judicial para poner en marcha el proceso.<\/p>\n<h2>\u00bfPuede un inmigrante indocumentado solicitar el cambio de estatus?<\/h2>\n<p>El ajuste de estatus s\u00f3lo est\u00e1 disponible para determinados inmigrantes que ya se encuentran legalmente en Estados Unidos. Los inmigrantes indocumentados no pueden presentar solicitudes de adaptaci\u00f3n y deben buscar otras opciones. Estas opciones incluyen solicitar una Visa o pedir ayuda humanitaria si desean permanecer en Estados Unidos.<\/p>\n<p><img decoding=\"async\" class=\"alignnone size-full wp-image-45602\" src=\"https:\/\/www.lincolngoldfinch.com\/wp-content\/uploads\/2023\/01\/un-abogado-de-inmigracion-le-ayudara-a-descifrar-si-usted-es-elegible-para-un-ajuste-de-estatus-en-los-estados-unidos.webp\" alt=\"Un Abogado De Inmigraci\u00f3n Le Ayudar\u00e1 A Descifrar Si Usted Es Elegible Para Un Ajuste De Estatus En Los Estados Unidos\" width=\"100%\" height=\"450\" \/><\/p>\n<h2>\u00bfQu\u00e9 ocurre tras el cambio de ajuste de estatus?<\/h2>\n<p>Una vez que reciba la aprobaci\u00f3n de su ajuste de estatus, se convertir\u00e1 en residente permanente de Estados Unidos. Como residente permanente, puede vivir y trabajar y viajar fuera del pa\u00eds durante periodos determinados sin perder su estatus. Tambi\u00e9n puede solicitar la naturalizaci\u00f3n al cabo de cinco o tres a\u00f1os si est\u00e1 casado con un ciudadano estadounidense.<\/p>\n<p>Su solicitud de ajuste tambi\u00e9n incluir\u00e1 un Documento de Autorizaci\u00f3n de Empleo (EAD) que le permite trabajar legalmente mientras espera su Green Card. En resumen, un ajuste de estatus aprobado es esencial para obtener la residencia legal permanente en Estados Unidos.<\/p>\n<p>Es vital buscar asesoramiento jur\u00eddico experimentado y comprender todos los pasos que implica este proceso. Un abogado de inmigraci\u00f3n de Austin puede proporcionar un valioso asesoramiento y ayudarle en cada paso de los procedimientos de ajuste de estatus. Con su ayuda, su petici\u00f3n de adaptaci\u00f3n proceder\u00e1 sin problemas y r\u00e1pidamente, permiti\u00e9ndole permanecer y trabajar legalmente en Estados Unidos.<\/p>\n<h2>Obtenga su residencia permanente con Lincoln-Goldfinch Law &#8211; Abogados de Inmigraci\u00f3n Firm<\/h2>\n<p>El ajuste de estatus puede ser un proceso complicado. Los abogados de inmigraci\u00f3n en Lincoln-Goldfinch Law &#8211; Abogados de Inmigraci\u00f3n Firm tienen las habilidades y la experiencia para ayudar a los inmigrantes en Austin, Texas, y otras partes del mundo, con el ajuste de las solicitudes de estatus y otros asuntos de inmigraci\u00f3n. Ofrecen consultas gratuitas, as\u00ed que no dude en ponerse en contacto con ellos hoy mismo. Deje que Lincoln-Goldfinch Law &#8211; Abogados de Inmigraci\u00f3n Firm le ayude a obtener la residencia permanente en los Estados Unidos.<\/p>\n<\/div><\/div><\/div><\/div><\/div>\n<div class=\"gsp_post_data\" \r\n\t            data-post_type=\"page\" \r\n\t            data-cat=\"\" \r\n\t            data-modified=\"120\"\r\n\t            data-created=\"1432117989\"\r\n\t            data-title=\"Gu\u00eda de ajuste de estatus para inmigrantes En EE.UU.\" \r\n\t            data-home=\"https:\/\/www.lincolngoldfinch.com\/es\/\"><\/div>","protected":false},"excerpt":{"rendered":"","protected":false},"author":1,"featured_media":0,"parent":98550,"menu_order":0,"comment_status":"closed","ping_status":"closed","template":"","meta":{"_acf_changed":false,"rop_custom_images_group":[],"rop_custom_messages_group":[],"rop_publish_now":"initial","rop_publish_now_accounts":[],"rop_publish_now_history":[],"rop_publish_now_status":"pending","_analytify_skip_tracking":false,"rank_math_title":"Ajuste De Estatus - Gu\u00eda Para Inmigrantes En EE.UU.","rank_math_description":"\u00bfEs inmigrante y quiere regularizar su situaci\u00f3n? Conozca qu\u00e9 es el ajuste de estatus y c\u00f3mo puede tramitarlo en EE. UU.","rank_math_focus_keyword":"ajuste de estatus","rank_math_canonical_url":"","footnotes":""},"class_list":["post-5739","page","type-page","status-publish","hentry"],"acf":[],"_links":{"self":[{"href":"https:\/\/www.lincolngoldfinch.com\/es\/wp-json\/wp\/v2\/pages\/5739","targetHints":{"allow":["GET"]}}],"collection":[{"href":"https:\/\/www.lincolngoldfinch.com\/es\/wp-json\/wp\/v2\/pages"}],"about":[{"href":"https:\/\/www.lincolngoldfinch.com\/es\/wp-json\/wp\/v2\/types\/page"}],"author":[{"embeddable":true,"href":"https:\/\/www.lincolngoldfinch.com\/es\/wp-json\/wp\/v2\/users\/1"}],"replies":[{"embeddable":true,"href":"https:\/\/www.lincolngoldfinch.com\/es\/wp-json\/wp\/v2\/comments?post=5739"}],"version-history":[{"count":0,"href":"https:\/\/www.lincolngoldfinch.com\/es\/wp-json\/wp\/v2\/pages\/5739\/revisions"}],"up":[{"embeddable":true,"href":"https:\/\/www.lincolngoldfinch.com\/es\/wp-json\/wp\/v2\/pages\/98550"}],"wp:attachment":[{"href":"https:\/\/www.lincolngoldfinch.com\/es\/wp-json\/wp\/v2\/media?parent=5739"}],"curies":[{"name":"wp","href":"https:\/\/api.w.org\/{rel}","templated":true}]}}