{"id":57357,"date":"2023-09-07T20:46:31","date_gmt":"2023-09-08T01:46:31","guid":{"rendered":"https:\/\/www.lincolngoldfinch.com\/?page_id=57357"},"modified":"2025-03-19T10:00:03","modified_gmt":"2025-03-19T15:00:03","slug":"tiempo-de-procesamiento-vawa","status":"publish","type":"page","link":"https:\/\/www.lincolngoldfinch.com\/es\/areas-de-practica\/vawa\/tiempo-de-procesamiento-vawa\/","title":{"rendered":"\u00bfCu\u00e1nto tarda la solicitud de VAWA?"},"content":{"rendered":"<div class=\"fusion-fullwidth fullwidth-box fusion-builder-row-1 fusion-flex-container nonhundred-percent-fullwidth non-hundred-percent-height-scrolling\" style=\"--awb-border-radius-top-left:0px;--awb-border-radius-top-right:0px;--awb-border-radius-bottom-right:0px;--awb-border-radius-bottom-left:0px;--awb-flex-wrap:wrap;\" ><div class=\"fusion-builder-row fusion-row fusion-flex-align-items-flex-start fusion-flex-content-wrap\" style=\"max-width:1331.2px;margin-left: calc(-4% \/ 2 );margin-right: calc(-4% \/ 2 );\"><div class=\"fusion-layout-column fusion_builder_column fusion-builder-column-0 fusion_builder_column_1_1 1_1 fusion-flex-column\" style=\"--awb-bg-size:cover;--awb-width-large:100%;--awb-margin-top-large:0px;--awb-spacing-right-large:2.56%;--awb-margin-bottom-large:0px;--awb-spacing-left-large:1.92%;--awb-width-medium:100%;--awb-spacing-right-medium:2.56%;--awb-spacing-left-medium:1.92%;--awb-width-small:100%;--awb-spacing-right-small:1.92%;--awb-spacing-left-small:1.92%;\"><div class=\"fusion-column-wrapper fusion-flex-justify-content-flex-start fusion-content-layout-column\"><div class=\"fusion-title title fusion-title-1 fusion-sep-none fusion-title-text fusion-title-size-one\" style=\"--awb-margin-top-small:10px;--awb-margin-right-small:0px;--awb-margin-bottom-small:10px;--awb-margin-left-small:0px;\"><h1 class=\"fusion-title-heading title-heading-left\" style=\"margin:0;\">\u00bfCu\u00e1nto tarda la solicitud de VAWA?<\/h1><\/div><div class=\"fusion-text fusion-text-1\"><p><span style=\"font-weight: 400;\">VAWA, o Ley contra la Violencia de G\u00e9nero, desempe\u00f1a un papel vital en el apoyo a las v\u00edctimas de malos tratos dom\u00e9sticos. A trav\u00e9s de esta ley, las personas que cumplan determinados criterios pueden presentar una autopetici\u00f3n para obtener un estatus legal en Estados Unidos.<\/span><\/p>\n<p><span style=\"font-weight: 400;\">Sin embargo, sigue siendo necesario aclarar el plazo de tramitaci\u00f3n de estas solicitudes. De ah\u00ed que este art\u00edculo pretenda profundizar en los diversos factores que influyen en la duraci\u00f3n del periodo de tramitaci\u00f3n. Puede arrojar luz sobre lo que los solicitantes pueden anticipar y proporcionar orientaci\u00f3n para navegar por el proceso de manera m\u00e1s eficaz. <\/span><\/p>\n<p><span style=\"font-weight: 400;\">Numerosos elementos contribuyen a los plazos de tramitaci\u00f3n de las solicitudes VAWA. Factores como la complejidad del caso, la disponibilidad de documentaci\u00f3n justificativa y la carga de trabajo de las autoridades de inmigraci\u00f3n desempe\u00f1an un papel importante. Comprender estos aspectos puede ayudar a los solicitantes a gestionar sus expectativas y tomar las medidas adecuadas para agilizar sus solicitudes.<\/span><\/p>\n<p><img decoding=\"async\" class=\"alignleft wp-image-57369 size-full\" src=\"https:\/\/www.lincolngoldfinch.com\/wp-content\/uploads\/2023\/09\/que-necesitas-saber-para-hacer-una-peticion-vawa.webp\" alt=\"Lo Que Necesita Para Rellenar Una Petici\u00f3n Vawa\" width=\"100%\" height=\"683\" \/><\/p>\n<h2>El proceso de autopetici\u00f3n VAWA<\/h2>\n<p><span style=\"font-weight: 400;\">Comprender el procedimiento est\u00e1ndar es el primer paso esencial. Las v\u00edctimas de agresiones sexuales, malos tratos dom\u00e9sticos y otros tipos de violencia contra la mujer pueden recurrir legalmente a trav\u00e9s del proceso. Tendr\u00e1n m\u00e1s posibilidades de obtener la ayuda que necesitan y evitar m\u00e1s problemas legales si conocen los procedimientos est\u00e1ndar.<\/span><\/p>\n<p><span style=\"font-weight: 400;\">Las fases habituales del proceso son las siguientes.<\/span><\/p>\n<ul>\n<li style=\"font-weight: 400;\" aria-level=\"1\"><span style=\"font-weight: 400;\">Presentar el formulario I-360, la autopetici\u00f3n para v\u00edctimas de malos tratos.<\/span><\/li>\n<li style=\"font-weight: 400;\" aria-level=\"1\"><span style=\"font-weight: 400;\">Acudir a una cita biom\u00e9trica para la comprobaci\u00f3n de antecedentes.<\/span><\/li>\n<li style=\"font-weight: 400;\" aria-level=\"1\"><span style=\"font-weight: 400;\">Que USCIS analice a fondo la solicitud.<\/span><\/li>\n<li style=\"font-weight: 400;\" aria-level=\"1\"><span style=\"font-weight: 400;\">Obtener una decisi\u00f3n de aprobaci\u00f3n, denegaci\u00f3n o solicitud de pruebas adicionales. <\/span><\/li>\n<\/ul>\n<p><span style=\"font-weight: 400;\">Obtener ayuda de un abogado de inmigraci\u00f3n durante toda la fase de investigaci\u00f3n es crucial. Las v\u00edctimas podr\u00e1n recuperar su vida con su ayuda. Un <a href=\"https:\/\/www.lincolngoldfinch.com\/es\/abogado-de-inmigracion-austin\/ley-violencia-contra-las-mujeres-vawa\/\">representante legal calificado<\/a> tambi\u00e9n puede ayudar a las personas a dar el primer paso para poner fin al ciclo de violencia.<\/span><\/p>\n<h2>Documentos y pruebas clave<\/h2>\n<p><span style=\"font-weight: 400;\">Es esencial presentar la documentaci\u00f3n y las pruebas necesarias al presentar una autopetici\u00f3n en virtud de la Ley sobre la violencia contra la mujer. A continuaci\u00f3n figuran ejemplos de las pruebas y documentos que se solicitan con m\u00e1s frecuencia. <\/span><\/p>\n<h3>Formulario<\/h3>\n<p><span style=\"font-weight: 400;\">El formulario formal es la Petici\u00f3n para Extranjero de Ascendencia Asi\u00e1tica, Viudo(a), Inmigrante Especial, o <a href=\"https:\/\/www.uscis.gov\/sites\/default\/files\/document\/forms\/i-130instr.pdf\" target=\"_blank\" rel=\"noopener\">Formulario I-360<\/a>. <\/span><\/p>\n<h3>Verificaci\u00f3n de la validez de la relaci\u00f3n<\/h3>\n<p><span style=\"font-weight: 400;\">Si presenta la solicitud como ciudadano estadounidense o c\u00f3nyuge residente legal, deber\u00e1 presentar documentaci\u00f3n que acredite su matrimonio. Del mismo modo, para presentar la solicitud como menor, debe aportar pruebas de que es hijo de un ciudadano estadounidense o de un residente legal permanente. Y para cumplir los requisitos como progenitor, debe demostrar que tiene un hijo o hija de nacionalidad estadounidense y mayor de 21 a\u00f1os.<\/span><\/p>\n<h3>Prueba del maltrato mediante documentos<\/h3>\n<p><span style=\"font-weight: 400;\">El maltrato o la crueldad extrema requieren documentaci\u00f3n. Puede incluir informes policiales, \u00f3rdenes de alejamiento, historiales m\u00e9dicos o im\u00e1genes de lesiones que atestig\u00fcen la presencia de una relaci\u00f3n abusiva que cumpla los requisitos. Adem\u00e1s, pueden ser necesarias las declaraciones bajo juramento de cualquier persona con conocimiento directo de los presuntos abusos. Puede estar formado por la v\u00edctima u otros familiares o amigos.<\/span><\/p>\n<h3>Una declaraci\u00f3n personal<\/h3>\n<p><span style=\"font-weight: 400;\">Una declaraci\u00f3n personal exhaustiva es esencial. Debe describir la naturaleza de la relaci\u00f3n abusiva. Adem\u00e1s, indique las incidencias concretas de los malos tratos y sus efectos sobre usted y sus hijos. <\/span><\/p>\n<h3>Indicadores de buen car\u00e1cter moral<\/h3>\n<p><span style=\"font-weight: 400;\">La prueba de que siempre mantuvo un comportamiento \u00e9tico durante su estancia en EE.UU. es vital. Entre los documentos que re\u00fanen los requisitos para diversos fines figuran las cartas de referencia, las declaraciones de la renta, los expedientes acad\u00e9micos y las cartas de empleo.<\/span><\/p>\n<h3>Documentos de apoyo<\/h3>\n<p><span style=\"font-weight: 400;\">Las pruebas adicionales en apoyo de la solicitud pueden incluir cartas de terapeutas, trabajadores sociales u otros profesionales. Son esenciales las declaraciones de personas que hayan trabajado con usted para verificar los malos tratos y sus efectos. Tambi\u00e9n puede ser ventajoso cualquier otro documento que ayude a reforzar su reclamaci\u00f3n.<\/span><\/p>\n<p><span style=\"font-weight: 400;\">Recuerde que los requisitos anteriores son directrices generales y que los medios de prueba concretos depender\u00e1n de su situaci\u00f3n particular. Si quiere asegurarse de que incluye todo lo necesario para respaldar su autopetici\u00f3n VAWA, es esencial consultar con un abogado de inmigraci\u00f3n.<\/span><\/p>\n<h2>Calendario general para la autopetici\u00f3n<\/h2>\n<p><span style=\"font-weight: 400;\">Aunque las fechas de tramitaci\u00f3n de las solicitudes pueden variar, es \u00fatil conocer el calendario general. La presentaci\u00f3n es la primera etapa del proceso. <\/span><\/p>\n<p><span style=\"font-weight: 400;\">La autopetici\u00f3n requiere que el solicitante rellene la informaci\u00f3n necesaria en el formulario I-360. A las pocas semanas de su presentaci\u00f3n, USCIS enviar\u00e1 un acuse de recibo verificando que se ha recibido la solicitud.<\/span><\/p>\n<p><span style=\"font-weight: 400;\">Tras recibir la notificaci\u00f3n, el departamento concertar\u00e1 la cita del solicitante para la toma de huellas dactilares y la biometr\u00eda. Es crucial para comprobar los antecedentes y suele tener lugar unos meses despu\u00e9s de la primera presentaci\u00f3n. A continuaci\u00f3n, examinar\u00e1n la solicitud. <\/span><\/p>\n<p><span style=\"font-weight: 400;\">Dependiendo de la complejidad y el trabajo, este paso puede llevar un a\u00f1o. Tras estudiar la solicitud, los servicios de inmigraci\u00f3n la aprobar\u00e1n, negar\u00e1n o enviar\u00e1n una petici\u00f3n de informaci\u00f3n adicional. <\/span><\/p>\n<p><span style=\"font-weight: 400;\">El proceso de solicitud contin\u00faa despu\u00e9s de que el solicitante reciba la notificaci\u00f3n de aceptaci\u00f3n. Mientras tanto, una solicitud rechazada puede recurrirse o volver a presentarse. El solicitante debe responder dentro del plazo si USCIS emite una solicitud de pruebas adicionales (RFE).<\/span><\/p>\n<h2>Factores que afectan el tiempo de tramitaci\u00f3n<\/h2>\n<p><span style=\"font-weight: 400;\">El plazo de tramitaci\u00f3n del programa VAWA puede variar. Varios factores lo determinan. Por lo tanto, para tener expectativas razonables, es crucial comprender lo siguiente:<\/span><\/p>\n<ul>\n<li style=\"font-weight: 400;\" aria-level=\"1\"><span style=\"font-weight: 400;\">El grado de dificultad en un caso concreto depende de varios elementos. Incluye la naturaleza del abuso, la disponibilidad de pruebas y cualquier intento de cooperaci\u00f3n con las autoridades. Las cuestiones complejas pueden requerir m\u00e1s tiempo de revisi\u00f3n.<\/span><\/li>\n<li style=\"font-weight: 400;\" aria-level=\"1\"><span style=\"font-weight: 400;\">El <a href=\"https:\/\/www.uscis.gov\/es\" target=\"_blank\" rel=\"noopener\">Servicio de Ciudadan\u00eda e Inmigraci\u00f3n de los Estados Unidos (USCIS)<\/a>\u00a0 tramita las solicitudes VAWA. Los plazos de tramitaci\u00f3n pueden aumentar o disminuir en funci\u00f3n de la carga de trabajo actual de USCIS. Los retrasos son posibles cuando la demanda es grande o cuando los recursos son escasos.<\/span><\/li>\n<li style=\"font-weight: 400;\" aria-level=\"1\"><span style=\"font-weight: 400;\">Si USCIS necesita m\u00e1s informaci\u00f3n (Solicitudes de Pruebas (RFE) y papeleo adicional), puede tardar m\u00e1s tiempo en tramitar su solicitud. Por lo tanto, es esencial responder con rapidez y minuciosidad para evitar retrasos excesivos.<\/span><\/li>\n<li style=\"font-weight: 400;\" aria-level=\"1\"><span style=\"font-weight: 400;\">El derecho a las prestaciones se determina en parte por los resultados de una comprobaci\u00f3n de antecedentes. El tiempo necesario para obtener la aprobaci\u00f3n de estas inspecciones y el n\u00famero de entidades gubernamentales implicadas pueden variar mucho.<\/span><\/li>\n<\/ul>\n<h2>C\u00f3mo navegar eficazmente por el proceso<\/h2>\n<p><span style=\"font-weight: 400;\"><img decoding=\"async\" class=\"alignright wp-image-57371 size-full\" src=\"https:\/\/www.lincolngoldfinch.com\/wp-content\/uploads\/2023\/09\/auto-peticionarios-de-vawa-lo-que-necesita-saber.jpg\" alt=\"Auto Peticionarios De VAWA: Lo Que Necesita Saber\" width=\"300\" height=\"158\" srcset=\"https:\/\/www.lincolngoldfinch.com\/wp-content\/uploads\/2023\/09\/auto-peticionarios-de-vawa-lo-que-necesita-saber-200x105.jpg 200w, https:\/\/www.lincolngoldfinch.com\/wp-content\/uploads\/2023\/09\/auto-peticionarios-de-vawa-lo-que-necesita-saber.jpg 300w\" sizes=\"(max-width: 300px) 100vw, 300px\" \/>Los plazos de tramitaci\u00f3n de las solicitudes VAWA son inciertos. Sin embargo, hay formas de acelerar el proceso. La primera es consultar a un abogado. <\/span><\/p>\n<p><span style=\"font-weight: 400;\">Contratar a un abogado experto en inmigraci\u00f3n puede ser \u00fatil durante el procedimiento de solicitud. Pueden ayudarle a presentar una solicitud completa y precisa, responder r\u00e1pidamente a cualquier consulta de USCIS y luchar por sus derechos.<\/span><\/p>\n<p><span style=\"font-weight: 400;\">Es fundamental reunir pruebas convincentes de los abusos. Las pruebas pueden incluir informes policiales, historiales m\u00e9dicos, declaraciones de testigos e im\u00e1genes. Cuanto mayor sea el peso de las pruebas, m\u00e1s probable ser\u00e1 que se apruebe su solicitud. <\/span><\/p>\n<p><span style=\"font-weight: 400;\">Por lo tanto, es crucial garantizar la presencia inmediata de todas las pruebas necesarias y \u00fatiles. Mantener un archivo ordenado que contenga copias de todos los materiales de solicitud. <\/span><\/p>\n<p><span style=\"font-weight: 400;\">El proceso de obtenci\u00f3n de ayuda del programa VAWA puede llevar mucho tiempo. Es imperativo mantener la compostura y perseverar. Para mitigar los posibles retrasos, vigile el sitio web de USCIS para conocer las modificaciones de los plazos de procesamiento. Y lo que es m\u00e1s importante, una conversaci\u00f3n con su asesor jur\u00eddico puede resultar ventajosa si le preocupa alg\u00fan asunto pertinente. <\/span><\/p>\n<h2>Contratar a un abogado de inmigraci\u00f3n con experiencia<\/h2>\n<p><span style=\"font-weight: 400;\">Un abogado de inmigraci\u00f3n puede desempe\u00f1ar un papel en la asistencia a las v\u00edctimas de violencia dom\u00e9stica que buscan protecci\u00f3n a trav\u00e9s de la tramitaci\u00f3n de la Ley de Violencia contra la Mujer (VAWA). Su competencia puede agilizar el complejo proceso de solicitud y proporcionar un apoyo muy necesario a los supervivientes. <\/span><\/p>\n<p><span style=\"font-weight: 400;\">Las tareas espec\u00edficas de un abogado incluyen la evaluaci\u00f3n de la elegibilidad, la recopilaci\u00f3n de pruebas, la preparaci\u00f3n de declaraciones juradas y la presentaci\u00f3n de la petici\u00f3n VAWA ante USCIS. Tambi\u00e9n se aseguran de que la solicitud cumple todos los requisitos, evitando posibles retrasos o negaciones. <\/span><\/p>\n<p><span style=\"font-weight: 400;\">La orientaci\u00f3n paso a paso consiste en informar a los clientes sobre el proceso, ayudarles a obtener los documentos necesarios y representarlos durante todo el procedimiento. Al ofrecer asesoramiento legal y compasi\u00f3n, los abogados especializados en VAWA aumentan las posibilidades de \u00e9xito de las solicitantes. Les proporcionan un camino hacia la seguridad y la estabilidad en Estados Unidos.<\/span><\/p>\n<h2>Resumen<\/h2>\n<p><span style=\"font-weight: 400;\">Varios factores influyen en el tiempo que se tarda en resolver un caso relacionado con la inmigraci\u00f3n. Por t\u00e9rmino medio, el plazo de tramitaci\u00f3n oscila entre seis y doce meses. <\/span><\/p>\n<p><span style=\"font-weight: 400;\">Adem\u00e1s, este plazo es simplemente una estimaci\u00f3n, y el tiempo real de tramitaci\u00f3n puede variar en funci\u00f3n de las particularidades de su situaci\u00f3n. Entre los factores que afectan a la tramitaci\u00f3n se encuentran la complejidad del caso, la carga de trabajo actual de USCIS y las solicitudes de documentaci\u00f3n o entrevistas adicionales. <\/span><\/p>\n<p><span style=\"font-weight: 400;\">Las solicitudes relacionadas con la inmigraci\u00f3n dan prioridad a los casos VAWA para que las v\u00edctimas de violencia y otros delitos contra la mujer puedan obtener la ayuda que necesitan. Pero a\u00fan puede haber un retraso si se necesita m\u00e1s tiempo para examinar y confirmar cuidadosamente la validez de la informaci\u00f3n justificativa.<\/span><\/p>\n<p><span style=\"font-weight: 400;\">Es fundamental presentar una petici\u00f3n con toda la documentaci\u00f3n y pruebas necesarias. Ayuda a garantizar un procedimiento sin problemas. Los supervivientes se mantienen pacientes y persistentes durante todo el proceso con la ayuda de un asesor legal competente y de grupos de defensa. Contratar a un abogado calificado que se centre en las reclamaciones VAWA es crucial. <\/span><\/p>\n<p><span style=\"font-weight: 400;\">Contribuya a que los supervivientes puedan actuar y a que se haga justicia a las v\u00edctimas de la violencia. Un abogado experto en VAWA tiene la experiencia, el conocimiento y la empat\u00eda para ayudar a las sobrevivientes a trav\u00e9s del complicado sistema legal. Pueden obtener asesoramiento legal, apoyo emocional y acceso a los recursos necesarios para reconstruir sus vidas. <\/span><\/p>\n<p><span style=\"font-weight: 400;\">Adem\u00e1s, es crucial trabajar con un representante legal experimentado. As\u00ed se garantiza que las necesidades de los supervivientes sean lo primero y se les dota de los recursos necesarios para seguir adelante.<\/span><\/p>\n<p><a href=\"https:\/\/www.lincolngoldfinch.com\/es\/abogado-de-inmigracion-austin\/ley-violencia-contra-las-mujeres-vawa\/determinacion-prima-facie\/\" target=\"_blank\" rel=\"noopener\">Lo Que Debe Saber Sobre VAWA<\/a><\/p>\n<\/div><\/div><\/div><\/div><\/div>\n<div class=\"gsp_post_data\" \r\n\t            data-post_type=\"page\" \r\n\t            data-cat=\"\" \r\n\t            data-modified=\"120\"\r\n\t            data-created=\"1694119591\"\r\n\t            data-title=\"\u00bfCu\u00e1nto tarda la solicitud de VAWA?\" \r\n\t            data-home=\"https:\/\/www.lincolngoldfinch.com\/es\/\"><\/div>","protected":false},"excerpt":{"rendered":"","protected":false},"author":1,"featured_media":0,"parent":5717,"menu_order":0,"comment_status":"closed","ping_status":"closed","template":"","meta":{"_acf_changed":false,"rop_custom_images_group":[],"rop_custom_messages_group":[],"rop_publish_now":"initial","rop_publish_now_accounts":[],"rop_publish_now_history":[],"rop_publish_now_status":"pending","_analytify_skip_tracking":false,"rank_math_title":"Tiempo De Procesamiento VAWA: Qu\u00e9 Esperar | Lincoln-Goldfinch Law","rank_math_description":"La VAWA, o Ley contra la Violencia de G\u00e9nero, protege a las personas que han sufrido violencia dom\u00e9stica. M\u00e1s informaci\u00f3n sobre el proceso de inmigraci\u00f3n.","rank_math_focus_keyword":"VAWA","rank_math_canonical_url":"","footnotes":""},"class_list":["post-57357","page","type-page","status-publish","hentry"],"acf":[],"_links":{"self":[{"href":"https:\/\/www.lincolngoldfinch.com\/es\/wp-json\/wp\/v2\/pages\/57357","targetHints":{"allow":["GET"]}}],"collection":[{"href":"https:\/\/www.lincolngoldfinch.com\/es\/wp-json\/wp\/v2\/pages"}],"about":[{"href":"https:\/\/www.lincolngoldfinch.com\/es\/wp-json\/wp\/v2\/types\/page"}],"author":[{"embeddable":true,"href":"https:\/\/www.lincolngoldfinch.com\/es\/wp-json\/wp\/v2\/users\/1"}],"replies":[{"embeddable":true,"href":"https:\/\/www.lincolngoldfinch.com\/es\/wp-json\/wp\/v2\/comments?post=57357"}],"version-history":[{"count":0,"href":"https:\/\/www.lincolngoldfinch.com\/es\/wp-json\/wp\/v2\/pages\/57357\/revisions"}],"up":[{"embeddable":true,"href":"https:\/\/www.lincolngoldfinch.com\/es\/wp-json\/wp\/v2\/pages\/5717"}],"wp:attachment":[{"href":"https:\/\/www.lincolngoldfinch.com\/es\/wp-json\/wp\/v2\/media?parent=57357"}],"curies":[{"name":"wp","href":"https:\/\/api.w.org\/{rel}","templated":true}]}}