{"id":5730,"date":"2015-05-20T10:20:28","date_gmt":"2015-05-20T15:20:28","guid":{"rendered":"https:\/\/www.aia-temp-dev.info\/?page_id=5730"},"modified":"2025-10-28T17:06:05","modified_gmt":"2025-10-28T22:06:05","slug":"ciudadania-por-nacimiento","status":"publish","type":"page","link":"https:\/\/www.lincolngoldfinch.com\/es\/areas-de-practica\/ciudadania-y-naturalizacion\/ciudadania-por-nacimiento\/","title":{"rendered":"Ciudadan\u00eda por nacimiento y ciudadan\u00eda derivada"},"content":{"rendered":"<div class=\"fusion-fullwidth fullwidth-box fusion-builder-row-1 fusion-flex-container nonhundred-percent-fullwidth non-hundred-percent-height-scrolling\" style=\"--awb-border-radius-top-left:0px;--awb-border-radius-top-right:0px;--awb-border-radius-bottom-right:0px;--awb-border-radius-bottom-left:0px;--awb-flex-wrap:wrap;\" ><div class=\"fusion-builder-row fusion-row fusion-flex-align-items-flex-start fusion-flex-content-wrap\" style=\"max-width:1331.2px;margin-left: calc(-4% \/ 2 );margin-right: calc(-4% \/ 2 );\"><div class=\"fusion-layout-column fusion_builder_column fusion-builder-column-0 fusion_builder_column_1_1 1_1 fusion-flex-column\" style=\"--awb-bg-size:cover;--awb-width-large:100%;--awb-margin-top-large:0px;--awb-spacing-right-large:1.92%;--awb-margin-bottom-large:20px;--awb-spacing-left-large:1.92%;--awb-width-medium:100%;--awb-order-medium:0;--awb-spacing-right-medium:1.92%;--awb-spacing-left-medium:1.92%;--awb-width-small:100%;--awb-order-small:0;--awb-spacing-right-small:1.92%;--awb-spacing-left-small:1.92%;\"><div class=\"fusion-column-wrapper fusion-column-has-shadow fusion-flex-justify-content-flex-start fusion-content-layout-column\"><div class=\"fusion-text fusion-text-1\" style=\"--awb-content-alignment:center;--awb-text-transform:none;\"><h1>Ciudadan\u00eda por nacimiento y ciudadan\u00eda derivada<\/h1>\n<\/div><div class=\"fusion-separator fusion-full-width-sep\" style=\"align-self: center;margin-left: auto;margin-right: auto;margin-top:10px;margin-bottom:20px;width:100%;\"><div class=\"fusion-separator-border sep-single sep-solid\" style=\"--awb-height:20px;--awb-amount:20px;--awb-sep-color:#000000;border-color:#000000;border-top-width:1px;\"><\/div><\/div><div class=\"fusion-text fusion-text-2\" style=\"--awb-text-transform:none;\"><p>Estados Unidos sigue el\u00a0<a href=\"https:\/\/es.wikipedia.org\/wiki\/Ius_soli\" target=\"_blank\" rel=\"noopener noreferrer\">principio del ius soli<\/a>, que otorga autom\u00e1ticamente la ciudadan\u00eda americana a todas las personas nacidas dentro de Estados Unidos. Esta norma no se aplica a los hijos de determinados diplom\u00e1ticos extranjeros en Estados Unidos, pero s\u00ed, en general, a todos los dem\u00e1s.<br \/>\n<img decoding=\"async\" class=\"size-full wp-image-41922 alignleft\" src=\"https:\/\/www.lincolngoldfinch.com\/wp-content\/uploads\/2022\/10\/conozca-los-derechos-y-beneficios-de-tener-la-ciudadania-por-nacimiento-y-la-ciudadania-americana-derivada.jpg\" alt=\"Conozca Los Derechos Y Beneficios De Tener La Ciudadan\u00eda Por Nacimiento Y La Ciudadan\u00eda Americana Derivada\" width=\"400\" height=\"266\" srcset=\"https:\/\/www.lincolngoldfinch.com\/wp-content\/uploads\/2022\/10\/conozca-los-derechos-y-beneficios-de-tener-la-ciudadania-por-nacimiento-y-la-ciudadania-americana-derivada-200x133.jpg 200w, https:\/\/www.lincolngoldfinch.com\/wp-content\/uploads\/2022\/10\/conozca-los-derechos-y-beneficios-de-tener-la-ciudadania-por-nacimiento-y-la-ciudadania-americana-derivada.jpg 400w\" sizes=\"(max-width: 400px) 100vw, 400px\" \/><\/p>\n<h2>Ciudadan\u00eda americana por nacimiento en el extranjero<\/h2>\n<p>Aunque haya nacido fuera de Estados Unidos, puede ser ciudadano estadounidense por la ciudadan\u00eda de uno o ambos progenitores. Como las leyes que rigen la <a href=\"https:\/\/www.lincolngoldfinch.com\/es\/vlog\/la-nueva-prueba-de-ciudadania\/\"><strong>ciudadan\u00eda<\/strong> <\/a>estadounidense por nacimiento en el extranjero son complejas, a veces las personas son ciudadanos estadounidenses sin saberlo.<br \/>\nHay muchas cosas que influyen en el hecho de que una persona nacida en el extranjero obtenga la ciudadan\u00eda estadounidense a trav\u00e9s de uno o ambos progenitores. Debemos tener la siguiente informaci\u00f3n para determinar si usted naci\u00f3 como ciudadano estadounidense:<\/p>\n<ul>\n<li>Su fecha de nacimiento;<\/li>\n<li>Si s\u00f3lo uno de sus padres era ciudadano estadounidense cuando usted naci\u00f3 o si ambos eran ciudadanos estadounidenses;<\/li>\n<li>La nacionalidad de cualquier progenitor no ciudadano;<\/li>\n<li>Su legitimidad de nacimiento;<\/li>\n<li>Las fechas exactas en que su(s) progenitor(es) ciudadano(s) estadounidense(s) vivi\u00f3(eron) en Estados Unidos antes y despu\u00e9s de su nacimiento; y<\/li>\n<li>Las fechas exactas en las que usted vivi\u00f3 en Estados Unidos despu\u00e9s de nacer.<\/li>\n<\/ul>\n<h2>Ciudadan\u00eda americana derivada<\/h2>\n<p>Si no fue autom\u00e1ticamente ciudadano estadounidense al nacer, es posible que haya obtenido la ciudadan\u00eda estadounidense de uno de sus padres o de ambos. Puede haber obtenido la nacionalidad estadounidense si era residente permanente en Estados Unidos y uno o ambos progenitores se naturalizaron como ciudadanos estadounidenses cuando cumpli\u00f3 los 18 o 21 a\u00f1os.<\/p>\n<h2>Evidencia de ciudadan\u00eda americana<\/h2>\n<p>Si cree que usted o un miembro de su familia puede ser ciudadano estadounidense,\u00a0<a href=\"https:\/\/www.lincolngoldfinch.com\/es\/contactenos\/\">p\u00f3ngase en contacto con nosotros<\/a>. Podemos determinar si usted naci\u00f3 como ciudadano estadounidense o si obtuvo la ciudadan\u00eda estadounidense cuando era ni\u00f1o y podemos ayudarle a solicitar un Certificado de Ciudadan\u00eda a trav\u00e9s de la Oficina de Servicios de Ciudadan\u00eda e Inmigraci\u00f3n de los Estados Unidos o a solicitar un pasaporte estadounidense a trav\u00e9s del Departamento de Estado de los Estados Unidos.<\/p>\n<hr \/>\n<\/div><\/div><\/div><\/div><\/div>\n<div class=\"gsp_post_data\" \r\n\t            data-post_type=\"page\" \r\n\t            data-cat=\"\" \r\n\t            data-modified=\"120\"\r\n\t            data-created=\"1432117228\"\r\n\t            data-title=\"Ciudadan\u00eda por nacimiento y ciudadan\u00eda derivada\" \r\n\t            data-home=\"https:\/\/www.lincolngoldfinch.com\/es\/\"><\/div>","protected":false},"excerpt":{"rendered":"","protected":false},"author":1,"featured_media":0,"parent":5707,"menu_order":0,"comment_status":"closed","ping_status":"closed","template":"","meta":{"_acf_changed":false,"rop_custom_images_group":[],"rop_custom_messages_group":[],"rop_publish_now":"initial","rop_publish_now_accounts":[],"rop_publish_now_history":[],"rop_publish_now_status":"pending","_analytify_skip_tracking":false,"rank_math_title":"Ciudadan\u00eda americana por nacimiento: Requisitos a cumplir","rank_math_description":"Descubra si tiene derecho a la ciudadan\u00eda americana por nacimiento o derivada y conozca los requisitos para obtenerla.","rank_math_focus_keyword":"Ciudadan\u00eda Americana","rank_math_canonical_url":"","footnotes":""},"class_list":["post-5730","page","type-page","status-publish","hentry"],"acf":[],"_links":{"self":[{"href":"https:\/\/www.lincolngoldfinch.com\/es\/wp-json\/wp\/v2\/pages\/5730","targetHints":{"allow":["GET"]}}],"collection":[{"href":"https:\/\/www.lincolngoldfinch.com\/es\/wp-json\/wp\/v2\/pages"}],"about":[{"href":"https:\/\/www.lincolngoldfinch.com\/es\/wp-json\/wp\/v2\/types\/page"}],"author":[{"embeddable":true,"href":"https:\/\/www.lincolngoldfinch.com\/es\/wp-json\/wp\/v2\/users\/1"}],"replies":[{"embeddable":true,"href":"https:\/\/www.lincolngoldfinch.com\/es\/wp-json\/wp\/v2\/comments?post=5730"}],"version-history":[{"count":0,"href":"https:\/\/www.lincolngoldfinch.com\/es\/wp-json\/wp\/v2\/pages\/5730\/revisions"}],"up":[{"embeddable":true,"href":"https:\/\/www.lincolngoldfinch.com\/es\/wp-json\/wp\/v2\/pages\/5707"}],"wp:attachment":[{"href":"https:\/\/www.lincolngoldfinch.com\/es\/wp-json\/wp\/v2\/media?parent=5730"}],"curies":[{"name":"wp","href":"https:\/\/api.w.org\/{rel}","templated":true}]}}