{"id":5729,"date":"2015-05-20T10:24:44","date_gmt":"2015-05-20T15:24:44","guid":{"rendered":"https:\/\/www.aia-temp-dev.info\/?page_id=5729"},"modified":"2025-10-24T17:05:21","modified_gmt":"2025-10-24T22:05:21","slug":"inmigracion-laboral-residencia","status":"publish","type":"page","link":"https:\/\/www.lincolngoldfinch.com\/es\/areas-de-practica\/inmigracion-laboral-residencia\/","title":{"rendered":"Residencia permanente en EE.UU. basada en el empleo"},"content":{"rendered":"<div class=\"fusion-fullwidth fullwidth-box fusion-builder-row-1 fusion-flex-container nonhundred-percent-fullwidth non-hundred-percent-height-scrolling\" style=\"--awb-border-radius-top-left:0px;--awb-border-radius-top-right:0px;--awb-border-radius-bottom-right:0px;--awb-border-radius-bottom-left:0px;--awb-flex-wrap:wrap;\" ><div class=\"fusion-builder-row fusion-row fusion-flex-align-items-flex-start fusion-flex-content-wrap\" style=\"max-width:1331.2px;margin-left: calc(-4% \/ 2 );margin-right: calc(-4% \/ 2 );\"><div class=\"fusion-layout-column fusion_builder_column fusion-builder-column-0 fusion_builder_column_1_1 1_1 fusion-flex-column\" style=\"--awb-bg-size:cover;--awb-width-large:100%;--awb-margin-top-large:0px;--awb-spacing-right-large:1.92%;--awb-margin-bottom-large:20px;--awb-spacing-left-large:1.92%;--awb-width-medium:100%;--awb-order-medium:0;--awb-spacing-right-medium:1.92%;--awb-spacing-left-medium:1.92%;--awb-width-small:100%;--awb-order-small:0;--awb-spacing-right-small:1.92%;--awb-spacing-left-small:1.92%;\"><div class=\"fusion-column-wrapper fusion-column-has-shadow fusion-flex-justify-content-flex-start fusion-content-layout-column\"><div class=\"fusion-text fusion-text-1\" style=\"--awb-content-alignment:center;--awb-text-transform:none;\"><h1>Residencia permanente en EE.UU. basada en el empleo<\/h1>\n<\/div><div class=\"fusion-separator fusion-full-width-sep\" style=\"align-self: center;margin-left: auto;margin-right: auto;margin-top:10px;margin-bottom:20px;width:100%;\"><div class=\"fusion-separator-border sep-single sep-solid\" style=\"--awb-height:20px;--awb-amount:20px;--awb-sep-color:#000000;border-color:#000000;border-top-width:1px;\"><\/div><\/div><div class=\"fusion-text fusion-text-2\" style=\"--awb-text-transform:none;\"><p><img decoding=\"async\" class=\"wp-image-33865 size-full aligncenter\" src=\"https:\/\/www.lincolngoldfinch.com\/wp-content\/uploads\/2022\/06\/residencia-permanente-basada-en-empleo-en-los-estados-unidos-explicada-lincoln-goldfinch-law.webp\" alt=\"\" width=\"900\" height=\"596\" \/><\/p>\n<p>La residencia permanente basada en el empleo es una de las v\u00edas m\u00e1s comunes que utilizan los inmigrantes para obtener la tarjeta de residencia. El Servicio de Ciudadan\u00eda e Inmigraci\u00f3n de los Estados Unidos tiene directrices sobre las diferentes <strong>categor\u00edas de residencia permanente<\/strong> y c\u00f3mo solicitar cada una de ellas.<\/p>\n<p>Una tarjeta de residencia permanente basada en el empleo o <a href=\"https:\/\/www.lincolngoldfinch.com\/es\/abogada-de-green-card\/\">green card<\/a> es el billete de un ciudadano extranjero para poder vivir y trabajar en los Estados Unidos de forma permanente. En la mayor\u00eda de los casos, este privilegio incluye al c\u00f3nyuge y a los hijos del inmigrante. Para muchos, tambi\u00e9n es un paso necesario para conseguir la ciudadan\u00eda.<\/p>\n<p>Hay tres categor\u00edas de preferencia para la tarjeta de residencia basada en el empleo que se basan en las cualificaciones profesionales de las personas:<\/p>\n<ul>\n<li aria-level=\"1\">\n<h2>Primera categor\u00eda (EB-1)<\/h2>\n<\/li>\n<\/ul>\n<p>Las personas que entran en esta categor\u00eda se denominan com\u00fanmente <strong>trabajadores prioritarios.<\/strong> Se trata de extranjeros que demuestran habilidades extraordinarias en las ciencias, las artes, la educaci\u00f3n, los negocios o el deporte. Tambi\u00e9n incluye a los profesores e investigadores que demuestran un rendimiento sobresaliente en sus respectivos campos. La categor\u00eda tambi\u00e9n incluye a los ejecutivos y directivos de determinadas empresas multinacionales.<\/p>\n<p>Las personas que entran en esta categor\u00eda no han alcanzado cualquier tipo de logro. Tienen que demostrar que han sido aclamados a nivel nacional o internacional en reconocimiento de su experiencia.<\/p>\n<p>Para ello, deben presentar a) pruebas de haber recibido un <strong>premio \u00fanico e importante<\/strong> de reconocimiento internacional, como un premio Nobel de la Paz, o b) cualquiera de los tres criterios siguientes:<\/p>\n<ul>\n<li>Prueba de haber recibido un premio menor pero a nivel nacional o internacional.<\/li>\n<li>Prueba de pertenencia a una asociaci\u00f3n en su campo de especializaci\u00f3n que exija a sus miembros logros sobresalientes.<\/li>\n<li>Prueba de que una publicaci\u00f3n o medio de comunicaci\u00f3n importante ha publicado material sobre el solicitante.<\/li>\n<li>Prueba de que se les ha asignado o solicitado que juzguen el trabajo de otros.<\/li>\n<li>Documentaci\u00f3n de sus contribuciones a sus campos y que estas contribuciones son ideas originales.<\/li>\n<li>Copias de los art\u00edculos acad\u00e9micos que hayan escrito y publicado en las principales publicaciones comerciales.<\/li>\n<li>Pruebas de que su trabajo ha sido presentado en exposiciones de arte.<\/li>\n<li>Pruebas de que han desempe\u00f1ado funciones de liderazgo en organizaciones destacadas.<\/li>\n<li>Presentar documentos que corroboren que exigen un salario m\u00e1s alto en comparaci\u00f3n con otros que trabajan en el mismo campo.<\/li>\n<li>Prueba de su \u00e9xito en las artes esc\u00e9nicas.<\/li>\n<li>Los profesores o investigadores de esta categor\u00eda deben demostrar su excelencia acad\u00e9mica aportando dos de los siguientes criterios:<\/li>\n<li>Prueba de que han recibido premios importantes por sus destacados logros.<\/li>\n<li>Prueba de que son miembros de asociaciones que exigen a sus miembros logros sobresalientes.<\/li>\n<li>Documentaci\u00f3n que demuestre que su trabajo ha sido objeto de publicaciones profesionales.<\/li>\n<li>Prueba de que han participado solos o en un panel para juzgar el trabajo realizado por otros en el mismo campo acad\u00e9mico.<\/li>\n<li>Pruebas de contribuci\u00f3n o estudios cient\u00edficos o acad\u00e9micos en su campo.<\/li>\n<li>Documentaci\u00f3n de que han escrito libros o art\u00edculos publicados en revistas internacionales en su campo de especializaci\u00f3n.<\/li>\n<\/ul>\n<h3><span style=\"font-weight: 400;\">Proceso de aplicaci\u00f3n para tarjeta de residencia para visas EB-1<\/span><\/h3>\n<p><img decoding=\"async\" class=\"wp-image-33868 size-full alignleft\" src=\"https:\/\/www.lincolngoldfinch.com\/wp-content\/uploads\/2022\/06\/visa-para-investigadores-cientificos-de-alto-nivel-en-los-estados-unidos.jpg\" alt=\"\" width=\"300\" height=\"201\" srcset=\"https:\/\/www.lincolngoldfinch.com\/wp-content\/uploads\/2022\/06\/visa-para-investigadores-cientificos-de-alto-nivel-en-los-estados-unidos-200x134.jpg 200w, https:\/\/www.lincolngoldfinch.com\/wp-content\/uploads\/2022\/06\/visa-para-investigadores-cientificos-de-alto-nivel-en-los-estados-unidos.jpg 300w\" sizes=\"(max-width: 300px) 100vw, 300px\" \/><\/p>\n<p>Las personas que reclaman una capacidad extraordinaria pueden rellenar directamente el <a href=\"https:\/\/www.uscis.gov\/i-140\" target=\"_blank\" rel=\"noopener\">formulario I-140<\/a>, la Petici\u00f3n de Trabajador Extranjero, y solicitarlo por s\u00ed mismas. Los que alegan ser profesores e investigadores destacados, as\u00ed como ejecutivos y directivos de multinacionales, necesitan que un <strong>empleador estadounidense presente el formulario<\/strong> por ellos. Junto con la petici\u00f3n, el empleador estadounidense tiene que aportar pruebas de que tiene la capacidad de pagar continuamente los salarios del trabajador extranjero. Pueden utilizar cualquier documento financiero, como las declaraciones de la renta o un informe anual.<\/p>\n<p>Los familiares de los titulares de Visas EB-1 que solicitan la residencia pueden solicitar la entrada en Estados Unidos cuando se haya aprobado la petici\u00f3n del trabajador extranjero. El c\u00f3nyuge deber\u00e1 solicitar el estatus de inmigrante E-14 y los hijos menores de 21 a\u00f1os son elegibles para el estatus de inmigrante E-15.<\/p>\n<ul>\n<li aria-level=\"1\">\n<h2>\u00a0Segunda categor\u00eda (EB-2)<\/h2>\n<\/li>\n<\/ul>\n<p>Las personas que tienen Visas de segunda categor\u00eda pueden optar a tarjetas de residencia permanente basadas en el empleo. Esta categor\u00eda incluye a los ciudadanos extranjeros que tienen t\u00edtulos avanzados, los que demuestran una <strong>capacidad excepcional<\/strong> en un campo calificado, y los que se les concede la exenci\u00f3n de inter\u00e9s nacional.<\/p>\n<h3><span style=\"font-weight: 400;\">T\u00edtulo avanzado<\/span><\/h3>\n<p><img decoding=\"async\" class=\"wp-image-33873 size-full alignright\" src=\"https:\/\/www.lincolngoldfinch.com\/wp-content\/uploads\/2022\/06\/visa-para-trabajadores-con-titulos-importantes.jpg\" alt=\"\" width=\"300\" height=\"219\" srcset=\"https:\/\/www.lincolngoldfinch.com\/wp-content\/uploads\/2022\/06\/visa-para-trabajadores-con-titulos-importantes-200x146.jpg 200w, https:\/\/www.lincolngoldfinch.com\/wp-content\/uploads\/2022\/06\/visa-para-trabajadores-con-titulos-importantes.jpg 300w\" sizes=\"(max-width: 300px) 100vw, 300px\" \/><\/p>\n<p>Esto significa que una persona con un t\u00edtulo superior o su equivalente extranjero est\u00e1 solicitando un trabajo que requiere su formaci\u00f3n particular. Este equivalente extranjero significa tener un t\u00edtulo de bachillerato con 5 a\u00f1os de experiencia de postgrado en el campo.<\/p>\n<p>El trabajador extranjero debe acreditar esta <strong>titulaci\u00f3n avanzada<\/strong> aportando alguno de los siguientes documentos:<\/p>\n<ol>\n<li>Documentaci\u00f3n que demuestre que tiene un t\u00edtulo superior estadounidense. Un ejemplo de ello es el expediente acad\u00e9mico oficial de la persona.<\/li>\n<li>Si tiene el equivalente en el extranjero con cinco a\u00f1os de experiencia despu\u00e9s del bachillerato, puede presentar su expediente acad\u00e9mico oficial junto con cartas de antiguos empleadores que atestig\u00fcen que tiene los cinco a\u00f1os de experiencia requeridos en su campo.<\/li>\n<\/ol>\n<h3><span style=\"font-weight: 400;\">Capacidades excepcionales<\/span><\/h3>\n<p>Las personas con capacidades excepcionales en las ciencias, las artes o los negocios son aquellas cuya experiencia en su campo cualificado es superior a la de una persona normal.\u00a0 Para demostrar sus aptitudes, deben cumplir al menos tres de los siguientes criterios:<\/p>\n<ul>\n<li>Expedientes acad\u00e9micos oficiales que demuestren que el trabajador extranjero tiene un t\u00edtulo de una instituci\u00f3n de ense\u00f1anza superior.<\/li>\n<li>Cartas de los empleadores que indiquen que tienen no menos de 10 a\u00f1os de experiencia en su profesi\u00f3n.<\/li>\n<li>Su licencia profesional para ejercer en el campo.<\/li>\n<li>Pruebas de que han obtenido un salario superior al de otros trabajadores de la misma profesi\u00f3n en vista de su capacidad excepcional.<\/li>\n<li>Prueba de que son miembros de una asociaci\u00f3n profesional.<\/li>\n<li>Reconocimiento p\u00fablico por parte del gobierno, sus colegas o asociaciones profesionales, de sus logros y contribuciones en sus respectivos campos.<\/li>\n<li>Otras pruebas similares o comparables a las mencionadas anteriormente.<\/li>\n<li>Exenci\u00f3n por inter\u00e9s nacional<\/li>\n<\/ul>\n<p>La mayor\u00eda de las categor\u00edas de inmigraci\u00f3n basadas en el empleo requieren una <strong>Certificaci\u00f3n Laboral.<\/strong> En algunos casos, el extranjero que busca la residencia permanente solicita que se le exima de la certificaci\u00f3n laboral porque tiene habilidades que pueden beneficiar en gran medida a los Estados Unidos. Los beneficiarios de la exenci\u00f3n son elegibles para la residencia permanente bajo la segunda categor\u00eda de preferencia. Esto se debe a que suelen estar cualificados a trav\u00e9s de los criterios de capacidad excepcional.<\/p>\n<ul>\n<li aria-level=\"1\">\n<h2>\u00a0Tercera categor\u00eda (EB-3)<\/h2>\n<\/li>\n<\/ul>\n<p><span style=\"font-weight: 400;\">Individuos que caen bajo esta categor\u00eda son trabajadores expertos, profesionales y otros trabajadores que califiquen.<\/span><\/p>\n<h3><span style=\"font-weight: 400;\">Trabajadores Expertos<\/span><\/h3>\n<p><img decoding=\"async\" class=\"wp-image-33877 size-full alignleft\" src=\"https:\/\/www.lincolngoldfinch.com\/wp-content\/uploads\/2022\/06\/visa-eb-3-para-trabajadores-habilidosos-en-los-estados-unidos.jpg\" alt=\"\" width=\"300\" height=\"200\" srcset=\"https:\/\/www.lincolngoldfinch.com\/wp-content\/uploads\/2022\/06\/visa-eb-3-para-trabajadores-habilidosos-en-los-estados-unidos-200x133.jpg 200w, https:\/\/www.lincolngoldfinch.com\/wp-content\/uploads\/2022\/06\/visa-eb-3-para-trabajadores-habilidosos-en-los-estados-unidos.jpg 300w\" sizes=\"(max-width: 300px) 100vw, 300px\" \/><\/p>\n<p>Se consideran trabajadores cualificados aquellos que tienen un <strong>m\u00ednimo de dos a\u00f1os<\/strong> de educaci\u00f3n, formaci\u00f3n o experiencia laboral. Deben poder demostrarlo con documentaci\u00f3n aceptada. La educaci\u00f3n y la experiencia deben ajustarse a las calificaciones del trabajo que solicitan. Es importante que no haya trabajadores estadounidenses cualificados que puedan realizar el trabajo.<\/p>\n<h3><span style=\"font-weight: 400;\">Profesionales<\/span><\/h3>\n<p>Personas que tengan una <strong>licenciatura<\/strong> estadounidense o su equivalente en el extranjero. A diferencia de las categor\u00edas de preferencia anteriores, no es necesario demostrar un rendimiento acad\u00e9mico excepcional. Lo importante es que el t\u00edtulo cumpla con los requisitos del puesto y que \u00e9ste no pueda cubrirse por falta de trabajadores cualificados en Estados Unidos.<\/p>\n<h3><span style=\"font-weight: 400;\">Trabajadores No Cualificados<\/span><\/h3>\n<p>El t\u00e9rmino trabajadores no cualificados se refiere a las personas que pueden realizar trabajos no cualificados o que requieren menos de 2 a\u00f1os de formaci\u00f3n o experiencia. Esto es diferente del trabajo temporal no cualificado, ya que en esta categor\u00eda el trabajo es permanente y no estacional.<\/p>\n<p>Las tres subcategor\u00edas de la categor\u00eda EB-3 necesitan una certificaci\u00f3n laboral y una oferta de trabajo permanente y a tiempo completo.<\/p>\n<ul>\n<li aria-level=\"1\">\n<h2>\u00a0Cuarta categor\u00eda (EB-4)<\/h2>\n<\/li>\n<\/ul>\n<p>Esta categor\u00eda de residencia permanente basada en el empleo incluye a los inmigrantes especiales que cumplen ciertos requisitos. La lista incluye lo siguiente:<\/p>\n<h3><span style=\"font-weight: 400;\">Trabajadores Religiosos<\/span><\/h3>\n<p>Esto se refiere a los ministros o no ministros que realizan un<strong> trabajo religioso remunerado<\/strong> a tiempo completo. El programa para vocaciones religiosas no ministeriales que permit\u00eda a los no ministros convertirse en residentes permanentes hasta el 3 de diciembre de 2021 fue prorrogado por el gobierno estadounidense. A los que ya se encuentran en EE.UU. en calidad de tales se les ha dado hasta el 18 de febrero de 2022, en lugar del 3 de diciembre de 2021, para solicitar la residencia permanente.<\/p>\n<p>Los ministros y sus familiares directos no se ven afectados por la fecha de expiraci\u00f3n.<\/p>\n<p>Para que un ministro pueda optar al estatus especial de inmigrante, debe formar parte de una confesi\u00f3n religiosa que dirija una organizaci\u00f3n real sin \u00e1nimo de lucro en EE.UU. durante un m\u00ednimo de 2 a\u00f1os antes de presentar la solicitud. Tambi\u00e9n es necesario que busquen entrar en el pa\u00eds para trabajar como ministro remunerado en esa confesi\u00f3n religiosa. Por remunerado, se entiende trabajar al menos 35 horas semanales con una remuneraci\u00f3n asalariada o no asalariada.<\/p>\n<p>El <strong>ministro debe venir a EE.UU.<\/strong> a trabajar para la organizaci\u00f3n religiosa sin \u00e1nimo de lucro de buena fe en el pa\u00eds. Tambi\u00e9n se considera el hecho de trabajar para una organizaci\u00f3n legal asociada a una secta religiosa del pa\u00eds.<\/p>\n<p>Otro caso en el que se considera que la persona es elegible es cuando han trabajado como no ministros en el extranjero o en EE.UU., para las organizaciones mencionadas anteriormente, despu\u00e9s de los 14 a\u00f1os. Deben haber trabajado de forma continuada durante al menos 2 a\u00f1os antes de solicitar la tarjeta de residencia.<\/p>\n<h3><span style=\"font-weight: 400;\">J\u00f3venes inmigrantes especiales<\/span><\/h3>\n<p><img decoding=\"async\" class=\"wp-image-33882 size-full alignright\" src=\"https:\/\/www.lincolngoldfinch.com\/wp-content\/uploads\/2022\/06\/visa-especial-para-migrantes-juveniles-en-los-estados-unidos.jpg\" alt=\"\" width=\"300\" height=\"168\" srcset=\"https:\/\/www.lincolngoldfinch.com\/wp-content\/uploads\/2022\/06\/visa-especial-para-migrantes-juveniles-en-los-estados-unidos-200x112.jpg 200w, https:\/\/www.lincolngoldfinch.com\/wp-content\/uploads\/2022\/06\/visa-especial-para-migrantes-juveniles-en-los-estados-unidos.jpg 300w\" sizes=\"(max-width: 300px) 100vw, 300px\" \/><\/p>\n<p>Un menor de edad que viva en Estados Unidos y que haya requerido la protecci\u00f3n de un tribunal de menores debido a los <strong>abusos, el abandono o la negligencia<\/strong> de uno de sus padres puede optar a una Green Card.<\/p>\n<p>Es necesario cumplir los siguientes requisitos:<\/p>\n<ul>\n<li>El menor debe ser menor de 21 a\u00f1os en el momento de presentar la petici\u00f3n de Inmigrante Juvenil Especial.<\/li>\n<li>Debe estar viviendo en los Estados Unidos en el momento de la presentaci\u00f3n.<\/li>\n<li>La persona no debe estar casada ni haberse casado anteriormente.<\/li>\n<li>Debe tener una orden judicial de buena fe de un tribunal estatal de EE.UU. que declare oficialmente al menor como dependiente del tribunal. En la orden debe constar que el tribunal ha considerado que el menor ha sufrido abusos, abandono o negligencia por parte de uno de sus progenitores y que no puede reunirse con uno o ambos progenitores. El tribunal tambi\u00e9n debe declarar en la orden que devolver al menor a su pa\u00eds de origen no es lo mejor para \u00e9l.<\/li>\n<\/ul>\n<p>Debe haber pruebas de que la orden del tribunal de menores estaba justificada por la situaci\u00f3n y no se buscaba simplemente para obtener el estatus de inmigrante. Tiene que haber un consentimiento por escrito proporcionado por el Departamento de Salud y Servicios Humanos si el menor est\u00e1 actualmente bajo su custodia o si el tribunal tambi\u00e9n ordena el cambio de custodia o colocaci\u00f3n.<\/p>\n<h3><span style=\"font-weight: 400;\">Otros individuos calificados bajo la categor\u00eda EB-44<\/span><\/h3>\n<ul>\n<li style=\"font-weight: 400;\" aria-level=\"1\">Los locutores no ciudadanos que vienen a EE.UU. a trabajar para la Agencia de Medios de Comunicaci\u00f3n Global de Estados Unidos. Esta subcategor\u00eda tiene un l\u00edmite de 100 Visas al a\u00f1o.<\/li>\n<li style=\"font-weight: 400;\" aria-level=\"1\">Algunos oficiales retirados o empleados actuales de una organizaci\u00f3n internacional G-4 reconocida por Estados Unidos, o empleados civiles de la OTAN-6 y sus familias.<\/li>\n<li style=\"font-weight: 400;\" aria-level=\"1\">Algunos empleados del gobierno estadounidense en el extranjero, junto con la familia del primero.<\/li>\n<li style=\"font-weight: 400;\" aria-level=\"1\">Miembros de las fuerzas armadas estadounidenses.<\/li>\n<li style=\"font-weight: 400;\" aria-level=\"1\">Empleados de la compa\u00f1\u00eda del Canal de Panam\u00e1 o trabajadores del gobierno de la Zona del Canal.<\/li>\n<li style=\"font-weight: 400;\" aria-level=\"1\">M\u00e9dicos cualificados que hayan trabajado en EE.UU. como m\u00e9dicos desde el 9 de enero de 1978.<\/li>\n<li style=\"font-weight: 400;\" aria-level=\"1\">Nacionales de Afganist\u00e1n o Irak que hayan trabajado para el gobierno estadounidense como int\u00e9rpretes en el extranjero.<\/li>\n<li style=\"font-weight: 400;\" aria-level=\"1\">Nacionales de Irak que hayan trabajado para el gobierno estadounidense.<\/li>\n<li style=\"font-weight: 400;\" aria-level=\"1\">Afganos que hayan trabajado para el gobierno estadounidense o para la Fuerza Internacional de Asistencia a la Seguridad.<\/li>\n<li aria-level=\"1\">\n<h2>\u00a0Quinta categor\u00eda (EB-5)<\/h2>\n<\/li>\n<\/ul>\n<p><img decoding=\"async\" class=\"wp-image-33884 size-full alignright\" src=\"https:\/\/www.lincolngoldfinch.com\/wp-content\/uploads\/2022\/06\/visa-eb-5-para-inversores-extranjeros.jpg\" alt=\"\" width=\"300\" height=\"199\" srcset=\"https:\/\/www.lincolngoldfinch.com\/wp-content\/uploads\/2022\/06\/visa-eb-5-para-inversores-extranjeros-200x133.jpg 200w, https:\/\/www.lincolngoldfinch.com\/wp-content\/uploads\/2022\/06\/visa-eb-5-para-inversores-extranjeros.jpg 300w\" sizes=\"(max-width: 300px) 100vw, 300px\" \/><\/p>\n<p>La categor\u00eda EB-5 abarca el <strong>Programa de Inmigrantes Inversores.<\/strong> A trav\u00e9s de este programa, los inversores y sus c\u00f3nyuges e hijos solteros pueden optar a la residencia permanente. Estos inversores deben cumplir los siguientes requisitos<\/p>\n<ul>\n<li>Deben invertir en un negocio en los Estados Unidos.<\/li>\n<li>Dichos negocios deben ser capaces de proporcionar al menos 10 puestos de trabajo a tiempo completo y a largo plazo para trabajadores estadounidenses cualificados para el puesto.<\/li>\n<li>Las peticiones presentadas a partir del 21 de noviembre de 2019 deben basarse en una inversi\u00f3n m\u00ednima de 1.800.000 d\u00f3lares en un \u00e1rea de alto empleo. El requisito m\u00ednimo para invertir en un \u00e1rea de empleo espec\u00edfico o bajo es de 900.000 d\u00f3lares.<\/li>\n<\/ul>\n<p>No hay requisito de certificaci\u00f3n laboral para las peticiones de inversionistas inmigrantes.<\/p>\n<\/div><\/div><\/div><\/div><\/div>\n<div class=\"gsp_post_data\" \r\n\t            data-post_type=\"page\" \r\n\t            data-cat=\"\" \r\n\t            data-modified=\"120\"\r\n\t            data-created=\"1432117484\"\r\n\t            data-title=\"Residencia permanente en EE.UU. basada en el empleo\" \r\n\t            data-home=\"https:\/\/www.lincolngoldfinch.com\/es\/\"><\/div>","protected":false},"excerpt":{"rendered":"","protected":false},"author":1,"featured_media":0,"parent":98550,"menu_order":0,"comment_status":"closed","ping_status":"closed","template":"","meta":{"_acf_changed":false,"rop_custom_images_group":[],"rop_custom_messages_group":[],"rop_publish_now":"initial","rop_publish_now_accounts":[],"rop_publish_now_history":[],"rop_publish_now_status":"pending","_analytify_skip_tracking":false,"rank_math_title":"Residencia permanente por empleo","rank_math_description":"Descubra c\u00f3mo obtener la residencia permanente en EE.UU. por medio de empleo. Cont\u00e1ctenos para una evaluaci\u00f3n gratuita.","rank_math_focus_keyword":"residencia","rank_math_canonical_url":"","footnotes":""},"class_list":["post-5729","page","type-page","status-publish","hentry"],"acf":[],"_links":{"self":[{"href":"https:\/\/www.lincolngoldfinch.com\/es\/wp-json\/wp\/v2\/pages\/5729","targetHints":{"allow":["GET"]}}],"collection":[{"href":"https:\/\/www.lincolngoldfinch.com\/es\/wp-json\/wp\/v2\/pages"}],"about":[{"href":"https:\/\/www.lincolngoldfinch.com\/es\/wp-json\/wp\/v2\/types\/page"}],"author":[{"embeddable":true,"href":"https:\/\/www.lincolngoldfinch.com\/es\/wp-json\/wp\/v2\/users\/1"}],"replies":[{"embeddable":true,"href":"https:\/\/www.lincolngoldfinch.com\/es\/wp-json\/wp\/v2\/comments?post=5729"}],"version-history":[{"count":0,"href":"https:\/\/www.lincolngoldfinch.com\/es\/wp-json\/wp\/v2\/pages\/5729\/revisions"}],"up":[{"embeddable":true,"href":"https:\/\/www.lincolngoldfinch.com\/es\/wp-json\/wp\/v2\/pages\/98550"}],"wp:attachment":[{"href":"https:\/\/www.lincolngoldfinch.com\/es\/wp-json\/wp\/v2\/media?parent=5729"}],"curies":[{"name":"wp","href":"https:\/\/api.w.org\/{rel}","templated":true}]}}