{"id":5720,"date":"2015-05-20T08:11:14","date_gmt":"2015-05-20T13:11:14","guid":{"rendered":"https:\/\/www.aia-temp-dev.info\/?page_id=5720"},"modified":"2025-03-19T10:20:38","modified_gmt":"2025-03-19T15:20:38","slug":"visitantes-de-intercambio-visa-j-1","status":"publish","type":"page","link":"https:\/\/www.lincolngoldfinch.com\/es\/areas-de-practica\/visas-temporales\/visitantes-de-intercambio-visa-j-1\/","title":{"rendered":"Visitantes de intercambio con Visa tipo J-1"},"content":{"rendered":"<div class=\"fusion-fullwidth fullwidth-box fusion-builder-row-1 fusion-flex-container nonhundred-percent-fullwidth non-hundred-percent-height-scrolling\" style=\"--awb-border-radius-top-left:0px;--awb-border-radius-top-right:0px;--awb-border-radius-bottom-right:0px;--awb-border-radius-bottom-left:0px;--awb-flex-wrap:wrap;\" ><div class=\"fusion-builder-row fusion-row fusion-flex-align-items-flex-start fusion-flex-content-wrap\" style=\"max-width:1331.2px;margin-left: calc(-4% \/ 2 );margin-right: calc(-4% \/ 2 );\"><div class=\"fusion-layout-column fusion_builder_column fusion-builder-column-0 fusion_builder_column_1_1 1_1 fusion-flex-column\" style=\"--awb-bg-size:cover;--awb-width-large:100%;--awb-margin-top-large:0px;--awb-spacing-right-large:1.92%;--awb-margin-bottom-large:20px;--awb-spacing-left-large:1.92%;--awb-width-medium:100%;--awb-order-medium:0;--awb-spacing-right-medium:1.92%;--awb-spacing-left-medium:1.92%;--awb-width-small:100%;--awb-order-small:0;--awb-spacing-right-small:1.92%;--awb-spacing-left-small:1.92%;\"><div class=\"fusion-column-wrapper fusion-column-has-shadow fusion-flex-justify-content-flex-start fusion-content-layout-column\"><div class=\"fusion-text fusion-text-1\" style=\"--awb-content-alignment:center;--awb-text-transform:none;\"><h1>Visa J-1 para visitantes de intercambio<\/h1>\n<p><img decoding=\"async\" class=\"aligncenter size-full wp-image-9839\" src=\"https:\/\/www.lincolngoldfinch.com\/wp-content\/uploads\/2021\/06\/visa-j1-requisitos-abogados-de-inmigracion-cerca-de-mi.jpg\" alt=\"Abogada De Inmigraci\u00f3n Austin Texas Solicitar VISA J-1\" width=\"840\" height=\"471\" srcset=\"https:\/\/www.lincolngoldfinch.com\/wp-content\/uploads\/2021\/06\/visa-j1-requisitos-abogados-de-inmigracion-cerca-de-mi-710x398.jpg 710w, https:\/\/www.lincolngoldfinch.com\/wp-content\/uploads\/2021\/06\/visa-j1-requisitos-abogados-de-inmigracion-cerca-de-mi-768x431.jpg 768w, https:\/\/www.lincolngoldfinch.com\/wp-content\/uploads\/2021\/06\/visa-j1-requisitos-abogados-de-inmigracion-cerca-de-mi.jpg 840w\" sizes=\"(max-width: 840px) 100vw, 840px\" \/><\/p>\n<\/div><div class=\"fusion-separator fusion-full-width-sep\" style=\"align-self: center;margin-left: auto;margin-right: auto;margin-top:10px;margin-bottom:20px;width:100%;\"><div class=\"fusion-separator-border sep-single sep-solid\" style=\"--awb-height:20px;--awb-amount:20px;--awb-sep-color:#000000;border-color:#000000;border-top-width:1px;\"><\/div><\/div><div class=\"fusion-text fusion-text-2\" style=\"--awb-text-transform:none;\"><h2>Objetivos de las bisas J-1<\/h2>\n<p>La clasificaci\u00f3n de Visa J-1 es para personas que han sido aceptadas para participar en programas de intercambio de visitantes en los Estados Unidos. Antes de poder solicitar una Visa J-1, debe ser aceptado por una organizaci\u00f3n patrocinadora designada por el Departamento de Estado de los Estados Unidos. Cada categor\u00eda tiene sus propios requisitos y normas espec\u00edficas.<\/p>\n<p><strong>Las categor\u00edas de visitantes de intercambio son:<\/strong><\/p>\n<ul>\n<li>Au pair<\/li>\n<li>Consejero de campamento<\/li>\n<li>Estudiante (colegio o universidad)<\/li>\n<li>Estudiante (escuela secundaria)<\/li>\n<li>Visitante gubernamental<\/li>\n<li>Visitante internacional (reservado para el Departamento de Estado)<\/li>\n<li>M\u00e9dico<\/li>\n<li>Profesor<\/li>\n<li>Becario de investigaci\u00f3n<\/li>\n<li>Becario de corta duraci\u00f3n<\/li>\n<li>Especialista<\/li>\n<li>Estudiante de verano en un programa de viaje o de trabajo<\/li>\n<li>Becario<\/li>\n<\/ul>\n<h2>Solicitud de una visa J-1<\/h2>\n<p><strong>Antes de poder solicitar una Visa de visitante de intercambio J-1, usted debe<\/strong><\/p>\n<ul>\n<li>Ser aceptado por una organizaci\u00f3n patrocinadora designada por el Departamento de Estado; y<\/li>\n<li>Obtener un DS 2019, Certificado de Elegibilidad para el Estatus de Visitante de Intercambio de su organizaci\u00f3n patrocinadora.<\/li>\n<li>Debes llevar tu DS 2019 a la entrevista para la Visa J-1 en el consulado o embajada.<\/li>\n<\/ul>\n<p><strong>Para ser elegible para recibir una Visa J-1, debes demostrar:<\/strong><\/p>\n<ul>\n<li>Que planeas permanecer en los Estados Unidos por un per\u00edodo temporal, espec\u00edfico y limitado;<\/li>\n<li>Tiene fondos suficientes para cubrir sus gastos en los Estados Unidos;<\/li>\n<li>Que domina el ingl\u00e9s; y<\/li>\n<li>Que mantendr\u00e1 un seguro m\u00e9dico suficiente por accidente y enfermedad.<\/li>\n<\/ul>\n<p>Tener una Visa aprobada no significa que se le permita entrar en Estados Unidos. Una Visa le permite viajar a un puerto de entrada de Estados Unidos y solicitar permiso para entrar en el pa\u00eds. Cuando llegue a un puerto de entrada de Estados Unidos, un funcionario del Servicio de Aduanas y Protecci\u00f3n de Fronteras (CBP) le conceder\u00e1 o denegar\u00e1 la admisi\u00f3n en Estados Unidos. Si se le concede la admisi\u00f3n, el funcionario de la CBP sellar\u00e1 su Formulario I-94, Tarjeta de Llegada y Salida, con la duraci\u00f3n de su visita.<\/p>\n<h2>SEVP y SEVIS<\/h2>\n<p>Los<a href=\"https:\/\/www.dhs.gov\/\" target=\"_blank\" rel=\"noopener\"> Departamentos de Seguridad Nacional<\/a> y de Estado de Estados Unidos utilizan el Programa de Intercambio de Estudiantes (SEVP) para controlar a los visitantes que se encuentran en Estados Unidos con Visas F, M y J. La informaci\u00f3n relativa a los titulares de Visas de Estudiante y visitantes de intercambio se introduce en el Sistema de Informaci\u00f3n de Intercambio de Estudiantes y Visitantes (SEVIS).<\/p>\n<p>El programa en el que fuiste aceptado te emitir\u00e1 un DS 2019, Certificado de Elegibilidad para el Estatus de Visitante de Intercambio. Debe presentar su DS 2019 cuando solicite su Visa de visitante de intercambio. El funcionario consular verificar\u00e1 su DS 2019 electr\u00f3nicamente a trav\u00e9s del sistema SEVIS. Debe pagar una tasa SEVIS I-901 al Departamento de Seguridad Nacional. Puede pagar la tasa del SEVIS a trav\u00e9s del sitio web de tramitaci\u00f3n gratuita del SEVIS, por Western Union o por correo.<\/p>\n<h2>Requisito de residencia en el extranjero<\/h2>\n<p>Los visitantes de intercambio\u00a0 de Visa J-1 suelen estar sujetos a un requisito de residencia en el extranjero de dos a\u00f1os que les obliga a regresar a su pa\u00eds de origen (o pa\u00eds de \u00faltima residencia) durante dos a\u00f1os al final de su programa de intercambio de Visa J-1.<\/p>\n<p><strong>Si usted entra en una de las siguientes categor\u00edas, es probable que est\u00e9 sujeto al requisito de residencia en el extranjero:<\/strong><\/p>\n<ul>\n<li>M\u00e9dico patrocinado por la Educational Commission for Foreign Medical Graduates (ECFMG);<\/li>\n<li>Procede de un pa\u00eds incluido en la \u00abLista de aptitudes\u00bb del Departamento de Estado; o<\/li>\n<li>Ha recibido financiaci\u00f3n de su pa\u00eds de origen o del gobierno de los Estados Unidos para su programa de visitante de intercambio.<\/li>\n<\/ul>\n<p>El requisito de residencia en el extranjero no le impedir\u00e1 volver a entrar en Estados Unidos con una Visa de Estudiante F-1 o con Visas de Turista B-1\/B-2 (o algunas otras categor\u00edas), pero s\u00ed le impedir\u00e1 obtener una Visa profesional H-1B y la condici\u00f3n de residente permanente, a menos que cumpla el requisito o que se le exima de \u00e9l.<\/p>\n<h3>Exenci\u00f3n del requisito de residencia en el extranjero<\/h3>\n<p>Las personas del Programa de Visitantes de Intercambio que quieran permanecer en Estados Unidos una vez finalizado su programa o solicitar un cambio de estatus de Visa deben solicitar una exenci\u00f3n del requisito de residencia en el extranjero.<\/p>\n<p><strong>Graduados m\u00e9dicos extranjeros:<\/strong> Las exenciones de Visa J-1 son una forma habitual de que los graduados m\u00e9dicos extranjeros permanezcan en Estados Unidos. Los m\u00e9dicos que participan en programas m\u00e9dicos de posgrado con Visas J-1 deben regresar a su pa\u00eds de origen (o al pa\u00eds de su \u00faltima residencia) durante al menos dos a\u00f1os antes de poder solicitar una Visa de inmigrante, ajustar su estatus a la residencia permanente o solicitar determinadas Visas de Trabajo temporales.<\/p>\n<p>Si usted es un graduado m\u00e9dico extranjero, para tener derecho a la exenci\u00f3n, un Departamento de Salud del Estado designado (o su equivalente) debe solicitar que se le conceda la exenci\u00f3n. Los licenciados en medicina extranjeros pueden solicitar una exenci\u00f3n por este motivo si tienen una oferta de empleo a tiempo completo en un centro sanitario de una zona con escasez de servicios m\u00e9dicos, aceptan trabajar en el centro durante tres a\u00f1os y empiezan a trabajar en los 90 d\u00edas siguientes a la recepci\u00f3n de la exenci\u00f3n del requisito de residencia en el extranjero. Cada estado recibe treinta exenciones al a\u00f1o.<\/p>\n<p><strong>Tambi\u00e9n puede optar a una exenci\u00f3n si puede demostrar una de las siguientes cosas:<\/strong><\/p>\n<p>Que su c\u00f3nyuge o hijo estadounidense o residente legal permanente sufrir\u00e1 dificultades excepcionales si se le exige que regrese a su pa\u00eds de residencia;<br \/>\nSer\u00e1 perseguido a causa de su raza, religi\u00f3n u opini\u00f3n pol\u00edtica si se le obliga a regresar a su pa\u00eds de residencia;<br \/>\nUn organismo gubernamental estadounidense interesado ha solicitado que se le exima del requisito de residencia en el extranjero; o<br \/>\nSu pa\u00eds de origen proporciona una declaraci\u00f3n escrita de que no se opone a la exenci\u00f3n del requisito de residencia en el extranjero.<\/p>\n<p>Si usted solicita una exenci\u00f3n del requisito de residencia en el extranjero debido a una petici\u00f3n de un organismo gubernamental de los Estados Unidos, a una prueba de que su pa\u00eds de origen no se opone, o como graduado m\u00e9dico extranjero que tiene una oferta de empleo de un Departamento de Salud del Estado designado (o su equivalente), tendr\u00e1 que rellenar y presentar el formulario DS 3035, Solicitud de recomendaci\u00f3n de exenci\u00f3n de Visa J-1.<\/p>\n<p>Si solicita una exenci\u00f3n del requisito de residencia en el extranjero debido a dificultades excepcionales para un c\u00f3nyuge o un hijo ciudadano de los Estados Unidos o por motivos de persecuci\u00f3n, deber\u00e1 rellenar y presentar el formulario I-612, Application for Waiver of the Foreign Residence Requirement.<\/p>\n<h3>Estatus J-2 para miembros de la familia de los titulares de visas J-1<\/h3>\n<p>Los c\u00f3nyuges e hijos solteros menores de 21 a\u00f1os de los estudiantes con Visa J-1 pueden solicitar el estatus J-2 para entrar en los Estados Unidos. Los padres, prometidos, amigos y otros familiares deben solicitar la Visa de visitante B-2.<\/p>\n<p>Los familiares con Visa J-2 no pueden trabajar en Estados Unidos, pero s\u00ed pueden asistir a la escuela.<\/p>\n<\/div><\/div><\/div><\/div><\/div>\n<div class=\"gsp_post_data\" \r\n\t            data-post_type=\"page\" \r\n\t            data-cat=\"\" \r\n\t            data-modified=\"120\"\r\n\t            data-created=\"1432109474\"\r\n\t            data-title=\"Visitantes de intercambio con Visa tipo J-1\" \r\n\t            data-home=\"https:\/\/www.lincolngoldfinch.com\/es\/\"><\/div>","protected":false},"excerpt":{"rendered":"","protected":false},"author":1,"featured_media":0,"parent":5681,"menu_order":0,"comment_status":"closed","ping_status":"closed","template":"","meta":{"_acf_changed":false,"rop_custom_images_group":[],"rop_custom_messages_group":[],"rop_publish_now":"initial","rop_publish_now_accounts":[],"rop_publish_now_history":[],"rop_publish_now_status":"pending","_analytify_skip_tracking":false,"rank_math_title":"Visa J-1 | Visitantes de intercambio | %sitename%","rank_math_description":"Elaboramos una gu\u00eda sobre para qu\u00e9 sirve, quienes aplican, y c\u00f3mo obtener la Visa J-1 para visitantes o estudiantes de intercambio en EE.UU.","rank_math_focus_keyword":"visa j-1","rank_math_canonical_url":"","footnotes":""},"class_list":["post-5720","page","type-page","status-publish","hentry"],"acf":[],"_links":{"self":[{"href":"https:\/\/www.lincolngoldfinch.com\/es\/wp-json\/wp\/v2\/pages\/5720","targetHints":{"allow":["GET"]}}],"collection":[{"href":"https:\/\/www.lincolngoldfinch.com\/es\/wp-json\/wp\/v2\/pages"}],"about":[{"href":"https:\/\/www.lincolngoldfinch.com\/es\/wp-json\/wp\/v2\/types\/page"}],"author":[{"embeddable":true,"href":"https:\/\/www.lincolngoldfinch.com\/es\/wp-json\/wp\/v2\/users\/1"}],"replies":[{"embeddable":true,"href":"https:\/\/www.lincolngoldfinch.com\/es\/wp-json\/wp\/v2\/comments?post=5720"}],"version-history":[{"count":0,"href":"https:\/\/www.lincolngoldfinch.com\/es\/wp-json\/wp\/v2\/pages\/5720\/revisions"}],"up":[{"embeddable":true,"href":"https:\/\/www.lincolngoldfinch.com\/es\/wp-json\/wp\/v2\/pages\/5681"}],"wp:attachment":[{"href":"https:\/\/www.lincolngoldfinch.com\/es\/wp-json\/wp\/v2\/media?parent=5720"}],"curies":[{"name":"wp","href":"https:\/\/api.w.org\/{rel}","templated":true}]}}