{"id":5717,"date":"2015-05-20T08:39:39","date_gmt":"2015-05-20T13:39:39","guid":{"rendered":"https:\/\/www.aia-temp-dev.info\/?page_id=5717"},"modified":"2026-04-29T09:49:10","modified_gmt":"2026-04-29T14:49:10","slug":"vawa","status":"publish","type":"page","link":"https:\/\/www.lincolngoldfinch.com\/es\/areas-de-practica\/vawa\/","title":{"rendered":"Firma de abogados de VAWA en Austin Texas"},"content":{"rendered":"<div class=\"fusion-fullwidth fullwidth-box fusion-builder-row-1 fusion-flex-container nonhundred-percent-fullwidth non-hundred-percent-height-scrolling\" style=\"--awb-border-radius-top-left:0px;--awb-border-radius-top-right:0px;--awb-border-radius-bottom-right:0px;--awb-border-radius-bottom-left:0px;--awb-flex-wrap:wrap;\" ><div class=\"fusion-builder-row fusion-row fusion-flex-align-items-flex-start fusion-flex-content-wrap\" style=\"max-width:1331.2px;margin-left: calc(-4% \/ 2 );margin-right: calc(-4% \/ 2 );\"><div class=\"fusion-layout-column fusion_builder_column fusion-builder-column-0 fusion_builder_column_1_1 1_1 fusion-flex-column\" style=\"--awb-bg-size:cover;--awb-width-large:100%;--awb-margin-top-large:0px;--awb-spacing-right-large:1.92%;--awb-margin-bottom-large:20px;--awb-spacing-left-large:1.92%;--awb-width-medium:100%;--awb-order-medium:0;--awb-spacing-right-medium:1.92%;--awb-spacing-left-medium:1.92%;--awb-width-small:100%;--awb-order-small:0;--awb-spacing-right-small:1.92%;--awb-spacing-left-small:1.92%;\"><div class=\"fusion-column-wrapper fusion-column-has-shadow fusion-flex-justify-content-flex-start fusion-content-layout-column\"><div class=\"fusion-text fusion-text-1\" style=\"--awb-content-alignment:center;--awb-text-transform:none;\"><h1>Firma de abogados de VAWA en Austin Texas<\/h1>\n<\/div><div class=\"fusion-text fusion-text-2\" style=\"--awb-content-alignment:center;--awb-text-transform:none;\"><p>Residencia Permanente En EE.UU. A Trav\u00e9s De VAWA<\/p>\n<\/div><div class=\"fusion-separator fusion-full-width-sep\" style=\"align-self: center;margin-left: auto;margin-right: auto;margin-top:10px;margin-bottom:20px;width:100%;\"><div class=\"fusion-separator-border sep-single sep-solid\" style=\"--awb-height:20px;--awb-amount:20px;--awb-sep-color:#000000;border-color:#000000;border-top-width:1px;\"><\/div><\/div><div class=\"fusion-text fusion-text-3\" style=\"--awb-text-transform:none;\"><p>Tomarse a la ligera los malos tratos dom\u00e9sticos no es lo m\u00e1s inteligente, especialmente en Estados Unidos. Supongamos que es usted v\u00edctima de violencia dom\u00e9stica por parte de su c\u00f3nyuge o progenitor ciudadano estadounidense, como en Austin (Texas), puede reunir los requisitos para obtener una Green Card en virtud de la Ley sobre violencia contra la mujer. Dicha experiencia le capacita para aprovechar y obtener protecci\u00f3n a trav\u00e9s de este programa Gubernamental. Puede empezar por utilizar la palabra clave \u00ababogado VAWA cerca de m\u00ed\u00bb en su b\u00fasqueda en l\u00ednea.<br \/>\n<img decoding=\"async\" class=\"alignnone size-full wp-image-46097\" src=\"https:\/\/www.lincolngoldfinch.com\/wp-content\/uploads\/2023\/01\/el-abogado-de-inmigracion-indicado-le-ayudara-legalmente-en-su-caso-de-vawa-si-aplica-para-el-mismo.webp\" alt=\"El Abogado De Inmigraci\u00f3n Indicado Le Ayudar\u00e1 Legalmente En Su Caso De VAWA Si Aplica Para El Mismo\" width=\"100%\" height=\"450\" \/><\/p>\n<h2>Finalidad de la ley contra la violencia de g\u00e9nero<\/h2>\n<p>La <a href=\"https:\/\/www.lincolngoldfinch.com\/es\/vlog\/como-determinar-la-elegibilidad-para-vawa\/\">Ley de Violencia contra la Mujer (VAWA)<\/a> ofrece ayudas a las v\u00edctimas de violencia dom\u00e9stica, agresi\u00f3n sexual, violencia emocional e incluso acoso. Se promulg\u00f3 por primera vez en 1994 y desde entonces ha sido reautorizada por el Congreso en varias ocasiones.<br \/>\nEl prop\u00f3sito de VAWA es prevenir y disminuir la incidencia de la violencia contra las mujeres. Para ello financia servicios a las v\u00edctimas, como asistencia jur\u00eddica, asesoramiento, l\u00edneas directas, refugios y viviendas de transici\u00f3n. Tambi\u00e9n incluye fondos para formar a las fuerzas del orden y al personal de los tribunales para que puedan tratar mejor los casos de violencia contra las mujeres.<br \/>\nAdem\u00e1s, los inmigrantes v\u00edctimas de violencia dom\u00e9stica que re\u00fanan los requisitos necesarios pueden solicitar por s\u00ed mismos la condici\u00f3n de inmigrantes legales sin el conocimiento o la participaci\u00f3n del agresor. Las v\u00edctimas de la violencia dom\u00e9stica pueden solicitar una ayuda de inmigraci\u00f3n sin depender de que su agresor las patrocine, como suele ocurrir con otras formas de ayuda de inmigraci\u00f3n.<br \/>\nAl presentar una autopetici\u00f3n VAWA, la v\u00edctima de violencia dom\u00e9stica puede obtener un estatus migratorio legal, que luego puede utilizar para solicitar el ajuste de estatus de residencia. Es una forma importante de que las v\u00edctimas de la violencia dom\u00e9stica se independicen de sus agresores y accedan a recursos y servicios para mejorar sus vidas y vivir m\u00e1s libremente en Austin (Texas).<\/p>\n<h2>Formulario I-360 y peticiones VAWA<\/h2>\n<p><a href=\"https:\/\/www.uscis.gov\/i-360\" target=\"_blank\" rel=\"noopener\">El formulario I-360<\/a> act\u00faa para varios tipos de peticionarios. Algunos de ellos son los que pretenden establecer la residencia o hacer una petici\u00f3n para los hijos o c\u00f3nyuges de ciudadanos estadounidenses o residentes permanentes.<br \/>\nComo v\u00edctima de violencia dom\u00e9stica que busca auto-petici\u00f3n de residencia utilizando VAWA, usted no tiene que llenar las partes espec\u00edficamente dise\u00f1adas para otras categor\u00edas. Entre ellos figuran viudas, amerasi\u00e1ticos, particulares inmigrantes dependientes de tribunales de menores y trabajadores religiosos.<br \/>\nAunque la mayor\u00eda de los formularios del I-360 son sencillos, todav\u00eda hay que tener en cuenta un par de cosas. Una de ellas es utilizar una direcci\u00f3n alternativa para protegerse si la pareja maltratadora sigue libre. USCIS enviar\u00e1 todas las notificaciones a esa direcci\u00f3n, para el bienestar y la protecci\u00f3n de la v\u00edctima.<\/p>\n<h2>Requisitos de inmigraci\u00f3n seg\u00fan VAWA<\/h2>\n<p>La Ley contra la Violencia de G\u00e9nero ofrece ayuda econ\u00f3mica y jur\u00eddica a las v\u00edctimas de la violencia dom\u00e9stica. No solo se aplica a las mujeres inmigrantes. Si un hombre sufre violencia por parte de su pareja, o si un menor de 18 a\u00f1os sufre malos tratos, pueden solicitar una petici\u00f3n de ciudadan\u00eda estadounidense al amparo de VAWA.<br \/>\nSi ya es v\u00edctima de malos tratos, preparar los documentos necesarios puede ser todo un reto. A la mayor\u00eda le resulta \u00fatil hacer una b\u00fasqueda en l\u00ednea como primer paso, utilizando las palabras clave \u00ababogado de VAWA cerca de m\u00ed\u00bb. Contratando a uno se asegura de cumplir legalmente con todo el papeleo y tener m\u00e1s posibilidades de que su petici\u00f3n sea aprobada.<br \/>\nSi es v\u00edctima de violencia dom\u00e9stica o malos tratos terribles, puede presentar una autopetici\u00f3n en virtud de la VAWA. Tambi\u00e9n es aplicable cuando usted est\u00e1 casada con un ciudadano estadounidense o con un residente legal y \u00e9ste maltrata a su hijo o descendiente. La ley exige que se demuestre que la v\u00edctima fue objeto de crueldad por parte de su pareja o progenitor ciudadano estadounidense durante al menos tres a\u00f1os.<br \/>\nMuchos inmigrantes que son v\u00edctimas de violencia dom\u00e9stica en Austin, Texas, no presentan una petici\u00f3n debido a su temor de no ser calificados para recibir apoyo bajo la VAWA. Aunque la agresi\u00f3n y las lesiones suelen ser las principales formas de maltrato, los agresores tambi\u00e9n pueden utilizar otras formas de violencia contra las v\u00edctimas, como la violencia sexual, la violencia emocional y la violencia psicol\u00f3gica.<br \/>\nEl maltrato dom\u00e9stico se produce en una relaci\u00f3n cuyo objetivo es controlar o ganar poder sobre la pareja. Las v\u00edctimas sufren diversas formas de abuso, como agresiones sexuales y lesiones. Independientemente de la raza, etnia, sexo, nivel socioecon\u00f3mico o educativo, la violencia dom\u00e9stica puede afectar a cualquiera.<br \/>\nSi usted es una inmigrante casada con un ciudadano estadounidense o residente legal que la maltrata, es posible que est\u00e9 sufriendo amenazas de retenerle los documentos o deportarla. Aunque su agresor haga estas cosas, usted puede solicitar la nacionalidad en virtud de la VAWA.<\/p>\n<h2>Solicitud de autopetici\u00f3n VAWA<\/h2>\n<p>La primera fase para solicitar la Green Card es presentar un caso VAWA para obtener la ciudadan\u00eda estadounidense ante USCIS. El segundo paso consiste en solicitar el ajuste de estatus asegur\u00e1ndose de que su agresor no le haga da\u00f1o.<\/p>\n<h3>Proceso de solicitud<\/h3>\n<p>Aunque los dos pasos mencionados son relativamente sencillos, el proceso supone un reto debido a la naturaleza del caso. Si empieza a preguntarse: \u00ab\u00bfPuede ayudarle un abogado especializado en VAWA cerca de m\u00ed?\u00bb, la respuesta es s\u00ed. Un abogado experto puede ayudarle a cumplimentar todos los documentos necesarios y guiarle a lo largo del procedimiento.<br \/>\nOtro paso para presentar una autopetici\u00f3n es utilizar el formulario I-360, una Petici\u00f3n de Inmigrante Especial, Amerasi\u00e1tico o Viudo(a). No tiene que pagar la tasa si est\u00e1 en la lista de solicitantes cualificados de la VAWA. Si USCIS aprueba su petici\u00f3n, se le expedir\u00e1 una Green Card.<\/p>\n<h3>Contrataci\u00f3n de un abogado de VAWA<\/h3>\n<p>Para solicitar una petici\u00f3n de Green Card bajo VAWA en Austin, Texas, es crucial contratar a un asesor legal de confianza. Aunque no es un requisito, trabajar con un abogado puede ayudar a asegurar que sus derechos est\u00e9n protegidos mientras contin\u00faa su viaje para obtener una Green Card. Un abogado puede ayudarle en el complejo proceso de solicitar una Visa en circunstancias como las de maltrato dom\u00e9stico.<br \/>\nSi usted es v\u00edctima de violencia dom\u00e9stica, recuerde que existen disposiciones legales que pueden protegerle. Su agresor puede intentar restar importancia a la gravedad de los abusos, pero un abogado puede ayudarle a demostrar lo contrario. Saber que el proceso para obtener una Visa de inmigrante VAWA es confidencial puede ayudarle a evitar las amenazas de su agresor. De este modo, podr\u00e1 protegerse y proteger a sus hijos de los malos tratos con agravantes.<br \/>\nAunque el proceso de solicitud de VAWA es confidencial, puede haber un momento en que su agresor lo sepa. Pueden vigilarle a trav\u00e9s de diversos medios, como su tel\u00e9fono o el GPS de su carro. Si encuentra un abogado especializado en VAWA que le ayude, tendr\u00e1 apoyo inmediato para evitar que su padre o c\u00f3nyuge maltratador vuelva a abusar de usted.<\/p>\n<h2>Efectos de VAWA para el maltratador<\/h2>\n<p>Usted puede decidir si implica o no a su agresor en la petici\u00f3n. Uno de los factores m\u00e1s cr\u00edticos que la VAWA tiene en cuenta a la hora de proteger a las v\u00edctimas es la falta de obligaci\u00f3n de denunciar al agresor.<br \/>\nLa Ley contra la Violencia de G\u00e9nero (VAWA) protege a mujeres y ni\u00f1os de individuos maltratadores, como c\u00f3nyuges o padres. Permite a las v\u00edctimas protegerse solicitando prestaciones de inmigraci\u00f3n. La agencia de inmigraci\u00f3n investigar\u00e1 e implicar\u00e1 a la polic\u00eda para garantizar que consiga la justicia que merece.<br \/>\n<img decoding=\"async\" class=\"alignnone size-full wp-image-46099\" src=\"https:\/\/www.lincolngoldfinch.com\/wp-content\/uploads\/2023\/01\/no-permita-que-el-abusador-se-salga-con-la-suya-y-proteja-sus-derechos-con-protecciones-migratorias-humanitarias-como-vawa.jpg\" alt=\"No Permita Que El Abusador Se Salga Con La Suya Y Proteja Sus Derechos Con Protecciones Migratorias Humanitarias Como El Programa VAWA\" width=\"100%\" height=\"450\" srcset=\"https:\/\/www.lincolngoldfinch.com\/wp-content\/uploads\/2023\/01\/no-permita-que-el-abusador-se-salga-con-la-suya-y-proteja-sus-derechos-con-protecciones-migratorias-humanitarias-como-vawa-200x113.jpg 200w, https:\/\/www.lincolngoldfinch.com\/wp-content\/uploads\/2023\/01\/no-permita-que-el-abusador-se-salga-con-la-suya-y-proteja-sus-derechos-con-protecciones-migratorias-humanitarias-como-vawa-400x225.jpg 400w, https:\/\/www.lincolngoldfinch.com\/wp-content\/uploads\/2023\/01\/no-permita-que-el-abusador-se-salga-con-la-suya-y-proteja-sus-derechos-con-protecciones-migratorias-humanitarias-como-vawa-600x338.jpg 600w, https:\/\/www.lincolngoldfinch.com\/wp-content\/uploads\/2023\/01\/no-permita-que-el-abusador-se-salga-con-la-suya-y-proteja-sus-derechos-con-protecciones-migratorias-humanitarias-como-vawa-768x433.jpg 768w, https:\/\/www.lincolngoldfinch.com\/wp-content\/uploads\/2023\/01\/no-permita-que-el-abusador-se-salga-con-la-suya-y-proteja-sus-derechos-con-protecciones-migratorias-humanitarias-como-vawa.jpg 799w\" sizes=\"(max-width: 799px) 100vw, 799px\" \/><\/p>\n<h2>Beneficios de obtener una petici\u00f3n VAWA aprobada<\/h2>\n<p>La Ley de Violencia contra la Mujer (VAWA) ofrece numerosas prestaciones a quienes han sido v\u00edctimas de violencia dom\u00e9stica, agresi\u00f3n sexual y otras formas de abuso. Una petici\u00f3n VAWA aprobada concede a una persona el derecho a solicitar el estatuto de inmigrante. Es un paso m\u00e1s hacia la obtenci\u00f3n de la nacionalidad estadounidense.<br \/>\nLa VAWA puede permitir a las v\u00edctimas de malos tratos obtener un estatus migratorio legal, que les autorice a permanecer en Estados Unidos sin temor a ser deportadas. Adem\u00e1s, las v\u00edctimas de malos tratos pueden optar a permisos de trabajo espec\u00edficos y recibir otros beneficios, como el acceso a prestaciones p\u00fablicas y la posibilidad de obtener la residencia permanente.<br \/>\nLa ley tambi\u00e9n proporciona a las v\u00edctimas de abusos acceso a servicios jur\u00eddicos y otros servicios de apoyo, como asesoramiento y asistencia legal. Estos servicios pueden ayudar a las v\u00edctimas de abusos a navegar por el complicado proceso de inmigraci\u00f3n y proporcionarles los recursos necesarios para reconstruir sus vidas.<br \/>\nAdem\u00e1s, la VAWA facilita a las v\u00edctimas de malos tratos el acceso a la justicia. La VAWA concede a las v\u00edctimas de malos tratos la posibilidad de presentar una demanda civil contra su agresor. Permite a las v\u00edctimas buscar recursos legales y compensaci\u00f3n econ\u00f3mica por sus abusos f\u00edsicos y emocionales.<\/p>\n<h2>Lincoln-Goldfinch Law &#8211; Abogados de Inmigraci\u00f3n Firm<\/h2>\n<p>Un abogado VAWA puede ayudar en los casos de auto-petici\u00f3n, proporcionando el asesoramiento jur\u00eddico necesario y la representaci\u00f3n para asegurar que el caso del auto-peticionario se presenta con \u00e9xito a USCIS. El abogado tambi\u00e9n puede ayudar a preparar y presentar la solicitud, responder a las peticiones de pruebas y preparar los documentos judiciales necesarios.<br \/>\nAdem\u00e1s, su abogado puede asesorarle sobre los requisitos del programa y representarle en cualquier procedimiento legal, como las vistas en los tribunales de inmigraci\u00f3n.<br \/>\nLincoln-Goldfinch Law &#8211; Abogados de Inmigraci\u00f3n Firm es un grupo de profesionales del derecho que ayudan a varios tipos de personas con respecto a casos relacionados con la inmigraci\u00f3n, como la solicitud de una Green Card bajo VAWA. Le guiar\u00e1n a usted y a sus hijos a lo largo de todo el proceso, asegur\u00e1ndose de que la petici\u00f3n no agrave el estr\u00e9s que est\u00e1 experimentando. P\u00f3ngase en contacto con uno de sus abogados en Austin, Texas, hoy.<\/p>\n<\/div><\/div><\/div><\/div><\/div>\n<div class=\"gsp_post_data\" \r\n\t            data-post_type=\"page\" \r\n\t            data-cat=\"\" \r\n\t            data-modified=\"120\"\r\n\t            data-created=\"1432111179\"\r\n\t            data-title=\"Firma de abogados de VAWA en Austin Texas\" \r\n\t            data-home=\"https:\/\/www.lincolngoldfinch.com\/es\/\"><\/div>","protected":false},"excerpt":{"rendered":"","protected":false},"author":1,"featured_media":0,"parent":98550,"menu_order":0,"comment_status":"closed","ping_status":"closed","template":"","meta":{"_acf_changed":false,"rop_custom_images_group":[],"rop_custom_messages_group":[],"rop_publish_now":"initial","rop_publish_now_accounts":[],"rop_publish_now_history":[],"rop_publish_now_status":"pending","_analytify_skip_tracking":false,"rank_math_title":"Ley VAWA contra violencia de g\u00e9nero y residencia permanente","rank_math_description":"Un abogado de VAWA en Austin puede explicarle sus opciones, preparar su petici\u00f3n VAWA y ayudarle a buscar alivio migratorio.","rank_math_focus_keyword":"vawa","rank_math_canonical_url":"","footnotes":""},"class_list":["post-5717","page","type-page","status-publish","hentry"],"acf":[],"_links":{"self":[{"href":"https:\/\/www.lincolngoldfinch.com\/es\/wp-json\/wp\/v2\/pages\/5717","targetHints":{"allow":["GET"]}}],"collection":[{"href":"https:\/\/www.lincolngoldfinch.com\/es\/wp-json\/wp\/v2\/pages"}],"about":[{"href":"https:\/\/www.lincolngoldfinch.com\/es\/wp-json\/wp\/v2\/types\/page"}],"author":[{"embeddable":true,"href":"https:\/\/www.lincolngoldfinch.com\/es\/wp-json\/wp\/v2\/users\/1"}],"replies":[{"embeddable":true,"href":"https:\/\/www.lincolngoldfinch.com\/es\/wp-json\/wp\/v2\/comments?post=5717"}],"version-history":[{"count":3,"href":"https:\/\/www.lincolngoldfinch.com\/es\/wp-json\/wp\/v2\/pages\/5717\/revisions"}],"predecessor-version":[{"id":107411,"href":"https:\/\/www.lincolngoldfinch.com\/es\/wp-json\/wp\/v2\/pages\/5717\/revisions\/107411"}],"up":[{"embeddable":true,"href":"https:\/\/www.lincolngoldfinch.com\/es\/wp-json\/wp\/v2\/pages\/98550"}],"wp:attachment":[{"href":"https:\/\/www.lincolngoldfinch.com\/es\/wp-json\/wp\/v2\/media?parent=5717"}],"curies":[{"name":"wp","href":"https:\/\/api.w.org\/{rel}","templated":true}]}}