{"id":5707,"date":"2015-05-20T10:19:38","date_gmt":"2015-05-20T15:19:38","guid":{"rendered":"https:\/\/www.aia-temp-dev.info\/?page_id=5707"},"modified":"2026-05-07T17:38:33","modified_gmt":"2026-05-07T22:38:33","slug":"ciudadania-y-naturalizacion","status":"publish","type":"page","link":"https:\/\/www.lincolngoldfinch.com\/es\/areas-de-practica\/ciudadania-y-naturalizacion\/","title":{"rendered":"Firma de abogados de naturalizaci\u00f3n en Austin, Texas"},"content":{"rendered":"<div class=\"fusion-fullwidth fullwidth-box fusion-builder-row-1 fusion-flex-container nonhundred-percent-fullwidth non-hundred-percent-height-scrolling\" style=\"--awb-border-radius-top-left:0px;--awb-border-radius-top-right:0px;--awb-border-radius-bottom-right:0px;--awb-border-radius-bottom-left:0px;--awb-flex-wrap:wrap;\" ><div class=\"fusion-builder-row fusion-row fusion-flex-align-items-flex-start fusion-flex-content-wrap\" style=\"max-width:1331.2px;margin-left: calc(-4% \/ 2 );margin-right: calc(-4% \/ 2 );\"><div class=\"fusion-layout-column fusion_builder_column fusion-builder-column-0 fusion_builder_column_1_1 1_1 fusion-flex-column\" style=\"--awb-bg-size:cover;--awb-width-large:100%;--awb-margin-top-large:0px;--awb-spacing-right-large:1.92%;--awb-margin-bottom-large:20px;--awb-spacing-left-large:1.92%;--awb-width-medium:100%;--awb-order-medium:0;--awb-spacing-right-medium:1.92%;--awb-spacing-left-medium:1.92%;--awb-width-small:100%;--awb-order-small:0;--awb-spacing-right-small:1.92%;--awb-spacing-left-small:1.92%;\"><div class=\"fusion-column-wrapper fusion-column-has-shadow fusion-flex-justify-content-flex-start fusion-content-layout-column\"><div class=\"fusion-text fusion-text-1\" style=\"--awb-content-alignment:center;--awb-text-transform:none;\"><h1>Firma de abogados de naturalizaci\u00f3n en Austin, Texas<\/h1>\n<\/div><div class=\"fusion-text fusion-text-2\" style=\"--awb-text-transform:none;\"><p><span style=\"font-weight: 400;\">Para las personas que buscan construir sus vidas en los Estados Unidos, los conocimientos y habilidades de un abogado de naturalizaci\u00f3n son indispensables. La ciudadan\u00eda estadounidense confiere una serie de derechos y privilegios, pero el camino para obtenerla puede ser complejo. <\/span><\/p>\n<p><span style=\"font-weight: 400;\">En este art\u00edculo, puede explorar la importancia de la ciudadan\u00eda, sus diversos tipos y el inestimable apoyo que puede ofrecer un abogado experto, proporcionando asistencia y orientaci\u00f3n cruciales a lo largo del proceso.<\/span><\/p>\n<p><img decoding=\"async\" class=\"size-full wp-image-56408 aligncenter\" src=\"https:\/\/www.lincolngoldfinch.com\/wp-content\/uploads\/2023\/07\/como-convertirse-en-un-ciudadano-estadounidense-mediante-el-proceso-de-naturalizacion.jpg\" alt=\"\" width=\"750\" height=\"380\" srcset=\"https:\/\/www.lincolngoldfinch.com\/wp-content\/uploads\/2023\/07\/como-convertirse-en-un-ciudadano-estadounidense-mediante-el-proceso-de-naturalizacion-200x101.jpg 200w, https:\/\/www.lincolngoldfinch.com\/wp-content\/uploads\/2023\/07\/como-convertirse-en-un-ciudadano-estadounidense-mediante-el-proceso-de-naturalizacion-400x203.jpg 400w, https:\/\/www.lincolngoldfinch.com\/wp-content\/uploads\/2023\/07\/como-convertirse-en-un-ciudadano-estadounidense-mediante-el-proceso-de-naturalizacion-600x304.jpg 600w, https:\/\/www.lincolngoldfinch.com\/wp-content\/uploads\/2023\/07\/como-convertirse-en-un-ciudadano-estadounidense-mediante-el-proceso-de-naturalizacion.jpg 750w\" sizes=\"(max-width: 750px) 100vw, 750px\" \/><\/p>\n<h2>Importancia de la ciudadan\u00eda estadounidense<\/h2>\n<p><span style=\"font-weight: 400;\">Obtener la ciudadan\u00eda estadounidense es crucial, ya que abre muchas oportunidades. Permite a las personas participar activamente en el proceso democr\u00e1tico ejerciendo su derecho al voto, lo que da forma al futuro de la naci\u00f3n. Ser ciudadano tambi\u00e9n ofrece una sensaci\u00f3n de seguridad y estabilidad al proteger a las personas de la amenaza de la deportaci\u00f3n. <\/span><\/p>\n<p><span style=\"font-weight: 400;\">Adem\u00e1s, da acceso a una amplia gama de prestaciones y servicios p\u00fablicos que pueden contribuir a mejorar la calidad de vida. Adem\u00e1s, ser ciudadano estadounidense proporciona el privilegio de patrocinar a familiares para la inmigraci\u00f3n y mejora las oportunidades de promoci\u00f3n profesional. <\/span><\/p>\n<p><span style=\"font-weight: 400;\">En general, la ciudadan\u00eda estadounidense conlleva numerosas ventajas que permiten a las personas participar plenamente en la sociedad estadounidense y disfrutar de los derechos y protecciones que ofrece el pa\u00eds.<\/span><\/p>\n<h2>Formas de hacerse ciudadano<\/h2>\n<p><span style=\"font-weight: 400;\">Obtener la ciudadan\u00eda estadounidense es posible a trav\u00e9s de varias v\u00edas, cada una de las cuales presenta requisitos y criterios distintos. Estas v\u00edas pueden incluir la ciudadan\u00eda por derecho de nacimiento, por la que se concede autom\u00e1ticamente la ciudadan\u00eda a las personas nacidas en suelo estadounidense o de padres ciudadanos estadounidenses en el extranjero. <\/span><\/p>\n<p><span style=\"font-weight: 400;\">Otra v\u00eda es la naturalizaci\u00f3n, que permite a los extranjeros convertirse en ciudadanos tras cumplir determinados requisitos. Adem\u00e1s, algunas personas pueden optar a la ciudadan\u00eda por matrimonio con un ciudadano estadounidense o por haber prestado servicio militar en Estados Unidos.<\/span><\/p>\n<h3>Ciudadan\u00eda por derecho de nacimiento<\/h3>\n<p><span style=\"font-weight: 400;\">Esta ciudadan\u00eda es un principio jur\u00eddico por el que a las personas nacidas en suelo estadounidense o de padres ciudadanos estadounidenses se les concede autom\u00e1ticamente la ciudadan\u00eda estadounidense al nacer. Este principio garantiza que toda persona nacida en Estados Unidos o de padres ciudadanos estadounidenses tiene el derecho fundamental a ser ciudadano.<\/span><\/p>\n<h3>Ciudadan\u00eda derivada<\/h3>\n<p><span style=\"font-weight: 400;\">Permite a los ni\u00f1os nacidos fuera de Estados Unidos adquirir la ciudadan\u00eda estadounidense a trav\u00e9s de sus progenitores en determinadas condiciones. Si al menos uno de los progenitores es ciudadano, estos hijos pueden optar a adquirir la ciudadan\u00eda a trav\u00e9s del estatuto de su progenitor, siempre que se cumplan determinados requisitos.<\/span><\/p>\n<h3>Naturalizaci\u00f3n<\/h3>\n<p><span style=\"font-weight: 400;\">La naturalizaci\u00f3n es la forma en que las personas de otros pa\u00edses, que cumplen determinados criterios, pueden adquirir la ciudadan\u00eda estadounidense. El procedimiento suele implicar rellenar una solicitud, participar en una entrevista y someterse a un examen de naturalizaci\u00f3n. Este examen pretende evaluar la comprensi\u00f3n del civismo, la historia y el dominio del ingl\u00e9s en Estados Unidos.<\/span><\/p>\n<h3>La ciudadan\u00eda a trav\u00e9s de los padres<\/h3>\n<p><span style=\"font-weight: 400;\">Algunas personas nacidas en el extranjero pueden adquirir la ciudadan\u00eda estadounidense si sus progenitores cumplen determinados criterios, como ser ciudadano estadounidense por nacimiento o naturalizaci\u00f3n. Esta v\u00eda permite a los hijos de padres ciudadanos estadounidenses adquirir la ciudadan\u00eda en funci\u00f3n del estatus de sus padres.<\/span><\/p>\n<h3>Adopci\u00f3n<\/h3>\n<p><span style=\"font-weight: 400;\">Los ni\u00f1os adoptados por ciudadanos estadounidenses pueden adquirir la ciudadan\u00eda a trav\u00e9s del proceso de adopci\u00f3n. Esta disposici\u00f3n garantiza a los ni\u00f1os adoptados los mismos derechos y privilegios que a los nacidos en familias de ciudadanos estadounidenses.<\/span><\/p>\n<h3>Servicio militar<\/h3>\n<p><span style=\"font-weight: 400;\">Los ciudadanos no estadounidenses que prestan servicio militar en EE.UU. pueden optar a la naturalizaci\u00f3n acelerada y convertirse en ciudadanos estadounidenses como resultado de su servicio. Esta v\u00eda reconoce las contribuciones de los ciudadanos no estadounidenses que sirven en el ej\u00e9rcito y les ofrece un proceso acelerado para obtener la ciudadan\u00eda en honor a su compromiso y sacrificio.<\/span><\/p>\n<p><span style=\"font-weight: 400;\">Es importante tener en cuenta que cada tipo tiene sus requisitos y criterios de elegibilidad. Estas legalidades le obligan a contratar a un abogado experto en inmigraci\u00f3n para que le ayude con el proceso. <\/span><\/p>\n<h2>El papel de un abogado de naturalizaci\u00f3n<\/h2>\n<p><span style=\"font-weight: 400;\">Los abogados de inmigraci\u00f3n son aliados cruciales para las personas que navegan por el intrincado proceso de obtenci\u00f3n de la ciudadan\u00eda estadounidense. Su amplio conocimiento de los complejos requisitos y procedimientos legales de la naturalizaci\u00f3n tiene un valor incalculable. Con sus habilidades, los abogados de naturalizaci\u00f3n gu\u00edan a sus clientes a trav\u00e9s de cada paso, asegur\u00e1ndose de que sus solicitudes est\u00e9n bien preparadas, sean precisas y se presenten de manera oportuna.<\/span><\/p>\n<p><span style=\"font-weight: 400;\">Estos abogados conocen a fondo la documentaci\u00f3n espec\u00edfica y las pruebas necesarias para respaldar una solicitud con \u00e9xito. Ayudan a los clientes a reunir la informaci\u00f3n necesaria, revisan su elegibilidad y abordan posibles preocupaciones o lagunas en su historial de inmigraci\u00f3n. Al preparar meticulosamente la solicitud, los abogados de inmigraci\u00f3n aumentan considerablemente la probabilidad de obtener un resultado favorable.<\/span><\/p>\n<p><span style=\"font-weight: 400;\">Adem\u00e1s, los abogados de inmigraci\u00f3n desempe\u00f1an un papel vital como defensores de sus clientes. Son expertos en sortear los posibles obst\u00e1culos que pueden surgir durante el proceso de obtenci\u00f3n de la ciudadan\u00eda. Ya sea abordando cuestiones jur\u00eddicas complejas, respondiendo a las consultas del USCIS o representando a sus clientes en audiencias administrativas, garantizan la protecci\u00f3n de los intereses de sus clientes y el respeto de sus derechos.<\/span><\/p>\n<p><span style=\"font-weight: 400;\">Adem\u00e1s, los abogados de inmigraci\u00f3n proporcionan orientaci\u00f3n y apoyo a las personas, ayud\u00e1ndoles a comprender los requisitos, procedimientos y expectativas del <a href=\"http:\/\/uscis.gov\/es\" target=\"_blank\" rel=\"noopener\">Servicio de Ciudadan\u00eda e Inmigraci\u00f3n de Estados Unidos (USCIS)<\/a>. Aclaran cualquier confusi\u00f3n o ambig\u00fcedad en torno al proceso y ofrecen asesoramiento estrat\u00e9gico adaptado a las circunstancias \u00fanicas de cada cliente.<\/span><\/p>\n<h2>Comprender el proceso de ciudadan\u00eda estadounidense<\/h2>\n<p><img decoding=\"async\" class=\"size-full wp-image-56411 alignright\" src=\"https:\/\/www.lincolngoldfinch.com\/wp-content\/uploads\/2023\/07\/abogado-de-inmigracion-en-austin-texas-explica-los-requisitos-para-convertirse-en-un-ciudadano-estadounidense.jpg\" alt=\"\" width=\"320\" height=\"190\" srcset=\"https:\/\/www.lincolngoldfinch.com\/wp-content\/uploads\/2023\/07\/abogado-de-inmigracion-en-austin-texas-explica-los-requisitos-para-convertirse-en-un-ciudadano-estadounidense-200x119.jpg 200w, https:\/\/www.lincolngoldfinch.com\/wp-content\/uploads\/2023\/07\/abogado-de-inmigracion-en-austin-texas-explica-los-requisitos-para-convertirse-en-un-ciudadano-estadounidense.jpg 320w\" sizes=\"(max-width: 320px) 100vw, 320px\" \/><\/p>\n<p><span style=\"font-weight: 400;\">El proceso de ciudadan\u00eda estadounidense eval\u00faa la elegibilidad y el compromiso de una persona para convertirse en ciudadano a trav\u00e9s de varios pasos. Entre otras cosas, hay que rellenar una solicitud, asistir a una entrevista y aprobar un examen de ingl\u00e9s y educaci\u00f3n c\u00edvica. El Servicio de Ciudadan\u00eda e Inmigraci\u00f3n de Estados Unidos supervisa el proceso, que exige atenci\u00f3n al detalle y el cumplimiento de requisitos espec\u00edficos.<\/span><\/p>\n<p><span style=\"font-weight: 400;\">Los solicitantes deben facilitar informaci\u00f3n precisa y completa en su solicitud, incluido un registro exhaustivo de datos personales e historial de inmigraci\u00f3n. El USCIS programa entrevistas para evaluar otras cualificaciones, la sinceridad y el conocimiento del Gobierno y la historia de Estados Unidos.<\/span><\/p>\n<p><span style=\"font-weight: 400;\">Se eval\u00faan el dominio del ingl\u00e9s y la comprensi\u00f3n del civismo estadounidense para garantizar una comunicaci\u00f3n y una integraci\u00f3n social eficaces. El componente de ingl\u00e9s eval\u00faa las destrezas de lectura, escritura, expresi\u00f3n oral y comprensi\u00f3n, mientras que el examen de educaci\u00f3n c\u00edvica eval\u00faa el conocimiento de la historia de Estados Unidos, la estructura del gobierno y las responsabilidades de los ciudadanos.<\/span><\/p>\n<p><span style=\"font-weight: 400;\">El \u00e9xito del proceso de obtenci\u00f3n de la ciudadan\u00eda depende del cumplimiento de los requisitos legales, de una preparaci\u00f3n meticulosa y de la comprensi\u00f3n de las expectativas del USCIS. Con la orientaci\u00f3n de un abogado de ciudadan\u00eda, los solicitantes pueden navegar por el proceso, preparar sus solicitudes con diligencia, y estar plenamente preparados para las entrevistas y ex\u00e1menes, maximizando sus posibilidades de lograr la ciudadan\u00eda estadounidense.<\/span><\/p>\n<h2>Criterios de admisibilidad<\/h2>\n<p><span style=\"font-weight: 400;\">Para tener derecho a la ciudadan\u00eda estadounidense, las personas deben cumplir unos criterios espec\u00edficos establecidos por ley. Estos requisitos suelen incluir tener al menos 18 a\u00f1os, ser residente legal permanente y mantener una presencia f\u00edsica continuada en Estados Unidos durante un periodo determinado. Presencia f\u00edsica continuada significa que el solicitante no ha abandonado los EE.UU. durante periodos prolongados ni ha abandonado su residencia.<\/span><\/p>\n<p><span style=\"font-weight: 400;\">Adem\u00e1s, los solicitantes deben mostrar un buen car\u00e1cter moral, lo que generalmente implica evitar actividades delictivas y demostrar honradez e integridad en su vida personal y profesional. Tambi\u00e9n deben superar un examen de lengua inglesa, que eval\u00faa su capacidad para leer, escribir, hablar y comprender el ingl\u00e9s, y un examen de educaci\u00f3n c\u00edvica, que eval\u00faa sus conocimientos sobre el gobierno, la historia y los principios c\u00edvicos de Estados Unidos.<\/span><\/p>\n<p><span style=\"font-weight: 400;\">Como parte del proceso de naturalizaci\u00f3n, los solicitantes deben prestar juramento de lealtad, afirmando su compromiso de defender y apoyar las leyes y los valores de Estados Unidos. Este juramento significa su dedicaci\u00f3n a convertirse en un miembro pleno y participativo de la sociedad estadounidense.<\/span><\/p>\n<p><span style=\"font-weight: 400;\">Cumplir estos criterios de elegibilidad es esencial para las personas que desean obtener la ciudadan\u00eda estadounidense. Al cumplir estos requisitos, los solicitantes demuestran su disposici\u00f3n a asumir las responsabilidades y los privilegios de ser ciudadano estadounidense.<\/span><\/p>\n<h2>Encuentre un abogado con experiencia en naturalizaci\u00f3n<\/h2>\n<p><span style=\"font-weight: 400;\">A la hora de buscar un abogado especializado en naturalizaci\u00f3n, es fundamental tener en cuenta varios factores. En primer lugar, busque un abogado que ejerza la abogac\u00eda de extranjer\u00eda con especial atenci\u00f3n a los casos de naturalizaci\u00f3n y ciudadan\u00eda. Su experiencia en la tramitaci\u00f3n de casos similares es crucial, ya que indica su familiaridad con los entresijos del proceso de naturalizaci\u00f3n y las posibles dificultades que puedan surgir.<\/span><\/p>\n<p><span style=\"font-weight: 400;\">Adem\u00e1s, t\u00f3mese su tiempo para investigar la reputaci\u00f3n del abogado. Leer las rese\u00f1as en Internet y los testimonios de los clientes puede aportar informaci\u00f3n valiosa sobre su profesionalidad, conocimientos y capacidad de comunicaci\u00f3n. Un abogado de inmigraci\u00f3n con una s\u00f3lida reputaci\u00f3n y un historial de clientes satisfechos tiene m\u00e1s probabilidades de demostrar competencia y dedicaci\u00f3n.<\/span><\/p>\n<p><span style=\"font-weight: 400;\">La comunicaci\u00f3n eficaz es vital durante todo el proceso de naturalizaci\u00f3n. Por lo tanto, piense en un abogado receptivo, accesible y que mantenga l\u00edneas de comunicaci\u00f3n transparentes y abiertas. Un representante legal que responda con prontitud a sus preguntas y le mantenga informado puede tranquilizarle y ayudarle a aliviar cualquier preocupaci\u00f3n o incertidumbre.<\/span><\/p>\n<p><span style=\"font-weight: 400;\">Para tomar una decisi\u00f3n informada, programe una consulta inicial con posibles abogados. Esta consulta le permite discutir su caso, evaluar su compatibilidad e informarse sobre sus honorarios y servicios. Preste atenci\u00f3n a su comportamiento, nivel de inter\u00e9s en su caso y capacidad para explicarle conceptos legales complejos de forma que pueda entenderlos.<\/span><\/p>\n<p><span style=\"font-weight: 400;\">La elecci\u00f3n del abogado de naturalizaci\u00f3n adecuado aumenta significativamente sus posibilidades de un proceso de ciudadan\u00eda sin problemas y con \u00e9xito. Proporcionar\u00e1n la orientaci\u00f3n y el apoyo necesarios para navegar por las complejidades de la ley de inmigraci\u00f3n, garantizando un resultado m\u00e1s favorable.<\/span><\/p>\n<h2>Resumen<\/h2>\n<p><span style=\"font-weight: 400;\">Ha conocido las distintas v\u00edas para obtener la ciudadan\u00eda estadounidense y sus ventajas. Incluye el derecho de voto, la protecci\u00f3n frente a la deportaci\u00f3n y el acceso a prestaciones p\u00fablicas. Adem\u00e1s, las v\u00edas para convertirse en ciudadano estadounidense incluyen la ciudadan\u00eda por derecho de nacimiento, la naturalizaci\u00f3n, la ciudadan\u00eda a trav\u00e9s de los padres, la adopci\u00f3n y el servicio militar. <\/span><\/p>\n<p><span style=\"font-weight: 400;\">Los abogados especializados en naturalizaci\u00f3n desempe\u00f1an un papel crucial al proporcionar orientaci\u00f3n y asistencia, garantizar la exactitud de las solicitudes y resolver las dudas. Pueden ayudarte con el proceso, que incluye solicitud, entrevista y pruebas de lengua y civismo. Elegir al abogado adecuado, teniendo en cuenta su experiencia y capacidad de comunicaci\u00f3n, aumenta las probabilidades de \u00e9xito en el proceso de obtenci\u00f3n de la ciudadan\u00eda.<\/span><\/p>\n<p><a href=\"https:\/\/www.lincolngoldfinch.com\/es\/abogado-de-inmigracion-austin\/residencia-permanente-basada-en-el-empleo\/\">M\u00e1s informaci\u00f3n sobre la inmigraci\u00f3n basada en el empleo.<\/a><\/p>\n<\/div><\/div><\/div><\/div><\/div>\n<div class=\"gsp_post_data\" \r\n\t            data-post_type=\"page\" \r\n\t            data-cat=\"\" \r\n\t            data-modified=\"120\"\r\n\t            data-created=\"1432117178\"\r\n\t            data-title=\"Firma de abogados de naturalizaci\u00f3n en Austin, Texas\" \r\n\t            data-home=\"https:\/\/www.lincolngoldfinch.com\/es\/\"><\/div>","protected":false},"excerpt":{"rendered":"","protected":false},"author":1,"featured_media":0,"parent":98550,"menu_order":0,"comment_status":"closed","ping_status":"closed","template":"","meta":{"_acf_changed":false,"rop_custom_images_group":[],"rop_custom_messages_group":[],"rop_publish_now":"initial","rop_publish_now_accounts":[],"rop_publish_now_history":[],"rop_publish_now_status":"pending","_analytify_skip_tracking":false,"rank_math_title":"Abogado de naturalizaci\u00f3n ayuda con ciudadan\u00eda de EE.UU.","rank_math_description":"Abra las puertas a la ciudadan\u00eda estadounidense con la ayuda de abogados de naturalizaci\u00f3n. Siga leyendo para conocer el proceso.","rank_math_focus_keyword":"naturalizaci\u00f3n","rank_math_canonical_url":"","footnotes":""},"class_list":["post-5707","page","type-page","status-publish","hentry"],"acf":[],"_links":{"self":[{"href":"https:\/\/www.lincolngoldfinch.com\/es\/wp-json\/wp\/v2\/pages\/5707","targetHints":{"allow":["GET"]}}],"collection":[{"href":"https:\/\/www.lincolngoldfinch.com\/es\/wp-json\/wp\/v2\/pages"}],"about":[{"href":"https:\/\/www.lincolngoldfinch.com\/es\/wp-json\/wp\/v2\/types\/page"}],"author":[{"embeddable":true,"href":"https:\/\/www.lincolngoldfinch.com\/es\/wp-json\/wp\/v2\/users\/1"}],"replies":[{"embeddable":true,"href":"https:\/\/www.lincolngoldfinch.com\/es\/wp-json\/wp\/v2\/comments?post=5707"}],"version-history":[{"count":4,"href":"https:\/\/www.lincolngoldfinch.com\/es\/wp-json\/wp\/v2\/pages\/5707\/revisions"}],"predecessor-version":[{"id":107530,"href":"https:\/\/www.lincolngoldfinch.com\/es\/wp-json\/wp\/v2\/pages\/5707\/revisions\/107530"}],"up":[{"embeddable":true,"href":"https:\/\/www.lincolngoldfinch.com\/es\/wp-json\/wp\/v2\/pages\/98550"}],"wp:attachment":[{"href":"https:\/\/www.lincolngoldfinch.com\/es\/wp-json\/wp\/v2\/media?parent=5707"}],"curies":[{"name":"wp","href":"https:\/\/api.w.org\/{rel}","templated":true}]}}