{"id":5706,"date":"2015-05-20T08:18:50","date_gmt":"2015-05-20T13:18:50","guid":{"rendered":"https:\/\/www.aia-temp-dev.info\/?page_id=5706"},"modified":"2025-03-19T09:38:46","modified_gmt":"2025-03-19T14:38:46","slug":"visa-e-3-profesionales-australianos","status":"publish","type":"page","link":"https:\/\/www.lincolngoldfinch.com\/es\/areas-de-practica\/visas-temporales\/visa-e-3-profesionales-australianos\/","title":{"rendered":"Profesionales australianos con Visa E-3"},"content":{"rendered":"<div class=\"fusion-fullwidth fullwidth-box fusion-builder-row-1 fusion-flex-container nonhundred-percent-fullwidth non-hundred-percent-height-scrolling\" style=\"--awb-border-radius-top-left:0px;--awb-border-radius-top-right:0px;--awb-border-radius-bottom-right:0px;--awb-border-radius-bottom-left:0px;--awb-flex-wrap:wrap;\" ><div class=\"fusion-builder-row fusion-row fusion-flex-align-items-flex-start fusion-flex-content-wrap\" style=\"max-width:1331.2px;margin-left: calc(-4% \/ 2 );margin-right: calc(-4% \/ 2 );\"><div class=\"fusion-layout-column fusion_builder_column fusion-builder-column-0 fusion_builder_column_1_1 1_1 fusion-flex-column\" style=\"--awb-bg-size:cover;--awb-width-large:100%;--awb-margin-top-large:0px;--awb-spacing-right-large:1.92%;--awb-margin-bottom-large:20px;--awb-spacing-left-large:1.92%;--awb-width-medium:100%;--awb-order-medium:0;--awb-spacing-right-medium:1.92%;--awb-spacing-left-medium:1.92%;--awb-width-small:100%;--awb-order-small:0;--awb-spacing-right-small:1.92%;--awb-spacing-left-small:1.92%;\"><div class=\"fusion-column-wrapper fusion-column-has-shadow fusion-flex-justify-content-flex-start fusion-content-layout-column\"><div class=\"fusion-text fusion-text-1\" style=\"--awb-content-alignment:center;--awb-text-transform:none;\"><h1>Profesionales australianos con visa E-3<\/h1>\n<\/div><div class=\"fusion-separator fusion-full-width-sep\" style=\"align-self: center;margin-left: auto;margin-right: auto;margin-top:10px;margin-bottom:20px;width:100%;\"><div class=\"fusion-separator-border sep-single sep-solid\" style=\"--awb-height:20px;--awb-amount:20px;--awb-sep-color:#000000;border-color:#000000;border-top-width:1px;\"><\/div><\/div><div class=\"fusion-image-element \" style=\"text-align:center;--awb-margin-bottom:20px;--awb-caption-title-font-family:var(--h2_typography-font-family);--awb-caption-title-font-weight:var(--h2_typography-font-weight);--awb-caption-title-font-style:var(--h2_typography-font-style);--awb-caption-title-size:var(--h2_typography-font-size);--awb-caption-title-transform:var(--h2_typography-text-transform);--awb-caption-title-line-height:var(--h2_typography-line-height);--awb-caption-title-letter-spacing:var(--h2_typography-letter-spacing);\"><span class=\" fusion-imageframe imageframe-none imageframe-1 hover-type-none\"><img decoding=\"async\" width=\"800\" height=\"533\" alt=\"Visa E-3 Profesionales Australianos Mejor Abogado De Inmigracion\" title=\"justice\" src=\"https:\/\/www.lincolngoldfinch.com\/wp-content\/uploads\/2021\/06\/visa-e-3-profesionales-australianos-abogados-de-inmigracion-cerca-de-mi.jpg\" class=\"img-responsive wp-image-9846\" srcset=\"https:\/\/www.lincolngoldfinch.com\/wp-content\/uploads\/2021\/06\/visa-e-3-profesionales-australianos-abogados-de-inmigracion-cerca-de-mi-710x473.jpg 710w, https:\/\/www.lincolngoldfinch.com\/wp-content\/uploads\/2021\/06\/visa-e-3-profesionales-australianos-abogados-de-inmigracion-cerca-de-mi-768x512.jpg 768w, https:\/\/www.lincolngoldfinch.com\/wp-content\/uploads\/2021\/06\/visa-e-3-profesionales-australianos-abogados-de-inmigracion-cerca-de-mi.jpg 800w\" sizes=\"(max-width: 800px) 100vw, 800px\" \/><\/span><\/div><div class=\"fusion-text fusion-text-2\" style=\"--awb-text-transform:none;\"><h2>Visa E-3 para profesionales australianos<\/h2>\n<h3>Objetivo de las visas E-3<\/h3>\n<p>El programa de Visas E-3 permite a los empresarios estadounidenses contratar a profesionales australianos que deseen venir a Estados Unidos \u00ab\u00fanicamente para prestar servicios en una ocupaci\u00f3n especializada\u00bb.<\/p>\n<p>La definici\u00f3n de una ocupaci\u00f3n especializada para el programa de Visas E-3 es la misma que para el <a href=\"https:\/\/www.uscis.gov\/es\/trabajar-en-los-estados-unidos\/trabajadores-temporales-no-inmigrantes\/h-1b-para-profesionales-con-trabajos-especializados-de-investigacion-cooperativa-con-el-dod-y\" target=\"_blank\" rel=\"noopener noreferrer\">programa de Visas H-1B<\/a>: una ocupaci\u00f3n que requiere la aplicaci\u00f3n te\u00f3rica y pr\u00e1ctica de un conjunto de conocimientos especializados, junto con al menos una licenciatura (el t\u00edtulo debe estar en un campo que sea relevante para el puesto) o su equivalente. El gobierno suele seguir lo que se conoce como la f\u00f3rmula de tres a uno, en la que tres a\u00f1os de experiencia equivalen a un a\u00f1o de educaci\u00f3n universitaria. Algunos ejemplos de profesiones especializadas son la contabilidad, la arquitectura, las especialidades empresariales, la educaci\u00f3n, la ingenier\u00eda, la sanidad, la medicina, el derecho y la teolog\u00eda.<\/p>\n<p><strong>El proceso E-3 consta de dos pasos:<\/strong><\/p>\n<ul>\n<li>El empleador estadounidense debe presentar y recibir la aprobaci\u00f3n de una Solicitud de Condici\u00f3n Laboral (Labor Condition Application \u2013 LCA) ante el Departamento de Trabajo; y<\/li>\n<li>El ciudadano australiano debe solicitar una Visa E-3 en una embajada o consulado de Estados Unidos en el extranjero.<\/li>\n<\/ul>\n<p>A diferencia del proceso H-1B, el empleador no tiene que presentar el\u00a0<a href=\"https:\/\/www.uscis.gov\/es\/i-129\" target=\"_blank\" rel=\"noopener noreferrer\">Formulario I-129<\/a>, Petici\u00f3n de Trabajador No Inmigrante.<\/p>\n<p>Las Visas E-3 se expiden por un periodo m\u00e1ximo de dos a\u00f1os, pero pueden prorrogarse indefinidamente. Para solicitar una extensi\u00f3n de la estad\u00eda, el empleador del titular de la Visa E-3 debe presentar la solicitud en el formulario I-129, Petici\u00f3n de Trabajador No Inmigrante.<\/p>\n<h2>L\u00edmite de visas E-3<\/h2>\n<p>No se pueden expedir m\u00e1s de 10.500 Visas E-3 al a\u00f1o. Solo los titulares principales de Visas E-3 cuentan para este l\u00edmite. No se cuentan los c\u00f3nyuges ni los hijos. Tampoco lo son los actuales titulares de una Visa E-3 que trabajan en Estados Unidos y que solicitan la pr\u00f3rroga de su estatus mientras trabajan para el mismo empleador.<\/p>\n<h2>Aplicar para una visa E-3<\/h2>\n<p>No puede programar una cita con una embajada o consulado de EE.UU. para solicitar una Visa E-3 hasta que haya recibido el formulario ETA 9035, o el formulario ETA 9035E, que es la notificaci\u00f3n que recibe su empleador estadounidense cuando se aprueba la LCA.<\/p>\n<p><strong>Para poder optar a una Visa E-3, usted debe:<\/strong><\/p>\n<ul>\n<li>Ser nacional de la Commonwealth de Australia;<\/li>\n<li>Presentar evidencia de que se ha aprobado una LCA en su nombre (formulario ETA 9035, o formulario ETA 9035E);<\/li>\n<li>Presentar una carta de su empleador estadounidense en la que se describa la ocupaci\u00f3n especializada en la que va a trabajar, la duraci\u00f3n prevista de su estancia en Estados Unidos y la cantidad y la forma en que se le pagar\u00e1;<\/li>\n<li>Proporcionar evidencia de que cumple con los requisitos de formaci\u00f3n de la especialidad laboral en la que va a trabajar.<\/li>\n<li>Proporcionar evidencia de que est\u00e1 en posesi\u00f3n de las licencias necesarias para trabajar en su especialidad.<\/li>\n<\/ul>\n<h2>Familiares de titulares de visas E-3<\/h2>\n<p>Los c\u00f3nyuges y los hijos solteros menores de 21 a\u00f1os pueden acompa\u00f1ar al titular principal de la Visa E-3, o seguirle para reunirse con \u00e9l, y reciben el mismo estatus. Los c\u00f3nyuges e hijos que acompa\u00f1en o sigan a un titular de una Visa E-3 no tienen por qu\u00e9 ser de nacionalidad australiana.<\/p>\n<p>Los c\u00f3nyuges de los titulares de Visas E-3 pueden solicitar un Documento de Autorizaci\u00f3n de Empleo presentando el\u00a0<a href=\"https:\/\/www.uscis.gov\/es\/i-765\" target=\"_blank\" rel=\"noopener noreferrer\">Formulario I-765<\/a>\u00a0y pueden trabajar en Estados Unidos.<\/p>\n<p>Kate Lincoln-Goldfinch trabaja con casos para proporcionar Visas E-3 a profesionales australianos.<\/p>\n<\/div><div class=\"fusion-separator fusion-full-width-sep\" style=\"align-self: center;margin-left: auto;margin-right: auto;margin-top:20px;margin-bottom:20px;width:100%;\"><div class=\"fusion-separator-border sep-single sep-solid\" style=\"--awb-height:20px;--awb-amount:20px;--awb-sep-color:#000000;border-color:#000000;border-top-width:1px;\"><\/div><\/div><div class=\"fusion-text fusion-text-3\" style=\"--awb-text-transform:none;\"><p style=\"text-align: center;\">Si usted o un ser querido necesita ayuda con su caso de inmigraci\u00f3n en Austin, \u00a1<a href=\"https:\/\/www.lincolngoldfinch.com\/es\/contactenos\/\">contacte a la abogada Kate Lincoln-Goldfinch hoy<\/a>!<\/p>\n<\/div><\/div><\/div><\/div><\/div>\n<div class=\"gsp_post_data\" \r\n\t            data-post_type=\"page\" \r\n\t            data-cat=\"\" \r\n\t            data-modified=\"120\"\r\n\t            data-created=\"1432109930\"\r\n\t            data-title=\"Profesionales australianos con Visa E-3\" \r\n\t            data-home=\"https:\/\/www.lincolngoldfinch.com\/es\/\"><\/div>","protected":false},"excerpt":{"rendered":"","protected":false},"author":1,"featured_media":0,"parent":5681,"menu_order":0,"comment_status":"closed","ping_status":"closed","template":"","meta":{"_acf_changed":false,"rop_custom_images_group":[],"rop_custom_messages_group":[],"rop_publish_now":"initial","rop_publish_now_accounts":[],"rop_publish_now_history":[],"rop_publish_now_status":"pending","_analytify_skip_tracking":false,"rank_math_title":"Visa E-3 Para Profesionales Australianos | Lincoln-Goldfinch Law","rank_math_description":"El programa de Visa E-3 permite a los empresarios estadounidenses contratar a profesionales australianos. \u00a1Encuentre aqu\u00ed m\u00e1s informaci\u00f3n!","rank_math_focus_keyword":"Visa E-3","rank_math_canonical_url":"","footnotes":""},"class_list":["post-5706","page","type-page","status-publish","hentry"],"acf":[],"_links":{"self":[{"href":"https:\/\/www.lincolngoldfinch.com\/es\/wp-json\/wp\/v2\/pages\/5706","targetHints":{"allow":["GET"]}}],"collection":[{"href":"https:\/\/www.lincolngoldfinch.com\/es\/wp-json\/wp\/v2\/pages"}],"about":[{"href":"https:\/\/www.lincolngoldfinch.com\/es\/wp-json\/wp\/v2\/types\/page"}],"author":[{"embeddable":true,"href":"https:\/\/www.lincolngoldfinch.com\/es\/wp-json\/wp\/v2\/users\/1"}],"replies":[{"embeddable":true,"href":"https:\/\/www.lincolngoldfinch.com\/es\/wp-json\/wp\/v2\/comments?post=5706"}],"version-history":[{"count":0,"href":"https:\/\/www.lincolngoldfinch.com\/es\/wp-json\/wp\/v2\/pages\/5706\/revisions"}],"up":[{"embeddable":true,"href":"https:\/\/www.lincolngoldfinch.com\/es\/wp-json\/wp\/v2\/pages\/5681"}],"wp:attachment":[{"href":"https:\/\/www.lincolngoldfinch.com\/es\/wp-json\/wp\/v2\/media?parent=5706"}],"curies":[{"name":"wp","href":"https:\/\/api.w.org\/{rel}","templated":true}]}}