{"id":5703,"date":"2015-05-20T08:05:08","date_gmt":"2015-05-20T13:05:08","guid":{"rendered":"https:\/\/www.aia-temp-dev.info\/?page_id=5703"},"modified":"2025-03-19T10:23:43","modified_gmt":"2025-03-19T15:23:43","slug":"visa-k3-conyuges-de-ciudadanos-estadounidenses","status":"publish","type":"page","link":"https:\/\/www.lincolngoldfinch.com\/es\/areas-de-practica\/visas-temporales\/visa-k3-conyuges-de-ciudadanos-estadounidenses\/","title":{"rendered":"C\u00f3nyuges de ciudadanos estadounidenses con Visa tipo K-3"},"content":{"rendered":"<div class=\"fusion-fullwidth fullwidth-box fusion-builder-row-1 fusion-flex-container nonhundred-percent-fullwidth non-hundred-percent-height-scrolling\" style=\"--awb-border-radius-top-left:0px;--awb-border-radius-top-right:0px;--awb-border-radius-bottom-right:0px;--awb-border-radius-bottom-left:0px;--awb-flex-wrap:wrap;\" ><div class=\"fusion-builder-row fusion-row fusion-flex-align-items-flex-start fusion-flex-content-wrap\" style=\"max-width:1331.2px;margin-left: calc(-4% \/ 2 );margin-right: calc(-4% \/ 2 );\"><div class=\"fusion-layout-column fusion_builder_column fusion-builder-column-0 fusion_builder_column_1_1 1_1 fusion-flex-column\" style=\"--awb-bg-size:cover;--awb-width-large:100%;--awb-margin-top-large:0px;--awb-spacing-right-large:1.92%;--awb-margin-bottom-large:20px;--awb-spacing-left-large:1.92%;--awb-width-medium:100%;--awb-order-medium:0;--awb-spacing-right-medium:1.92%;--awb-spacing-left-medium:1.92%;--awb-width-small:100%;--awb-order-small:0;--awb-spacing-right-small:1.92%;--awb-spacing-left-small:1.92%;\"><div class=\"fusion-column-wrapper fusion-column-has-shadow fusion-flex-justify-content-flex-start fusion-content-layout-column\"><div class=\"fusion-text fusion-text-1\" style=\"--awb-content-alignment:center;--awb-text-transform:none;\"><h1><strong>Visa K-3 \u00b4para c\u00f3nyuges de ciudadanos estadounidenses<\/strong><\/h1>\n<p><strong><img decoding=\"async\" class=\"aligncenter size-full wp-image-8583\" src=\"https:\/\/www.lincolngoldfinch.com\/wp-content\/uploads\/2021\/05\/visa-k3-conyuges-de-ciudadanos-asesoria-legal-gratis-cerca-de-mi.jpg\" alt=\"Visa K3 Conyuges De Ciudadanos Abogada De Inmigracion\" width=\"800\" height=\"441\" srcset=\"https:\/\/www.lincolngoldfinch.com\/wp-content\/uploads\/2021\/05\/visa-k3-conyuges-de-ciudadanos-asesoria-legal-gratis-cerca-de-mi-300x165.jpg 300w, https:\/\/www.lincolngoldfinch.com\/wp-content\/uploads\/2021\/05\/visa-k3-conyuges-de-ciudadanos-asesoria-legal-gratis-cerca-de-mi-710x391.jpg 710w, https:\/\/www.lincolngoldfinch.com\/wp-content\/uploads\/2021\/05\/visa-k3-conyuges-de-ciudadanos-asesoria-legal-gratis-cerca-de-mi-768x423.jpg 768w, https:\/\/www.lincolngoldfinch.com\/wp-content\/uploads\/2021\/05\/visa-k3-conyuges-de-ciudadanos-asesoria-legal-gratis-cerca-de-mi.jpg 800w\" sizes=\"(max-width: 800px) 100vw, 800px\" \/><br \/>\n<\/strong><\/p>\n<\/div><div class=\"fusion-separator fusion-full-width-sep\" style=\"align-self: center;margin-left: auto;margin-right: auto;margin-top:10px;margin-bottom:20px;width:100%;\"><div class=\"fusion-separator-border sep-single sep-solid\" style=\"--awb-height:20px;--awb-amount:20px;--awb-sep-color:#000000;border-color:#000000;border-top-width:1px;\"><\/div><\/div><div class=\"fusion-text fusion-text-2\" style=\"--awb-text-transform:none;\"><h2><strong>Objetivo de las visas K-3 para c\u00f3nyuges de ciudadanos estadounidenses<\/strong><\/h2>\n<p>La Visa de tipo K-3 permite al c\u00f3nyuge nacido en el extranjero de un ciudadano estadounidense que tiene un formulario I-130, Petici\u00f3n de Extranjero, presentado en su nombre, viajar a los Estados Unidos antes de la aprobaci\u00f3n del\u00a0<a href=\"https:\/\/www.uscis.gov\/es\/i-130\" target=\"_blank\" rel=\"noopener noreferrer\">Formulario I-130<\/a>. Seg\u00fan las leyes de inmigraci\u00f3n de los Estados Unidos, un c\u00f3nyuge se define como un esposo o esposa legalmente casado. Una pareja de hecho no tiene derecho a una Visa K-3.<\/p>\n<p>Para obtener una Visa K-3, una persona debe:<\/p>\n<ul>\n<li>Tener un matrimonio v\u00e1lido con un ciudadano estadounidense;<\/li>\n<li>Tener un Formulario I-130, Petici\u00f3n de Familiar Extranjero presentado en su nombre; y<\/li>\n<li>Cumplir los dem\u00e1s requisitos para ser admitido como inmigrante en Estados Unidos.<\/li>\n<\/ul>\n<p>Adem\u00e1s de residir en Estados Unidos mientras esperan la aprobaci\u00f3n de sus peticiones de Visa de inmigrante, los titulares de una Visa K-3 pueden estudiar y trabajar en Estados Unidos y viajar fuera de Estados Unidos para realizar viajes cortos y regresar.<\/p>\n<p>Las Visas K-3 se expiden por dos a\u00f1os. Se conceder\u00e1 una pr\u00f3rroga de estancia de dos a\u00f1os adicionales si est\u00e1 pendiente el formulario I-130 o la solicitud de ajuste de estatus.<\/p>\n<p>Los titulares de una Visa K-3 no pueden cambiar su estatus a otra clasificaci\u00f3n de no inmigrante.<\/p>\n<h2><strong>Aplicar a una visa K-3 para el c\u00f3nyuge de un ciudadano estadounidense<\/strong><\/h2>\n<p>En primer lugar, el c\u00f3nyuge ciudadano estadounidense debe presentar el formulario I-130, Petici\u00f3n de Familiar Extranjero, ante el\u00a0<a href=\"https:\/\/www.uscis.gov\/es\" target=\"_blank\" rel=\"noopener noreferrer\">Servicio de Ciudadan\u00eda e Inmigraci\u00f3n de los Estados Unidos<\/a>\u00a0(United States Citizenship and Immigration Services \u2013 USCIS). Una vez que el USCIS reciba la petici\u00f3n, enviar\u00e1 al c\u00f3nyuge ciudadano de los Estados Unidos un aviso de recepci\u00f3n en el\u00a0<a href=\"https:\/\/www.uscis.gov\/es\/formularios\/guias-para-presentacion-de-formularios\/formulario-i-797-versiones-y-funciones\" target=\"_blank\" rel=\"noopener noreferrer\">Formulario I-797<\/a>, Aviso de Acci\u00f3n. El aviso de recepci\u00f3n sirve como prueba de que el USCIS ha recibido la petici\u00f3n.<\/p>\n<p>A continuaci\u00f3n, el c\u00f3nyuge ciudadano estadounidense debe presentar el\u00a0<a href=\"https:\/\/www.uscis.gov\/es\/i-129f\" target=\"_blank\" rel=\"noopener noreferrer\">Formulario I-129F<\/a>, Petici\u00f3n de Prometido\/a Extranjero\/a, ante el USCIS. Junto con el formulario I-129F debe incluirse una copia de la notificaci\u00f3n de recepci\u00f3n del formulario I-130 ya presentado.<\/p>\n<p>Una vez que el USCIS aprueba el formulario I-129F, la petici\u00f3n se remite al Centro Nacional de Visas (National Visa Center \u2013 NVC). El Centro Nacional de Visas env\u00eda la petici\u00f3n a la embajada o consulado de Estados Unidos del pa\u00eds donde se celebr\u00f3 el matrimonio. Si el matrimonio tuvo lugar en Estados Unidos, la petici\u00f3n se remitir\u00e1 a la embajada o consulado de Estados Unidos con jurisdicci\u00f3n sobre el c\u00f3nyuge nacido en el extranjero.<\/p>\n<p>La embajada o consulado de Estados Unidos enviar\u00e1 al c\u00f3nyuge nacido en el extranjero un Paquete de Cita para la Visa K-3. El paquete incluir\u00e1 la fecha y la hora en que el prometido debe presentarse a una entrevista, qu\u00e9 documentos debe llevar a la entrevista, y explicar\u00e1 el procedimiento para el examen m\u00e9dico, que es obligatorio para todos los solicitantes de Visas K-3.<\/p>\n<h2><strong>Hijos de titulares de visas de tipo K-3<\/strong><\/h2>\n<p><img decoding=\"async\" class=\"size-full wp-image-8585 alignleft\" src=\"https:\/\/www.lincolngoldfinch.com\/wp-content\/uploads\/2021\/05\/visa-k3-conyuges-de-ciudadanos-abogado-de-inmigracion-en-austin.jpg\" sizes=\"(max-width: 500px) 100vw, 500px\" srcset=\"https:\/\/www.lincolngoldfinch.com\/wp-content\/uploads\/2021\/05\/visa-k3-conyuges-de-ciudadanos-abogado-de-inmigracion-en-austin-300x200.jpg 300w, https:\/\/www.lincolngoldfinch.com\/wp-content\/uploads\/2021\/05\/visa-k3-conyuges-de-ciudadanos-abogado-de-inmigracion-en-austin.jpg 500w\" alt=\"Visa K3 Asesoria Legal Gratuita En Austin\" width=\"500\" height=\"333\" \/>Los hijos solteros menores de 21 a\u00f1os de los titulares de una Visa K-3 pueden solicitar una Visa K-4, que les permitir\u00e1 acompa\u00f1ar a sus padres a Estados Unidos. Al llenar el formulario I-129F, el c\u00f3nyuge ciudadano estadounidense debe asegurarse de enumerar a todos los hijos. El hecho de no enumerar a los hijos del titular de la Visa K-3 podr\u00eda dificultar la prueba de su relaci\u00f3n con el K-3 y, por tanto, la obtenci\u00f3n de sus visas K-4.<\/p>\n<p>Aunque no es necesario presentar un formulario I-130 por separado para los hijos de los titulares de una Visa K-3 a fin de que obtengan sus Visas K-4 para viajar a Estados Unidos, una vez en Estados Unidos, ser\u00e1 necesario presentar formularios I-130 por separado para cada hijo a fin de que \u00e9stos puedan optar al ajuste de estatus al de residencia permanente.<\/p>\n<h2><strong>Terminaci\u00f3n del estatus de visa tipo K-3<\/strong><\/h2>\n<p>A los titulares de Visas K-3 y K-4 se les cancelar\u00e1 autom\u00e1ticamente su estatus 30 d\u00edas despu\u00e9s de:<\/p>\n<ul>\n<li>Denegaci\u00f3n o revocaci\u00f3n del formulario I-130, Petici\u00f3n de Familiar Extranjero;<\/li>\n<li>Denegaci\u00f3n o revocaci\u00f3n del Formulario I-485, Solicitud de Registro de Residencia Permanente o Ajuste de Estatus;<\/li>\n<li>El divorcio del titular de la Visa K-3 con el ciudadano estadounidense;<\/li>\n<li>El matrimonio del K-4; o<\/li>\n<li>Expiraci\u00f3n de la Visa sin solicitar una pr\u00f3rroga de la estancia.<\/li>\n<\/ul>\n<hr \/>\n<section id=\"middle\">\n<div class=\"content_wrap fullwidth\">\n<section id=\"middle_content\" role=\"main\">\n<div class=\"entry\">\n<p>Si usted o un ser querido necesita ayuda con su caso de inmigraci\u00f3n en Austin, \u00a1<a href=\"https:\/\/www.lincolngoldfinch.com\/es\/contactenos\/\">contacte a la abogada Kate Lincoln-Goldfinch hoy<\/a>!<\/p>\n<\/div>\n<\/section>\n<\/div>\n<\/section>\n<\/div><\/div><\/div><\/div><\/div>\n<div class=\"gsp_post_data\" \r\n\t            data-post_type=\"page\" \r\n\t            data-cat=\"\" \r\n\t            data-modified=\"120\"\r\n\t            data-created=\"1432109108\"\r\n\t            data-title=\"C\u00f3nyuges de ciudadanos estadounidenses con Visa tipo K-3\" \r\n\t            data-home=\"https:\/\/www.lincolngoldfinch.com\/es\/\"><\/div>","protected":false},"excerpt":{"rendered":"","protected":false},"author":1,"featured_media":0,"parent":5681,"menu_order":0,"comment_status":"closed","ping_status":"closed","template":"","meta":{"_acf_changed":false,"rop_custom_images_group":[],"rop_custom_messages_group":[],"rop_publish_now":"initial","rop_publish_now_accounts":[],"rop_publish_now_history":[],"rop_publish_now_status":"pending","_analytify_skip_tracking":false,"rank_math_title":"Visa K-3 | C\u00f3nyuges de ciudadanos | %sitename%","rank_math_description":"\u00bfEs usted c\u00f3nyuge de un Ciudadano Estadounidense? Encuentre aqu\u00ed toda la informaci\u00f3n sobre el proceso de obtenci\u00f3n de una Visa de Tipo K-3","rank_math_focus_keyword":"Visa","rank_math_canonical_url":"","footnotes":""},"class_list":["post-5703","page","type-page","status-publish","hentry"],"acf":[],"_links":{"self":[{"href":"https:\/\/www.lincolngoldfinch.com\/es\/wp-json\/wp\/v2\/pages\/5703","targetHints":{"allow":["GET"]}}],"collection":[{"href":"https:\/\/www.lincolngoldfinch.com\/es\/wp-json\/wp\/v2\/pages"}],"about":[{"href":"https:\/\/www.lincolngoldfinch.com\/es\/wp-json\/wp\/v2\/types\/page"}],"author":[{"embeddable":true,"href":"https:\/\/www.lincolngoldfinch.com\/es\/wp-json\/wp\/v2\/users\/1"}],"replies":[{"embeddable":true,"href":"https:\/\/www.lincolngoldfinch.com\/es\/wp-json\/wp\/v2\/comments?post=5703"}],"version-history":[{"count":0,"href":"https:\/\/www.lincolngoldfinch.com\/es\/wp-json\/wp\/v2\/pages\/5703\/revisions"}],"up":[{"embeddable":true,"href":"https:\/\/www.lincolngoldfinch.com\/es\/wp-json\/wp\/v2\/pages\/5681"}],"wp:attachment":[{"href":"https:\/\/www.lincolngoldfinch.com\/es\/wp-json\/wp\/v2\/media?parent=5703"}],"curies":[{"name":"wp","href":"https:\/\/api.w.org\/{rel}","templated":true}]}}