{"id":5697,"date":"2015-05-20T07:52:35","date_gmt":"2015-05-20T12:52:35","guid":{"rendered":"https:\/\/www.aia-temp-dev.info\/?page_id=5697"},"modified":"2025-03-19T11:14:19","modified_gmt":"2025-03-19T16:14:19","slug":"visa-t-1-victimas-de-trafico-de-personas","status":"publish","type":"page","link":"https:\/\/www.lincolngoldfinch.com\/es\/areas-de-practica\/visas-temporales\/visa-t-1-victimas-de-trafico-de-personas\/","title":{"rendered":"V\u00edctimas de tr\u00e1fico de personas con Visa tipo T-1"},"content":{"rendered":"<div class=\"fusion-fullwidth fullwidth-box fusion-builder-row-1 fusion-flex-container nonhundred-percent-fullwidth non-hundred-percent-height-scrolling\" style=\"--awb-border-radius-top-left:0px;--awb-border-radius-top-right:0px;--awb-border-radius-bottom-right:0px;--awb-border-radius-bottom-left:0px;--awb-flex-wrap:wrap;\" ><div class=\"fusion-builder-row fusion-row fusion-flex-align-items-flex-start fusion-flex-content-wrap\" style=\"max-width:1331.2px;margin-left: calc(-4% \/ 2 );margin-right: calc(-4% \/ 2 );\"><div class=\"fusion-layout-column fusion_builder_column fusion-builder-column-0 fusion_builder_column_1_1 1_1 fusion-flex-column\" style=\"--awb-bg-size:cover;--awb-width-large:100%;--awb-margin-top-large:0px;--awb-spacing-right-large:1.92%;--awb-margin-bottom-large:20px;--awb-spacing-left-large:1.92%;--awb-width-medium:100%;--awb-order-medium:0;--awb-spacing-right-medium:1.92%;--awb-spacing-left-medium:1.92%;--awb-width-small:100%;--awb-order-small:0;--awb-spacing-right-small:1.92%;--awb-spacing-left-small:1.92%;\"><div class=\"fusion-column-wrapper fusion-column-has-shadow fusion-flex-justify-content-flex-start fusion-content-layout-column\"><div class=\"fusion-text fusion-text-1\" style=\"--awb-content-alignment:center;--awb-text-transform:none;\"><h1><strong>Visa T-1 para v\u00edctimas d<\/strong><strong>e tr\u00e1fico de personas<\/strong><\/h1>\n<p><img decoding=\"async\" class=\"aligncenter size-full wp-image-8623\" src=\"https:\/\/www.lincolngoldfinch.com\/wp-content\/uploads\/2021\/05\/visa-t-victimas-trata-de-personas-abogado-de-inmigracion-cerca-de-mi.jpg\" alt=\"Visa T Asistencia Juridica Evaluaci\u00f3n Confidencial\" width=\"763\" height=\"429\" srcset=\"https:\/\/www.lincolngoldfinch.com\/wp-content\/uploads\/2021\/05\/visa-t-victimas-trata-de-personas-abogado-de-inmigracion-cerca-de-mi-300x169.jpg 300w, https:\/\/www.lincolngoldfinch.com\/wp-content\/uploads\/2021\/05\/visa-t-victimas-trata-de-personas-abogado-de-inmigracion-cerca-de-mi-710x399.jpg 710w, https:\/\/www.lincolngoldfinch.com\/wp-content\/uploads\/2021\/05\/visa-t-victimas-trata-de-personas-abogado-de-inmigracion-cerca-de-mi.jpg 763w\" sizes=\"(max-width: 763px) 100vw, 763px\" \/><\/p>\n<\/div><div class=\"fusion-separator fusion-full-width-sep\" style=\"align-self: center;margin-left: auto;margin-right: auto;margin-top:10px;margin-bottom:20px;width:100%;\"><div class=\"fusion-separator-border sep-single sep-solid\" style=\"--awb-height:20px;--awb-amount:20px;--awb-sep-color:#000000;border-color:#000000;border-top-width:1px;\"><\/div><\/div><div class=\"fusion-text fusion-text-2\" style=\"--awb-text-transform:none;\"><p style=\"text-align: left;\" align=\"justify\">Si desea entrar temporalmente en Estados Unidos con un prop\u00f3sito espec\u00edfico, como negocios, estudios o placer, es un no inmigrante y probablemente tendr\u00e1 que solicitar una Visa Temporal. Tener una Visa aprobada le permite viajar a Estados Unidos y solicitar permiso para entrar en el pa\u00eds. Cuando llegue a un punto de entrada a Estados Unidos, un funcionario de la Oficina de Aduanas y <a href=\"https:\/\/www.usa.gov\/es\/agencias\/oficina-de-aduanas-y-proteccion-fronteriza-de-estados-unidos\" target=\"_blank\" rel=\"noopener\">Protecci\u00f3n Fronteriza de los Estados Unidos (Customs and Border Protection \u2013 CBP)<\/a> le conceder\u00e1 o denegar\u00e1 la entrada a Estados Unidos. Aunque tenga la Visa adecuada, se le puede denegar la entrada a Estados Unidos si un funcionario del CBP considera que no es admisible. Si se le concede la admisi\u00f3n, un funcionario del CBP sellar\u00e1 su tarjeta I-94 con una fecha de caducidad. Debe salir de Estados Unidos antes de la fecha que figura en su tarjeta I-94. Si quiere quedarse m\u00e1s all\u00e1 de esa fecha, tendr\u00e1 que solicitar una Extensi\u00f3n de la Estad\u00eda.<\/p>\n<ul>\n<li><a href=\"https:\/\/www.lincolngoldfinch.com\/es\/cambio-de-estatus\/\">Cambio De Estatus<\/a><\/li>\n<li><a href=\"https:\/\/www.lincolngoldfinch.com\/es\/cambio-de-estatus\/\">Extensi\u00f3n De La Estad\u00eda<\/a><\/li>\n<li><a href=\"https:\/\/www.lincolngoldfinch.com\/es\/cambio-de-estatus\/\">Programa De Exenci\u00f3n De Visa<\/a><\/li>\n<li><a href=\"https:\/\/www.lincolngoldfinch.com\/es\/visa-b1-b2-de-visitante\/\">Visitantes Con Visa Tipo B1\/B2<\/a><\/li>\n<li><a href=\"https:\/\/www.lincolngoldfinch.com\/es\/visa-e-3-profesionales-australianos\/\">Profesionales Australianos Con Visa Tipo E-3<\/a><\/li>\n<li><a href=\"https:\/\/www.lincolngoldfinch.com\/es\/visas-e-1-e-2-comerciantes-e-inversionistas\/\">Comerciantes E Inversionistas Con Visa Tipo E-1 \/ E-2<\/a><\/li>\n<li><a href=\"https:\/\/www.lincolngoldfinch.com\/es\/visa-f1-estudiantes-academicos\/\">Estudiantes Acad\u00e9micos Con Visa tipo F-1<\/a><\/li>\n<li><a href=\"https:\/\/www.lincolngoldfinch.com\/es\/visa-de-trabajo-profesional-h-1b\/\">Trabajadores Profesionales Con Visa Tipo H-1B<\/a><\/li>\n<li><a href=\"https:\/\/www.lincolngoldfinch.com\/es\/visitantes-de-intercambio-visa-j-1\/\">Visitantes De Intercambio Con Visa Tipo J-1<\/a><\/li>\n<li><a href=\"https:\/\/www.lincolngoldfinch.com\/es\/visa-k1-prometidos-de-ciudadanos-estadounidenses\/\">Prometidos De Ciudadanos Estadounidenses Con Visa Tipo K-1<\/a><\/li>\n<li><a href=\"https:\/\/www.lincolngoldfinch.com\/es\/visa-k3-conyuges-de-ciudadanos-estadounidenses\/\">C\u00f3nyuges De Ciudadanos Estadounidenses Con Visa Tipo K-3<\/a><\/li>\n<li><a href=\"https:\/\/www.lincolngoldfinch.com\/es\/visa-l-1-transferencias-intraempresariales\/\">Transferencias Intraempresariales Con Visa Tipo L-1<\/a><\/li>\n<li><a href=\"https:\/\/www.lincolngoldfinch.com\/es\/estudiante-vocacional-visa-m-1\/\">Estudiantes Vocacionales Con Visa Tipo M-1<\/a><\/li>\n<li><a href=\"https:\/\/www.lincolngoldfinch.com\/es\/visa-o-1-capacidades-extraordinarias\/\">Capacidades Extraordinarias Con Visa Tipo O-1<\/a><\/li>\n<\/ul>\n<\/div><\/div><\/div><\/div><\/div>\n<div class=\"gsp_post_data\" \r\n\t            data-post_type=\"page\" \r\n\t            data-cat=\"\" \r\n\t            data-modified=\"120\"\r\n\t            data-created=\"1432108355\"\r\n\t            data-title=\"V\u00edctimas de tr\u00e1fico de personas con Visa tipo T-1\" \r\n\t            data-home=\"https:\/\/www.lincolngoldfinch.com\/es\/\"><\/div>","protected":false},"excerpt":{"rendered":"","protected":false},"author":1,"featured_media":0,"parent":5681,"menu_order":0,"comment_status":"closed","ping_status":"closed","template":"","meta":{"_acf_changed":false,"rop_custom_images_group":[],"rop_custom_messages_group":[],"rop_publish_now":"initial","rop_publish_now_accounts":[],"rop_publish_now_history":[],"rop_publish_now_status":"pending","_analytify_skip_tracking":false,"rank_math_title":"Visa T-1 para v\u00edctimas de tr\u00e1fico de personas | Lincoln-Goldfinch Law","rank_math_description":"Si usted o un familiar suyo han sido v\u00edctimas del Tr\u00e1fico de Personas, ent\u00e9rese qu\u00e9 proceso debe seguir para solicitar una Visa de Tipo T.","rank_math_focus_keyword":"Visa","rank_math_canonical_url":"","footnotes":""},"class_list":["post-5697","page","type-page","status-publish","hentry"],"acf":[],"_links":{"self":[{"href":"https:\/\/www.lincolngoldfinch.com\/es\/wp-json\/wp\/v2\/pages\/5697","targetHints":{"allow":["GET"]}}],"collection":[{"href":"https:\/\/www.lincolngoldfinch.com\/es\/wp-json\/wp\/v2\/pages"}],"about":[{"href":"https:\/\/www.lincolngoldfinch.com\/es\/wp-json\/wp\/v2\/types\/page"}],"author":[{"embeddable":true,"href":"https:\/\/www.lincolngoldfinch.com\/es\/wp-json\/wp\/v2\/users\/1"}],"replies":[{"embeddable":true,"href":"https:\/\/www.lincolngoldfinch.com\/es\/wp-json\/wp\/v2\/comments?post=5697"}],"version-history":[{"count":0,"href":"https:\/\/www.lincolngoldfinch.com\/es\/wp-json\/wp\/v2\/pages\/5697\/revisions"}],"up":[{"embeddable":true,"href":"https:\/\/www.lincolngoldfinch.com\/es\/wp-json\/wp\/v2\/pages\/5681"}],"wp:attachment":[{"href":"https:\/\/www.lincolngoldfinch.com\/es\/wp-json\/wp\/v2\/media?parent=5697"}],"curies":[{"name":"wp","href":"https:\/\/api.w.org\/{rel}","templated":true}]}}