{"id":5691,"date":"2015-05-20T08:23:16","date_gmt":"2015-05-20T13:23:16","guid":{"rendered":"https:\/\/www.aia-temp-dev.info\/?page_id=5691"},"modified":"2025-03-19T07:49:34","modified_gmt":"2025-03-19T12:49:34","slug":"visa-b1-b2-de-visitante","status":"publish","type":"page","link":"https:\/\/www.lincolngoldfinch.com\/es\/areas-de-practica\/visas-temporales\/visa-b1-b2-de-visitante\/","title":{"rendered":"Visitantes con Visa B1\/B2"},"content":{"rendered":"<div class=\"fusion-fullwidth fullwidth-box fusion-builder-row-1 fusion-flex-container nonhundred-percent-fullwidth non-hundred-percent-height-scrolling\" style=\"--awb-border-radius-top-left:0px;--awb-border-radius-top-right:0px;--awb-border-radius-bottom-right:0px;--awb-border-radius-bottom-left:0px;--awb-flex-wrap:wrap;\" ><div class=\"fusion-builder-row fusion-row fusion-flex-align-items-flex-start fusion-flex-content-wrap\" style=\"max-width:1331.2px;margin-left: calc(-4% \/ 2 );margin-right: calc(-4% \/ 2 );\"><div class=\"fusion-layout-column fusion_builder_column fusion-builder-column-0 fusion_builder_column_1_1 1_1 fusion-flex-column\" style=\"--awb-bg-size:cover;--awb-width-large:100%;--awb-margin-top-large:0px;--awb-spacing-right-large:1.92%;--awb-margin-bottom-large:20px;--awb-spacing-left-large:1.92%;--awb-width-medium:100%;--awb-order-medium:0;--awb-spacing-right-medium:1.92%;--awb-spacing-left-medium:1.92%;--awb-width-small:100%;--awb-order-small:0;--awb-spacing-right-small:1.92%;--awb-spacing-left-small:1.92%;\"><div class=\"fusion-column-wrapper fusion-column-has-shadow fusion-flex-justify-content-flex-start fusion-content-layout-column\"><div class=\"fusion-text fusion-text-1\" style=\"--awb-content-alignment:center;--awb-text-transform:none;\"><h1>Visitantes con visa tipo B1\/B2<\/h1>\n<\/div><div class=\"fusion-text fusion-text-2\" style=\"--awb-content-alignment:center;--awb-text-transform:none;\"><p><strong>Visa de visitante \u2013 Visa B1\/B2 para negocios, turismo y tratamiento m\u00e9dico<\/strong><\/p>\n<\/div><div class=\"fusion-separator fusion-full-width-sep\" style=\"align-self: center;margin-left: auto;margin-right: auto;margin-top:10px;margin-bottom:20px;width:100%;\"><div class=\"fusion-separator-border sep-single sep-solid\" style=\"--awb-height:20px;--awb-amount:20px;--awb-sep-color:#000000;border-color:#000000;border-top-width:1px;\"><\/div><\/div><div class=\"fusion-image-element \" style=\"text-align:center;--awb-margin-bottom:20px;--awb-caption-title-font-family:var(--h2_typography-font-family);--awb-caption-title-font-weight:var(--h2_typography-font-weight);--awb-caption-title-font-style:var(--h2_typography-font-style);--awb-caption-title-size:var(--h2_typography-font-size);--awb-caption-title-transform:var(--h2_typography-text-transform);--awb-caption-title-line-height:var(--h2_typography-line-height);--awb-caption-title-letter-spacing:var(--h2_typography-letter-spacing);\"><span class=\" fusion-imageframe imageframe-none imageframe-1 hover-type-none\"><img decoding=\"async\" width=\"840\" height=\"500\" alt=\"Visa De Visitante B1 B2 Abogado De Inmigracion Cerca De Mi\" title=\"Visa De Visitante B1 B2 Abogado De Inmigracion Cerca De Mi\" src=\"https:\/\/www.lincolngoldfinch.com\/wp-content\/uploads\/2021\/06\/visa-de-visitante-abogada-de-inmigracion-austin-cerca-de-mi.jpg\" class=\"img-responsive wp-image-9823\" srcset=\"https:\/\/www.lincolngoldfinch.com\/wp-content\/uploads\/2021\/06\/visa-de-visitante-abogada-de-inmigracion-austin-cerca-de-mi-710x423.jpg 710w, https:\/\/www.lincolngoldfinch.com\/wp-content\/uploads\/2021\/06\/visa-de-visitante-abogada-de-inmigracion-austin-cerca-de-mi-768x457.jpg 768w, https:\/\/www.lincolngoldfinch.com\/wp-content\/uploads\/2021\/06\/visa-de-visitante-abogada-de-inmigracion-austin-cerca-de-mi.jpg 840w\" sizes=\"(max-width: 840px) 100vw, 840px\" \/><\/span><\/div><div class=\"fusion-text fusion-text-3\" style=\"--awb-text-transform:none;\"><h2><strong>Objetivo de las visas de visitante B1\/B2<\/strong><\/h2>\n<p>Las Visas B son para personas que desean visitar Estados Unidos por negocios, placer o tratamiento m\u00e9dico. A los visitantes de negocios se les expide la Visa B1, y a los visitantes que vienen a Estados Unidos por placer o tratamiento m\u00e9dico se les expide la Visa B2. Los titulares de una Visa B no pueden trabajar ni estudiar en Estados Unidos.<\/p>\n<p><strong>Para calificar para una Visa B, usted debe demostrar:<\/strong><\/p>\n<ul>\n<li>Que el prop\u00f3sito de su viaje a Estados Unidos es por negocios, placer o tratamiento m\u00e9dico;<\/li>\n<li>Que permanecer\u00e1 en Estados Unidos durante un periodo de tiempo espec\u00edfico y limitado; y<\/li>\n<li>Usted tiene vivienda permanente afuera de Estados Unidos y no tiene intenci\u00f3n de abandonarla<\/li>\n<li>Esto suele demostrarse presentando pruebas de empleo en el extranjero y v\u00ednculos familiares y sociales con su pa\u00eds de origen.<\/li>\n<\/ul>\n<h2><strong>Visas B1 para visitantes de negocios<\/strong><\/h2>\n<p>Los visitantes de negocios deben demostrar que pretenden entrar en Estados Unidos para realizar una actividad comercial o profesional. Ejemplos de esta actividad son la negociaci\u00f3n de contratos, la consulta con socios comerciales, la realizaci\u00f3n de investigaciones comerciales o de mercado, la entrevista y contrataci\u00f3n de personal, los litigios y la participaci\u00f3n en convenciones cient\u00edficas, educativas, profesionales o comerciales.<\/p>\n<p>Todo el trabajo realizado en Estados Unidos en virtud de una Visa de negocios debe ser para su empleador fuera de Estados Unidos, y usted debe seguir siendo pagado por el mismo. No puede ser contratado por una empresa estadounidense mientras tenga una <a href=\"https:\/\/www.uscis.gov\/es\/trabajar-en-los-estados-unidos\/visitantes-temporales-por-motivos-de-negocio\/b-1-visitante-temporal-por-motivos-de-negocio\" target=\"_blank\" rel=\"noopener noreferrer\">Visa B1<\/a>.<\/p>\n<h2><strong>Visas B2 para turistas y otros visitantes<\/strong><\/h2>\n<p><strong>La\u00a0<a href=\"https:\/\/www.uscis.gov\/es\/formularios\/explorar-mis-opciones\/visitar-estados-unidos\" target=\"_blank\" rel=\"noopener noreferrer\">Visa B2<\/a>\u00a0es el que debe solicitar si viene a Estados Unidos con uno o varios de los siguientes fines:<\/strong><\/p>\n<ul>\n<li>Turismo o vacaciones<\/li>\n<li>Para visitar a amigos y familiares<\/li>\n<li>Para recibir tratamiento m\u00e9dico en Estados Unidos<\/li>\n<li>Participar en las convenciones para organizaciones sociales<\/li>\n<li>Participar en eventos musicales, deportivos o similares de car\u00e1cter amateur por los que no se le pagar\u00e1<\/li>\n<li>Acompa\u00f1ar a una persona con una Visa de Visitante de Negocios B1<\/li>\n<\/ul>\n<h2><strong>Aplicar para una visa de visitante B1\/B2<\/strong><\/h2>\n<p>La solicitud de Visa B1\/B2 debe presentarse en una embajada o consulado de Estados Unidos en el extranjero. Los formularios que debe presentar depender\u00e1n de la embajada o consulado de EE.UU. en que solicite la Visa.<\/p>\n<\/div><div class=\"fusion-text fusion-text-4\" style=\"--awb-text-transform:none;\"><p><strong><img decoding=\"async\" class=\"size-full wp-image-9825 alignleft\" src=\"https:\/\/www.lincolngoldfinch.com\/wp-content\/uploads\/2021\/06\/visa-de-visitante-b1-turistas-negocios-abogada-de-inmigracion-cerca-de-mi.jpg\" alt=\"Close-up Of A Gavel On Wooden Desk In Front Of Judge Working On Laptop\" width=\"500\" height=\"297\" \/>Por lo general, si solicita una Visa B1\/B2, tendr\u00e1 que presentar pruebas de:<\/strong><\/p>\n<ul>\n<li>Tiquetes de avi\u00f3n de ida y vuelta<\/li>\n<li>Posibilidad de pagar todas las actividades previstas durante el viaje<\/li>\n<li>Confirmaciones de reservas de hotel y\/o de alquiler de coches o reservas de cualquier paquete tur\u00edstico o plan de viaje dentro de los Estados Unidos<\/li>\n<li>Una carta de invitaci\u00f3n de una persona o empresa de Estados Unidos<\/li>\n<li>Su intenci\u00f3n de volver a casa despu\u00e9s de su visita a Estados Unidos<\/li>\n<\/ul>\n<p>Si solicita una Visa de Visitante de Negocios B1, tendr\u00e1 que presentar documentos adicionales con detalles sobre su viaje y las actividades previstas en Estados Unidos.<\/p>\n<p><strong>Si est\u00e1 solicitando una Visa de Visitante B2 para poder recibir tratamiento m\u00e9dico en Estados Unidos, debe presentar:<\/strong><\/p>\n<ul>\n<li>Un diagn\u00f3stico m\u00e9dico de un m\u00e9dico local, que incluya una descripci\u00f3n de su problema de salud y la raz\u00f3n por la que busca tratamiento m\u00e9dico en los Estados Unidos;<\/li>\n<li>Una carta de un m\u00e9dico o de un centro m\u00e9dico de Estados Unidos que acepte tratar su problema de salud y que describa la duraci\u00f3n y el coste del tratamiento.<\/li>\n<li>Una declaraci\u00f3n de responsabilidad financiera suya o de la organizaci\u00f3n que pagar\u00e1 sus gastos (m\u00e9dicos, de manutenci\u00f3n y de transporte) en Estados Unidos.<\/li>\n<\/ul>\n<p>Kate Lincoln-Goldfinch se ocupa de proporcionar Visas B1\/B2 a los clientes en funci\u00f3n del prop\u00f3sito de su visita<\/p>\n<\/div><div class=\"fusion-separator fusion-full-width-sep\" style=\"align-self: center;margin-left: auto;margin-right: auto;margin-top:20px;margin-bottom:20px;width:100%;\"><div class=\"fusion-separator-border sep-single sep-solid\" style=\"--awb-height:20px;--awb-amount:20px;--awb-sep-color:#000000;border-color:#000000;border-top-width:1px;\"><\/div><\/div><div class=\"fusion-text fusion-text-5\" style=\"--awb-text-transform:none;\"><p style=\"text-align: center;\">Si usted o un ser querido necesita ayuda con su caso de inmigraci\u00f3n en Austin, \u00a1<a href=\"https:\/\/www.lincolngoldfinch.com\/es\/contactenos\/\">contacte a la abogada Kate Lincoln-Goldfinch hoy<\/a>!<\/p>\n<\/div><\/div><\/div><\/div><\/div>\n<div class=\"gsp_post_data\" \r\n\t            data-post_type=\"page\" \r\n\t            data-cat=\"\" \r\n\t            data-modified=\"120\"\r\n\t            data-created=\"1432110196\"\r\n\t            data-title=\"Visitantes con Visa B1\/B2\" \r\n\t            data-home=\"https:\/\/www.lincolngoldfinch.com\/es\/\"><\/div>","protected":false},"excerpt":{"rendered":"","protected":false},"author":1,"featured_media":0,"parent":5681,"menu_order":0,"comment_status":"closed","ping_status":"closed","template":"","meta":{"_acf_changed":false,"rop_custom_images_group":[],"rop_custom_messages_group":[],"rop_publish_now":"initial","rop_publish_now_accounts":[],"rop_publish_now_history":[],"rop_publish_now_status":"pending","_analytify_skip_tracking":false,"rank_math_title":"Visa de visitante | Visa B1\/B2 | %sitename%","rank_math_description":"Si desea visitar los Estados Unidos por turismo, negocios o motivos m\u00e9dicos? Conozca el proceso para solicitar una Visa de Visitante B1 o B2","rank_math_focus_keyword":"visa b1","rank_math_canonical_url":"","footnotes":""},"class_list":["post-5691","page","type-page","status-publish","hentry"],"acf":[],"_links":{"self":[{"href":"https:\/\/www.lincolngoldfinch.com\/es\/wp-json\/wp\/v2\/pages\/5691","targetHints":{"allow":["GET"]}}],"collection":[{"href":"https:\/\/www.lincolngoldfinch.com\/es\/wp-json\/wp\/v2\/pages"}],"about":[{"href":"https:\/\/www.lincolngoldfinch.com\/es\/wp-json\/wp\/v2\/types\/page"}],"author":[{"embeddable":true,"href":"https:\/\/www.lincolngoldfinch.com\/es\/wp-json\/wp\/v2\/users\/1"}],"replies":[{"embeddable":true,"href":"https:\/\/www.lincolngoldfinch.com\/es\/wp-json\/wp\/v2\/comments?post=5691"}],"version-history":[{"count":0,"href":"https:\/\/www.lincolngoldfinch.com\/es\/wp-json\/wp\/v2\/pages\/5691\/revisions"}],"up":[{"embeddable":true,"href":"https:\/\/www.lincolngoldfinch.com\/es\/wp-json\/wp\/v2\/pages\/5681"}],"wp:attachment":[{"href":"https:\/\/www.lincolngoldfinch.com\/es\/wp-json\/wp\/v2\/media?parent=5691"}],"curies":[{"name":"wp","href":"https:\/\/api.w.org\/{rel}","templated":true}]}}