{"id":5682,"date":"2015-05-20T08:00:19","date_gmt":"2015-05-20T13:00:19","guid":{"rendered":"https:\/\/www.aia-temp-dev.info\/?page_id=5682"},"modified":"2025-03-19T11:45:14","modified_gmt":"2025-03-19T16:45:14","slug":"estudiante-vocacional-visa-m-1","status":"publish","type":"page","link":"https:\/\/www.lincolngoldfinch.com\/es\/areas-de-practica\/visas-temporales\/estudiante-vocacional-visa-m-1\/","title":{"rendered":"Visa M-1 para estudiantes vocacionales"},"content":{"rendered":"<div class=\"fusion-fullwidth fullwidth-box fusion-builder-row-1 fusion-flex-container nonhundred-percent-fullwidth non-hundred-percent-height-scrolling\" style=\"--awb-border-radius-top-left:0px;--awb-border-radius-top-right:0px;--awb-border-radius-bottom-right:0px;--awb-border-radius-bottom-left:0px;--awb-flex-wrap:wrap;\" ><div class=\"fusion-builder-row fusion-row fusion-flex-align-items-flex-start fusion-flex-content-wrap\" style=\"max-width:1331.2px;margin-left: calc(-4% \/ 2 );margin-right: calc(-4% \/ 2 );\"><div class=\"fusion-layout-column fusion_builder_column fusion-builder-column-0 fusion_builder_column_1_1 1_1 fusion-flex-column\" style=\"--awb-bg-size:cover;--awb-width-large:100%;--awb-margin-top-large:0px;--awb-spacing-right-large:1.92%;--awb-margin-bottom-large:20px;--awb-spacing-left-large:1.92%;--awb-width-medium:100%;--awb-order-medium:0;--awb-spacing-right-medium:1.92%;--awb-spacing-left-medium:1.92%;--awb-width-small:100%;--awb-order-small:0;--awb-spacing-right-small:1.92%;--awb-spacing-left-small:1.92%;\"><div class=\"fusion-column-wrapper fusion-column-has-shadow fusion-flex-justify-content-flex-start fusion-content-layout-column\"><div class=\"fusion-text fusion-text-1\" style=\"--awb-content-alignment:center;--awb-text-transform:none;\"><h1><strong>Objetivo de la visa de estudiante M-1<\/strong><\/h1>\n<p><img decoding=\"async\" class=\"aligncenter size-full wp-image-8590\" src=\"https:\/\/www.lincolngoldfinch.com\/wp-content\/uploads\/2021\/05\/estudiante-vocacional-visa-m1-abogada-de-inmigracion-consulta-gratis.jpg\" alt=\"Estudiante Vocacional Visa F1 Asesoria Juridica\" width=\"763\" height=\"527\" srcset=\"https:\/\/www.lincolngoldfinch.com\/wp-content\/uploads\/2021\/05\/estudiante-vocacional-visa-m1-abogada-de-inmigracion-consulta-gratis-300x207.jpg 300w, https:\/\/www.lincolngoldfinch.com\/wp-content\/uploads\/2021\/05\/estudiante-vocacional-visa-m1-abogada-de-inmigracion-consulta-gratis-710x490.jpg 710w, https:\/\/www.lincolngoldfinch.com\/wp-content\/uploads\/2021\/05\/estudiante-vocacional-visa-m1-abogada-de-inmigracion-consulta-gratis.jpg 763w\" sizes=\"(max-width: 763px) 100vw, 763px\" \/><\/p>\n<\/div><div class=\"fusion-separator fusion-full-width-sep\" style=\"align-self: center;margin-left: auto;margin-right: auto;margin-top:10px;margin-bottom:20px;width:100%;\"><div class=\"fusion-separator-border sep-single sep-solid\" style=\"--awb-height:20px;--awb-amount:20px;--awb-sep-color:#000000;border-color:#000000;border-top-width:1px;\"><\/div><\/div><div class=\"fusion-text fusion-text-2\" style=\"--awb-text-transform:none;\"><p>La Visa M-1 es una Visa temporal de estudiante para las personas que desean realizar estudios no acad\u00e9micos o vocacionales en Estados Unidos.<\/p>\n<p>Antes de poder aplicar para una Visa de Estudiante M-1, usted debe:<\/p>\n<ul>\n<li style=\"list-style-type: none;\">\n<ul>\n<li>Aplicar y ser admitido en la escuela en la que desea estudiar; y<\/li>\n<li>Obtener un Formulario I-20, Formulario I-20 M-N\/ID, Certificado de Elegibilidad para el Estatus de Estudiante No Inmigrante (M-1), de la escuela que le ha aceptado.<\/li>\n<\/ul>\n<\/li>\n<\/ul>\n<p>Tener una Visa aprobada no significa que se le permita entrar en Estados Unidos. Una Visa le permite viajar a un punto de entrada de Estados Unidos y solicitar permiso para entrar en el pa\u00eds. Cuando llegue a un punto de entrada de Estados Unidos, un funcionario de la Oficina de Aduanas y Protecci\u00f3n Fronteriza de los Estados Unidos (Customs and Border Protection \u2013 CBP) le conceder\u00e1 o denegar\u00e1 la entrada en Estados Unidos. Si se le concede la entrada, el funcionario del CBP marcar\u00e1 la duraci\u00f3n de su estancia en su <a href=\"https:\/\/www.uscis.gov\/es\/formularios\/todos-los-formularios\/formulario-i-94-registro-de-entradasalida-informacion-para-completar-formularios-de-uscis\" target=\"_blank\" rel=\"noopener noreferrer\">Formulario I-94<\/a>, Tarjeta de Llegada y Salida, como D\/S por \u00abduraci\u00f3n del estatus\u00bb. Esto significa que puede permanecer en Estados Unidos mientras siga estudiando.<\/p>\n<h2>Aplicar para una visa de estudiante M-1<\/h2>\n<p>Para solicitar una Visa M-1, usted debe:<\/p>\n<ul>\n<li>Mostrar evidencia de que ha sido aceptado por una escuela aprobada por el\u00a0<a href=\"https:\/\/www.ice.gov\/es\" target=\"_blank\" rel=\"noopener noreferrer\">Servicio de Control de Inmigraci\u00f3n y Aduanas<\/a>\u00a0(Immigration and Customs Enforcement \u2013 ICE) en cumplimiento del programa SEVIS (Formulario I-20 M-N\/ID, Certificado de Elegibilidad para el Estatus de Estudiante No Inmigrante (M-1));<\/li>\n<li>Demostrar que usted est\u00e1 calificado para el programa de estudios que quiere cursar;<\/li>\n<li>Demostrar que domina el ingl\u00e9s o que est\u00e1 recibiendo formaci\u00f3n para hacerlo (a menos que la escuela pueda demostrar por qu\u00e9 el ingl\u00e9s no es importante);<\/li>\n<li>Demostrar que reside en su pa\u00eds de origen y que no tiene intenci\u00f3n de abandonarlo;<\/li>\n<li>Demostrar que dispone de fondos suficientes para asistir a la escuela y vivir en Estados Unidos durante su programa de estudios; y<\/li>\n<li>No haber aplicado a una escuela primaria p\u00fablica o a un programa de educaci\u00f3n de adultos financiado con fondos p\u00fablicos.<\/li>\n<\/ul>\n<p>El funcionario consular verificar\u00e1 su Formulario I-20 M-N\/ID, Certificado de Elegibilidad para la Condici\u00f3n de Estudiante No Inmigrante (M-1) y comprobar\u00e1 que sus datos hayan sido introducidos en el sistema SEVIS. Si la escuela no ha introducido sus datos en el sistema SEVIS, el funcionario consular denegar\u00e1 su Visa M-1.<\/p>\n<h2>Estatus M-2 para familiares de estudiantes M-1<\/h2>\n<p>Los c\u00f3nyuges e hijos solteros menores de 21 a\u00f1os de los estudiantes con Visa M-1 pueden solicitar el estatus M-2 para entrar en Estados Unidos. Los padres, prometidos, amigos y otros familiares deben solicitar la Visa de visitante B-2.<\/p>\n<hr \/>\n<p>Si usted o un ser querido necesita ayuda con su caso de inmigraci\u00f3n en Austin, \u00a1<a href=\"https:\/\/www.lincolngoldfinch.com\/es\/contactenos\/\">Contacte a la abogada Kate Lincoln-Goldfinch hoy<\/a>!<\/p>\n<\/div><\/div><\/div><\/div><\/div>\n<div class=\"gsp_post_data\" \r\n\t            data-post_type=\"page\" \r\n\t            data-cat=\"\" \r\n\t            data-modified=\"120\"\r\n\t            data-created=\"1432108819\"\r\n\t            data-title=\"Visa M-1 para estudiantes vocacionales\" \r\n\t            data-home=\"https:\/\/www.lincolngoldfinch.com\/es\/\"><\/div>","protected":false},"excerpt":{"rendered":"","protected":false},"author":1,"featured_media":0,"parent":5681,"menu_order":0,"comment_status":"closed","ping_status":"closed","template":"","meta":{"_acf_changed":false,"rop_custom_images_group":[],"rop_custom_messages_group":[],"rop_publish_now":"initial","rop_publish_now_accounts":[],"rop_publish_now_history":[],"rop_publish_now_status":"pending","_analytify_skip_tracking":false,"rank_math_title":"Visa M-1 | Estudiantes Vocacionales | %sitename%","rank_math_description":"Si est\u00e1 interesado en un programa de estudios no acad\u00e9micos\/vocacionales en Estados Unidos, aqu\u00ed m\u00e1s informaci\u00f3n sobre la Visa M-1","rank_math_focus_keyword":"visa m-1","rank_math_canonical_url":"","footnotes":""},"class_list":["post-5682","page","type-page","status-publish","hentry"],"acf":[],"_links":{"self":[{"href":"https:\/\/www.lincolngoldfinch.com\/es\/wp-json\/wp\/v2\/pages\/5682","targetHints":{"allow":["GET"]}}],"collection":[{"href":"https:\/\/www.lincolngoldfinch.com\/es\/wp-json\/wp\/v2\/pages"}],"about":[{"href":"https:\/\/www.lincolngoldfinch.com\/es\/wp-json\/wp\/v2\/types\/page"}],"author":[{"embeddable":true,"href":"https:\/\/www.lincolngoldfinch.com\/es\/wp-json\/wp\/v2\/users\/1"}],"replies":[{"embeddable":true,"href":"https:\/\/www.lincolngoldfinch.com\/es\/wp-json\/wp\/v2\/comments?post=5682"}],"version-history":[{"count":0,"href":"https:\/\/www.lincolngoldfinch.com\/es\/wp-json\/wp\/v2\/pages\/5682\/revisions"}],"up":[{"embeddable":true,"href":"https:\/\/www.lincolngoldfinch.com\/es\/wp-json\/wp\/v2\/pages\/5681"}],"wp:attachment":[{"href":"https:\/\/www.lincolngoldfinch.com\/es\/wp-json\/wp\/v2\/media?parent=5682"}],"curies":[{"name":"wp","href":"https:\/\/api.w.org\/{rel}","templated":true}]}}