{"id":5679,"date":"2015-05-20T07:39:14","date_gmt":"2015-05-20T12:39:14","guid":{"rendered":"https:\/\/www.aia-temp-dev.info\/?page_id=5679"},"modified":"2025-10-29T19:46:50","modified_gmt":"2025-10-30T00:46:50","slug":"tps-estatus-de-proteccion-temporal","status":"publish","type":"page","link":"https:\/\/www.lincolngoldfinch.com\/es\/tps-estatus-de-proteccion-temporal\/","title":{"rendered":"Estatus de protecci\u00f3n temporal"},"content":{"rendered":"<div class=\"fusion-fullwidth fullwidth-box fusion-builder-row-1 fusion-flex-container nonhundred-percent-fullwidth non-hundred-percent-height-scrolling\" style=\"--awb-border-radius-top-left:0px;--awb-border-radius-top-right:0px;--awb-border-radius-bottom-right:0px;--awb-border-radius-bottom-left:0px;--awb-flex-wrap:wrap;\" ><div class=\"fusion-builder-row fusion-row fusion-flex-align-items-flex-start fusion-flex-content-wrap\" style=\"max-width:1331.2px;margin-left: calc(-4% \/ 2 );margin-right: calc(-4% \/ 2 );\"><div class=\"fusion-layout-column fusion_builder_column fusion-builder-column-0 fusion_builder_column_1_1 1_1 fusion-flex-column\" style=\"--awb-bg-size:cover;--awb-width-large:100%;--awb-margin-top-large:0px;--awb-spacing-right-large:1.92%;--awb-margin-bottom-large:20px;--awb-spacing-left-large:1.92%;--awb-width-medium:100%;--awb-order-medium:0;--awb-spacing-right-medium:1.92%;--awb-spacing-left-medium:1.92%;--awb-width-small:100%;--awb-order-small:0;--awb-spacing-right-small:1.92%;--awb-spacing-left-small:1.92%;\"><div class=\"fusion-column-wrapper fusion-column-has-shadow fusion-flex-justify-content-flex-start fusion-content-layout-column\"><div class=\"fusion-text fusion-text-1\" style=\"--awb-content-alignment:center;--awb-text-transform:none;\"><h1>Estatus de protecci\u00f3n temporal (TPS)<\/h1>\n<\/div><div class=\"fusion-separator fusion-full-width-sep\" style=\"align-self: center;margin-left: auto;margin-right: auto;margin-top:10px;margin-bottom:20px;width:100%;\"><div class=\"fusion-separator-border sep-single sep-solid\" style=\"--awb-height:20px;--awb-amount:20px;--awb-sep-color:#000000;border-color:#000000;border-top-width:1px;\"><\/div><\/div><div class=\"fusion-text fusion-text-2\" style=\"--awb-text-transform:none;\"><h2><strong>C\u00f3mo solicitar el estatus de protecci\u00f3n temporal (TPS) en EE.UU.<\/strong><\/h2>\n<ul>\n<li>Los haitianos indocumentados que se encuentran en Estados Unidos ya pueden solicitar el Estatus de Protecci\u00f3n Temporal (TPS). Consulte nuestra p\u00e1gina Hait\u00ed \u2013 Estatus de Protecci\u00f3n Temporal (TPS) para obtener m\u00e1s informaci\u00f3n.<\/li>\n<li>Nuestro bufete de abogados est\u00e1 ayudando a los haitianos de todo Estados Unidos a solicitar el TPS. Si tiene alguna pregunta sobre su elegibilidad para el mismo o desea solicitarlo, ll\u00e1menos al (855) 502-0555 o llene <a href=\"https:\/\/www.lincolngoldfinch.com\/es\/contactenos\/\">este formulario<\/a>\u00a0y nos pondremos en contacto con usted.<\/li>\n<\/ul>\n<\/div><div class=\"fusion-separator fusion-full-width-sep\" style=\"align-self: center;margin-left: auto;margin-right: auto;margin-top:20px;margin-bottom:20px;width:100%;\"><div class=\"fusion-separator-border sep-single sep-solid\" style=\"--awb-height:20px;--awb-amount:20px;--awb-sep-color:#000000;border-color:#000000;border-top-width:1px;\"><\/div><\/div><div class=\"fusion-image-element \" style=\"text-align:center;--awb-margin-bottom:20px;--awb-caption-title-font-family:var(--h2_typography-font-family);--awb-caption-title-font-weight:var(--h2_typography-font-weight);--awb-caption-title-font-style:var(--h2_typography-font-style);--awb-caption-title-size:var(--h2_typography-font-size);--awb-caption-title-transform:var(--h2_typography-text-transform);--awb-caption-title-line-height:var(--h2_typography-line-height);--awb-caption-title-letter-spacing:var(--h2_typography-letter-spacing);\"><span class=\" fusion-imageframe imageframe-none imageframe-1 hover-type-none\"><img decoding=\"async\" width=\"800\" height=\"441\" alt=\"Estatus De Proteccion Temporal Requisitos Abogados De Inmigracion Austin\" title=\"Immigration\" src=\"https:\/\/www.lincolngoldfinch.com\/wp-content\/uploads\/2021\/05\/estatus-de-proteccion-temporal-tps-abogados-de-inmigracion-cerca-de-mi-austin-texas-1.jpg\" class=\"img-responsive wp-image-9616\" srcset=\"https:\/\/www.lincolngoldfinch.com\/wp-content\/uploads\/2021\/05\/estatus-de-proteccion-temporal-tps-abogados-de-inmigracion-cerca-de-mi-austin-texas-1-710x391.jpg 710w, https:\/\/www.lincolngoldfinch.com\/wp-content\/uploads\/2021\/05\/estatus-de-proteccion-temporal-tps-abogados-de-inmigracion-cerca-de-mi-austin-texas-1-768x423.jpg 768w, https:\/\/www.lincolngoldfinch.com\/wp-content\/uploads\/2021\/05\/estatus-de-proteccion-temporal-tps-abogados-de-inmigracion-cerca-de-mi-austin-texas-1.jpg 800w\" sizes=\"(max-width: 800px) 100vw, 800px\" \/><\/span><\/div><div class=\"fusion-text fusion-text-3\" style=\"--awb-text-transform:none;\"><h2><strong>Prop\u00f3sito del estatus de protecci\u00f3n temporal (TPS)<\/strong><\/h2>\n<p>El Estatus de Protecci\u00f3n Temporal es un estatus general y temporal que el gobierno de Estados Unidos concede a las personas que ya est\u00e1n en Estados Unidos y que proceden de pa\u00edses a los que Estados Unidos ha determinado que no es seguro que regresen.<\/p>\n<p>Un pa\u00eds puede ser designado para el Estatus de Protecci\u00f3n Temporal si:<\/p>\n<ul>\n<li>Hay un conflicto armado en curso dentro del pa\u00eds que hace que no sea seguro para las personas regresar al pa\u00eds; o<\/li>\n<li>Una cat\u00e1strofe natural o medioambiental ha provocado una alteraci\u00f3n sustancial pero temporal de las condiciones de vida en un pa\u00eds.<\/li>\n<li>Otras condiciones extraordinarias y temporales que impiden que las personas regresen al pa\u00eds de manera segura.<\/li>\n<\/ul>\n<p>Cuando Estados Unidos designa a un pa\u00eds para el estatus de TPS, tambi\u00e9n designar\u00e1 un per\u00edodo de tiempo en el que las personas de ese pa\u00eds deben registrarse para los beneficios del programa y una fecha de terminaci\u00f3n \u2013 la fecha en la que la designaci\u00f3n del Estado para el pa\u00eds terminar\u00e1. Estados Unidos puede optar por prorrogar la designaci\u00f3n del Estatus de Protecci\u00f3n Temporal de un pa\u00eds m\u00e1s all\u00e1 del periodo inicial si determina que sigue siendo inseguro que las personas regresen a dicho pa\u00eds.<\/p>\n<h2><strong>Elegibilidad para el estatus de protecci\u00f3n temporal<\/strong><\/h2>\n<p>Para establecer su elegibilidad para el TPS, usted debe:<\/p>\n<ul>\n<li>proporcionar prueba de su identidad;<\/li>\n<li>demostrar que es usted ciudadano de un pa\u00eds designado para dicho Estatus;<\/li>\n<li>proporcionar pruebas de que ha estado viviendo continuamente en los Estados Unidos desde la fecha de designaci\u00f3n del TPS;<\/li>\n<li>registrarse dentro del periodo de registro designado (en determinadas circunstancias, puede presentar una solicitud de TPS despu\u00e9s de que haya finalizado el periodo de registro); y<\/li>\n<li>no estar sujeto a ciertos motivos de seguridad y penales que lo hacen inadmisible (puede no ser elegible para el TPS si ha cometido ciertos delitos).<br \/>\nSi usted es ap\u00e1trida y no puede cumplir el segundo requisito, puede aportar pruebas de que ha residido habitualmente en un pa\u00eds designado para el TPS.<\/li>\n<\/ul>\n<h2><strong>Registro y reinscripci\u00f3n del estatus de protecci\u00f3n temporal<\/strong><\/h2>\n<p>Para inscribirse, debe presentar el\u00a0<a href=\"https:\/\/www.uscis.gov\/es\/i-821\" target=\"_blank\" rel=\"noopener noreferrer\">Formulario I-821<\/a>, Solicitud de Estatus de Protecci\u00f3n Temporal y el Formulario I-765, Solicitud de Autorizaci\u00f3n de Empleo.<\/p>\n<p>Si se le concede el Estatus, y la designaci\u00f3n del TPS para su pa\u00eds se prolonga m\u00e1s all\u00e1 del per\u00edodo inicial, debe volver a registrarse para el TPS. Para reinscribirse, debe llenar y presentar de nuevo el formulario 821, Solicitud de Estatus de Protecci\u00f3n Temporal y el\u00a0<a href=\"https:\/\/www.uscis.gov\/es\/i-765\" target=\"_blank\" rel=\"noopener noreferrer\">Formulario I-765<\/a>, Solicitud de Autorizaci\u00f3n de Empleo.<\/p>\n<p>Si se le ha concedido el TPS, puede solicitar otros beneficios de inmigraci\u00f3n a los que tenga derecho. Por ejemplo, puede solicitar asilo aunque se le haya concedido el TPS. Adem\u00e1s, si su solicitud de asilo ha sido denegada, todav\u00eda puede ser elegible para el TPS.<\/p>\n<p>Adem\u00e1s, si se le concede el TPS, puede viajar al extranjero con permiso. Esto significa que tendr\u00e1 que llenar y presentar el formulario I-131, Solicitud de Documento de Viaje.<\/p>\n<h2><strong>Finalizaci\u00f3n del estatus de protecci\u00f3n temporal<\/strong><\/h2>\n<p>El TPS no conduce al estatus de Residente Permanente ni a la Ciudadan\u00eda. Cuando Estados Unidos pone fin a su designaci\u00f3n de TPS para un pa\u00eds, el estatus de los beneficiarios del mismo vuelve a ser el que ten\u00edan antes de que se les concediera el Estatus de Protecci\u00f3n Temporal, o cualquier otro estatus que hayan adquirido mientras estaban registrados para el TPS. Esto significa que si usted no obtuvo ning\u00fan otro estatus legal durante el per\u00edodo de designaci\u00f3n del Estatus para su pa\u00eds, volver\u00e1 a tener un estatus ilegal al terminar la designaci\u00f3n del TPS de su pa\u00eds.<\/p>\n<p>El bufete de abogados Lincoln-Goldfinch Law &#8211; Abogados de Inmigraci\u00f3n tiene una gran experiencia en ayudar a los clientes a obtener el Estatus de Protecci\u00f3n Temporal.<\/p>\n<\/div><div class=\"fusion-separator fusion-full-width-sep\" style=\"align-self: center;margin-left: auto;margin-right: auto;margin-top:20px;margin-bottom:20px;width:100%;\"><div class=\"fusion-separator-border sep-single sep-solid\" style=\"--awb-height:20px;--awb-amount:20px;--awb-sep-color:#000000;border-color:#000000;border-top-width:1px;\"><\/div><\/div><div class=\"fusion-text fusion-text-4\" style=\"--awb-text-transform:none;\"><p style=\"text-align: center;\">Si usted o un ser querido necesita ayuda con su caso de inmigraci\u00f3n en Austin, \u00a1<a href=\"https:\/\/www.lincolngoldfinch.com\/es\/contactenos\/\">contacte a la abogada Kate Lincoln-Goldfinch hoy<\/a>!<\/p>\n<\/div><\/div><\/div><\/div><\/div>\n<div class=\"gsp_post_data\" \r\n\t            data-post_type=\"page\" \r\n\t            data-cat=\"\" \r\n\t            data-modified=\"120\"\r\n\t            data-created=\"1432107554\"\r\n\t            data-title=\"Estatus de protecci\u00f3n temporal\" \r\n\t            data-home=\"https:\/\/www.lincolngoldfinch.com\/es\/\"><\/div>","protected":false},"excerpt":{"rendered":"","protected":false},"author":1,"featured_media":0,"parent":0,"menu_order":0,"comment_status":"closed","ping_status":"closed","template":"","meta":{"_acf_changed":false,"rop_custom_images_group":[],"rop_custom_messages_group":[],"rop_publish_now":"initial","rop_publish_now_accounts":[],"rop_publish_now_history":[],"rop_publish_now_status":"pending","_analytify_skip_tracking":false,"rank_math_title":"TPS: Estatus de protecci\u00f3n temporal","rank_math_description":"Conozca qu\u00e9 es el TPS, qui\u00e9n puede obtenerlo y c\u00f3mo completar la solicitud ante el Gobierno de Estados Unidos.","rank_math_focus_keyword":"TPS","rank_math_canonical_url":"","footnotes":""},"class_list":["post-5679","page","type-page","status-publish","hentry"],"acf":[],"_links":{"self":[{"href":"https:\/\/www.lincolngoldfinch.com\/es\/wp-json\/wp\/v2\/pages\/5679","targetHints":{"allow":["GET"]}}],"collection":[{"href":"https:\/\/www.lincolngoldfinch.com\/es\/wp-json\/wp\/v2\/pages"}],"about":[{"href":"https:\/\/www.lincolngoldfinch.com\/es\/wp-json\/wp\/v2\/types\/page"}],"author":[{"embeddable":true,"href":"https:\/\/www.lincolngoldfinch.com\/es\/wp-json\/wp\/v2\/users\/1"}],"replies":[{"embeddable":true,"href":"https:\/\/www.lincolngoldfinch.com\/es\/wp-json\/wp\/v2\/comments?post=5679"}],"version-history":[{"count":0,"href":"https:\/\/www.lincolngoldfinch.com\/es\/wp-json\/wp\/v2\/pages\/5679\/revisions"}],"wp:attachment":[{"href":"https:\/\/www.lincolngoldfinch.com\/es\/wp-json\/wp\/v2\/media?parent=5679"}],"curies":[{"name":"wp","href":"https:\/\/api.w.org\/{rel}","templated":true}]}}