{"id":5678,"date":"2015-05-20T07:56:24","date_gmt":"2015-05-20T12:56:24","guid":{"rendered":"https:\/\/www.aia-temp-dev.info\/?page_id=5678"},"modified":"2025-03-19T11:35:37","modified_gmt":"2025-03-19T16:35:37","slug":"visa-r-1-trabajadores-religiosos","status":"publish","type":"page","link":"https:\/\/www.lincolngoldfinch.com\/es\/areas-de-practica\/visas-temporales\/visa-r-1-trabajadores-religiosos\/","title":{"rendered":"Trabajadores religiosos con Visa tipo R-1"},"content":{"rendered":"<div class=\"fusion-fullwidth fullwidth-box fusion-builder-row-1 fusion-flex-container nonhundred-percent-fullwidth non-hundred-percent-height-scrolling\" style=\"--awb-border-radius-top-left:0px;--awb-border-radius-top-right:0px;--awb-border-radius-bottom-right:0px;--awb-border-radius-bottom-left:0px;--awb-flex-wrap:wrap;\" ><div class=\"fusion-builder-row fusion-row fusion-flex-align-items-flex-start fusion-flex-content-wrap\" style=\"max-width:1331.2px;margin-left: calc(-4% \/ 2 );margin-right: calc(-4% \/ 2 );\"><div class=\"fusion-layout-column fusion_builder_column fusion-builder-column-0 fusion_builder_column_1_1 1_1 fusion-flex-column\" style=\"--awb-bg-size:cover;--awb-width-large:100%;--awb-margin-top-large:0px;--awb-spacing-right-large:1.92%;--awb-margin-bottom-large:20px;--awb-spacing-left-large:1.92%;--awb-width-medium:100%;--awb-order-medium:0;--awb-spacing-right-medium:1.92%;--awb-spacing-left-medium:1.92%;--awb-width-small:100%;--awb-order-small:0;--awb-spacing-right-small:1.92%;--awb-spacing-left-small:1.92%;\"><div class=\"fusion-column-wrapper fusion-column-has-shadow fusion-flex-justify-content-flex-start fusion-content-layout-column\"><div class=\"fusion-text fusion-text-1\" style=\"--awb-content-alignment:center;--awb-text-transform:none;\"><h1><strong>Visa de tipo R-1 para trabajadores religiosos<\/strong><\/h1>\n<p><img decoding=\"async\" class=\"aligncenter size-full wp-image-8613\" src=\"https:\/\/www.lincolngoldfinch.com\/wp-content\/uploads\/2021\/05\/visa-r1-trabajadores-religiosos-abogado-de-inmigracion-cerca-de-mi.jpg\" alt=\"Visa R1 Asesoria Juridica Inmigrantes Austin\" width=\"763\" height=\"572\" srcset=\"https:\/\/www.lincolngoldfinch.com\/wp-content\/uploads\/2021\/05\/visa-r1-trabajadores-religiosos-abogado-de-inmigracion-cerca-de-mi-300x225.jpg 300w, https:\/\/www.lincolngoldfinch.com\/wp-content\/uploads\/2021\/05\/visa-r1-trabajadores-religiosos-abogado-de-inmigracion-cerca-de-mi-710x532.jpg 710w, https:\/\/www.lincolngoldfinch.com\/wp-content\/uploads\/2021\/05\/visa-r1-trabajadores-religiosos-abogado-de-inmigracion-cerca-de-mi.jpg 763w\" sizes=\"(max-width: 763px) 100vw, 763px\" \/><\/p>\n<\/div><div class=\"fusion-separator fusion-full-width-sep\" style=\"align-self: center;margin-left: auto;margin-right: auto;margin-top:10px;margin-bottom:20px;width:100%;\"><div class=\"fusion-separator-border sep-single sep-solid\" style=\"--awb-height:20px;--awb-amount:20px;--awb-sep-color:#000000;border-color:#000000;border-top-width:1px;\"><\/div><\/div><div class=\"fusion-text fusion-text-2\" style=\"--awb-text-transform:none;\"><h2>Objetivo de la visa R-1<\/h2>\n<p>La clasificaci\u00f3n R-1 es para los trabajadores religiosos que quieren entrar a Estados Unidos. Las Visas R-1 se expiden por cinco a\u00f1os. Una persona que ya ha recibido una Visa R-1 debe permanecer fuera de Estados Unidos durante al menos un a\u00f1o antes de solicitar la entrada a Estados Unidos de nuevo con el estatus R-1.<\/p>\n<p>Para obtener una Visa R-1, un trabajador religioso debe ser:<\/p>\n<ul>\n<li>Un ministro; o<\/li>\n<li>Una persona que trabaje a t\u00edtulo profesional en una ocupaci\u00f3n o vocaci\u00f3n religiosa; o<\/li>\n<li>Una persona que trabaja en una ocupaci\u00f3n o vocaci\u00f3n religiosa y que ha sido miembro de esa confesi\u00f3n religiosa durante al menos los dos a\u00f1os inmediatamente anteriores a la fecha de la solicitud de la Visa. La confesi\u00f3n religiosa debe ser una organizaci\u00f3n religiosa sin \u00e1nimo de lucro de buena fe en Estados Unidos.<\/li>\n<\/ul>\n<p>Los ministros dirigen el culto religioso y desempe\u00f1an otras funciones propias de los miembros autorizados del clero de una determinada religi\u00f3n.<br \/>\nEl\u00a0<a href=\"https:\/\/www.uscis.gov\/es\" target=\"_blank\" rel=\"noopener noreferrer\">Servicio de Ciudadan\u00eda e Inmigraci\u00f3n de los Estados Unidos<\/a>\u00a0(United States Citizenship and Immigration Services \u2013 USCIS) define el trabajo profesional como el que requiere una licenciatura o su equivalente en el extranjero.<\/p>\n<p>El trabajo en una ocupaci\u00f3n religiosa se define como el trabajo en una actividad relacionada con las funciones religiosas tradicionales. Esta categor\u00eda incluye a trabajadores religiosos como cantores, trabajadores lit\u00fargicos, traductores, locutores religiosos y trabajadores de hospitales religiosos. No incluye a las enfermeras, los administrativos, los recaudadores de fondos ni los trabajadores de mantenimiento.<\/p>\n<p>Trabajar en una vocaci\u00f3n religiosa se define como \u00abuna llamada a la vida religiosa\u00bb. Entre los ejemplos de personas que trabajan por vocaci\u00f3n religiosa se encuentran las monjas y los monjes.<\/p>\n<p><img decoding=\"async\" class=\"size-full wp-image-8615 alignright\" src=\"https:\/\/www.lincolngoldfinch.com\/wp-content\/uploads\/2021\/05\/visa-trabajadores-religiosos-asesoria-lejal-consulta-gratis.jpg\" sizes=\"(max-width: 500px) 100vw, 500px\" srcset=\"https:\/\/www.lincolngoldfinch.com\/wp-content\/uploads\/2021\/05\/visa-trabajadores-religiosos-asesoria-lejal-consulta-gratis-300x178.jpg 300w, https:\/\/www.lincolngoldfinch.com\/wp-content\/uploads\/2021\/05\/visa-trabajadores-religiosos-asesoria-lejal-consulta-gratis.jpg 500w\" alt=\"Visa R1 Abogados De Inmigracion Austin\" width=\"500\" height=\"297\" \/>Una denominaci\u00f3n religiosa se define como un grupo religioso que tiene alguna forma de gobierno eclesi\u00e1stico, un credo y una forma de culto reconocidos, un c\u00f3digo formal de doctrina y disciplinas, servicios y ceremonias religiosas, lugares de culto establecidos y congregaciones religiosas.<\/p>\n<h2>Aplicar para una visa R-1<\/h2>\n<p>Si se encuentra fuera de los Estados Unidos y desea solicitar una Visa R-1, debe llenar y presentar el Formulario DS-156, Solicitud de Visa de No Inmigrante y, a continuaci\u00f3n, concertar una cita con la embajada o el consulado de los Estados Unidos de su pa\u00eds para solicitar la Visa. Debe enviar la versi\u00f3n electr\u00f3nica del formulario DS-156.<\/p>\n<p>Si est\u00e1 dentro de los Estados Unidos y quiere cambiar su estatus a R-1, debe presentar el\u00a0<a href=\"https:\/\/www.uscis.gov\/es\/i-129\" target=\"_blank\" rel=\"noopener noreferrer\">Formulario I-129<\/a>, Petici\u00f3n de Trabajador Extranjero, junto con el Suplemento R, ante el Servicio de Ciudadan\u00eda e Inmigraci\u00f3n de los Estados Unidos. Tambi\u00e9n debe utilizar este formulario para solicitar la pr\u00f3rroga del estatus R-1.<\/p>\n<p>El documento clave que hay que presentar en la entrevista para la Visa es la prueba del estatus de exenci\u00f3n fiscal del grupo religioso, o su elegibilidad para la exenci\u00f3n fiscal, en Estados Unidos. Tambi\u00e9n debe presentar una carta de un funcionario del grupo religioso que lo emplear\u00e1, en la que se describa c\u00f3mo cumple usted los requisitos de una de las tres categor\u00edas de trabajadores religiosos y la naturaleza de su trabajo en Estados Unidos.<\/p>\n<h2>Visas tipo R-2 para familiares de trabajadores religiosos con visa R-1<\/h2>\n<p>Los c\u00f3nyuges y los hijos solteros menores de 21 a\u00f1os pueden acompa\u00f1ar a los trabajadores religiosos R-1 con estatus R-2. Las personas con estatus R-2 pueden estudiar pero no trabajar en Estados Unidos.<\/p>\n<hr \/>\n<p>Si usted o un ser querido necesita ayuda con su caso de inmigraci\u00f3n en Austin, \u00a1<a href=\"https:\/\/www.lincolngoldfinch.com\/es\/contactenos\/\">contacte a la abogada Kate Lincoln-Goldfinch hoy<\/a>!<\/p>\n<\/div><\/div><\/div><\/div><\/div>\n<div class=\"gsp_post_data\" \r\n\t            data-post_type=\"page\" \r\n\t            data-cat=\"\" \r\n\t            data-modified=\"120\"\r\n\t            data-created=\"1432108584\"\r\n\t            data-title=\"Trabajadores religiosos con Visa tipo R-1\" \r\n\t            data-home=\"https:\/\/www.lincolngoldfinch.com\/es\/\"><\/div>","protected":false},"excerpt":{"rendered":"","protected":false},"author":1,"featured_media":0,"parent":5681,"menu_order":0,"comment_status":"closed","ping_status":"closed","template":"","meta":{"_acf_changed":false,"rop_custom_images_group":[],"rop_custom_messages_group":[],"rop_publish_now":"initial","rop_publish_now_accounts":[],"rop_publish_now_history":[],"rop_publish_now_status":"pending","_analytify_skip_tracking":false,"rank_math_title":"Visa R-1 | Trabajadores religiosos | %sitename%","rank_math_description":"La Visa de Tipo R-1 es para los trabajadores religiosos que quieren entrar a Estados Unidos, vigentes por cinco a\u00f1os. \u00a1M\u00e1s informaci\u00f3n aqu\u00ed!","rank_math_focus_keyword":"Visa","rank_math_canonical_url":"","footnotes":""},"class_list":["post-5678","page","type-page","status-publish","hentry"],"acf":[],"_links":{"self":[{"href":"https:\/\/www.lincolngoldfinch.com\/es\/wp-json\/wp\/v2\/pages\/5678","targetHints":{"allow":["GET"]}}],"collection":[{"href":"https:\/\/www.lincolngoldfinch.com\/es\/wp-json\/wp\/v2\/pages"}],"about":[{"href":"https:\/\/www.lincolngoldfinch.com\/es\/wp-json\/wp\/v2\/types\/page"}],"author":[{"embeddable":true,"href":"https:\/\/www.lincolngoldfinch.com\/es\/wp-json\/wp\/v2\/users\/1"}],"replies":[{"embeddable":true,"href":"https:\/\/www.lincolngoldfinch.com\/es\/wp-json\/wp\/v2\/comments?post=5678"}],"version-history":[{"count":0,"href":"https:\/\/www.lincolngoldfinch.com\/es\/wp-json\/wp\/v2\/pages\/5678\/revisions"}],"up":[{"embeddable":true,"href":"https:\/\/www.lincolngoldfinch.com\/es\/wp-json\/wp\/v2\/pages\/5681"}],"wp:attachment":[{"href":"https:\/\/www.lincolngoldfinch.com\/es\/wp-json\/wp\/v2\/media?parent=5678"}],"curies":[{"name":"wp","href":"https:\/\/api.w.org\/{rel}","templated":true}]}}