{"id":5671,"date":"2015-05-20T07:50:22","date_gmt":"2015-05-20T12:50:22","guid":{"rendered":"https:\/\/www.aia-temp-dev.info\/?page_id=5671"},"modified":"2025-04-09T12:17:22","modified_gmt":"2025-04-09T17:17:22","slug":"visa-u-victimas-de-delitos","status":"publish","type":"page","link":"https:\/\/www.lincolngoldfinch.com\/es\/areas-de-practica\/visas-temporales\/visa-u-victimas-de-delitos\/","title":{"rendered":"V\u00edctimas de delitos con Visa U"},"content":{"rendered":"<div class=\"fusion-fullwidth fullwidth-box fusion-builder-row-1 fusion-flex-container nonhundred-percent-fullwidth non-hundred-percent-height-scrolling\" style=\"--awb-border-radius-top-left:0px;--awb-border-radius-top-right:0px;--awb-border-radius-bottom-right:0px;--awb-border-radius-bottom-left:0px;--awb-flex-wrap:wrap;\" ><div class=\"fusion-builder-row fusion-row fusion-flex-align-items-flex-start fusion-flex-content-wrap\" style=\"max-width:1331.2px;margin-left: calc(-4% \/ 2 );margin-right: calc(-4% \/ 2 );\"><div class=\"fusion-layout-column fusion_builder_column fusion-builder-column-0 fusion_builder_column_1_1 1_1 fusion-flex-column\" style=\"--awb-bg-size:cover;--awb-width-large:100%;--awb-margin-top-large:0px;--awb-spacing-right-large:1.92%;--awb-margin-bottom-large:20px;--awb-spacing-left-large:1.92%;--awb-width-medium:100%;--awb-order-medium:0;--awb-spacing-right-medium:1.92%;--awb-spacing-left-medium:1.92%;--awb-width-small:100%;--awb-order-small:0;--awb-spacing-right-small:1.92%;--awb-spacing-left-small:1.92%;\"><div class=\"fusion-column-wrapper fusion-column-has-shadow fusion-flex-justify-content-flex-start fusion-content-layout-column\"><div class=\"fusion-text fusion-text-1\" style=\"--awb-content-alignment:center;--awb-text-transform:none;\"><h1><strong>Visa U\/Estatus de no inmigrante para v\u00edctimas de delitos<\/strong><\/h1>\n<p><img decoding=\"async\" class=\"aligncenter size-full wp-image-8097\" src=\"https:\/\/www.lincolngoldfinch.com\/wp-content\/uploads\/2021\/05\/visa-u-no-inmigrante-para-victimas-de-delitos.webp\" alt=\"Visa U Abogado De inmigracion De Austin\" width=\"798\" height=\"448\" srcset=\"https:\/\/www.lincolngoldfinch.com\/wp-content\/uploads\/2021\/05\/visa-u-no-inmigrante-para-victimas-de-delitos-200x112.webp 200w, https:\/\/www.lincolngoldfinch.com\/wp-content\/uploads\/2021\/05\/visa-u-no-inmigrante-para-victimas-de-delitos-400x225.webp 400w, https:\/\/www.lincolngoldfinch.com\/wp-content\/uploads\/2021\/05\/visa-u-no-inmigrante-para-victimas-de-delitos-600x337.webp 600w, https:\/\/www.lincolngoldfinch.com\/wp-content\/uploads\/2021\/05\/visa-u-no-inmigrante-para-victimas-de-delitos-768x431.webp 768w, https:\/\/www.lincolngoldfinch.com\/wp-content\/uploads\/2021\/05\/visa-u-no-inmigrante-para-victimas-de-delitos.webp 798w\" sizes=\"(max-width: 798px) 100vw, 798px\" \/><\/p>\n<\/div><div class=\"fusion-separator fusion-full-width-sep\" style=\"align-self: center;margin-left: auto;margin-right: auto;margin-top:10px;margin-bottom:20px;width:100%;\"><div class=\"fusion-separator-border sep-single sep-solid\" style=\"--awb-height:20px;--awb-amount:20px;--awb-sep-color:#000000;border-color:#000000;border-top-width:1px;\"><\/div><\/div><div class=\"fusion-text fusion-text-2\" style=\"--awb-text-transform:none;\"><h2>Objetivo de la visa U\/Estado de no inmigrante U<\/h2>\n<p>La Visa U es para los inmigrantes que han sido v\u00edctimas de un delito y ayudan o est\u00e1n dispuestos a ayudar a las autoridades estadounidenses a investigar y\/o perseguir ese delito. Cada a\u00f1o fiscal (del 1 de octubre al 30 de septiembre) se pueden expedir hasta 10.000 Visas U.<\/p>\n<p>Las Visas U se expiden por cuatro a\u00f1os. Al cabo de tres a\u00f1os, los titulares de una Visa U pueden optar a la residencia permanente.<\/p>\n<p>Para poder solicitar una Visa U, una persona debe:<\/p>\n<ul>\n<li>Haber sufrido importantes abusos f\u00edsicos o mentales como consecuencia de haber sido v\u00edctima de determinados tipos de delitos;<\/li>\n<li>Poseer informaci\u00f3n sobre esa actividad delictiva;<\/li>\n<li>Proporcionar una certificaci\u00f3n de un funcionario de las fuerzas policiales, un fiscal o un juez de que la persona ha sido, est\u00e1 siendo o es probable que sea \u00fatil en la investigaci\u00f3n o el enjuiciamiento de la actividad delictiva; y<\/li>\n<li>Demostrar que la actividad delictiva viol\u00f3 las leyes de los Estados Unidos<\/li>\n<\/ul>\n<p>Un inmigrante que haya sido v\u00edctima de uno de los siguientes delitos o de un delito similar a los de esta lista puede ser elegible para una Visa de Tipo U:<\/p>\n<p>violaci\u00f3n, tortura, tr\u00e1fico de personas, incesto, violencia dom\u00e9stica, agresi\u00f3n sexual, contacto sexual abusivo, prostituci\u00f3n, explotaci\u00f3n sexual, mutilaci\u00f3n genital femenina, toma de rehenes, peonaje, servidumbre involuntaria, comercio de esclavos, secuestro, rapto, restricci\u00f3n criminal ilegal, detenci\u00f3n ilegal, chantaje, extorsi\u00f3n, homicidio, asesinato, agresi\u00f3n criminal, manipulaci\u00f3n de testigos, obstrucci\u00f3n de la justicia, perjurio, o intento, conspiraci\u00f3n o solicitud para cometer cualquiera de estos delitos.<\/p>\n<p>Las v\u00edctimas de violencia dom\u00e9stica pueden solicitar una Visa U. A diferencia de los inmigrantes maltratados que solicitan un estatus migratorio presentando una Petici\u00f3n I-360 de la Ley de Violencia Contra las Mujeres (Violence Against Women Act \u2013 VAWA), los solicitantes de una Visa U no tienen que demostrar que su maltratador es ciudadano estadounidense o residente legal permanente. Adem\u00e1s, los solicitantes de la Visa U no tienen que estar casados actualmente o recientemente con su agresor, que es otro de los requisitos de las peticiones de la VAWA.<\/p>\n<h2>Aplicar a una visa U\/Estatus de no inmigrante U<\/h2>\n<p>Los inmigrantes v\u00edctimas de delitos que deseen aplicar para el Estatus de No Inmigrante U deben presentar el\u00a0<a href=\"https:\/\/www.uscis.gov\/es\/I-918\" target=\"_blank\" rel=\"noopener noreferrer\">Formulario I-918<\/a>, Petici\u00f3n de Estatus U de No Inmigrante, en el Centro de Servicios de Vermont del Servicio de Ciudadan\u00eda e Inmigraci\u00f3n de los Estados Unidos (United States Citizenship and Immigration Services \u2013 USCIS). Por lo general, se deben incluir los siguientes documentos con la petici\u00f3n de Visa U:<\/p>\n<ul>\n<li>Una carta de presentaci\u00f3n en la que se explique todo lo que se ha incluido en la solicitud y por qu\u00e9 el solicitante cumple los requisitos para obtener una Visa U;<\/li>\n<li>La declaraci\u00f3n del solicitante en la que se describa el maltrato f\u00edsico y\/o mental que ha sufrido y c\u00f3mo cumple cada uno de los requisitos para la Visa U;<\/li>\n<li>Alguna forma de identificaci\u00f3n personal, que puede incluir copias del pasaporte, certificados de nacimiento, y\/o copias del\u00a0<a href=\"https:\/\/www.uscis.gov\/es\/formularios\/todos-los-formularios\/formulario-i-94-registro-de-entradasalida-informacion-para-completar-formularios-de-uscis\" target=\"_blank\" rel=\"noopener noreferrer\">Formulario I-94<\/a>, Tarjeta de Llegada y Salida;<\/li>\n<li>Documentaci\u00f3n relativa a la actividad delictiva, que debe incluir un Formulario de Certificaci\u00f3n de la Visa U y puede incluir un informe policial del delito, una orden de alejamiento y los documentos relacionados o las declaraciones utilizadas para obtener la orden de alejamiento; o una copia de la ley que regula el delito.<\/li>\n<li>Un Formulario de Certificaci\u00f3n de la Visa U es vital para una solicitud de la misma y puede ser llenado por cualquier organismo policial federal, estatal o local, fiscal, juez u otra autoridad que investigue o persiga actividades delictivas. La certificaci\u00f3n debe ser firmada dentro de los seis meses siguientes a la fecha de la solicitud de la Visa U. Aunque no existe un Formulario Oficial de Certificaci\u00f3n de la Visa U, la certificaci\u00f3n debe indicar que el solicitante fue v\u00edctima de un delito aplicable para el tipo de visa, identificar el delito o delitos de los que fue v\u00edctima el solicitante, y debe confirmar que el solicitante ha sido, est\u00e1 siendo o puede ser \u00fatil en la investigaci\u00f3n o el enjuiciamiento del delito o delitos.<\/li>\n<li>Documentaci\u00f3n sobre abuso f\u00edsico y\/o mental importante, que puede incluir la declaraci\u00f3n del solicitante, las declaraciones de los testigos del abuso, las declaraciones de los oficiales de polic\u00eda y\/o los trabajadores de la salud, los informes m\u00e9dicos, las pruebas de las citas con los consejeros y\/o los refugios; y\/o las fotograf\u00edas que muestran el abuso.<\/li>\n<\/ul>\n<h2>Programa de exenci\u00f3n provisional de la visa U<\/h2>\n<p><img decoding=\"async\" class=\"alignleft wp-image-8100 size-full\" src=\"https:\/\/www.lincolngoldfinch.com\/wp-content\/uploads\/2021\/05\/Visa-u-victimas-de-delitos-no-inmigrantes.jpg\" sizes=\"(max-width: 400px) 100vw, 400px\" srcset=\"https:\/\/www.lincolngoldfinch.com\/wp-content\/uploads\/2021\/05\/Visa-u-victimas-de-delitos-no-inmigrantes-300x179.jpg 300w, https:\/\/www.lincolngoldfinch.com\/wp-content\/uploads\/2021\/05\/Visa-u-victimas-de-delitos-no-inmigrantes.jpg 400w\" alt=\"Visa U Abogada De Inmigracion De Austin\" width=\"400\" height=\"238\" \/>Aunque el Congreso aprob\u00f3 la ley que creaba las Visas de Tipo U en el a\u00f1o 2000, \u00e9stos no estuvieron disponibles durante muchos a\u00f1os porque el gobierno no public\u00f3 la normativa sobre las mismas. Durante estos a\u00f1os, a los inmigrantes v\u00edctimas de delitos que quer\u00edan solicitar una Visa U se les conced\u00eda una exenci\u00f3n provisional de la misma. El programa de exenci\u00f3n provisional de la Visa tipo U ya no est\u00e1 disponible. Los inmigrantes a los que se les concedi\u00f3 la exenci\u00f3n provisional deben presentar una petici\u00f3n de Visa U.<\/p>\n<h3>Residencia permanente en EE.UU.\/Ajuste de estatus para titulares de visas U<\/h3>\n<p>Las Visas U s\u00f3lo son v\u00e1lidas durante cuatro a\u00f1os. Una de las ventajas de obtener una Visa U es que el titular de la misma puede llegar a solicitar la residencia permanente en Estados Unidos. Para obtener la residencia permanente, el titular de la Visa U:<\/p>\n<ol>\n<li>Debe haber estado f\u00edsicamente presente en Estados Unidos durante un periodo continuo de al menos tres a\u00f1os.<br \/>\nLos tres a\u00f1os empiezan a contar a partir de la fecha en que el solicitante obtuvo la Visa U.<\/li>\n<li>Debe demostrar que su presencia continuada en Estados Unidos est\u00e1 justificada por motivos humanitarios, para garantizar la unidad familiar o en el mejor inter\u00e9s del p\u00fablico.<\/li>\n<li>No puede negarse injustificadamente a ayudar a las autoridades policiales una vez que recibe una Visa U.<\/li>\n<\/ol>\n<h2>Familiares de titulares de visas U<\/h2>\n<p>Si un solicitante de una Visa U es menor de 21 a\u00f1os, el marido o la mujer del solicitante, los hijos, los hermanos solteros menores de 18 a\u00f1os y los padres pueden solicitar el estatus derivado de la Visa U. Si el solicitante de la Visa U es mayor de 21 a\u00f1os, s\u00f3lo pueden solicitar el estatus derivado de la Visa U el marido o la mujer y los hijos del solicitante.<\/p>\n<hr \/>\n<p>Si usted o un ser querido necesita ayuda con su caso de inmigraci\u00f3n en Austin, \u00a1<a href=\"https:\/\/www.lincolngoldfinch.com\/es\/contactenos\/\">contacte a la abogada Kate Lincoln-Goldfinch hoy<\/a>!<\/p>\n<\/div><\/div><\/div><\/div><\/div>\n<div class=\"gsp_post_data\" \r\n\t            data-post_type=\"page\" \r\n\t            data-cat=\"\" \r\n\t            data-modified=\"120\"\r\n\t            data-created=\"1432108222\"\r\n\t            data-title=\"V\u00edctimas de delitos con Visa U\" \r\n\t            data-home=\"https:\/\/www.lincolngoldfinch.com\/es\/\"><\/div>","protected":false},"excerpt":{"rendered":"","protected":false},"author":1,"featured_media":0,"parent":5681,"menu_order":0,"comment_status":"closed","ping_status":"closed","template":"","meta":{"_acf_changed":false,"rop_custom_images_group":[],"rop_custom_messages_group":[],"rop_publish_now":"initial","rop_publish_now_accounts":[],"rop_publish_now_history":[],"rop_publish_now_status":"pending","_analytify_skip_tracking":false,"rank_math_title":"Abogado de visa U cerca de Austin, Texas","rank_math_description":"Si usted o alg\u00fan familiar o conocido han sido v\u00edctimas de alg\u00fan delito, podr\u00edan aplicar para obtener una Visa U. \u00a1M\u00e1s informaci\u00f3n aqu\u00ed!","rank_math_focus_keyword":"Visa U","rank_math_canonical_url":"","footnotes":""},"class_list":["post-5671","page","type-page","status-publish","hentry"],"acf":[],"_links":{"self":[{"href":"https:\/\/www.lincolngoldfinch.com\/es\/wp-json\/wp\/v2\/pages\/5671","targetHints":{"allow":["GET"]}}],"collection":[{"href":"https:\/\/www.lincolngoldfinch.com\/es\/wp-json\/wp\/v2\/pages"}],"about":[{"href":"https:\/\/www.lincolngoldfinch.com\/es\/wp-json\/wp\/v2\/types\/page"}],"author":[{"embeddable":true,"href":"https:\/\/www.lincolngoldfinch.com\/es\/wp-json\/wp\/v2\/users\/1"}],"replies":[{"embeddable":true,"href":"https:\/\/www.lincolngoldfinch.com\/es\/wp-json\/wp\/v2\/comments?post=5671"}],"version-history":[{"count":0,"href":"https:\/\/www.lincolngoldfinch.com\/es\/wp-json\/wp\/v2\/pages\/5671\/revisions"}],"up":[{"embeddable":true,"href":"https:\/\/www.lincolngoldfinch.com\/es\/wp-json\/wp\/v2\/pages\/5681"}],"wp:attachment":[{"href":"https:\/\/www.lincolngoldfinch.com\/es\/wp-json\/wp\/v2\/media?parent=5671"}],"curies":[{"name":"wp","href":"https:\/\/api.w.org\/{rel}","templated":true}]}}