{"id":5669,"date":"2015-05-20T07:49:11","date_gmt":"2015-05-20T12:49:11","guid":{"rendered":"https:\/\/www.aia-temp-dev.info\/?page_id=5669"},"modified":"2025-03-19T11:06:59","modified_gmt":"2025-03-19T16:06:59","slug":"familiares-residentes-permanentes-legales-visa-v","status":"publish","type":"page","link":"https:\/\/www.lincolngoldfinch.com\/es\/areas-de-practica\/visas-temporales\/familiares-residentes-permanentes-legales-visa-v\/","title":{"rendered":"La Visa V para familiares de residentes permanentes legales"},"content":{"rendered":"<div class=\"fusion-fullwidth fullwidth-box fusion-builder-row-1 fusion-flex-container nonhundred-percent-fullwidth non-hundred-percent-height-scrolling\" style=\"--awb-border-radius-top-left:0px;--awb-border-radius-top-right:0px;--awb-border-radius-bottom-right:0px;--awb-border-radius-bottom-left:0px;--awb-flex-wrap:wrap;\" ><div class=\"fusion-builder-row fusion-row fusion-flex-align-items-flex-start fusion-flex-content-wrap\" style=\"max-width:1331.2px;margin-left: calc(-4% \/ 2 );margin-right: calc(-4% \/ 2 );\"><div class=\"fusion-layout-column fusion_builder_column fusion-builder-column-0 fusion_builder_column_1_1 1_1 fusion-flex-column\" style=\"--awb-bg-size:cover;--awb-width-large:100%;--awb-margin-top-large:0px;--awb-spacing-right-large:1.92%;--awb-margin-bottom-large:20px;--awb-spacing-left-large:1.92%;--awb-width-medium:100%;--awb-order-medium:0;--awb-spacing-right-medium:1.92%;--awb-spacing-left-medium:1.92%;--awb-width-small:100%;--awb-order-small:0;--awb-spacing-right-small:1.92%;--awb-spacing-left-small:1.92%;\"><div class=\"fusion-column-wrapper fusion-column-has-shadow fusion-flex-justify-content-flex-start fusion-content-layout-column\"><div class=\"fusion-text fusion-text-1\" style=\"--awb-content-alignment:center;--awb-text-transform:none;\"><h1>La visa V para familiares de residentes permanentes legales<\/h1>\n<p><img decoding=\"async\" class=\"aligncenter size-full wp-image-10029\" src=\"https:\/\/www.lincolngoldfinch.com\/wp-content\/uploads\/2021\/06\/visa-v-familiares-de-residentes-permanentes-legales-inmigracion-abogados.jpg\" alt=\"Visa V Familiares De Residentes Permanentes Legales\" width=\"800\" height=\"476\" srcset=\"https:\/\/www.lincolngoldfinch.com\/wp-content\/uploads\/2021\/06\/visa-v-familiares-de-residentes-permanentes-legales-inmigracion-abogados-710x422.jpg 710w, https:\/\/www.lincolngoldfinch.com\/wp-content\/uploads\/2021\/06\/visa-v-familiares-de-residentes-permanentes-legales-inmigracion-abogados-768x457.jpg 768w, https:\/\/www.lincolngoldfinch.com\/wp-content\/uploads\/2021\/06\/visa-v-familiares-de-residentes-permanentes-legales-inmigracion-abogados.jpg 800w\" sizes=\"(max-width: 800px) 100vw, 800px\" \/><\/p>\n<\/div><div class=\"fusion-separator fusion-full-width-sep\" style=\"align-self: center;margin-left: auto;margin-right: auto;margin-top:10px;margin-bottom:20px;width:100%;\"><div class=\"fusion-separator-border sep-single sep-solid\" style=\"--awb-height:20px;--awb-amount:20px;--awb-sep-color:#000000;border-color:#000000;border-top-width:1px;\"><\/div><\/div><div class=\"fusion-text fusion-text-2\" style=\"--awb-text-transform:none;\"><h2>Objetivo de las visas V<\/h2>\n<p>Las Visas V-1 para c\u00f3nyuges y V-2 para hijos, permiten a los c\u00f3nyuges de residentes permanentes legales entrar y vivir en Estados Unidos mientras esperan que se tramiten sus Visas de inmigrante.<\/p>\n<h3>Si es usted c\u00f3nyuge o hijo de un residente legal permanente, puede solicitar una Visa V si:<\/h3>\n<ul>\n<li>Su c\u00f3nyuge o padre, residente legal permanente, present\u00f3 el\u00a0<a href=\"https:\/\/www.uscis.gov\/es\/i-130\" target=\"_blank\" rel=\"noopener noreferrer\">formulario I-130<\/a>, Petici\u00f3n de Familiar Extranjero, para usted el 21 de diciembre de 2000 o antes;<\/li>\n<li>Su fecha de prioridad es de hace al menos tres a\u00f1os;<\/li>\n<li>Su fecha de prioridad no est\u00e1 vigente;<\/li>\n<li>No ha tenido una entrevista de Visa de inmigrante ni se le ha programado una entrevista de Visa de inmigrante;<\/li>\n<li>Su petici\u00f3n no est\u00e1 ya en una embajada o consulado en el extranjero; y<\/li>\n<li>Cumple los dem\u00e1s requisitos para ser admitido como inmigrante en Estados Unidos.<\/li>\n<\/ul>\n<p>Su fecha de prioridad es la fecha en que el Servicio de Ciudadan\u00eda e Inmigraci\u00f3n de los Estados Unidos recibi\u00f3 su petici\u00f3n.<\/p>\n<h2>Hijos<\/h2>\n<p>Los hijos solteros de un c\u00f3nyuge con derecho a una Visa V-1 pueden optar a una Visa V-3. Al igual que las Visas V-1 y V-2, \u00e9sta permite a las personas entrar y vivir en Estados Unidos mientras esperan que se tramiten sus Visas de inmigrante.<\/p>\n<hr \/>\n<p>Si usted o un ser querido necesita ayuda con su caso de inmigraci\u00f3n en Austin, \u00a1<a href=\"https:\/\/www.lincolngoldfinch.com\/es\/contactenos\/\">contacte a la abogada Kate Lincoln-Goldfinch hoy<\/a>!<\/p>\n<\/div><\/div><\/div><\/div><\/div>\n<div class=\"gsp_post_data\" \r\n\t            data-post_type=\"page\" \r\n\t            data-cat=\"\" \r\n\t            data-modified=\"120\"\r\n\t            data-created=\"1432108151\"\r\n\t            data-title=\"La Visa V para familiares de residentes permanentes legales\" \r\n\t            data-home=\"https:\/\/www.lincolngoldfinch.com\/es\/\"><\/div>","protected":false},"excerpt":{"rendered":"","protected":false},"author":1,"featured_media":0,"parent":5681,"menu_order":0,"comment_status":"closed","ping_status":"closed","template":"","meta":{"_acf_changed":false,"rop_custom_images_group":[],"rop_custom_messages_group":[],"rop_publish_now":"initial","rop_publish_now_accounts":[],"rop_publish_now_history":[],"rop_publish_now_status":"pending","_analytify_skip_tracking":false,"rank_math_title":"Visa V para familiares de residentes permanentes | Lincoln-Goldfinch Law","rank_math_description":"Reunimos informaci\u00f3n relevante conozca sobre la solicitud de la Visa V, qui\u00e9nes pueden aplicar, c\u00f3mo funciona, entre otras cosas.","rank_math_focus_keyword":"Visa V","rank_math_canonical_url":"","footnotes":""},"class_list":["post-5669","page","type-page","status-publish","hentry"],"acf":[],"_links":{"self":[{"href":"https:\/\/www.lincolngoldfinch.com\/es\/wp-json\/wp\/v2\/pages\/5669","targetHints":{"allow":["GET"]}}],"collection":[{"href":"https:\/\/www.lincolngoldfinch.com\/es\/wp-json\/wp\/v2\/pages"}],"about":[{"href":"https:\/\/www.lincolngoldfinch.com\/es\/wp-json\/wp\/v2\/types\/page"}],"author":[{"embeddable":true,"href":"https:\/\/www.lincolngoldfinch.com\/es\/wp-json\/wp\/v2\/users\/1"}],"replies":[{"embeddable":true,"href":"https:\/\/www.lincolngoldfinch.com\/es\/wp-json\/wp\/v2\/comments?post=5669"}],"version-history":[{"count":0,"href":"https:\/\/www.lincolngoldfinch.com\/es\/wp-json\/wp\/v2\/pages\/5669\/revisions"}],"up":[{"embeddable":true,"href":"https:\/\/www.lincolngoldfinch.com\/es\/wp-json\/wp\/v2\/pages\/5681"}],"wp:attachment":[{"href":"https:\/\/www.lincolngoldfinch.com\/es\/wp-json\/wp\/v2\/media?parent=5669"}],"curies":[{"name":"wp","href":"https:\/\/api.w.org\/{rel}","templated":true}]}}