{"id":55535,"date":"2023-01-10T13:55:21","date_gmt":"2023-01-10T19:55:21","guid":{"rendered":"https:\/\/www.lincolngoldfinch.com\/?page_id=55535"},"modified":"2025-10-28T17:36:37","modified_gmt":"2025-10-28T22:36:37","slug":"que-es-uscis","status":"publish","type":"page","link":"https:\/\/www.lincolngoldfinch.com\/es\/que-es-uscis\/","title":{"rendered":"\u00bfQu\u00e9 es el servicio de ciudadan\u00eda e inmigraci\u00f3n de EE.UU.?"},"content":{"rendered":"<div class=\"fusion-fullwidth fullwidth-box fusion-builder-row-1 fusion-flex-container nonhundred-percent-fullwidth non-hundred-percent-height-scrolling\" style=\"--awb-border-radius-top-left:0px;--awb-border-radius-top-right:0px;--awb-border-radius-bottom-right:0px;--awb-border-radius-bottom-left:0px;--awb-flex-wrap:wrap;\" ><div class=\"fusion-builder-row fusion-row fusion-flex-align-items-flex-start fusion-flex-content-wrap\" style=\"max-width:1331.2px;margin-left: calc(-4% \/ 2 );margin-right: calc(-4% \/ 2 );\"><div class=\"fusion-layout-column fusion_builder_column fusion-builder-column-0 fusion_builder_column_1_1 1_1 fusion-flex-column\" style=\"--awb-bg-size:cover;--awb-width-large:100%;--awb-margin-top-large:0px;--awb-spacing-right-large:2.56%;--awb-margin-bottom-large:0px;--awb-spacing-left-large:1.92%;--awb-width-medium:100%;--awb-spacing-right-medium:2.56%;--awb-spacing-left-medium:1.92%;--awb-width-small:100%;--awb-spacing-right-small:1.92%;--awb-spacing-left-small:1.92%;\"><div class=\"fusion-column-wrapper fusion-flex-justify-content-flex-start fusion-content-layout-column\"><div class=\"fusion-text fusion-text-1\"><h1>\u00bfQu\u00e9 es el servicio de ciudadan\u00eda e inmigraci\u00f3n de EE.UU.?<\/h1>\n<p><span style=\"font-weight: 400;\">El Servicio de Ciudadan\u00eda e Inmigraci\u00f3n de los Estados Unidos (USCIS) es una agencia federal responsable de administrar las leyes de inmigraci\u00f3n y naturalizaci\u00f3n del pa\u00eds. Esta agencia desempe\u00f1a un papel crucial a la hora de garantizar la seguridad y la integridad de las fronteras del pa\u00eds, al tiempo que promueve la reagrupaci\u00f3n familiar y la admisi\u00f3n de personas que puedan contribuir a la econom\u00eda y la sociedad del pa\u00eds. <\/span><\/p>\n<p><span style=\"font-weight: 400;\">En este art\u00edculo se examinan m\u00e1s de cerca la historia, las funciones y la misi\u00f3n del USCIS. Este blog tambi\u00e9n le explicar\u00e1 por qu\u00e9 necesita un abogado de inmigraci\u00f3n a la hora de tratar con el USCIS. <\/span><\/p>\n<p><img decoding=\"async\" class=\"size-full wp-image-55543 aligncenter\" src=\"https:\/\/www.lincolngoldfinch.com\/wp-content\/uploads\/2023\/07\/la-agencia-de-inmigracion-uscis-puede-ser-muy-compleja-para-los-solicitantes-que-no-estan-familiarizados-con-las-leyes-de-inmigracion-consultar-con-su-abogado-de-confianza-lo-antes-posible.jpg\" alt=\"\" width=\"799\" height=\"450\" srcset=\"https:\/\/www.lincolngoldfinch.com\/wp-content\/uploads\/2023\/07\/la-agencia-de-inmigracion-uscis-puede-ser-muy-compleja-para-los-solicitantes-que-no-estan-familiarizados-con-las-leyes-de-inmigracion-consultar-con-su-abogado-de-confianza-lo-antes-posible-200x113.jpg 200w, https:\/\/www.lincolngoldfinch.com\/wp-content\/uploads\/2023\/07\/la-agencia-de-inmigracion-uscis-puede-ser-muy-compleja-para-los-solicitantes-que-no-estan-familiarizados-con-las-leyes-de-inmigracion-consultar-con-su-abogado-de-confianza-lo-antes-posible-400x225.jpg 400w, https:\/\/www.lincolngoldfinch.com\/wp-content\/uploads\/2023\/07\/la-agencia-de-inmigracion-uscis-puede-ser-muy-compleja-para-los-solicitantes-que-no-estan-familiarizados-con-las-leyes-de-inmigracion-consultar-con-su-abogado-de-confianza-lo-antes-posible-600x338.jpg 600w, https:\/\/www.lincolngoldfinch.com\/wp-content\/uploads\/2023\/07\/la-agencia-de-inmigracion-uscis-puede-ser-muy-compleja-para-los-solicitantes-que-no-estan-familiarizados-con-las-leyes-de-inmigracion-consultar-con-su-abogado-de-confianza-lo-antes-posible-768x433.jpg 768w, https:\/\/www.lincolngoldfinch.com\/wp-content\/uploads\/2023\/07\/la-agencia-de-inmigracion-uscis-puede-ser-muy-compleja-para-los-solicitantes-que-no-estan-familiarizados-con-las-leyes-de-inmigracion-consultar-con-su-abogado-de-confianza-lo-antes-posible.jpg 799w\" sizes=\"(max-width: 799px) 100vw, 799px\" \/><\/p>\n<h2>Breve historia del USCIS<\/h2>\n<p><span style=\"font-weight: 400;\">El USCIS se cre\u00f3 en 2003 a ra\u00edz de la fusi\u00f3n del Servicio de Inmigraci\u00f3n y Naturalizaci\u00f3n (INS) y el Servicio de Ciudadan\u00eda e Inmigraci\u00f3n (USCIS). El INS se cre\u00f3 en 1933 como parte del Departamento de Justicia y se encargaba de hacer cumplir las leyes de inmigraci\u00f3n del pa\u00eds. El USCIS, por su parte, se cre\u00f3 en 2002 como parte del Departamento de Seguridad Nacional (DHS) y se encargaba de tramitar las solicitudes de inmigraci\u00f3n y naturalizaci\u00f3n.<\/span><\/p>\n<h2>Funciones del USCIS<\/h2>\n<p><span style=\"font-weight: 400;\">El USCIS tiene varias funciones vitales esenciales para administrar las leyes de inmigraci\u00f3n y naturalizaci\u00f3n del pa\u00eds. Entre estas funciones se incluyen las siguientes.<\/span><\/p>\n<h3>Adjudicaci\u00f3n de solicitudes de inmigraci\u00f3n<\/h3>\n<p><span style=\"font-weight: 400;\">El USCIS es responsable de revisar y tramitar muchas solicitudes de inmigraci\u00f3n. Entre ellas se incluyen las de residencia permanente (tambi\u00e9n conocida como \u00abtarjeta verde\u00bb), naturalizaci\u00f3n (el proceso de convertirse en ciudadano estadounidense), asilo (protecci\u00f3n para personas que han sido perseguidas o temen serlo en su pa\u00eds de origen) y autorizaci\u00f3n de trabajo (permiso para trabajar en Estados Unidos). <\/span><\/p>\n<p><span style=\"font-weight: 400;\">El USCIS revisa estas solicitudes para asegurarse de que cumplen todos los requisitos legales. El USCIS tambi\u00e9n toma decisiones sobre su aprobaci\u00f3n o denegaci\u00f3n.<\/span><\/p>\n<h3>Aplicaci\u00f3n de las leyes de inmigraci\u00f3n<\/h3>\n<p><span style=\"font-weight: 400;\">El USCIS colabora estrechamente con otros organismos federales, como el Servicio de Inmigraci\u00f3n y Control de Aduanas (ICE), para hacer cumplir las leyes de inmigraci\u00f3n del pa\u00eds y garantizar la seguridad de sus fronteras. Esto incluye realizar investigaciones, identificar y expulsar a las personas que entraron ilegalmente en el pa\u00eds y cooperar con las fuerzas del orden estatales y locales para hacer cumplir las leyes de inmigraci\u00f3n.<\/span><\/p>\n<h3>Fomento de la naturalizaci\u00f3n<\/h3>\n<p><span style=\"font-weight: 400;\">El USCIS desempe\u00f1a un papel crucial en la promoci\u00f3n de la naturalizaci\u00f3n proporcionando informaci\u00f3n y asistencia a las personas que re\u00fanen los requisitos y desean convertirse en ciudadanos estadounidenses. Esto incluye ofrecer orientaci\u00f3n sobre el proceso de naturalizaci\u00f3n y los requisitos de elegibilidad. <\/span><\/p>\n<p><span style=\"font-weight: 400;\">El USCIS tambi\u00e9n proporciona recursos como materiales de estudio para ayudar a las personas a prepararse para el examen de naturalizaci\u00f3n. El USCIS tambi\u00e9n celebra ceremonias de naturalizaci\u00f3n, durante las cuales los nuevos ciudadanos prestan juramento de lealtad y reciben su certificado de naturalizaci\u00f3n.<\/span><\/p>\n<h3>Protecci\u00f3n de la seguridad nacional<\/h3>\n<p><span style=\"font-weight: 400;\">El USCIS tambi\u00e9n desempe\u00f1a un papel vital en la protecci\u00f3n de la seguridad nacional. La agencia realiza comprobaciones de antecedentes y controles de seguridad de todas las personas que solicitan prestaciones de inmigraci\u00f3n. Esto incluye comprobar bases de datos como la Terrorist Screening Database del FBI y el Consular Lookout and Support System (CLASS) del Departamento de Estado. La Agencia tambi\u00e9n colabora con otras agencias de inteligencia para identificar posibles riesgos para la seguridad.<\/span><\/p>\n<h3>Atenci\u00f3n al cliente<\/h3>\n<p><span style=\"font-weight: 400;\">El USCIS tambi\u00e9n ofrece una amplia gama de servicios al cliente para garantizar que el proceso de inmigraci\u00f3n sea lo m\u00e1s fluido y eficiente posible. Esto incluye proporcionar informaci\u00f3n y asistencia sobre temas relacionados con la inmigraci\u00f3n, como por ejemplo c\u00f3mo solicitar prestaciones y qu\u00e9 documentos se necesitan. <\/span><\/p>\n<p><span style=\"font-weight: 400;\">El USCIS tambi\u00e9n ofrece varios servicios para ayudar a los solicitantes a seguir el estado de sus solicitudes, como una herramienta en l\u00ednea sobre el estado de los casos y una l\u00ednea telef\u00f3nica gratuita de atenci\u00f3n al cliente. El USCIS tambi\u00e9n cuenta con una oficina del Defensor del Pueblo que ayuda a resolver los problemas y las quejas del p\u00fablico.<\/span><\/p>\n<h2>La misi\u00f3n del USCIS<\/h2>\n<p><span style=\"font-weight: 400;\">La misi\u00f3n del USCIS es administrar el sistema de inmigraci\u00f3n legal de la naci\u00f3n, salvaguardar su integridad y prometer la ciudadan\u00eda a quienes respeten las leyes y cumplan las normas. La agencia se compromete a garantizar la seguridad de las fronteras del pa\u00eds y, al mismo tiempo, a proporcionar prestaciones de inmigraci\u00f3n a quienes re\u00fanan los requisitos y puedan contribuir a la econom\u00eda y la sociedad del pa\u00eds.<\/span><\/p>\n<p><span style=\"font-weight: 400;\">El Servicio de Ciudadan\u00eda e Inmigraci\u00f3n de Estados Unidos (USCIS) es crucial para administrar las leyes de inmigraci\u00f3n y naturalizaci\u00f3n del pa\u00eds. La agencia es responsable de tramitar las solicitudes de inmigraci\u00f3n, hacer cumplir las leyes de inmigraci\u00f3n, promover la naturalizaci\u00f3n y proteger la seguridad nacional. La misi\u00f3n del USCIS es garantizar la integridad y seguridad de las fronteras del pa\u00eds y, al mismo tiempo, proporcionar prestaciones de inmigraci\u00f3n a quienes re\u00fanan los requisitos y puedan contribuir a la econom\u00eda y la sociedad del pa\u00eds.<\/span><\/p>\n<h2>Consejos para los inmigrantes que tratan con el USCIS<\/h2>\n<p><span style=\"font-weight: 400;\">Al tratar con el USCIS, los inmigrantes necesitan entender el proceso y los requisitos para el beneficio de inmigraci\u00f3n que buscan. El USCIS proporciona abundante informaci\u00f3n en su sitio web, incluidos formularios, instrucciones y orientaci\u00f3n sobre el proceso de solicitud. Es esencial leer y seguir atentamente estas instrucciones para garantizar que la solicitud sea completa y precisa.<\/span><\/p>\n<h3>Comprender el proceso y los requisitos<\/h3>\n<p><span style=\"font-weight: 400;\">Lea y siga las instrucciones del sitio web del USCIS: Es esencial leer detenidamente y comprender las instrucciones proporcionadas por el USCIS para el beneficio de inmigraci\u00f3n que est\u00e1 solicitando. Esto incluye los formularios, la documentaci\u00f3n y las pruebas que deben presentarse con la solicitud. El incumplimiento de las instrucciones puede dar lugar a la denegaci\u00f3n o el retraso de la solicitud.<\/span><\/p>\n<h3>Aporte toda la documentaci\u00f3n y pruebas necesarias<\/h3>\n<p><span style=\"font-weight: 400;\">Es esencial aportar toda la documentaci\u00f3n y pruebas necesarias para respaldar la solicitud. Esto incluye pruebas de ingresos, empleo, educaci\u00f3n y otras cualificaciones. Tambi\u00e9n es esencial conservar copias de todos los documentos presentados al USCIS.<\/span><\/p>\n<h3>Controle el estado de su solicitud<\/h3>\n<p><span style=\"font-weight: 400;\">El USCIS pone a su disposici\u00f3n una herramienta en l\u00ednea que le permite comprobar el estado de su solicitud y recibir actualizaciones. Es esencial que consulte esta herramienta con regularidad para mantenerse informado sobre el progreso de su solicitud. Adem\u00e1s de la herramienta en l\u00ednea sobre el estado de su caso, tambi\u00e9n puede ponerse en contacto con la l\u00ednea directa de atenci\u00f3n al cliente del USCIS para obtener informaci\u00f3n sobre su caso. Est\u00e9 preparado para facilitar su n\u00famero de caso y otros datos identificativos cuando llame.<\/span><\/p>\n<h3>Acudir a las citas biom\u00e9tricas programadas<\/h3>\n<p><span style=\"font-weight: 400;\">Cuando solicite el estatuto de inmigrante al USCIS, se le pedir\u00e1 que facilite sus datos biom\u00e9tricos, que incluyen huellas dactilares, fotograf\u00edas y firmas. El USCIS utiliza datos biom\u00e9tricos para comprobar los antecedentes y verificar la identidad del solicitante. Es esencial acudir a la cita biom\u00e9trica programada a tiempo, en el lugar correcto y con un documento de identidad v\u00e1lido. Su solicitud puede retrasarse o denegarse si no acude a la cita.<\/span><\/p>\n<p><span style=\"font-weight: 400;\">Adem\u00e1s, es esencial responder con sinceridad a todas las preguntas durante la cita biom\u00e9trica. Facilitar informaci\u00f3n falsa o enga\u00f1osa en la solicitud o durante la cita biom\u00e9trica puede dar lugar a que se deniegue la solicitud o a que se proh\u00edba a la persona entrar en el pa\u00eds. Es importante tener en cuenta que proporcionar datos biom\u00e9tricos es obligatorio para la mayor\u00eda de las solicitudes, y si tiene alguna duda sobre sus datos biom\u00e9tricos, debe ponerse en contacto con el USCIS para que le orienten.<\/span><\/p>\n<h3>Busque la ayuda de un abogado de inmigraci\u00f3n reputado<\/h3>\n<p><span style=\"font-weight: 400;\">Si necesita ayuda con su solicitud, debe solicitarla a un abogado de inmigraci\u00f3n de confianza o a un representante acreditado. Estos profesionales est\u00e1n familiarizados con las leyes y reglamentos de inmigraci\u00f3n y pueden proporcionar orientaci\u00f3n y asistencia.<\/span><\/p>\n<h3>Prep\u00e1rese para los retrasos<\/h3>\n<p><span style=\"font-weight: 400;\">El USCIS est\u00e1 experimentando actualmente un alto volumen de solicitudes, y puede llevar varios meses tramitar una solicitud. Prep\u00e1rese para los retrasos y no dude en ponerse en contacto con el USCIS si tiene alguna pregunta o duda. Tenga paciencia y no dude en ponerse en contacto con el USCIS si tiene alguna pregunta o duda: El proceso de inmigraci\u00f3n puede ser confuso y llevar mucho tiempo, por lo que es esencial ser paciente y no dudar en ponerse en contacto con el USCIS con cualquier pregunta o preocupaci\u00f3n.<\/span><\/p>\n<h2>Trabajar con un abogado de inmigraci\u00f3n de Lincoln-Goldfinch Law &#8211; Abogados de Inmigraci\u00f3n<\/h2>\n<p><span style=\"font-weight: 400;\">Las leyes y reglamentos de inmigraci\u00f3n son complejos, y solicitar prestaciones de inmigraci\u00f3n puede ser confuso y llevar mucho tiempo. Un abogado de inmigraci\u00f3n de Lincoln-Goldinch Law puede ayudar a navegar el proceso y aumentar las posibilidades de un resultado exitoso.<\/span><\/p>\n<h3>Guiar el proceso de solicitud<\/h3>\n<p><span style=\"font-weight: 400;\">Un abogado de inmigraci\u00f3n puede orientarle sobre el proceso de solicitud, incluidos los formularios que debe rellenar, los documentos que debe presentar y c\u00f3mo cumplir los requisitos para la prestaci\u00f3n de inmigraci\u00f3n que solicita. Tambi\u00e9n pueden asesorarle sobre la mejor estrategia para su caso concreto.<\/span><\/p>\n<h3>Revise y prepare su solicitud<\/h3>\n<p><span style=\"font-weight: 400;\">Un abogado de inmigraci\u00f3n puede revisar y preparar su solicitud, asegur\u00e1ndose de que est\u00e9 completa y sea precisa y de que se incluyan todos los documentos y pruebas necesarios. Tambi\u00e9n pueden asesorarle sobre c\u00f3mo reforzar su caso y abordar los posibles problemas que puedan surgir.<\/span><\/p>\n<h3>Representarle ante los tribunales y presentar recursos<\/h3>\n<p><span style=\"font-weight: 400;\">Si su caso llega a los tribunales, un abogado de inmigraci\u00f3n puede representarle ante un juez de inmigraci\u00f3n. Pueden defender su caso, presentar pruebas y exponer argumentos jur\u00eddicos. Si su solicitud es denegada, un abogado de inmigraci\u00f3n puede ayudarle con el proceso de apelaci\u00f3n. Pueden ayudarle a entender los motivos de la denegaci\u00f3n, aconsejarle sobre si merece la pena recurrir y ayudarle a preparar el recurso.<\/span><\/p>\n<h3>Orientar sobre cuestiones jur\u00eddicas y cambios en la legislaci\u00f3n de inmigraci\u00f3n<\/h3>\n<p><span style=\"font-weight: 400;\">Un abogado de inmigraci\u00f3n puede orientarle sobre las cuestiones legales que pueden surgir durante el proceso de solicitud, como la inadmisibilidad, la deportaci\u00f3n y el alivio de la expulsi\u00f3n. Pueden asesorar sobre la mejor forma de proceder y las posibilidades de \u00e9xito. Asimismo, las leyes y reglamentos de inmigraci\u00f3n cambian constantemente, y un abogado de inmigraci\u00f3n puede informarle de cualquier actualizaci\u00f3n o cambio que pueda afectar a su caso.<\/span><\/p>\n<h3>Ayuda con otros asuntos relacionados con la ynmigraci\u00f3n<\/h3>\n<p><span style=\"font-weight: 400;\">Un abogado de inmigraci\u00f3n de Lincoln-Goldfinch Law &#8211; Abogados de Inmigraci\u00f3n tambi\u00e9n puede ayudar con otros asuntos relacionados con la inmigraci\u00f3n que est\u00e1n fuera del alcance del beneficio de inmigraci\u00f3n principal que usted est\u00e1 buscando. Algunos ejemplos son:<\/span><\/p>\n<ul>\n<li style=\"font-weight: 400;\" aria-level=\"1\"><span style=\"font-weight: 400;\">Obtener la autorizaci\u00f3n de trabajo: Un abogado de inmigraci\u00f3n puede asesorar sobre el proceso de obtenci\u00f3n de la autorizaci\u00f3n de trabajo, incluidos los tipos de autorizaci\u00f3n de trabajo disponibles y los requisitos para cada uno. Tambi\u00e9n pueden ayudar a preparar y presentar los formularios y la documentaci\u00f3n necesarios.<\/span><\/li>\n<li style=\"font-weight: 400;\" aria-level=\"1\"><span style=\"font-weight: 400;\">Renovar la tarjeta de residencia: Un abogado de inmigraci\u00f3n puede asesorarle sobre el proceso de renovaci\u00f3n de su tarjeta verde, incluidos los requisitos y los documentos que debe presentar. Tambi\u00e9n pueden ayudar a preparar y presentar los formularios y la documentaci\u00f3n necesarios.<\/span><\/li>\n<li style=\"font-weight: 400;\" aria-level=\"1\"><span style=\"font-weight: 400;\">Solicitar la nacionalidad: Un abogado de inmigraci\u00f3n puede asesorar sobre la solicitud de la nacionalidad, incluidos los requisitos y los documentos que deben presentarse. Tambi\u00e9n pueden ayudarle a preparar y presentar los formularios y la documentaci\u00f3n necesarios y guiarle a lo largo del proceso de naturalizaci\u00f3n.<\/span><\/li>\n<li style=\"font-weight: 400;\" aria-level=\"1\"><span style=\"font-weight: 400;\">Asesoramiento sobre cuestiones jur\u00eddicas relacionadas con la inmigraci\u00f3n: Un abogado de inmigraci\u00f3n tambi\u00e9n puede orientar sobre otros asuntos legales como inadmisibilidad, deportaci\u00f3n, exenci\u00f3n de expulsi\u00f3n, etc. Pueden asesorarle sobre la mejor forma de proceder y las posibilidades de \u00e9xito, y pueden representarle ante los tribunales si es necesario.<\/span><\/li>\n<li style=\"font-weight: 400;\" aria-level=\"1\"><span style=\"font-weight: 400;\">Ayuda con otros asuntos relacionados con la inmigraci\u00f3n, como exenciones, peticiones y recursos, por nombrar algunos.<\/span><\/li>\n<\/ul>\n<p><span style=\"font-weight: 400;\">Al trabajar con un abogado de inmigraci\u00f3n, puede asegurarse de que todos los aspectos de su caso de inmigraci\u00f3n se traten con profesionalidad y eficacia y de que tenga las mayores posibilidades de \u00e9xito.<\/span><\/p>\n<h2>Conclusi\u00f3n<\/h2>\n<p><span style=\"font-weight: 400;\">Aunque es cierto que solicitar prestaciones de inmigraci\u00f3n puede ser confuso y llevar mucho tiempo. puede aumentar las posibilidades de obtener un resultado satisfactorio si comprende el proceso y los requisitos, se mantiene al corriente del estado de la solicitud, acude a las citas biom\u00e9tricas programadas y responde con sinceridad a todas las preguntas. Adem\u00e1s, buscar la ayuda de un abogado de inmigraci\u00f3n de Lincoln-Goldfinch Law &#8211; Abogados de Inmigraci\u00f3n puede aumentar significativamente el \u00e9xito de su solicitud.<\/span><\/p>\n<\/div><\/div><\/div><\/div><\/div>\n<div class=\"gsp_post_data\" \r\n\t            data-post_type=\"page\" \r\n\t            data-cat=\"\" \r\n\t            data-modified=\"120\"\r\n\t            data-created=\"1673358921\"\r\n\t            data-title=\"\u00bfQu\u00e9 es el servicio de ciudadan\u00eda e inmigraci\u00f3n de EE.UU.?\" \r\n\t            data-home=\"https:\/\/www.lincolngoldfinch.com\/es\/\"><\/div>","protected":false},"excerpt":{"rendered":"","protected":false},"author":1,"featured_media":0,"parent":0,"menu_order":0,"comment_status":"closed","ping_status":"closed","template":"","meta":{"_acf_changed":false,"rop_custom_images_group":[],"rop_custom_messages_group":[],"rop_publish_now":"initial","rop_publish_now_accounts":[],"rop_publish_now_history":[],"rop_publish_now_status":"pending","_analytify_skip_tracking":false,"rank_math_title":"Gu\u00eda de los Servicios de Ciudadan\u00eda e Inmigraci\u00f3n de EE.UU.","rank_math_description":"Conozca qu\u00e9 es el USCIS, sus funciones y c\u00f3mo realizar sus tr\u00e1mites migratorios con la ayuda de un abogado de inmigraci\u00f3n.","rank_math_focus_keyword":"uscis","rank_math_canonical_url":"","footnotes":""},"class_list":["post-55535","page","type-page","status-publish","hentry"],"acf":[],"_links":{"self":[{"href":"https:\/\/www.lincolngoldfinch.com\/es\/wp-json\/wp\/v2\/pages\/55535","targetHints":{"allow":["GET"]}}],"collection":[{"href":"https:\/\/www.lincolngoldfinch.com\/es\/wp-json\/wp\/v2\/pages"}],"about":[{"href":"https:\/\/www.lincolngoldfinch.com\/es\/wp-json\/wp\/v2\/types\/page"}],"author":[{"embeddable":true,"href":"https:\/\/www.lincolngoldfinch.com\/es\/wp-json\/wp\/v2\/users\/1"}],"replies":[{"embeddable":true,"href":"https:\/\/www.lincolngoldfinch.com\/es\/wp-json\/wp\/v2\/comments?post=55535"}],"version-history":[{"count":0,"href":"https:\/\/www.lincolngoldfinch.com\/es\/wp-json\/wp\/v2\/pages\/55535\/revisions"}],"wp:attachment":[{"href":"https:\/\/www.lincolngoldfinch.com\/es\/wp-json\/wp\/v2\/media?parent=55535"}],"curies":[{"name":"wp","href":"https:\/\/api.w.org\/{rel}","templated":true}]}}