{"id":55507,"date":"2023-01-10T20:23:53","date_gmt":"2023-01-11T02:23:53","guid":{"rendered":"https:\/\/www.lincolngoldfinch.com\/?page_id=55507"},"modified":"2025-03-19T11:24:37","modified_gmt":"2025-03-19T16:24:37","slug":"que-es-un-cribado-biometrico","status":"publish","type":"page","link":"https:\/\/www.lincolngoldfinch.com\/es\/que-es-un-cribado-biometrico\/","title":{"rendered":"La importancia del control biom\u00e9trico en la inmigraci\u00f3n A EE.UU."},"content":{"rendered":"<div class=\"fusion-fullwidth fullwidth-box fusion-builder-row-1 fusion-flex-container nonhundred-percent-fullwidth non-hundred-percent-height-scrolling\" style=\"--awb-border-radius-top-left:0px;--awb-border-radius-top-right:0px;--awb-border-radius-bottom-right:0px;--awb-border-radius-bottom-left:0px;--awb-flex-wrap:wrap;\" ><div class=\"fusion-builder-row fusion-row fusion-flex-align-items-flex-start fusion-flex-content-wrap\" style=\"max-width:1331.2px;margin-left: calc(-4% \/ 2 );margin-right: calc(-4% \/ 2 );\"><div class=\"fusion-layout-column fusion_builder_column fusion-builder-column-0 fusion_builder_column_1_1 1_1 fusion-flex-column\" style=\"--awb-bg-size:cover;--awb-width-large:100%;--awb-margin-top-large:0px;--awb-spacing-right-large:2.56%;--awb-margin-bottom-large:0px;--awb-spacing-left-large:1.92%;--awb-width-medium:100%;--awb-spacing-right-medium:2.56%;--awb-spacing-left-medium:1.92%;--awb-width-small:100%;--awb-spacing-right-small:1.92%;--awb-spacing-left-small:1.92%;\"><div class=\"fusion-column-wrapper fusion-flex-justify-content-flex-start fusion-content-layout-column\"><div class=\"fusion-text fusion-text-1\"><h1>La importancia del control biom\u00e9trico en la inmigraci\u00f3n a EE.UU.<\/h1>\n<p><span style=\"font-weight: 400;\">El control biom\u00e9trico se ha convertido en un aspecto esencial del proceso de inmigraci\u00f3n en Estados Unidos. El uso de tecnolog\u00eda biom\u00e9trica, como las huellas dactilares y el reconocimiento facial, ha contribuido a aumentar la seguridad y la eficacia del proceso de inmigraci\u00f3n. <\/span><\/p>\n<p><span style=\"font-weight: 400;\">En este art\u00edculo se analiza la historia de los controles biom\u00e9tricos en Estados Unidos, su importancia y otros aspectos relacionados con ellos y la inmigraci\u00f3n.<\/span><\/p>\n<p><img decoding=\"async\" class=\"size-full wp-image-55516 aligncenter\" src=\"https:\/\/www.lincolngoldfinch.com\/wp-content\/uploads\/2023\/07\/un-examen-biometrico-es-parte-de-las-solicitudes-de-inmigracion-con-la-agencia-de-inmigracion-de-uscis-consultar-con-un-abogado-para-los-pasos-a-seguir.jpg\" alt=\"\" width=\"799\" height=\"450\" srcset=\"https:\/\/www.lincolngoldfinch.com\/wp-content\/uploads\/2023\/07\/un-examen-biometrico-es-parte-de-las-solicitudes-de-inmigracion-con-la-agencia-de-inmigracion-de-uscis-consultar-con-un-abogado-para-los-pasos-a-seguir-200x113.jpg 200w, https:\/\/www.lincolngoldfinch.com\/wp-content\/uploads\/2023\/07\/un-examen-biometrico-es-parte-de-las-solicitudes-de-inmigracion-con-la-agencia-de-inmigracion-de-uscis-consultar-con-un-abogado-para-los-pasos-a-seguir-400x225.jpg 400w, https:\/\/www.lincolngoldfinch.com\/wp-content\/uploads\/2023\/07\/un-examen-biometrico-es-parte-de-las-solicitudes-de-inmigracion-con-la-agencia-de-inmigracion-de-uscis-consultar-con-un-abogado-para-los-pasos-a-seguir-600x338.jpg 600w, https:\/\/www.lincolngoldfinch.com\/wp-content\/uploads\/2023\/07\/un-examen-biometrico-es-parte-de-las-solicitudes-de-inmigracion-con-la-agencia-de-inmigracion-de-uscis-consultar-con-un-abogado-para-los-pasos-a-seguir-768x433.jpg 768w, https:\/\/www.lincolngoldfinch.com\/wp-content\/uploads\/2023\/07\/un-examen-biometrico-es-parte-de-las-solicitudes-de-inmigracion-con-la-agencia-de-inmigracion-de-uscis-consultar-con-un-abogado-para-los-pasos-a-seguir.jpg 799w\" sizes=\"(max-width: 799px) 100vw, 799px\" \/><\/p>\n<h2>Historia de los controles biom\u00e9tricos En EE.UU.<\/h2>\n<p><span style=\"font-weight: 400;\">El control biom\u00e9trico se introdujo por primera vez en Estados Unidos a principios de la d\u00e9cada de 2000 como forma de mejorar la seguridad y evitar el fraude en el proceso de inmigraci\u00f3n. El primer uso de la tecnolog\u00eda biom\u00e9trica en el proceso de inmigraci\u00f3n fue la recogida de huellas dactilares de los ciudadanos no estadounidenses que entraban en el pa\u00eds. A continuaci\u00f3n se recopilaron datos biom\u00e9tricos de ciudadanos no estadounidenses que solicitaban visas.<\/span><\/p>\n<p><span style=\"font-weight: 400;\">En 2004 se puso en marcha el programa US-VISIT, que ampli\u00f3 el uso de la tecnolog\u00eda biom\u00e9trica para incluir la recogida de huellas dactilares y fotograf\u00edas digitales de todos los ciudadanos no estadounidenses que entran y salen del pa\u00eds. Este programa pretende mejorar la seguridad y evitar el fraude mediante la creaci\u00f3n de una base de datos biom\u00e9tricos de todos los ciudadanos no estadounidenses que entran y salen del pa\u00eds.<\/span><\/p>\n<h2>Aspectos t\u00e9cnicos del control biom\u00e9trico utilizado por inmigraci\u00f3n en EE.UU.<\/h2>\n<p><span style=\"font-weight: 400;\">El gobierno estadounidense utiliza diversas tecnolog\u00edas biom\u00e9tricas en el proceso de inmigraci\u00f3n, como el reconocimiento facial y de huellas dactilares.<\/span><\/p>\n<h3>Reconocimiento de huellas dactilares<\/h3>\n<p><span style=\"font-weight: 400;\">El reconocimiento de huellas dactilares es una de las tecnolog\u00edas biom\u00e9tricas m\u00e1s utilizadas en el proceso de inmigraci\u00f3n. Los ciudadanos no estadounidenses deben facilitar sus huellas dactilares como parte del proceso de solicitud de visa y a la entrada y salida del pa\u00eds. Las huellas dactilares se recogen utilizando un esc\u00e1ner digital de huellas dactilares y se comparan con una base de datos de huellas dactilares para verificar la identidad del individuo.<\/span><\/p>\n<h3>Reconocimiento facial<\/h3>\n<p><span style=\"font-weight: 400;\">El reconocimiento facial es otra tecnolog\u00eda biom\u00e9trica utilizada en el proceso de inmigraci\u00f3n. Las fotograf\u00edas digitales del rostro del individuo se comparan con una base de datos de im\u00e1genes para verificar su identidad. Esta tecnolog\u00eda se utiliza en los puertos de entrada para verificar la identidad de las personas que entran en el pa\u00eds y asegurarse de que coinciden con las fotograf\u00edas de sus documentos de viaje.<\/span><\/p>\n<p><span style=\"font-weight: 400;\">Ambas tecnolog\u00edas biom\u00e9tricas comparan datos biom\u00e9tricos (huellas dactilares, rasgos faciales) con una plantilla de referencia almacenada en una base de datos. El proceso de comparaci\u00f3n pasa por varios algoritmos, y los resultados se comparan con un umbral establecido que garantiza que la coincidencia tiene una alta probabilidad. La correspondencia de los datos biom\u00e9tricos con la plantilla de referencia se realiza con gran precisi\u00f3n y rapidez.<\/span><\/p>\n<h3>Sistema centralizado de bases de datos biom\u00e9tricos<\/h3>\n<p><span style=\"font-weight: 400;\">El gobierno estadounidense utiliza una base de datos biom\u00e9tricos centralizada, IDENT, para almacenar y gestionar los datos biom\u00e9tricos. El Departamento de Seguridad Nacional y otras agencias gubernamentales utilizan IDENT para verificar la identidad de las personas que entran y salen del pa\u00eds. El sistema contiene datos biom\u00e9tricos de diversas fuentes, como huellas dactilares, reconocimiento facial y esc\u00e1neres del iris.<\/span><\/p>\n<p><span style=\"font-weight: 400;\">Adem\u00e1s de estas tecnolog\u00edas, el gobierno estadounidense tambi\u00e9n est\u00e1 explorando otras tecnolog\u00edas biom\u00e9tricas, como el reconocimiento del iris y de la voz, para mejorar a\u00fan m\u00e1s la seguridad y la eficacia del proceso de inmigraci\u00f3n.<\/span><\/p>\n<p><span style=\"font-weight: 400;\">Los aspectos t\u00e9cnicos del control biom\u00e9trico utilizado por la inmigraci\u00f3n estadounidense incluyen el reconocimiento facial y de huellas dactilares. El gobierno estadounidense utiliza una base de datos biom\u00e9tricos centralizada, IDENT, para almacenar y gestionar los datos biom\u00e9tricos. <\/span><\/p>\n<h2>La importancia de los controles biom\u00e9tricos<\/h2>\n<p><span style=\"font-weight: 400;\">El cribado biom\u00e9trico es vital por varias razones. Una de las principales razones es la seguridad. La tecnolog\u00eda biom\u00e9trica contribuye a aumentar la seguridad al crear una identificaci\u00f3n \u00fanica para cada individuo. Esto hace m\u00e1s dif\u00edcil que las personas entren en el pa\u00eds utilizando documentos fraudulentos. El control biom\u00e9trico tambi\u00e9n ayuda a prevenir la usurpaci\u00f3n de identidad y el fraude al garantizar que la persona es quien dice ser.<\/span><\/p>\n<p><span style=\"font-weight: 400;\">Otra raz\u00f3n fundamental para el cribado biom\u00e9trico es la eficacia. La tecnolog\u00eda biom\u00e9trica contribuye a agilizar el proceso de inmigraci\u00f3n haci\u00e9ndolo m\u00e1s r\u00e1pido y eficaz. Esto se debe a que los datos biom\u00e9tricos se recogen y almacenan en una base de datos, a la que se puede acceder f\u00e1cilmente y utilizar para verificar la identidad de una persona.<\/span><\/p>\n<p><span style=\"font-weight: 400;\">El control biom\u00e9trico tambi\u00e9n contribuye a mejorar la precisi\u00f3n del proceso de inmigraci\u00f3n. Los datos biom\u00e9tricos, como las huellas dactilares, son exclusivos de cada individuo, por lo que son dif\u00edciles de falsificar o duplicar. Esta caracter\u00edstica contribuye a garantizar que el proceso de inmigraci\u00f3n sea preciso y que s\u00f3lo se permita la entrada en el pa\u00eds a las personas que re\u00fanan los requisitos necesarios.<\/span><\/p>\n<h3>Otros aspectos relacionados con los controles biom\u00e9tricos y la inmigraci\u00f3n<\/h3>\n<p><span style=\"font-weight: 400;\">Otros aspectos asociados al control biom\u00e9trico y la inmigraci\u00f3n son la privacidad y el coste. Aunque la tecnolog\u00eda biom\u00e9trica es una poderosa herramienta para aumentar la seguridad y la eficacia, es crucial garantizar la protecci\u00f3n de la confidencialidad de las personas. <\/span><\/p>\n<p><span style=\"font-weight: 400;\">El gobierno estadounidense ha puesto en marcha una estricta normativa sobre privacidad para garantizar que los datos biom\u00e9tricos se recopilan, almacenan y utilizan de forma coherente con los derechos de privacidad de las personas.<\/span><\/p>\n<p><span style=\"font-weight: 400;\">Mientras tanto, la implantaci\u00f3n de la tecnolog\u00eda biom\u00e9trica en el proceso de inmigraci\u00f3n puede resultar costosa. El gobierno estadounidense ha invertido mucho dinero en el desarrollo de tecnolog\u00eda biom\u00e9trica y en la implantaci\u00f3n del programa US-VISIT. Sin embargo, es esencial se\u00f1alar que es probable que el coste de la tecnolog\u00eda biom\u00e9trica disminuya a medida que la tecnolog\u00eda sea m\u00e1s avanzada y generalizada.<\/span><\/p>\n<h2>Proceso de control biom\u00e9trico de la inmigraci\u00f3n en EE.UU.<\/h2>\n<p><span style=\"font-weight: 400;\">El proceso de control biom\u00e9trico para la inmigraci\u00f3n a EE.UU. implica la recogida y verificaci\u00f3n de datos biom\u00e9tricos de los solicitantes. El proceso se utiliza para verificar la identidad de las personas que solicitan una visa o entran en el pa\u00eds.<\/span><\/p>\n<h3>\u00bfCu\u00e1ndo deben someterse los solicitantes a un control biom\u00e9trico?<\/h3>\n<p><span style=\"font-weight: 400;\">Un solicitante de visa estadounidense debe someterse a un control biom\u00e9trico como parte del proceso de solicitud de visa. Este proceso incluye la recogida de huellas dactilares y fotograf\u00edas digitales. A continuaci\u00f3n, las huellas dactilares y las fotos se comparan con una base de datos biom\u00e9tricos para verificar la identidad del solicitante.<\/span><\/p>\n<p><span style=\"font-weight: 400;\">Los ciudadanos no estadounidenses tambi\u00e9n deben someterse a un control biom\u00e9trico a la entrada y a la salida. Incluye la recogida de huellas dactilares y fotograf\u00edas digitales, que se comparan con una base de datos biom\u00e9tricos para verificar la identidad del individuo.<\/span><\/p>\n<p><span style=\"font-weight: 400;\">Adem\u00e1s, las personas que solicitan determinados tipos de prestaciones de inmigraci\u00f3n, como el asilo o el ajuste de estatus, tambi\u00e9n pueden tener que someterse a un control biom\u00e9trico como parte del proceso de solicitud.<\/span><\/p>\n<p><span style=\"font-weight: 400;\">El proceso de control biom\u00e9trico de los solicitantes de visa comienza con la cumplimentaci\u00f3n por parte de los solicitantes de los formularios requeridos y su presentaci\u00f3n junto con otros documentos justificativos en la embajada o consulado de EE.UU.. A continuaci\u00f3n, se citar\u00e1 a los solicitantes para una entrevista en la embajada o el consulado. En ese momento, se recoger\u00e1n sus huellas dactilares y fotograf\u00edas.<\/span><\/p>\n<p><span style=\"font-weight: 400;\">Para los ciudadanos no estadounidenses que entren en el pa\u00eds, el proceso comienza en el puerto de entrada, donde deber\u00e1n facilitar sus huellas dactilares y fotograf\u00edas. Los datos recogidos se comparar\u00e1n con las bases de datos para verificar su identidad y asegurarse de que no figuran en ninguna lista de vigilancia ni tienen antecedentes penales.<\/span><\/p>\n<p><span style=\"font-weight: 400;\">En general, el proceso de control biom\u00e9trico para la inmigraci\u00f3n estadounidense es esencial para verificar la identidad de las personas que solicitan una visa o entran en el pa\u00eds. Contribuye a garantizar la seguridad e integridad del proceso de inmigraci\u00f3n.<\/span><\/p>\n<h2>\u00bfCu\u00e1nto dura el proceso de control biom\u00e9trico?<\/h2>\n<p><span style=\"font-weight: 400;\">En el caso de los solicitantes de visa, el proceso de control biom\u00e9trico suele tener lugar durante la entrevista en la embajada o el consulado. El tiempo que se tarda en recoger las huellas dactilares y las fotograf\u00edas durante la entrevista puede variar, pero por lo general es un proceso r\u00e1pido que concluye en cuesti\u00f3n de minutos. Sin embargo, todo el proceso de entrevista puede durar varias horas, dependiendo del n\u00famero de solicitantes y de la disponibilidad de personal en la embajada o el consulado.<\/span><\/p>\n<p><span style=\"font-weight: 400;\">Para los ciudadanos no estadounidenses que entran en el pa\u00eds, el proceso de control biom\u00e9trico suele tener lugar en el puerto de entrada. El tiempo que se tarda en recoger huellas dactilares y fotograf\u00edas puede variar en funci\u00f3n del volumen de viajeros, pero suele ser un proceso r\u00e1pido y eficaz.<\/span><\/p>\n<p><span style=\"font-weight: 400;\">Tambi\u00e9n hay que tener en cuenta que el tiempo que se tarda en procesar los datos biom\u00e9tricos y compararlos con las bases de datos var\u00eda en funci\u00f3n del sistema y de la carga del servidor. Aun as\u00ed, suele ser cuesti\u00f3n de segundos.<\/span><\/p>\n<p><span style=\"font-weight: 400;\">En general, la duraci\u00f3n del proceso de control biom\u00e9trico durante la solicitud de inmigraci\u00f3n a EE.UU. es relativamente corta, s\u00f3lo dura unos minutos. Sin embargo, todo el proceso de solicitud de visa o entrada en el pa\u00eds puede durar varias horas o incluso d\u00edas, seg\u00fan las circunstancias.<\/span><\/p>\n<h2>\u00bfNecesita un abogado de inmigraci\u00f3n para el control biom\u00e9trico?<\/h2>\n<p><span style=\"font-weight: 400;\">Si necesita o no un abogado de inmigraci\u00f3n para el control biom\u00e9trico depende de su situaci\u00f3n. Supongamos que solicita una visa o quiere entrar en Estados Unidos y su caso es complejo o ha tenido problemas de inmigraci\u00f3n anteriormente. En ese caso, puede ser beneficioso consultar con un abogado de inmigraci\u00f3n. Pueden orientarle y asesorarle sobre el proceso de control biom\u00e9trico y ayudarle a garantizar que su solicitud se cumplimenta con precisi\u00f3n y rapidez.<\/span><\/p>\n<p><span style=\"font-weight: 400;\">Un abogado de inmigraci\u00f3n tambi\u00e9n puede ayudarle si le preocupa su derecho a la intimidad o cree que sus datos biom\u00e9tricos se han manejado mal. Tambi\u00e9n pueden representarle si hay alg\u00fan problema o retraso durante el proceso de control biom\u00e9trico y ayudarle a comprender los requisitos y normas de las leyes de inmigraci\u00f3n de EE.UU.<\/span><\/p>\n<p><span style=\"font-weight: 400;\">Sin embargo, si su caso es sencillo y conf\u00eda en completar el proceso de solicitud de forma independiente, puede que no necesite un abogado de inmigraci\u00f3n. En cualquier caso, siempre es bueno estar informado y disponer de toda la informaci\u00f3n necesaria para decidir.<\/span><\/p>\n<p><span style=\"font-weight: 400;\">La contrataci\u00f3n de un abogado de inmigraci\u00f3n de Lincoln-Goldfinch Law &#8211; Abogados de Inmigraci\u00f3n para la investigaci\u00f3n biom\u00e9trica depende de sus circunstancias. Si su caso es complejo, ha tenido problemas de inmigraci\u00f3n o le preocupa su derecho a la intimidad, puede que le convenga consultar a un abogado de inmigraci\u00f3n. <\/span><\/p>\n<p><span style=\"font-weight: 400;\">Pueden asesorarle sobre el proceso de control biom\u00e9trico y representarle en caso de problemas o retrasos. Por otra parte, si su caso es sencillo y se siente seguro para completar el proceso usted mismo, puede ser opcional contratar a un abogado. Siempre es aconsejable disponer de toda la informaci\u00f3n necesaria para tomar una decisi\u00f3n con conocimiento de causa.<\/span><\/p>\n<\/div><\/div><\/div><\/div><\/div>\n<div class=\"gsp_post_data\" \r\n\t            data-post_type=\"page\" \r\n\t            data-cat=\"\" \r\n\t            data-modified=\"120\"\r\n\t            data-created=\"1673382233\"\r\n\t            data-title=\"La importancia del control biom\u00e9trico en la inmigraci\u00f3n A EE.UU.\" \r\n\t            data-home=\"https:\/\/www.lincolngoldfinch.com\/es\/\"><\/div>","protected":false},"excerpt":{"rendered":"","protected":false},"author":1,"featured_media":0,"parent":0,"menu_order":0,"comment_status":"closed","ping_status":"closed","template":"","meta":{"_acf_changed":false,"rop_custom_images_group":[],"rop_custom_messages_group":[],"rop_publish_now":"initial","rop_publish_now_accounts":[],"rop_publish_now_history":[],"rop_publish_now_status":"pending","_analytify_skip_tracking":false,"rank_math_title":"Gu\u00eda Para El Control Biom\u00e9trico En La Inmigraci\u00f3n A EE.UU.","rank_math_description":"Conozca la historia, la importancia y los aspectos t\u00e9cnicos del control biom\u00e9trico en la inmigraci\u00f3n estadounidense. Conozca el proceso, la duraci\u00f3n y las cuestiones relativas a la privacidad.","rank_math_focus_keyword":"biometrico","rank_math_canonical_url":"","footnotes":""},"class_list":["post-55507","page","type-page","status-publish","hentry"],"acf":[],"_links":{"self":[{"href":"https:\/\/www.lincolngoldfinch.com\/es\/wp-json\/wp\/v2\/pages\/55507","targetHints":{"allow":["GET"]}}],"collection":[{"href":"https:\/\/www.lincolngoldfinch.com\/es\/wp-json\/wp\/v2\/pages"}],"about":[{"href":"https:\/\/www.lincolngoldfinch.com\/es\/wp-json\/wp\/v2\/types\/page"}],"author":[{"embeddable":true,"href":"https:\/\/www.lincolngoldfinch.com\/es\/wp-json\/wp\/v2\/users\/1"}],"replies":[{"embeddable":true,"href":"https:\/\/www.lincolngoldfinch.com\/es\/wp-json\/wp\/v2\/comments?post=55507"}],"version-history":[{"count":0,"href":"https:\/\/www.lincolngoldfinch.com\/es\/wp-json\/wp\/v2\/pages\/55507\/revisions"}],"wp:attachment":[{"href":"https:\/\/www.lincolngoldfinch.com\/es\/wp-json\/wp\/v2\/media?parent=55507"}],"curies":[{"name":"wp","href":"https:\/\/api.w.org\/{rel}","templated":true}]}}