{"id":55371,"date":"2023-01-10T20:25:10","date_gmt":"2023-01-11T02:25:10","guid":{"rendered":"https:\/\/www.lincolngoldfinch.com\/?page_id=55371"},"modified":"2025-04-09T15:48:26","modified_gmt":"2025-04-09T20:48:26","slug":"tiempo-despues-del-matrimonio-y-la-green-card","status":"publish","type":"page","link":"https:\/\/www.lincolngoldfinch.com\/es\/tiempo-despues-del-matrimonio-y-la-green-card\/","title":{"rendered":"\u00bfCu\u00e1ndo despu\u00e9s de matrimonio se puede solicitar green card?"},"content":{"rendered":"<div class=\"fusion-fullwidth fullwidth-box fusion-builder-row-1 fusion-flex-container nonhundred-percent-fullwidth non-hundred-percent-height-scrolling\" style=\"--awb-border-radius-top-left:0px;--awb-border-radius-top-right:0px;--awb-border-radius-bottom-right:0px;--awb-border-radius-bottom-left:0px;--awb-flex-wrap:wrap;\" ><div class=\"fusion-builder-row fusion-row fusion-flex-align-items-flex-start fusion-flex-content-wrap\" style=\"max-width:1331.2px;margin-left: calc(-4% \/ 2 );margin-right: calc(-4% \/ 2 );\"><div class=\"fusion-layout-column fusion_builder_column fusion-builder-column-0 fusion_builder_column_1_1 1_1 fusion-flex-column\" style=\"--awb-bg-size:cover;--awb-width-large:100%;--awb-margin-top-large:0px;--awb-spacing-right-large:2.56%;--awb-margin-bottom-large:0px;--awb-spacing-left-large:1.92%;--awb-width-medium:100%;--awb-spacing-right-medium:2.56%;--awb-spacing-left-medium:1.92%;--awb-width-small:100%;--awb-spacing-right-small:1.92%;--awb-spacing-left-small:1.92%;\"><div class=\"fusion-column-wrapper fusion-flex-justify-content-flex-start fusion-content-layout-column\"><div class=\"fusion-text fusion-text-1\"><h1>\u00bfCu\u00e1nto tiempo despu\u00e9s del matrimonio se puede solicitar la green card?<\/h1>\n<p><span style=\"font-weight: 400;\">Por fin est\u00e1s en Estados Unidos y quieres residir aqu\u00ed permanentemente. Tiene varias opciones a su disposici\u00f3n. Un ejemplo es solicitar una Green Card para vivir y trabajar en el pa\u00eds tras contraer matrimonio con un ciudadano estadounidense. Sin embargo, hay que tener en cuenta algunos aspectos importantes a la hora de determinar cu\u00e1nto tiempo despu\u00e9s de contraer matrimonio puede solicitar la tarjeta de residente permanente.<\/span><\/p>\n<p><img decoding=\"async\" class=\"size-full wp-image-55381 aligncenter\" src=\"https:\/\/www.lincolngoldfinch.com\/wp-content\/uploads\/2023\/07\/si-esta-casado-en-los-estados-unidos-y-quiere-comenzar-su-caso-de-inmigracion-no-dude-en-consultar-a-un-abogado-sobre-sus-posibilidades-de-obteniendo-una-green-card.jpg\" alt=\"\" width=\"100%\" height=\"450\" srcset=\"https:\/\/www.lincolngoldfinch.com\/wp-content\/uploads\/2023\/07\/si-esta-casado-en-los-estados-unidos-y-quiere-comenzar-su-caso-de-inmigracion-no-dude-en-consultar-a-un-abogado-sobre-sus-posibilidades-de-obteniendo-una-green-card-200x113.jpg 200w, https:\/\/www.lincolngoldfinch.com\/wp-content\/uploads\/2023\/07\/si-esta-casado-en-los-estados-unidos-y-quiere-comenzar-su-caso-de-inmigracion-no-dude-en-consultar-a-un-abogado-sobre-sus-posibilidades-de-obteniendo-una-green-card-400x225.jpg 400w, https:\/\/www.lincolngoldfinch.com\/wp-content\/uploads\/2023\/07\/si-esta-casado-en-los-estados-unidos-y-quiere-comenzar-su-caso-de-inmigracion-no-dude-en-consultar-a-un-abogado-sobre-sus-posibilidades-de-obteniendo-una-green-card-600x338.jpg 600w, https:\/\/www.lincolngoldfinch.com\/wp-content\/uploads\/2023\/07\/si-esta-casado-en-los-estados-unidos-y-quiere-comenzar-su-caso-de-inmigracion-no-dude-en-consultar-a-un-abogado-sobre-sus-posibilidades-de-obteniendo-una-green-card-768x433.jpg 768w, https:\/\/www.lincolngoldfinch.com\/wp-content\/uploads\/2023\/07\/si-esta-casado-en-los-estados-unidos-y-quiere-comenzar-su-caso-de-inmigracion-no-dude-en-consultar-a-un-abogado-sobre-sus-posibilidades-de-obteniendo-una-green-card.jpg 799w\" sizes=\"(max-width: 799px) 100vw, 799px\" \/><\/p>\n<h2>Green card por matrimonio<\/h2>\n<p><span style=\"font-weight: 400;\">En primer lugar, el proceso para obtener la Green Card por matrimonio puede variar en funci\u00f3n de si se encuentra o no actualmente en Estados Unidos. Si ya est\u00e1 en el pa\u00eds, puede solicitarlo mediante el proceso conocido como \u00abajuste de estatus\u00bb. Este proceso le permite solicitar una tarjeta de residente permanente sin salir de Estados Unidos, siempre que re\u00fana los requisitos necesarios.<\/span><\/p>\n<p><span style=\"font-weight: 400;\">Si est\u00e1 fuera de Estados Unidos, debe pasar por un proceso diferente llamado \u00abtramitaci\u00f3n consular\u00bb. Consiste en presentar su petici\u00f3n en la embajada o consulado de EE.UU. de su pa\u00eds de origen. Independientemente del proceso que est\u00e9 siguiendo, algunos factores clave determinar\u00e1n cu\u00e1nto tiempo despu\u00e9s de su matrimonio puede solicitar la Green Card.<\/span><\/p>\n<h2>Condiciones para obtener la green card<\/h2>\n<p><span style=\"font-weight: 400;\">En primer lugar, debe estar legalmente casado con un ciudadano estadounidense. Significa que su matrimonio debe ser reconocido como v\u00e1lido por las leyes del lugar donde se produjo, y debe tener un certificado de matrimonio que lo demuestre. Si no est\u00e1 legalmente casado, no puede solicitar la Green Card por matrimonio.<\/span><\/p>\n<p><span style=\"font-weight: 400;\">En segundo lugar, debe demostrar que su matrimonio es aut\u00e9ntico y no una mera forma de obtener la Green Card. El Servicio de Ciudadan\u00eda e Inmigraci\u00f3n de EE.UU. <a href=\"http:\/\/uscis.gov\" target=\"_blank\" rel=\"noopener\">(USCIS)<\/a> revisar\u00e1 su solicitud para asegurarse de que su matrimonio no es un intento fraudulento de obtener una tarjeta de residente permanente. Debe aportar pruebas de su relaci\u00f3n, como facturas compartidas, fotograf\u00edas y otros documentos que demuestren que viven juntos y tienen una relaci\u00f3n aut\u00e9ntica.<\/span><\/p>\n<p><span style=\"font-weight: 400;\">Por \u00faltimo, debe cumplir todos los dem\u00e1s requisitos, incluido el de ser admisible en Estados Unidos. Significa que no debe tener condenas penales, ser inadmisible por cualquier otro motivo y no haber infringido ninguna ley de inmigraci\u00f3n estadounidense en el pasado.<\/span><\/p>\n<h2>\u00bfCu\u00e1nto tiempo hay que esperar?<\/h2>\n<p><span style=\"font-weight: 400;\">Si ya se encuentra en Estados Unidos y re\u00fane los requisitos para solicitar el cambio de estatus, normalmente puede presentar su petici\u00f3n en cuanto se case. Sin embargo, si est\u00e1 realizando el tr\u00e1mite consular y se encuentra fuera de Estados Unidos, tendr\u00e1 que esperar hasta que su c\u00f3nyuge ciudadano estadounidense solicite en su nombre una Visa de inmigrante basado en la familia. Este proceso puede durar varios meses o m\u00e1s, dependiendo de la acumulaci\u00f3n de solicitudes y de la disponibilidad de Visas.<\/span><\/p>\n<h2>Por qu\u00e9 buscar un abogado de inmigraci\u00f3n<\/h2>\n<p><span style=\"font-weight: 400;\">Los entresijos de la obtenci\u00f3n de la Green Card por matrimonio pueden resultar abrumadores. Con la ayuda de un <a href=\"https:\/\/www.lincolngoldfinch.com\/es\/abogado-de-inmigracion-austin\/\">abogado de inmigraci\u00f3n<\/a>, tendr\u00e1 m\u00e1s posibilidades de obtener la aprobaci\u00f3n. Lincoln-Goldfinch Law &#8211; Abogados de Inmigraci\u00f3n ayuda a las parejas a obtener la Green Card de su c\u00f3nyuge despu\u00e9s del matrimonio. Los abogados y el personal de inmigraci\u00f3n del bufete pueden ayudar a navegar por el proceso de solicitud para obtener resultados m\u00e1s favorables.<\/span><\/p>\n<h2>Resumen<\/h2>\n<p><span style=\"font-weight: 400;\">El tiempo que tardar\u00e1 en solicitar la Green Card despu\u00e9s de casarse depende de varios factores. Incluye su ubicaci\u00f3n actual, si su matrimonio est\u00e1 reconocido como legal y si cumple todos los dem\u00e1s requisitos. Es crucial trabajar con un abogado de inmigraci\u00f3n con experiencia para asegurarse de que sigue el proceso correcto. Tambi\u00e9n pueden ayudarle a superar cualquier reto que se le presente.<\/span><\/p>\n<\/div><\/div><\/div><\/div><\/div>\n<div class=\"gsp_post_data\" \r\n\t            data-post_type=\"page\" \r\n\t            data-cat=\"\" \r\n\t            data-modified=\"120\"\r\n\t            data-created=\"1673382310\"\r\n\t            data-title=\"\u00bfCu\u00e1ndo despu\u00e9s de matrimonio se puede solicitar green card?\" \r\n\t            data-home=\"https:\/\/www.lincolngoldfinch.com\/es\/\"><\/div>","protected":false},"excerpt":{"rendered":"","protected":false},"author":1,"featured_media":0,"parent":0,"menu_order":0,"comment_status":"closed","ping_status":"closed","template":"","meta":{"_acf_changed":false,"rop_custom_images_group":[],"rop_custom_messages_group":[],"rop_publish_now":"initial","rop_publish_now_accounts":[],"rop_publish_now_history":[],"rop_publish_now_status":"pending","_analytify_skip_tracking":false,"rank_math_title":"Tiempo tras casarse para pedir la green card en EE.UU.","rank_math_description":"Un extranjero puede solicitar la Green Card tras casarse con un ciudadano estadounidense. Descubra los requisitos y cu\u00e1ndo puede obtenerla.","rank_math_focus_keyword":"Green Card","rank_math_canonical_url":"","footnotes":""},"class_list":["post-55371","page","type-page","status-publish","hentry"],"acf":[],"_links":{"self":[{"href":"https:\/\/www.lincolngoldfinch.com\/es\/wp-json\/wp\/v2\/pages\/55371","targetHints":{"allow":["GET"]}}],"collection":[{"href":"https:\/\/www.lincolngoldfinch.com\/es\/wp-json\/wp\/v2\/pages"}],"about":[{"href":"https:\/\/www.lincolngoldfinch.com\/es\/wp-json\/wp\/v2\/types\/page"}],"author":[{"embeddable":true,"href":"https:\/\/www.lincolngoldfinch.com\/es\/wp-json\/wp\/v2\/users\/1"}],"replies":[{"embeddable":true,"href":"https:\/\/www.lincolngoldfinch.com\/es\/wp-json\/wp\/v2\/comments?post=55371"}],"version-history":[{"count":0,"href":"https:\/\/www.lincolngoldfinch.com\/es\/wp-json\/wp\/v2\/pages\/55371\/revisions"}],"wp:attachment":[{"href":"https:\/\/www.lincolngoldfinch.com\/es\/wp-json\/wp\/v2\/media?parent=55371"}],"curies":[{"name":"wp","href":"https:\/\/api.w.org\/{rel}","templated":true}]}}