{"id":55317,"date":"2023-01-10T20:22:39","date_gmt":"2023-01-11T02:22:39","guid":{"rendered":"https:\/\/www.lincolngoldfinch.com\/?page_id=55317"},"modified":"2025-03-19T08:24:32","modified_gmt":"2025-03-19T13:24:32","slug":"trabajar-en-los-eeuu-con-green-card-pendiente","status":"publish","type":"page","link":"https:\/\/www.lincolngoldfinch.com\/es\/trabajar-en-los-eeuu-con-green-card-pendiente\/","title":{"rendered":"\u00bfPuede trabajar en EE.UU. mientras espera la Green Card?"},"content":{"rendered":"<div class=\"fusion-fullwidth fullwidth-box fusion-builder-row-1 fusion-flex-container nonhundred-percent-fullwidth non-hundred-percent-height-scrolling\" style=\"--awb-border-radius-top-left:0px;--awb-border-radius-top-right:0px;--awb-border-radius-bottom-right:0px;--awb-border-radius-bottom-left:0px;--awb-flex-wrap:wrap;\" ><div class=\"fusion-builder-row fusion-row fusion-flex-align-items-flex-start fusion-flex-content-wrap\" style=\"max-width:1331.2px;margin-left: calc(-4% \/ 2 );margin-right: calc(-4% \/ 2 );\"><div class=\"fusion-layout-column fusion_builder_column fusion-builder-column-0 fusion_builder_column_1_1 1_1 fusion-flex-column\" style=\"--awb-bg-size:cover;--awb-width-large:100%;--awb-margin-top-large:0px;--awb-spacing-right-large:2.56%;--awb-margin-bottom-large:0px;--awb-spacing-left-large:1.92%;--awb-width-medium:100%;--awb-spacing-right-medium:2.56%;--awb-spacing-left-medium:1.92%;--awb-width-small:100%;--awb-spacing-right-small:1.92%;--awb-spacing-left-small:1.92%;\"><div class=\"fusion-column-wrapper fusion-flex-justify-content-flex-start fusion-content-layout-column\"><div class=\"fusion-text fusion-text-1\"><h1>\u00bfPuedo trabajar en Estados Unidos mientras espero la green card?<\/h1>\n<p><span style=\"font-weight: 400;\">Si est\u00e1 solicitando la Green Card en Estados Unidos, quiz\u00e1 se pregunte si puede trabajar mientras espera a que se apruebe su solicitud. En general, la respuesta es s\u00ed, pero hay que recordar algunas cosas importantes. Esto es lo que debe saber.<\/span><\/p>\n<p><img decoding=\"async\" class=\"size-full wp-image-55327 aligncenter\" src=\"https:\/\/www.lincolngoldfinch.com\/wp-content\/uploads\/2023\/07\/resuelva-sus-inquietudes-inmigratorias-si-esta-en-el-proceso-de-obtener-su-green-card-y-quiere-trabajar-con-un-permiso-de-trabajo-en-eeuu.jpg\" alt=\"\" width=\"100%\" height=\"450\" srcset=\"https:\/\/www.lincolngoldfinch.com\/wp-content\/uploads\/2023\/07\/resuelva-sus-inquietudes-inmigratorias-si-esta-en-el-proceso-de-obtener-su-green-card-y-quiere-trabajar-con-un-permiso-de-trabajo-en-eeuu-200x113.jpg 200w, https:\/\/www.lincolngoldfinch.com\/wp-content\/uploads\/2023\/07\/resuelva-sus-inquietudes-inmigratorias-si-esta-en-el-proceso-de-obtener-su-green-card-y-quiere-trabajar-con-un-permiso-de-trabajo-en-eeuu-400x225.jpg 400w, https:\/\/www.lincolngoldfinch.com\/wp-content\/uploads\/2023\/07\/resuelva-sus-inquietudes-inmigratorias-si-esta-en-el-proceso-de-obtener-su-green-card-y-quiere-trabajar-con-un-permiso-de-trabajo-en-eeuu-600x338.jpg 600w, https:\/\/www.lincolngoldfinch.com\/wp-content\/uploads\/2023\/07\/resuelva-sus-inquietudes-inmigratorias-si-esta-en-el-proceso-de-obtener-su-green-card-y-quiere-trabajar-con-un-permiso-de-trabajo-en-eeuu-768x433.jpg 768w, https:\/\/www.lincolngoldfinch.com\/wp-content\/uploads\/2023\/07\/resuelva-sus-inquietudes-inmigratorias-si-esta-en-el-proceso-de-obtener-su-green-card-y-quiere-trabajar-con-un-permiso-de-trabajo-en-eeuu.jpg 799w\" sizes=\"(max-width: 799px) 100vw, 799px\" \/><\/p>\n<h2>Obtener autorizaci\u00f3n para trabajar<\/h2>\n<p><span style=\"font-weight: 400;\">Ante todo, debe tener un documento de autorizaci\u00f3n de trabajo v\u00e1lido para encontrar empleo en Estados Unidos. Puede ser un <a href=\"https:\/\/www.uscis.gov\/es\/residencia-permanente-tarjeta-verde\/procesos-y-procedimientos-para-la-residencia-permanente\/documento-de-autorizacion-de-empleo\" target=\"_blank\" rel=\"noopener\">permiso de trabajo (EAD),<\/a> una visa temporal que le permita trabajar u otra forma de autorizaci\u00f3n. Debe tener un documento de autorizaci\u00f3n v\u00e1lido para encontrar trabajo legalmente en el pa\u00eds.<\/span><\/p>\n<p><span style=\"font-weight: 400;\">Si tiene un documento de autorizaci\u00f3n de trabajo v\u00e1lido, por lo general se le permite trabajar mientras espera a que se apruebe su solicitud de Green Card. Sin embargo, su autorizaci\u00f3n est\u00e1 vinculada a su situaci\u00f3n migratoria actual. Significa que si su situaci\u00f3n migratoria cambia, su autorizaci\u00f3n de trabajo tambi\u00e9n puede verse afectada. Un buen ejemplo es cuando su visa caduca o ya no puede optar a un permiso de trabajo. Es una buena idea consultar con un abogado de inmigraci\u00f3n para entender c\u00f3mo su autorizaci\u00f3n de trabajo puede verse afectada por cualquier cambio en su estatus migratorio.<\/span><\/p>\n<h2>\u00bfCu\u00e1nto tarda una solicitud de green card?<\/h2>\n<p><span style=\"font-weight: 400;\">Tambi\u00e9n hay que tener en cuenta que el proceso de obtenci\u00f3n de la Green Card puede ser largo, y es habitual que las solicitudes tarden varios meses o incluso a\u00f1os en ser aprobadas. Debe mantener su autorizaci\u00f3n de trabajo y seguir trabajando legalmente en Estados Unidos durante este tiempo. Si no puede trabajar o pierde su autorizaci\u00f3n de trabajo, podr\u00eda afectar a su capacidad para mantenerse a s\u00ed mismo y a su familia.<\/span><\/p>\n<h2>C\u00f3mo obtener la autorizaci\u00f3n de trabajo mientras espera<\/h2>\n<p><span style=\"font-weight: 400;\">Puede obtener autorizaci\u00f3n de trabajo mientras espera su Green Card de varias maneras: <\/span><\/p>\n<p><span style=\"font-weight: 400;\">Si tiene una visa temporal que le permite trabajar en Estados Unidos, como una visa H-1B para trabajadores cualificados o una visa TN para profesionales de Canad\u00e1 y M\u00e9xico, puede trabajar mientras espera. Tambi\u00e9n puede solicitar un permiso de trabajo (EAD) si cumple los requisitos. Debe tener una solicitud de Green Card pendiente para poder optar a un permiso de trabajo. Tambi\u00e9n debe poder demostrar que necesita trabajar para mantenerse a s\u00ed mismo y a su familia.<\/span><\/p>\n<p><span style=\"font-weight: 400;\">Recuerde que la autorizaci\u00f3n de trabajo no es lo mismo que la residencia permanente. Aunque est\u00e9 autorizado a trabajar en Estados Unidos, no se le considera residente permanente hasta que se apruebe su solicitud de Green Card. Significa que es posible que tenga que renovar su autorizaci\u00f3n de trabajo o solicitar un nuevo permiso de trabajo si el actual caduca antes de obtener la Green Card.<\/span><\/p>\n<h2>Deje que le ayude un abogado de inmigraci\u00f3n<\/h2>\n<p><span style=\"font-weight: 400;\">Cuando se encuentre a la espera de que le aprueben la Green Card, puede que tenga que sopesar sus opciones sobre qu\u00e9 hacer durante ese periodo. Un <a href=\"https:\/\/www.lincolngoldfinch.com\/es\/abogado-de-inmigracion-austin\/\">abogado de inmigraci\u00f3n<\/a> puede ayudarle con las oportunidades de trabajar en Estados Unidos mientras espera legalmente. Lincoln-Goldfinch Law &#8211; Abogados de Inmigraci\u00f3n tiene abogados de inmigraci\u00f3n que est\u00e1n listos para servirle y asegurarse de que usted es capaz de trabajar en el pa\u00eds legalmente.<\/span><\/p>\n<h2>Resumen<\/h2>\n<p><span style=\"font-weight: 400;\">Si est\u00e1 esperando su Green Card y tiene un documento de autorizaci\u00f3n de trabajo v\u00e1lido, por lo general se le permite trabajar en Estados Unidos. Sin embargo, debe estar familiarizado con la forma en que su autorizaci\u00f3n de trabajo est\u00e1 vinculada a su situaci\u00f3n de inmigraci\u00f3n y ser consciente de cualquier cambio potencial que pueda afectar a su capacidad para mantener un empleo. Si tiene alguna pregunta o duda sobre su autorizaci\u00f3n o solicitud de Green Card, es conveniente que hable con un abogado de inmigraci\u00f3n.<\/span><\/p>\n<\/div><\/div><\/div><\/div><\/div>\n<div class=\"gsp_post_data\" \r\n\t            data-post_type=\"page\" \r\n\t            data-cat=\"\" \r\n\t            data-modified=\"120\"\r\n\t            data-created=\"1673382159\"\r\n\t            data-title=\"\u00bfPuede trabajar en EE.UU. mientras espera la Green Card?\" \r\n\t            data-home=\"https:\/\/www.lincolngoldfinch.com\/es\/\"><\/div>","protected":false},"excerpt":{"rendered":"","protected":false},"author":1,"featured_media":0,"parent":0,"menu_order":0,"comment_status":"closed","ping_status":"closed","template":"","meta":{"_acf_changed":false,"rop_custom_images_group":[],"rop_custom_messages_group":[],"rop_publish_now":"initial","rop_publish_now_accounts":[],"rop_publish_now_history":[],"rop_publish_now_status":"pending","_analytify_skip_tracking":false,"rank_math_title":"\u00bfPuede trabajar en EE.UU. mientras espera la Green Card?","rank_math_description":"Trabajar mientras espera su Green Card es posible. Aprenda a encontrar trabajo legalmente mientras espera su tarjeta de residente permanente.","rank_math_focus_keyword":"Green Card","rank_math_canonical_url":"","footnotes":""},"class_list":["post-55317","page","type-page","status-publish","hentry"],"acf":[],"_links":{"self":[{"href":"https:\/\/www.lincolngoldfinch.com\/es\/wp-json\/wp\/v2\/pages\/55317","targetHints":{"allow":["GET"]}}],"collection":[{"href":"https:\/\/www.lincolngoldfinch.com\/es\/wp-json\/wp\/v2\/pages"}],"about":[{"href":"https:\/\/www.lincolngoldfinch.com\/es\/wp-json\/wp\/v2\/types\/page"}],"author":[{"embeddable":true,"href":"https:\/\/www.lincolngoldfinch.com\/es\/wp-json\/wp\/v2\/users\/1"}],"replies":[{"embeddable":true,"href":"https:\/\/www.lincolngoldfinch.com\/es\/wp-json\/wp\/v2\/comments?post=55317"}],"version-history":[{"count":0,"href":"https:\/\/www.lincolngoldfinch.com\/es\/wp-json\/wp\/v2\/pages\/55317\/revisions"}],"wp:attachment":[{"href":"https:\/\/www.lincolngoldfinch.com\/es\/wp-json\/wp\/v2\/media?parent=55317"}],"curies":[{"name":"wp","href":"https:\/\/api.w.org\/{rel}","templated":true}]}}