{"id":55285,"date":"2023-01-10T20:21:09","date_gmt":"2023-01-11T02:21:09","guid":{"rendered":"https:\/\/www.lincolngoldfinch.com\/?page_id=55285"},"modified":"2025-03-19T10:30:04","modified_gmt":"2025-03-19T15:30:04","slug":"que-es-la-residencia-permanente-condicional","status":"publish","type":"page","link":"https:\/\/www.lincolngoldfinch.com\/es\/que-es-la-residencia-permanente-condicional\/","title":{"rendered":"\u00bfQu\u00e9 es la residencia permanente condicional?"},"content":{"rendered":"<div class=\"fusion-fullwidth fullwidth-box fusion-builder-row-1 fusion-flex-container nonhundred-percent-fullwidth non-hundred-percent-height-scrolling\" style=\"--awb-border-radius-top-left:0px;--awb-border-radius-top-right:0px;--awb-border-radius-bottom-right:0px;--awb-border-radius-bottom-left:0px;--awb-flex-wrap:wrap;\" ><div class=\"fusion-builder-row fusion-row fusion-flex-align-items-flex-start fusion-flex-content-wrap\" style=\"max-width:1331.2px;margin-left: calc(-4% \/ 2 );margin-right: calc(-4% \/ 2 );\"><div class=\"fusion-layout-column fusion_builder_column fusion-builder-column-0 fusion_builder_column_1_1 1_1 fusion-flex-column\" style=\"--awb-bg-size:cover;--awb-width-large:100%;--awb-margin-top-large:0px;--awb-spacing-right-large:2.56%;--awb-margin-bottom-large:0px;--awb-spacing-left-large:1.92%;--awb-width-medium:100%;--awb-spacing-right-medium:2.56%;--awb-spacing-left-medium:1.92%;--awb-width-small:100%;--awb-spacing-right-small:1.92%;--awb-spacing-left-small:1.92%;\"><div class=\"fusion-column-wrapper fusion-flex-justify-content-flex-start fusion-content-layout-column\"><div class=\"fusion-text fusion-text-1\"><h1>\u00bfQu\u00e9 es la residencia permanente condicional?<\/h1>\n<p><span style=\"font-weight: 400;\">Aunque los nuevos inmigrantes pueden permanecer en Estados Unidos, pueden estar sujetos a ciertas condiciones. A algunos s\u00f3lo se les permite vivir y trabajar durante un periodo de tiempo determinado. Una de ellas es la <a href=\"https:\/\/www.uscis.gov\/es\/residencia-permanente-tarjeta-verde\/despues-de-que-una-residencia-permanente-haya-sido-otorgada\/residencia-permanente-condicional\" target=\"_blank\" rel=\"noopener\">residencia permanente condicional<\/a>. Siga leyendo para saber m\u00e1s al respecto y c\u00f3mo le ayuda un abogado de inmigraci\u00f3n.<\/span><\/p>\n<p><img decoding=\"async\" class=\"size-full wp-image-55295\" src=\"https:\/\/www.lincolngoldfinch.com\/wp-content\/uploads\/2023\/07\/descubra-las-diferencias-y-limitaciones-de-un-residente-permanente-condicional-en-estados-unidos-y-cuales-son-sus-beneficios.jpg\" alt=\"\" width=\"100%\" height=\"450\" srcset=\"https:\/\/www.lincolngoldfinch.com\/wp-content\/uploads\/2023\/07\/descubra-las-diferencias-y-limitaciones-de-un-residente-permanente-condicional-en-estados-unidos-y-cuales-son-sus-beneficios-200x113.jpg 200w, https:\/\/www.lincolngoldfinch.com\/wp-content\/uploads\/2023\/07\/descubra-las-diferencias-y-limitaciones-de-un-residente-permanente-condicional-en-estados-unidos-y-cuales-son-sus-beneficios-400x225.jpg 400w, https:\/\/www.lincolngoldfinch.com\/wp-content\/uploads\/2023\/07\/descubra-las-diferencias-y-limitaciones-de-un-residente-permanente-condicional-en-estados-unidos-y-cuales-son-sus-beneficios-600x338.jpg 600w, https:\/\/www.lincolngoldfinch.com\/wp-content\/uploads\/2023\/07\/descubra-las-diferencias-y-limitaciones-de-un-residente-permanente-condicional-en-estados-unidos-y-cuales-son-sus-beneficios-768x433.jpg 768w, https:\/\/www.lincolngoldfinch.com\/wp-content\/uploads\/2023\/07\/descubra-las-diferencias-y-limitaciones-de-un-residente-permanente-condicional-en-estados-unidos-y-cuales-son-sus-beneficios.jpg 799w\" sizes=\"(max-width: 799px) 100vw, 799px\" \/><\/p>\n<h2>\u00bfQu\u00e9 es la residencia permanente condicional?<\/h2>\n<p><span style=\"font-weight: 400;\">La residencia permanente condicional es un tipo de estatus migratorio que permite a una persona vivir y trabajar permanentemente en Estados Unidos, pero s\u00f3lo durante un periodo determinado. Este estatuto suele concederse a quienes est\u00e1n casados con un ciudadano estadounidense. Tienen que llevar casados menos de dos a\u00f1os en el momento de su admisi\u00f3n en Estados Unidos.<\/span><\/p>\n<p><span style=\"font-weight: 400;\">Para optar a la residencia permanente condicional, la persona debe estar patrocinada por su c\u00f3nyuge, que debe ser ciudadano estadounidense. El c\u00f3nyuge patrocinador tambi\u00e9n debe presentar una petici\u00f3n de inmigrante en nombre del residente permanente condicional. Adem\u00e1s, la pareja debe demostrar que su matrimonio es aut\u00e9ntico y no s\u00f3lo un medio para obtener beneficios de inmigraci\u00f3n.<\/span><\/p>\n<h2>\u00bfQu\u00e9 ocurre despu\u00e9s de obtener la residencia permanente condicional?<\/h2>\n<p><span style=\"font-weight: 400;\">Una vez obtenida la residencia permanente condicional, la persona debe solicitar la supresi\u00f3n de las condiciones de residencia en un plazo de 90 d\u00edas a partir de la expiraci\u00f3n del periodo de residencia permanente condicional de dos a\u00f1os. Esta petici\u00f3n debe presentarse conjuntamente con el c\u00f3nyuge patrocinador, a menos que la pareja ya no est\u00e9 casada o que el c\u00f3nyuge patrocinador haya fallecido.<\/span><\/p>\n<p><span style=\"font-weight: 400;\">Si se aprueba la petici\u00f3n de supresi\u00f3n de las condiciones de residencia, se le conceder\u00e1 la residencia permanente. A continuaci\u00f3n, pueden solicitar la naturalizaci\u00f3n tras cumplir los requisitos para ello. Si se deniega la petici\u00f3n, pueden ser sometidos a un procedimiento de expulsi\u00f3n y obligados a abandonar Estados Unidos.<\/span><\/p>\n<h2>Leyes y condiciones relacionadas<\/h2>\n<p><span style=\"font-weight: 400;\">Los residentes permanentes condicionales est\u00e1n sujetos a las mismas leyes y reglamentos que los dem\u00e1s residentes permanentes, incluido el pago de impuestos, el mantenimiento de un estatus de inmigraci\u00f3n v\u00e1lido y la no comisi\u00f3n de delitos que les har\u00edan expulsables de Estados Unidos.<\/span><\/p>\n<p><span style=\"font-weight: 400;\">Hay varias razones por las que se puede denegar a una persona una petici\u00f3n para eliminar las condiciones de su residencia. Por ejemplo, si no se presenta la petici\u00f3n en el plazo establecido, si no se demuestra que el matrimonio es aut\u00e9ntico o si hay indicios de fraude o falsedad en el proceso de solicitud.<\/span><\/p>\n<p><span style=\"font-weight: 400;\">Si la pareja ya no est\u00e1 casada o el c\u00f3nyuge patrocinador ha fallecido, el residente permanente condicional a\u00fan puede eliminar las condiciones de su residencia. Pueden hacerlo demostrando que el matrimonio se contrajo de buena fe y no fue \u00fanicamente para obtener beneficios de inmigraci\u00f3n.<\/span><\/p>\n<h2>Busque la ayuda de un abogado de inmigraci\u00f3n<\/h2>\n<p><span style=\"font-weight: 400;\">Es importante que las personas con residencia permanente condicional busquen la ayuda de un<a href=\"https:\/\/www.lincolngoldfinch.com\/es\/abogado-de-inmigracion-austin\/\"> abogado de inmigraci\u00f3n<\/a> con experiencia si tienen alguna pregunta o duda sobre su situaci\u00f3n. Un abogado de inmigraci\u00f3n puede ayudarles a comprender sus derechos y opciones. Tambi\u00e9n pueden orientarle sobre c\u00f3mo eliminar las condiciones de su residencia. Lincoln-Goldfinch Law &#8211; Abogados de Inmigraci\u00f3n y su equipo de abogados de inmigraci\u00f3n en Austin tienen a\u00f1os de experiencia en el manejo de casos de residencia. Pueden ayudarle a aumentar sus posibilidades de obtener la residencia permanente.<\/span><\/p>\n<h2>Resumen<\/h2>\n<p><span style=\"font-weight: 400;\">La residencia permanente condicional es un estatuto de inmigraci\u00f3n que le permite vivir y trabajar en Estados Unidos durante un periodo determinado. Para ello, un c\u00f3nyuge ciudadano estadounidense debe apadrinarle y demostrar que su matrimonio es aut\u00e9ntico. <\/span><\/p>\n<p><span style=\"font-weight: 400;\">Una vez transcurrido el periodo de residencia permanente condicional de dos a\u00f1os, debe solicitar la supresi\u00f3n de las condiciones de residencia para mantener su estatuto de residente permanente. Para mejorar sus posibilidades de obtener la residencia permanente completa, solicite la ayuda de un abogado de inmigraci\u00f3n. Pueden acompa\u00f1arle en su viaje para permanecer legalmente en Estados Unidos.<\/span><\/p>\n<p><span style=\"font-weight: 400;\">En resumen, la residencia permanente condicional es un tipo de estatuto de inmigraci\u00f3n que permite a una persona vivir y trabajar permanentemente en Estados Unidos durante un periodo de tiempo determinado. Para ello, la persona debe estar apadrinada por un c\u00f3nyuge ciudadano estadounidense y demostrar que su matrimonio es aut\u00e9ntico. <\/span><\/p>\n<p><span style=\"font-weight: 400;\">Una vez transcurrido el periodo de residencia permanente condicional de dos a\u00f1os, la persona debe presentar una petici\u00f3n para eliminar las condiciones de su residencia a fin de mantener su estatuto de residente permanente. Si se aprueba la petici\u00f3n, la persona puede solicitar la naturalizaci\u00f3n y convertirse en ciudadano estadounidense. Si se deniega, la persona puede ser sometida a un procedimiento de expulsi\u00f3n y se le puede exigir que abandone Estados Unidos.<\/span><\/p>\n<\/div><\/div><\/div><\/div><\/div>\n<div class=\"gsp_post_data\" \r\n\t            data-post_type=\"page\" \r\n\t            data-cat=\"\" \r\n\t            data-modified=\"120\"\r\n\t            data-created=\"1673382069\"\r\n\t            data-title=\"\u00bfQu\u00e9 es la residencia permanente condicional?\" \r\n\t            data-home=\"https:\/\/www.lincolngoldfinch.com\/es\/\"><\/div>","protected":false},"excerpt":{"rendered":"","protected":false},"author":1,"featured_media":0,"parent":0,"menu_order":0,"comment_status":"closed","ping_status":"closed","template":"","meta":{"_acf_changed":false,"rop_custom_images_group":[],"rop_custom_messages_group":[],"rop_publish_now":"initial","rop_publish_now_accounts":[],"rop_publish_now_history":[],"rop_publish_now_status":"pending","_analytify_skip_tracking":false,"rank_math_title":"","rank_math_description":"La residencia permanente condicional suele concederse a personas casadas con un ciudadano estadounidense y que lleven casadas menos de dos a\u00f1os en el momento de su admisi\u00f3n en Estados Unidos.","rank_math_focus_keyword":"condicional","rank_math_canonical_url":"","footnotes":""},"class_list":["post-55285","page","type-page","status-publish","hentry"],"acf":[],"_links":{"self":[{"href":"https:\/\/www.lincolngoldfinch.com\/es\/wp-json\/wp\/v2\/pages\/55285","targetHints":{"allow":["GET"]}}],"collection":[{"href":"https:\/\/www.lincolngoldfinch.com\/es\/wp-json\/wp\/v2\/pages"}],"about":[{"href":"https:\/\/www.lincolngoldfinch.com\/es\/wp-json\/wp\/v2\/types\/page"}],"author":[{"embeddable":true,"href":"https:\/\/www.lincolngoldfinch.com\/es\/wp-json\/wp\/v2\/users\/1"}],"replies":[{"embeddable":true,"href":"https:\/\/www.lincolngoldfinch.com\/es\/wp-json\/wp\/v2\/comments?post=55285"}],"version-history":[{"count":0,"href":"https:\/\/www.lincolngoldfinch.com\/es\/wp-json\/wp\/v2\/pages\/55285\/revisions"}],"wp:attachment":[{"href":"https:\/\/www.lincolngoldfinch.com\/es\/wp-json\/wp\/v2\/media?parent=55285"}],"curies":[{"name":"wp","href":"https:\/\/api.w.org\/{rel}","templated":true}]}}