{"id":55256,"date":"2023-01-10T13:54:24","date_gmt":"2023-01-10T19:54:24","guid":{"rendered":"https:\/\/www.lincolngoldfinch.com\/?page_id=55256"},"modified":"2025-03-19T10:20:24","modified_gmt":"2025-03-19T15:20:24","slug":"inmigracion-conseguir-un-empleo","status":"publish","type":"page","link":"https:\/\/www.lincolngoldfinch.com\/es\/inmigracion-conseguir-un-empleo\/","title":{"rendered":"Inmigraci\u00f3n: Encontrar trabajo en Estados Unidos"},"content":{"rendered":"<div class=\"fusion-fullwidth fullwidth-box fusion-builder-row-1 fusion-flex-container nonhundred-percent-fullwidth non-hundred-percent-height-scrolling\" style=\"--awb-border-radius-top-left:0px;--awb-border-radius-top-right:0px;--awb-border-radius-bottom-right:0px;--awb-border-radius-bottom-left:0px;--awb-flex-wrap:wrap;\" ><div class=\"fusion-builder-row fusion-row fusion-flex-align-items-flex-start fusion-flex-content-wrap\" style=\"max-width:1331.2px;margin-left: calc(-4% \/ 2 );margin-right: calc(-4% \/ 2 );\"><div class=\"fusion-layout-column fusion_builder_column fusion-builder-column-0 fusion_builder_column_1_1 1_1 fusion-flex-column\" style=\"--awb-bg-size:cover;--awb-width-large:100%;--awb-margin-top-large:0px;--awb-spacing-right-large:2.56%;--awb-margin-bottom-large:0px;--awb-spacing-left-large:1.92%;--awb-width-medium:100%;--awb-spacing-right-medium:2.56%;--awb-spacing-left-medium:1.92%;--awb-width-small:100%;--awb-spacing-right-small:1.92%;--awb-spacing-left-small:1.92%;\"><div class=\"fusion-column-wrapper fusion-flex-justify-content-flex-start fusion-content-layout-column\"><div class=\"fusion-text fusion-text-1\"><h1>Inmigraci\u00f3n y empleo<\/h1>\n<p><span style=\"font-weight: 400;\">La <a href=\"http:\/\/uscis.gov\/es\" target=\"_blank\" rel=\"noopener\">inmigraci\u00f3n<\/a> es un tema complejo y a menudo controvertido, en el que intervienen muchos factores diferentes. Un aspecto importante de la inmigraci\u00f3n es encontrar y asegurarse un empleo en un nuevo pa\u00eds. Conseguir trabajo es crucial para algunas personas que desean instalarse en un nuevo lugar y construir una nueva vida.<\/span><\/p>\n<p><span style=\"font-weight: 400;\">La b\u00fasqueda de empleo puede ser a menudo un reto. Entonces, \u00bfc\u00f3mo lo hacen los nuevos inmigrantes en Estados Unidos? \u00bfCu\u00e1les son los factores jur\u00eddicos que deben tener en cuenta? Esto es lo que debe saber sobre el empleo como inmigrante en Estados Unidos.<\/span><\/p>\n<p><img decoding=\"async\" class=\"size-full wp-image-55263\" src=\"https:\/\/www.lincolngoldfinch.com\/wp-content\/uploads\/2023\/07\/en-el-mundo-de-la-inmigracion-estadounidense-muchas-leyes-estan-cambiando-constantemente-si-quieres-tener-un-trabajo-legalmente-sabe-como-obtener-tu-permiso-de-trabajo.jpg\" alt=\"\" width=\"100%\" height=\"450\" srcset=\"https:\/\/www.lincolngoldfinch.com\/wp-content\/uploads\/2023\/07\/en-el-mundo-de-la-inmigracion-estadounidense-muchas-leyes-estan-cambiando-constantemente-si-quieres-tener-un-trabajo-legalmente-sabe-como-obtener-tu-permiso-de-trabajo-200x113.jpg 200w, https:\/\/www.lincolngoldfinch.com\/wp-content\/uploads\/2023\/07\/en-el-mundo-de-la-inmigracion-estadounidense-muchas-leyes-estan-cambiando-constantemente-si-quieres-tener-un-trabajo-legalmente-sabe-como-obtener-tu-permiso-de-trabajo-400x225.jpg 400w, https:\/\/www.lincolngoldfinch.com\/wp-content\/uploads\/2023\/07\/en-el-mundo-de-la-inmigracion-estadounidense-muchas-leyes-estan-cambiando-constantemente-si-quieres-tener-un-trabajo-legalmente-sabe-como-obtener-tu-permiso-de-trabajo-600x338.jpg 600w, https:\/\/www.lincolngoldfinch.com\/wp-content\/uploads\/2023\/07\/en-el-mundo-de-la-inmigracion-estadounidense-muchas-leyes-estan-cambiando-constantemente-si-quieres-tener-un-trabajo-legalmente-sabe-como-obtener-tu-permiso-de-trabajo-768x433.jpg 768w, https:\/\/www.lincolngoldfinch.com\/wp-content\/uploads\/2023\/07\/en-el-mundo-de-la-inmigracion-estadounidense-muchas-leyes-estan-cambiando-constantemente-si-quieres-tener-un-trabajo-legalmente-sabe-como-obtener-tu-permiso-de-trabajo.jpg 799w\" sizes=\"(max-width: 799px) 100vw, 799px\" \/><\/p>\n<h2>C\u00f3mo encuentran empleo los inmigrantes en el pa\u00eds<\/h2>\n<p><span style=\"font-weight: 400;\">Los inmigrantes pueden encontrar empleo de varias maneras en un nuevo pa\u00eds. Una opci\u00f3n es trabajar con un reclutador o una agencia que ayude a los inmigrantes a encontrar trabajo. Estas organizaciones suelen tener contactos con empresas que buscan contratar inmigrantes y pueden ayudar a poner en contacto a solicitantes de empleo con puestos adecuados. <\/span><\/p>\n<p><span style=\"font-weight: 400;\">Otra opci\u00f3n es utilizar sitios web de b\u00fasqueda de empleo y bolsas de trabajo en l\u00ednea. Estos sitios pueden ser un excelente recurso para los inmigrantes que buscan trabajo. Suelen ofrecer una amplia gama de ofertas de empleo y pueden ayudar a poner en contacto a demandantes de empleo con posibles empleadores. Adem\u00e1s de los sitios web de b\u00fasqueda de empleo, los inmigrantes pueden utilizar plataformas de redes sociales como LinkedIn para ponerse en contacto con posibles empleadores y establecer contactos con otros profesionales de su campo.<\/span><\/p>\n<h2>Restricciones legales para los trabajadores inmigrantes<\/h2>\n<p><span style=\"font-weight: 400;\">Los inmigrantes deben conocer las restricciones o requisitos legales que puedan afectar a su capacidad para trabajar en un nuevo pa\u00eds. Algunos pa\u00edses tienen categor\u00edas espec\u00edficas de Visas que permiten trabajar a los inmigrantes, mientras que otros pueden exigirles que obtengan un permiso de trabajo u otra documentaci\u00f3n antes de empezar a trabajar. Hay que conocer los requisitos espec\u00edficos para trabajar en un nuevo pa\u00eds, ya que de lo contrario podr\u00edan surgir problemas legales o de b\u00fasqueda de empleo.<\/span><\/p>\n<p><span style=\"font-weight: 400;\">Tambi\u00e9n es esencial que los inmigrantes tengan en cuenta sus cualificaciones y experiencia a la hora de buscar trabajo. Muchas empresas buscan candidatos con aptitudes espec\u00edficas para el puesto que desean cubrir. Puede ser \u00fatil que los inmigrantes adapten su b\u00fasqueda de empleo a puestos que se ajusten a sus capacidades y que consideren formas de resaltar sus cualificaciones y destacar ante los posibles empleadores.<\/span><\/p>\n<h2>C\u00f3mo aumentar las posibilidades de empleo<\/h2>\n<p><span style=\"font-weight: 400;\">Una de las formas en que los inmigrantes pueden hacerlo es obteniendo una educaci\u00f3n o formaci\u00f3n adicional en su campo. Puede ayudarles a desarrollar sus capacidades y conocimientos y hacerles m\u00e1s competitivos en el mercado laboral. Muchos pa\u00edses ofrecen una serie de programas educativos y de formaci\u00f3n espec\u00edficamente dise\u00f1ados para inmigrantes, que pueden ser una excelente manera de adquirir nuevas competencias y mejorar las perspectivas laborales.<\/span><\/p>\n<p><span style=\"font-weight: 400;\">Otra forma de destacar ante posibles empleadores es establecer contactos y relaciones en el sector o campo que te interesa. Puede consistir en ponerse en contacto con personas de su red profesional, unirse a organizaciones o grupos del sector y asistir a actos y conferencias relacionados con su campo. Establecer una red de contactos con personas de su sector puede ayudarle a conocer ofertas de empleo y darse a conocer a posibles empleadores.<\/span><\/p>\n<h2>Busque asesoramiento jur\u00eddico de un abogado de inmigraci\u00f3n<\/h2>\n<p><span style=\"font-weight: 400;\">Los empresarios suelen optar por contratar a quienes tienen plenos derechos laborales en Estados Unidos. Para tener m\u00e1s posibilidades de obtener una Visa de trabajo o una Green Card, es fundamental hablar con un <a href=\"https:\/\/www.lincolngoldfinch.com\/es\/abogado-de-inmigracion-austin\/\">abogado de inmigraci\u00f3n<\/a>. Los abogados de Lincoln-Goldfinch Law &#8211; Abogados de Inmigraci\u00f3n est\u00e1n aqu\u00ed para ayudarle. Tienen una amplia experiencia en garantizar que pueda trabajar y permanecer legalmente en el pa\u00eds.<\/span><\/p>\n<h2>Resumen<\/h2>\n<p><span style=\"font-weight: 400;\">Encontrar trabajo como inmigrante puede ser dif\u00edcil, pero tambi\u00e9n es un paso importante para construir una nueva vida en un nuevo pa\u00eds. Si conoce los requisitos legales para trabajar en Estados Unidos, adapta su b\u00fasqueda de empleo a sus cualificaciones y experiencia y establece contactos en su sector, aumentar\u00e1n sus posibilidades de encontrar trabajo y tener \u00e9xito en su nuevo pa\u00eds. Para obtener ayuda, aseg\u00farese de buscar un abogado de inmigraci\u00f3n.<\/span><\/p>\n<\/div><\/div><\/div><\/div><\/div>\n<div class=\"gsp_post_data\" \r\n\t            data-post_type=\"page\" \r\n\t            data-cat=\"\" \r\n\t            data-modified=\"120\"\r\n\t            data-created=\"1673358864\"\r\n\t            data-title=\"Inmigraci\u00f3n: Encontrar trabajo en Estados Unidos\" \r\n\t            data-home=\"https:\/\/www.lincolngoldfinch.com\/es\/\"><\/div>","protected":false},"excerpt":{"rendered":"","protected":false},"author":1,"featured_media":0,"parent":0,"menu_order":0,"comment_status":"closed","ping_status":"closed","template":"","meta":{"_acf_changed":false,"rop_custom_images_group":[],"rop_custom_messages_group":[],"rop_publish_now":"initial","rop_publish_now_accounts":[],"rop_publish_now_history":[],"rop_publish_now_status":"pending","_analytify_skip_tracking":false,"rank_math_title":"Inmigraci\u00f3n: Encontrar trabajo en Estados Unidos","rank_math_description":"El empleo y la inmigraci\u00f3n suelen ir de la mano, y conseguir un trabajo es una de las principales prioridades de los inmigrantes. Esto es lo que debe tener en cuenta al buscar trabajo en EE.UU.","rank_math_focus_keyword":"inmigraci\u00f3n","rank_math_canonical_url":"","footnotes":""},"class_list":["post-55256","page","type-page","status-publish","hentry"],"acf":[],"_links":{"self":[{"href":"https:\/\/www.lincolngoldfinch.com\/es\/wp-json\/wp\/v2\/pages\/55256","targetHints":{"allow":["GET"]}}],"collection":[{"href":"https:\/\/www.lincolngoldfinch.com\/es\/wp-json\/wp\/v2\/pages"}],"about":[{"href":"https:\/\/www.lincolngoldfinch.com\/es\/wp-json\/wp\/v2\/types\/page"}],"author":[{"embeddable":true,"href":"https:\/\/www.lincolngoldfinch.com\/es\/wp-json\/wp\/v2\/users\/1"}],"replies":[{"embeddable":true,"href":"https:\/\/www.lincolngoldfinch.com\/es\/wp-json\/wp\/v2\/comments?post=55256"}],"version-history":[{"count":0,"href":"https:\/\/www.lincolngoldfinch.com\/es\/wp-json\/wp\/v2\/pages\/55256\/revisions"}],"wp:attachment":[{"href":"https:\/\/www.lincolngoldfinch.com\/es\/wp-json\/wp\/v2\/media?parent=55256"}],"curies":[{"name":"wp","href":"https:\/\/api.w.org\/{rel}","templated":true}]}}