{"id":46033,"date":"2023-01-19T19:49:13","date_gmt":"2023-01-20T01:49:13","guid":{"rendered":"https:\/\/www.lincolngoldfinch.com\/?page_id=46033"},"modified":"2026-04-29T09:37:45","modified_gmt":"2026-04-29T14:37:45","slug":"inmigracion-familiar","status":"publish","type":"page","link":"https:\/\/www.lincolngoldfinch.com\/es\/areas-de-practica\/inmigracion-familiar\/","title":{"rendered":"Abogado de petici\u00f3n familiar e inmigraci\u00f3n familiar en Texas"},"content":{"rendered":"<div class=\"fusion-fullwidth fullwidth-box fusion-builder-row-1 fusion-flex-container has-pattern-background has-mask-background nonhundred-percent-fullwidth non-hundred-percent-height-scrolling\" style=\"--awb-border-radius-top-left:0px;--awb-border-radius-top-right:0px;--awb-border-radius-bottom-right:0px;--awb-border-radius-bottom-left:0px;--awb-flex-wrap:wrap;\" ><div class=\"fusion-builder-row fusion-row fusion-flex-align-items-flex-start fusion-flex-content-wrap\" style=\"max-width:1331.2px;margin-left: calc(-4% \/ 2 );margin-right: calc(-4% \/ 2 );\"><div class=\"fusion-layout-column fusion_builder_column fusion-builder-column-0 fusion_builder_column_1_1 1_1 fusion-flex-column\" style=\"--awb-bg-size:cover;--awb-width-large:100%;--awb-margin-top-large:0px;--awb-spacing-right-large:1.92%;--awb-margin-bottom-large:20px;--awb-spacing-left-large:1.92%;--awb-width-medium:100%;--awb-order-medium:0;--awb-spacing-right-medium:1.92%;--awb-spacing-left-medium:1.92%;--awb-width-small:100%;--awb-order-small:0;--awb-spacing-right-small:1.92%;--awb-spacing-left-small:1.92%;\"><div class=\"fusion-column-wrapper fusion-column-has-shadow fusion-flex-justify-content-flex-start fusion-content-layout-column\"><div class=\"fusion-title title fusion-title-1 fusion-sep-none fusion-title-text fusion-title-size-one\" style=\"--awb-margin-top-small:10px;--awb-margin-right-small:0px;--awb-margin-bottom-small:10px;--awb-margin-left-small:0px;\"><h1 class=\"fusion-title-heading title-heading-left\" style=\"margin:0;\"><h1>Abogado de petici\u00f3n familiar e inmigraci\u00f3n familiar en Texas<\/h1><\/h1><\/div><div class=\"fusion-text fusion-text-1\"><p>Los ciudadanos estadounidenses pueden solicitar a sus familiares o parientes que les ayuden a obtener la Green Card. Dado que el proceso tiene que ver con la legalidad, es aconsejable obtener asesoramiento de un abogado especializado en la petici\u00f3n familiar. Este proceso, muy importante para el objetivo pol\u00edtico del pa\u00eds de la reagrupaci\u00f3n familiar, implica la obtenci\u00f3n de una Visa de inmigrante.<\/p>\n<p>Si est\u00e1 pensando en conseguir una Visa de inmigrante para un familiar, el proceso de solicitud debe seguir los pasos exigidos por el Servicio de Ciudadan\u00eda e Inmigraci\u00f3n de EE.UU. o USCIS. Sin embargo, si su familiar ya est\u00e1 en Estados Unidos, tendr\u00e1 que someterse a un ajuste de estatus.<\/p>\n<p><img decoding=\"async\" class=\"alignnone size-full wp-image-46084\" src=\"https:\/\/www.lincolngoldfinch.com\/wp-content\/uploads\/2023\/01\/obtenga-la-peticion-familiar-para-sus-parientes-de-forma-confiable-y-segura-con-abogados-de-inmigracion-.webp\" alt=\"Obtenga La Petici\u00f3n Familiar Para Sus Parientes De Forma Confiable Y Segura Con Abogados De Inmigraci\u00f3n Experimentados En Este Tipo De Caso Migratorio\" width=\"100%\" height=\"450\" \/><\/p>\n<h2>Inmigraci\u00f3n basada en la familia<\/h2>\n<p>La Ley de Inmigraci\u00f3n y Nacionalidad, o INA (Immigration and Nationality Act), permite a los <a href=\"https:\/\/www.lincolngoldfinch.com\/es\/abogada-de-inmigracion-de-austin\/que-es-un-residente-permanente-ilegal\/\">residentes permanentes<\/a> o a los ciudadanos estadounidenses solicitar a sus familiares. Existen dos tipos de inmigraci\u00f3n basada en la familia: la de parientes inmediatos y la de preferencia familiar. Por un lado, la inmigraci\u00f3n de parientes inmediatos se basa en el grado de parentesco. En esta categor\u00eda, el n\u00famero de inmigrantes no tiene l\u00edmite.<\/p>\n<p>Por otro lado, la preferencia familiar es una relaci\u00f3n familiar espec\u00edfica y m\u00e1s distante. El n\u00famero de inmigrantes est\u00e1 limitado cada a\u00f1o en esta categor\u00eda. Por eso, antes de presentar la solicitud, es conveniente contratar a un abogado especializado en casos de petici\u00f3n familiar para que eval\u00fae sus circunstancias y prepare la documentaci\u00f3n necesaria.<\/p>\n<p>Para patrocinar a un familiar directo en el marco de la inmigraci\u00f3n familiar, el USCIS exige que el patrocinador sea ciudadano estadounidense o residente legal permanente, tambi\u00e9n conocido como titular de una Green Card. Adem\u00e1s, el patrocinador en este proceso debe tener la capacidad financiera para apoyar a su familia o parientes para ir a los Estados Unidos.<\/p>\n<p>Tanto los residentes permanentes como los ciudadanos estadounidenses tienen opciones para obtener Visas basadas en la familia. El Estado solo permitir\u00e1 opciones de apadrinamiento de familiares menores para los residentes permanentes legales, pero el procedimiento ser\u00e1 el mismo. Para evitar confusiones y garantizar la validez del procedimiento de inmigraci\u00f3n, consulte a un abogado especializado en casos de petici\u00f3n familiar.<\/p>\n<p>Los residentes permanentes legales o LPR pueden vivir y trabajar en Estados Unidos. Pueden aceptar oportunidades de empleo sin restricciones especiales y recibir ayudas econ\u00f3micas de universidades y escuelas superiores p\u00fablicas. Tambi\u00e9n pueden convertirse en ciudadanos estadounidenses si cumplen determinados requisitos. Los extranjeros que deseen convertirse en residentes permanentes pueden elegir entre una amplia gama de clasificaciones. Uno de ellos es el programa LPR de reagrupaci\u00f3n familiar en virtud de la INA.<\/p>\n<h2>Petici\u00f3n familiar<\/h2>\n<p>\u00bfCu\u00e1les son los requisitos que debe cumplir un ciudadano estadounidense o un residente legal para presentar una petici\u00f3n a su familia o parientes? Existen criterios para el solicitante establecidos por el USCIS.<\/p>\n<ul>\n<li>Los ciudadanos estadounidenses tienen el privilegio de solicitar a sus c\u00f3nyuges, hijos y padres.<\/li>\n<li>Los ciudadanos estadounidenses, en virtud de la preferencia familiar, pueden solicitar hijos adultos o casados (de 1\u00aa a 3\u00aa preferencia)<\/li>\n<li>Si los ciudadanos estadounidenses tienen hermanos, pueden solicitar hermanos o hermanas.<\/li>\n<\/ul>\n<p>Una vez que un familiar directo re\u00fane los requisitos para obtener una Visa, se someter\u00e1 a un proceso de inmigraci\u00f3n en la Embajada o el Consulado de Estados Unidos. Por ello, antes de preparar el papeleo, puede consultar a un abogado especializado en la petici\u00f3n familiar para que gu\u00ede a sus parientes a lo largo del proceso.<\/p>\n<h2>Familiares a petici\u00f3n<\/h2>\n<p>Las peticiones basadas en la familia tienen dos categor\u00edas: familiares directos de ciudadanos estadounidenses y el grupo de preferencia familiar. Los ciudadanos estadounidenses tienen ventaja a la hora de solicitar la residencia de familiares o parientes debido a su condici\u00f3n de nacidos en el pa\u00eds. En cambio, los residentes permanentes legales solo pueden solicitar la residencia de sus c\u00f3nyuges e hijos menores.<\/p>\n<p>A diferencia de sus familiares directos, los beneficiarios de peticiones de preferencia familiar est\u00e1n sujetos a cuotas anuales de Visas. Esto significa que las personas de determinados pa\u00edses suelen tener largos periodos de espera. Cuando los patrocinadores quieren garantizar el \u00e9xito de su petici\u00f3n de inmigraci\u00f3n basada en la familia, es imprescindible comprobar las categor\u00edas de preferencia familiar.<\/p>\n<ul>\n<li>Los ciudadanos estadounidenses pueden solicitar a los hijos solteros mayores de 21 a\u00f1os.<\/li>\n<li>Los residentes legales permanentes pueden solicitar una petici\u00f3n para sus c\u00f3nyuges e hijos menores de 21 a\u00f1os.<\/li>\n<li>Los residentes permanentes legales tambi\u00e9n pueden solicitar a sus hijos solteros aunque ya tengan m\u00e1s de 21 a\u00f1os.<\/li>\n<li>Por \u00faltimo, los ciudadanos estadounidenses pueden solicitar a sus hijos adultos casados y a sus hermanos.<\/li>\n<\/ul>\n<p>Las distintas categor\u00edas de preferencia establecen las limitaciones num\u00e9ricas y las fechas de prioridad para los familiares de ciudadanos estadounidenses y residentes permanentes. Por ejemplo, las personas de las categor\u00edas 4\u00aa y 5\u00aa suelen tardar m\u00e1s en obtener una Visa que las de las categor\u00edas de preferencia 1\u00aa y 1\u00aa. Se debe a los retrasos y al pa\u00eds de origen del individuo en estas categor\u00edas.<\/p>\n<h2>Proceso de inmigraci\u00f3n familiar<\/h2>\n<p>Hay pasos espec\u00edficos que debe seguir y documentos que debe presentar. El primer factor que debe tenerse en cuenta es que el reagrupante sea ciudadano estadounidense, titular de una Green Cardo nacido en el pa\u00eds. Sin embargo, se trata de un proceso largo y que llevar\u00e1 bastante tiempo, ya que solo se dispone de un n\u00famero limitado de plazas al a\u00f1o.<\/p>\n<ul>\n<li>Primer paso. Un patrocinador debe presentar los documentos exigidos en la Ley de Inmigraci\u00f3n y Nacionalidad. Los residentes permanentes legales deben consultar con un abogado especializado en petici\u00f3n familiar para asegurarse de que cumplir\u00e1n todos los requisitos.<\/li>\n<li>Segundo paso. A continuaci\u00f3n, los funcionarios autorizados del Estado examinar\u00e1n la solicitud del promotor e inspeccionar\u00e1n minuciosamente los documentos. Se asegurar\u00e1n de que todo sea aut\u00e9ntico y no constituya un fraude o una actividad delictiva. Si los funcionarios deniegan la petici\u00f3n, se puede acudir al Centro Nacional de Visas e intentar obtener su aprobaci\u00f3n.<\/li>\n<li>Tercer paso. Ahora es el periodo de espera. Si los solicitados por el reagrupante pertenecen al grupo de preferencia familiar, el tiempo de espera ser\u00e1 m\u00e1s r\u00e1pido debido a su relaci\u00f3n inmediata con el reagrupante.<\/li>\n<li>Pero, cuando se soliciten familiares que no sean parientes directos, se esperar\u00e1 a que haya una apertura en relaci\u00f3n con el l\u00edmite anual de Green Cards que puede administrar el Estado. Suelen esperar un a\u00f1o antes de saber si la Visa est\u00e1 disponible.<\/li>\n<li>Paso 4. Si la autoridad aprueba la petici\u00f3n, la familia del reagrupante puede solicitar la Green Card. Si a\u00fan se encuentran fuera de EE.UU., deben acudir a un consulado estadounidense en su pa\u00eds para tramitar los documentos necesarios.<\/li>\n<\/ul>\n<p>Tras estos pasos, el inmigrante por razones familiares debe demostrar que dispondr\u00e1 de medios econ\u00f3micos para vivir en Estados Unidos.<\/p>\n<h2>Presentaci\u00f3n de la declaraci\u00f3n jurada de apoyo I-864<\/h2>\n<p>Los inmigrantes por razones familiares, incluidos los familiares de ciudadanos estadounidenses, deben presentar una declaraci\u00f3n jurada de apoyo al presentar una solicitud de ajuste ante <a href=\"https:\/\/uscis.gov\/\" target=\"_blank\" rel=\"noopener\">USCIS<\/a>. El prop\u00f3sito de la declaraci\u00f3n jurada es demostrar que el familiar puede venir y vivir legalmente en Estados Unidos sin convertirse en una carga p\u00fablica.<\/p>\n<p>Las personas susceptibles de convertirse en cargas p\u00fablicas no pueden convertirse en residentes permanentes ni ser admitidas en el pa\u00eds. Se requiere una declaraci\u00f3n jurada de apoyo para las solicitudes de ajuste presentadas en nombre de inmigrantes basados en la familia. Como requisito, el promotor de la solicitud debe ser ciudadano estadounidense o residente permanente.<\/p>\n<p>El promotor de una solicitud de ajuste debe cumplir un requisito de ingresos espec\u00edfico vinculado a las directrices anuales sobre el \u00edndice de pobreza. Deben establecer que el patrocinador debe tener unos ingresos de al menos el 125% del nivel de pobreza. La fuente de ingresos incluye al padrino, a sus hijos y a sus familiares que vivan en la misma residencia.<\/p>\n<p>La forma m\u00e1s habitual de acreditar los ingresos es mediante formularios W-2, declaraciones de la renta y cartas de empleo. Estos documentos deben estar impresos en papel de la empresa e incluir el salario del empleado, sus responsabilidades laborales y la fecha de inicio y fin de su empleo. Adem\u00e1s, un promotor tambi\u00e9n puede utilizar activos para cumplir el requisito de ingresos. Se trata de cuentas bancarias, bonos, bienes inmuebles y certificados de dep\u00f3sito.<\/p>\n<p><img decoding=\"async\" class=\"alignnone size-full wp-image-46086\" src=\"https:\/\/www.lincolngoldfinch.com\/wp-content\/uploads\/2023\/01\/asesorese-legalmente-sobre-como-realizar-una-peticion-familiar-y-reencontrarse-con-sus-seres-queridos.webp\" alt=\"Ases\u00f3rese Legalmente Sobre C\u00f3mo Realizar Una Petici\u00f3n Familiar Y Reencontrarse Con Sus Seres Queridos Sin Que Les Puedan Deportar\" width=\"100%\" height=\"450\" \/><\/p>\n<h2>El papel de un abogado de petici\u00f3n familiar<\/h2>\n<p>Cumplimentar la documentaci\u00f3n adecuada para un familiar es crucial para que el Servicio de Ciudadan\u00eda e Inmigraci\u00f3n de EE.UU. (USCIS) apruebe la solicitud. Pero prepararlo todo uno mismo es todo un reto, sobre todo cuando no se est\u00e1 familiarizado con las leyes de inmigraci\u00f3n ni con la redacci\u00f3n de los documentos legales necesarios.<\/p>\n<p>Un abogado especializado en petici\u00f3n familiar puede ayudarle a decidir si puede presentar una petici\u00f3n para un familiar en virtud de su condici\u00f3n de ciudadano estadounidense o titular de una Green Card. Le asesorar\u00e1n sobre el porcentaje de \u00e9xito del proceso de inmigraci\u00f3n familiar y le explicar\u00e1n con franqueza los obst\u00e1culos que pueden surgir.<\/p>\n<p>Entonces, \u00bfcu\u00e1ndo es el momento adecuado para contratar a un abogado especialista en petici\u00f3n familiar? \u00bfO deber\u00eda comprometerse con uno desde el principio? Por supuesto, debe contratar uno antes de presentar la solicitud. Aunque muchas personas deciden presentar la solicitud por su cuenta, saber qu\u00e9 paso dar puede costarle mucho trabajo si tiene de su lado a un abogado especializado en casos de petici\u00f3n familiar.<\/p>\n<p>Un abogado cualificado y con experiencia puede ayudarle a navegar por el complejo proceso de inmigraci\u00f3n quit\u00e1ndole la pesada carga y el estr\u00e9s de encima. Hay cosas en un procedimiento legal como la inmigraci\u00f3n familiar que las personas deben dejar en manos de un abogado de petici\u00f3n familiar competente. Pueden ayudarle a identificar qu\u00e9 miembro de la familia puede solicitar una categor\u00eda y condici\u00f3n espec\u00edficas y asesorarle para solucionar cualquier problema.<\/p>\n<h2>Lincoln-Goldfinch Law &#8211; Abogados de Inmigraci\u00f3n Firm<\/h2>\n<p>Tener a los seres queridos a tu lado es fundamental para tu salud emocional, especialmente en estos tiempos dif\u00edciles. Sin embargo, el proceso de inmigraci\u00f3n familiar puede ser muy largo y complicado debido al n\u00famero de documentos que debe presentar. Con la ayuda de un abogado especialista en casos de petici\u00f3n familiar de Lincoln-Goldfinch Law &#8211; Abogados de Inmigraci\u00f3n Firm, podr\u00e1 preocuparse menos y superar este proceso con \u00e9xito.<\/p>\n<p>Ellos se encargar\u00e1n de todo el proceso de principio a fin, asegur\u00e1ndose de que usted y su familia est\u00e9n constantemente informados. Si necesita ayuda con la solicitud de una Visa de inmigraci\u00f3n basada en la familia, p\u00f3ngase en contacto con Lincoln-Goldfinch Law &#8211; Abogados de Inmigraci\u00f3n Firm. Han ayudado a cientos de familias a reunirse y vivir en Estados Unidos de forma permanente. As\u00ed que p\u00f3ngase en contacto con su abogado de petici\u00f3n familiar ahora para una evaluaci\u00f3n gratuita.<\/p>\n<\/div><\/div><\/div><\/div><\/div>\n<div class=\"gsp_post_data\" \r\n\t            data-post_type=\"page\" \r\n\t            data-cat=\"\" \r\n\t            data-modified=\"120\"\r\n\t            data-created=\"1674157753\"\r\n\t            data-title=\"Abogado de petici\u00f3n familiar e inmigraci\u00f3n familiar en Texas\" \r\n\t            data-home=\"https:\/\/www.lincolngoldfinch.com\/es\/\"><\/div>","protected":false},"excerpt":{"rendered":"","protected":false},"author":1,"featured_media":0,"parent":98550,"menu_order":0,"comment_status":"closed","ping_status":"closed","template":"","meta":{"_acf_changed":false,"rop_custom_images_group":[],"rop_custom_messages_group":[],"rop_publish_now":"initial","rop_publish_now_accounts":[],"rop_publish_now_history":[],"rop_publish_now_status":"pending","_analytify_skip_tracking":false,"rank_math_title":"Abogados de petici\u00f3n familiar cerca de Austin, Texas","rank_math_description":"Aprende aqu\u00ed c\u00f3mo una firma de abogados de petici\u00f3n familiar te ayuda en procesos migratorios presentando la solicitud y gui\u00e1ndote..","rank_math_focus_keyword":"petici\u00f3n familiar","rank_math_canonical_url":"","footnotes":""},"class_list":["post-46033","page","type-page","status-publish","hentry"],"acf":[],"_links":{"self":[{"href":"https:\/\/www.lincolngoldfinch.com\/es\/wp-json\/wp\/v2\/pages\/46033","targetHints":{"allow":["GET"]}}],"collection":[{"href":"https:\/\/www.lincolngoldfinch.com\/es\/wp-json\/wp\/v2\/pages"}],"about":[{"href":"https:\/\/www.lincolngoldfinch.com\/es\/wp-json\/wp\/v2\/types\/page"}],"author":[{"embeddable":true,"href":"https:\/\/www.lincolngoldfinch.com\/es\/wp-json\/wp\/v2\/users\/1"}],"replies":[{"embeddable":true,"href":"https:\/\/www.lincolngoldfinch.com\/es\/wp-json\/wp\/v2\/comments?post=46033"}],"version-history":[{"count":2,"href":"https:\/\/www.lincolngoldfinch.com\/es\/wp-json\/wp\/v2\/pages\/46033\/revisions"}],"predecessor-version":[{"id":107396,"href":"https:\/\/www.lincolngoldfinch.com\/es\/wp-json\/wp\/v2\/pages\/46033\/revisions\/107396"}],"up":[{"embeddable":true,"href":"https:\/\/www.lincolngoldfinch.com\/es\/wp-json\/wp\/v2\/pages\/98550"}],"wp:attachment":[{"href":"https:\/\/www.lincolngoldfinch.com\/es\/wp-json\/wp\/v2\/media?parent=46033"}],"curies":[{"name":"wp","href":"https:\/\/api.w.org\/{rel}","templated":true}]}}