{"id":46030,"date":"2023-01-19T19:47:04","date_gmt":"2023-01-20T01:47:04","guid":{"rendered":"https:\/\/www.lincolngoldfinch.com\/?page_id=46030"},"modified":"2026-03-03T18:55:49","modified_gmt":"2026-03-04T00:55:49","slug":"formulario-i-130","status":"publish","type":"page","link":"https:\/\/www.lincolngoldfinch.com\/es\/areas-de-practica\/inmigracion-familiar\/formulario-i-130\/","title":{"rendered":"\u00bfC\u00f3mo un abogado de I-130 le ayuda a solicitar familiares?"},"content":{"rendered":"<div class=\"fusion-fullwidth fullwidth-box fusion-builder-row-1 fusion-flex-container has-pattern-background has-mask-background nonhundred-percent-fullwidth non-hundred-percent-height-scrolling\" style=\"--awb-border-radius-top-left:0px;--awb-border-radius-top-right:0px;--awb-border-radius-bottom-right:0px;--awb-border-radius-bottom-left:0px;--awb-flex-wrap:wrap;\" ><div class=\"fusion-builder-row fusion-row fusion-flex-align-items-flex-start fusion-flex-content-wrap\" style=\"max-width:1331.2px;margin-left: calc(-4% \/ 2 );margin-right: calc(-4% \/ 2 );\"><div class=\"fusion-layout-column fusion_builder_column fusion-builder-column-0 fusion_builder_column_1_1 1_1 fusion-flex-column\" style=\"--awb-bg-size:cover;--awb-width-large:100%;--awb-margin-top-large:0px;--awb-spacing-right-large:1.92%;--awb-margin-bottom-large:20px;--awb-spacing-left-large:1.92%;--awb-width-medium:100%;--awb-order-medium:0;--awb-spacing-right-medium:1.92%;--awb-spacing-left-medium:1.92%;--awb-width-small:100%;--awb-order-small:0;--awb-spacing-right-small:1.92%;--awb-spacing-left-small:1.92%;\"><div class=\"fusion-column-wrapper fusion-column-has-shadow fusion-flex-justify-content-flex-start fusion-content-layout-column\"><div class=\"fusion-title title fusion-title-1 fusion-sep-none fusion-title-text fusion-title-size-one\" style=\"--awb-margin-top-small:10px;--awb-margin-right-small:0px;--awb-margin-bottom-small:10px;--awb-margin-left-small:0px;\"><h1 class=\"fusion-title-heading title-heading-left\" style=\"margin:0;\">\u00bfC\u00f3mo un abogado de I-130 le ayuda a solicitar familiares?<\/h1><\/div><div class=\"fusion-text fusion-text-1\"><p>No es raro que los ciudadanos estadounidenses o los residentes permanentes legales tengan familiares fuera del pa\u00eds. Pueden ayudar a su familia inmediata con la residencia permanente o una Green Card con la ayuda de un abogado I-130. Es una forma de que el Gobierno estadounidense haga todo lo posible para ayudar a los ciudadanos que viven en el pa\u00eds a reunirse con sus seres queridos y garantizar el fomento de la vida social y familiar.<br \/>\nSin embargo, la aprobaci\u00f3n de un <a href=\"https:\/\/www.uscis.gov\/i-130\" target=\"_blank\" rel=\"noopener\">formulario I-130 de Petici\u00f3n de Familiar Extranjero<\/a> no cambia autom\u00e1ticamente el estatus de los familiares inmediatos de ciudadanos estadounidenses y LPR; solo probar\u00e1 que tienen una relaci\u00f3n familiar con el patrocinador o titular de la Green Card.<br \/>\n<img decoding=\"async\" class=\"alignnone size-full wp-image-46091\" src=\"https:\/\/www.lincolngoldfinch.com\/wp-content\/uploads\/2023\/01\/con-la-ayuda-de-un-abogado-de-inmigracion-y-de-la-forma-i-130-usted-podra-reunificarse-legalmente-con-su-familia.webp\" alt=\"Con La Ayuda De Un Abogado De Inmigraci\u00f3n Y De La Forma I-130, Usted Podr\u00e1 Reunificarse Legalmente Con Su Familia En EE.UU.\" width=\"100%\" height=\"450\" \/><\/p>\n<h2>Formulario I-130 petici\u00f3n de familiar extranjero<\/h2>\n<p>La petici\u00f3n I-130 establece la legitimidad de la relaci\u00f3n entre el titular de la Green Card y su familiar extranjero. El primer paso para obtener el estatus de titular de la Green Card para los miembros de la familia es presentar una petici\u00f3n I-130 ante el USCIS. Pero primero debe comprobar si cumple los requisitos para optar a ella.<br \/>\nSi puede establecer una relaci\u00f3n con su familiar que le permita venir a Estados Unidos, USCIS aprobar\u00e1 generalmente su formulario I-130. Tras la aprobaci\u00f3n de la petici\u00f3n, el familiar puede solicitar convertirse en LPR o residente permanente legal.<\/p>\n<h2>Presentaci\u00f3n del formulario I-130<\/h2>\n<p>Para presentar el formulario I-130, el solicitante debe ser ciudadano estadounidense o residente legal permanente y tener al menos 18 a\u00f1os de edad. Adem\u00e1s, el solicitante debe aportar pruebas de su situaci\u00f3n migratoria en EE.UU., como una copia de su pasaporte estadounidense o Green Card. No podr\u00e1n proceder a la presentaci\u00f3n de este formulario hasta que se cumplan los requisitos mencionados.<br \/>\nEl solicitante tambi\u00e9n debe aportar pruebas de la relaci\u00f3n entre \u00e9l y el familiar extranjero que desea solicitar, como un certificado de nacimiento, un certificado de matrimonio o un expediente de adopci\u00f3n. Adem\u00e1s, el familiar extranjero debe ser admisible en Estados Unidos y cumplir los requisitos m\u00e9dicos, de seguridad y otros requisitos de inmigraci\u00f3n exigidos.<br \/>\nUna vez aprobado el formulario I-130, el extranjero puede seguir adelante con su solicitud de estatuto de residente permanente. Sin embargo, a\u00fan deben pasar por el proceso legal de obtenci\u00f3n de una Visa y ser aprobados para su admisi\u00f3n en el pa\u00eds antes de poder convertirse en residentes permanentes.<\/p>\n<h2>Familiares cualificados para el formulario I-130<\/h2>\n<p>Un abogado especializado en la I-130 puede ayudarle a solicitar familiares, pero \u00bfa qui\u00e9n puede solicitar usted? Puede presentar la solicitud en nombre de cualquier miembro de la familia que re\u00fana los requisitos para obtener una Green Card basada en la familia. El USCIS define a los familiares directos como c\u00f3nyuges, hijos menores de 21 a\u00f1os y padres de ciudadanos estadounidenses.<br \/>\nEstas personas tienen prioridad y, por lo general, se les tramita m\u00e1s r\u00e1pidamente que a los dem\u00e1s miembros de la familia. Otros miembros de la familia son los hijos solteros mayores de 21 a\u00f1os, los hijos casados de cualquier edad y los hermanos de ciudadanos estadounidenses. Estos familiares tambi\u00e9n pueden solicitar la Green Card familiar.<br \/>\nUn abogado especializado en la I-130 puede ayudarle a determinar si su pariente o familiar directo re\u00fane los requisitos para obtener la Green Card y puede ayudarle con el proceso de solicitud. Pueden recopilar los documentos necesarios, asegurarse de que la solicitud est\u00e1 completa y de que toda la informaci\u00f3n es exacta. Adem\u00e1s, un abogado especializado en la I-130 puede asesorarle sobre la mejor manera de enfocar la solicitud y representarle ante el tribunal de inmigraci\u00f3n si es necesario.<\/p>\n<h2>Presentaci\u00f3n de una solicitud de familiar extranjero<\/h2>\n<p>Puede presentar el formulario I-130 por correo o por Internet. Para presentar la solicitud en l\u00ednea, debe crear una cuenta en el USCIS. Le permitir\u00e1 comprobar su estado, ver la correspondencia de su caso y cargar pruebas justificativas.<br \/>\nTambi\u00e9n puede presentar el formulario I-130 por correo y facilitar su direcci\u00f3n a la agencia gubernamental asignada si vive en Estados Unidos. Una persona que proceda de otro pa\u00eds y tenga previsto presentar el formulario I-485 puede enviarlo a los centros de servicio autorizados.<br \/>\nConsulte con un abogado especialista en I-130 para asegurarse de que presenta los formularios correctos. Dicho esto, los abogados especializados en inmigraci\u00f3n de Lincoln-Goldfinch Law &#8211; Abogados de Inmigraci\u00f3n Firm pueden ayudarle.<\/p>\n<h2>Ventajas de que aprueben su petici\u00f3n<\/h2>\n<p>La aprobaci\u00f3n del formulario I-130 es un hito importante en el proceso de inmigraci\u00f3n familiar. El formulario I-130 es una petici\u00f3n presentada por una persona que es ciudadana de los Estados Unidos o residente legal permanente para patrocinar a un familiar para obtener la Green Card. Una vez aprobada, acerca a un familiar extranjero a la obtenci\u00f3n de la Green Card y a convertirse en residente legal permanente en Estados Unidos.<br \/>\nLa aprobaci\u00f3n del formulario I-130 es el primer paso para solicitar la inmigraci\u00f3n basada en la familia. Es la base de todo el proceso y garantiza que los familiares extranjeros puedan vivir y trabajar en Estados Unidos. Esta aprobaci\u00f3n tambi\u00e9n permite al extranjero viajar dentro y fuera de Estados Unidos y hacer planes de futuro en el pa\u00eds.<br \/>\nLa aprobaci\u00f3n del formulario I-130 tambi\u00e9n es beneficiosa para el ciudadano estadounidense o residente legal permanente que patrocina al familiar extranjero. Esto demuestra que el padrino es econ\u00f3micamente responsable y puede mantener a su familiar. Esta aprobaci\u00f3n tambi\u00e9n puede ayudar al promotor a obtener la aprobaci\u00f3n de otras solicitudes en el futuro.<br \/>\nPor \u00faltimo, la aprobaci\u00f3n del formulario I-130 por el familiar directo es un paso esencial para la reunificaci\u00f3n de las familias, que es uno de los muchos objetivos del Gobierno de Estados Unidos. Significa que pueden obtener una Green Card y convertirse en residentes permanentes de Estados Unidos. Esta Green Card puede utilizarse para obtener empleo, acceder a prestaciones p\u00fablicas y, en \u00faltima instancia, solicitar <a href=\"https:\/\/www.lincolngoldfinch.com\/can-an-illegal-immigrant-get-citizenship\/\">la ciudadan\u00eda<\/a>.<br \/>\nAunque la aprobaci\u00f3n del formulario I-130 tiene muchas ventajas, no es un camino de rosas para todos.<\/p>\n<h2>Cuando se niega la petici\u00f3n I-130<\/h2>\n<p>No todos los Formularios I-130 de Petici\u00f3n de Familiares Extranjeros ser\u00e1n aprobados. Sin embargo, un solicitante puede volver a presentar una solicitud despu\u00e9s de un tiempo determinado si su petici\u00f3n bajo el Formulario I-130 no prosper\u00f3. Por lo general, USICS tarda entre dos y tres semanas en tramitar un caso. Una vez que la agencia reciba la solicitud, enviar\u00e1 un acuse de recibo al solicitante. Les proporcionar\u00e1 una estimaci\u00f3n del tiempo de tramitaci\u00f3n.<br \/>\nUna vez que la petici\u00f3n haya sido aprobada por USCIS, el c\u00f3nyuge o los familiares directos del solicitante original recibir\u00e1n una notificaci\u00f3n oficial. A continuaci\u00f3n, el consulado estadounidense correspondiente se har\u00e1 cargo de la petici\u00f3n.<br \/>\nEs fundamental recordar que la decisi\u00f3n de las autoridades encargadas del tratamiento es discrecional. Basar\u00e1n la aprobaci\u00f3n o negaci\u00f3n en las cualificaciones previstas por la ley. La agencia dar\u00e1 al solicitante original de la petici\u00f3n la motivaci\u00f3n necesaria para su decisi\u00f3n.<br \/>\nAunque la petici\u00f3n no prosperara, el solicitante podr\u00eda volver a solicitarla cumpliendo los mismos requisitos. Adem\u00e1s, la nueva solicitud no es el \u00fanico recurso en caso de negaci\u00f3n. Un solicitante puede apelar su Formulario I-130 negado ante la Junta de Apelaciones de Inmigraci\u00f3n (BIA).<br \/>\nEs importante corregir los errores que provocaron el rechazo inicial. Un abogado especializado en la I-130 puede ayudar a los solicitantes a atravesar el complejo proceso para garantizar que estos errores no se repitan. As\u00ed podr\u00e1n conseguir que se aprueben los cambios necesarios y evitar m\u00e1s retrasos.<br \/>\n<img decoding=\"async\" class=\"alignnone size-full wp-image-46093\" src=\"https:\/\/www.lincolngoldfinch.com\/wp-content\/uploads\/2023\/01\/descubra-que-requisitos-migratorios-necesita-juntar-para-realizar-una-peticion-familiar-dentro-de-los-eeuu.jpg\" alt=\"Descubra Qu\u00e9 Requisitos Migratorios Necesita Juntar Para Realizar Una Petici\u00f3n Familiar Dentro De Los EE.UU.\" width=\"100%\" height=\"450\" srcset=\"https:\/\/www.lincolngoldfinch.com\/wp-content\/uploads\/2023\/01\/descubra-que-requisitos-migratorios-necesita-juntar-para-realizar-una-peticion-familiar-dentro-de-los-eeuu-200x113.jpg 200w, https:\/\/www.lincolngoldfinch.com\/wp-content\/uploads\/2023\/01\/descubra-que-requisitos-migratorios-necesita-juntar-para-realizar-una-peticion-familiar-dentro-de-los-eeuu-400x225.jpg 400w, https:\/\/www.lincolngoldfinch.com\/wp-content\/uploads\/2023\/01\/descubra-que-requisitos-migratorios-necesita-juntar-para-realizar-una-peticion-familiar-dentro-de-los-eeuu-600x338.jpg 600w, https:\/\/www.lincolngoldfinch.com\/wp-content\/uploads\/2023\/01\/descubra-que-requisitos-migratorios-necesita-juntar-para-realizar-una-peticion-familiar-dentro-de-los-eeuu-768x433.jpg 768w, https:\/\/www.lincolngoldfinch.com\/wp-content\/uploads\/2023\/01\/descubra-que-requisitos-migratorios-necesita-juntar-para-realizar-una-peticion-familiar-dentro-de-los-eeuu.jpg 799w\" sizes=\"(max-width: 799px) 100vw, 799px\" \/><\/p>\n<h2>Ayuda de un abogado del formulario de visa I-130<\/h2>\n<p>Un abogado especializado en la I-130 ayuda de varias maneras, como preparando el formulario I-130, redactando memorandos legales y respondiendo a las solicitudes de pruebas del Servicio de Ciudadan\u00eda e Inmigraci\u00f3n de EE.UU. (USCIS). Adem\u00e1s, pueden ayudar con otros asuntos relacionados con el proceso de inmigraci\u00f3n.<br \/>\nIncluso despu\u00e9s de la aprobaci\u00f3n del Formulario I-130, los servicios de un abogado de inmigraci\u00f3n son esenciales porque ahora comenzar\u00e1 el proceso de la Green Card para sus familiares que quieren vivir con usted en EE.UU.. El objetivo principal es la solicitud de ajuste de estatus, los documentos necesarios para el Proceso Consular y cualquier otro papeleo que se requiera.<br \/>\nCuando se tramita la inmigraci\u00f3n de una persona, nunca es buena idea hacer las cosas solo, especialmente en casos cr\u00edticos como la presentaci\u00f3n de una petici\u00f3n para miembros de la familia. As\u00ed que es muy recomendable contratar a un abogado desde la presentaci\u00f3n del formulario I-130 hasta la solicitud de la Green Card . Aliviar\u00e1 su carga y le garantizar\u00e1 mayores posibilidades de estar con su familia en Estados Unidos.<\/p>\n<h2>Lincoln-Goldfinch Law &#8211; Abogados de Inmigraci\u00f3n Firm<\/h2>\n<p>Si a un inmigrante se le ha negado o deportado por diversas cuestiones de inmigraci\u00f3n, como la ciudadan\u00eda o la residencia, puede encontrarse en una situaci\u00f3n compleja y potencialmente perjudicial. Deben asegurar su situaci\u00f3n legal y evitar estos problemas. Si alguna complicaci\u00f3n pudiera afectar a sus solicitudes, deber\u00e1n tratarla de inmediato y con cuidado.<br \/>\nEl abogado experto en I-130 de Lincoln-Goldfinch Law &#8211; Abogados de Inmigraci\u00f3n Firm dedica tiempo a proporcionar a sus clientes el mejor servicio posible. En casos de inmigraci\u00f3n, los abogados especialistas en I-130 trabajar\u00e1n sin descanso para ayudarle a solicitar con \u00e9xito que sus seres queridos puedan vivir y trabajar en Estados Unidos.<\/p>\n<\/div><\/div><\/div><\/div><\/div>\n<div class=\"gsp_post_data\" \r\n\t            data-post_type=\"page\" \r\n\t            data-cat=\"\" \r\n\t            data-modified=\"120\"\r\n\t            data-created=\"1674157624\"\r\n\t            data-title=\"\u00bfC\u00f3mo un abogado de I-130 le ayuda a solicitar familiares?\" \r\n\t            data-home=\"https:\/\/www.lincolngoldfinch.com\/es\/\"><\/div>","protected":false},"excerpt":{"rendered":"","protected":false},"author":1,"featured_media":0,"parent":46033,"menu_order":0,"comment_status":"closed","ping_status":"closed","template":"","meta":{"_acf_changed":false,"rop_custom_images_group":[],"rop_custom_messages_group":[],"rop_publish_now":"initial","rop_publish_now_accounts":[],"rop_publish_now_history":[],"rop_publish_now_status":"pending","_analytify_skip_tracking":false,"rank_math_title":"Abogado de I-130 cerca de Austin, Texas","rank_math_description":"Un abogado de I-130 lo ayuda a solicitar la residencia para familiares directos y a avanzar en su camino hacia la ciudadan\u00eda.","rank_math_focus_keyword":"i-130","rank_math_canonical_url":"","footnotes":""},"class_list":["post-46030","page","type-page","status-publish","hentry"],"acf":[],"_links":{"self":[{"href":"https:\/\/www.lincolngoldfinch.com\/es\/wp-json\/wp\/v2\/pages\/46030","targetHints":{"allow":["GET"]}}],"collection":[{"href":"https:\/\/www.lincolngoldfinch.com\/es\/wp-json\/wp\/v2\/pages"}],"about":[{"href":"https:\/\/www.lincolngoldfinch.com\/es\/wp-json\/wp\/v2\/types\/page"}],"author":[{"embeddable":true,"href":"https:\/\/www.lincolngoldfinch.com\/es\/wp-json\/wp\/v2\/users\/1"}],"replies":[{"embeddable":true,"href":"https:\/\/www.lincolngoldfinch.com\/es\/wp-json\/wp\/v2\/comments?post=46030"}],"version-history":[{"count":0,"href":"https:\/\/www.lincolngoldfinch.com\/es\/wp-json\/wp\/v2\/pages\/46030\/revisions"}],"up":[{"embeddable":true,"href":"https:\/\/www.lincolngoldfinch.com\/es\/wp-json\/wp\/v2\/pages\/46033"}],"wp:attachment":[{"href":"https:\/\/www.lincolngoldfinch.com\/es\/wp-json\/wp\/v2\/media?parent=46030"}],"curies":[{"name":"wp","href":"https:\/\/api.w.org\/{rel}","templated":true}]}}