{"id":44048,"date":"2022-12-13T09:14:06","date_gmt":"2022-12-13T15:14:06","guid":{"rendered":"https:\/\/www.lincolngoldfinch.com\/?page_id=44048"},"modified":"2024-11-29T16:48:49","modified_gmt":"2024-11-29T22:48:49","slug":"visa-u-solicitud-de-certificacion","status":"publish","type":"page","link":"https:\/\/www.lincolngoldfinch.com\/es\/viaje-del-cliente\/visa-u-solicitud-de-certificacion\/","title":{"rendered":"Visa U: Solicitud de certificaci\u00f3n"},"content":{"rendered":"<div class=\"fusion-fullwidth fullwidth-box fusion-builder-row-1 fusion-flex-container fusion-parallax-fixed nonhundred-percent-fullwidth non-hundred-percent-height-scrolling\" style=\"--awb-border-radius-top-left:0px;--awb-border-radius-top-right:0px;--awb-border-radius-bottom-right:0px;--awb-border-radius-bottom-left:0px;--awb-padding-top:0px;--awb-padding-bottom:30px;--awb-padding-right-small:0px;--awb-padding-left-small:0px;--awb-margin-top:0px;--awb-margin-bottom:0px;--awb-background-image:url(&quot;https:\/\/www.lincolngoldfinch.com\/wp-content\/uploads\/2024\/07\/immigration-legal-firm-lincoln-goldfinch-law.png&quot;);--awb-background-size:cover;--awb-flex-wrap:wrap;background-attachment:fixed;\" ><div class=\"fusion-builder-row fusion-row fusion-flex-align-items-flex-start fusion-flex-content-wrap\" style=\"max-width:1331.2px;margin-left: calc(-4% \/ 2 );margin-right: calc(-4% \/ 2 );\"><div class=\"fusion-layout-column fusion_builder_column fusion-builder-column-0 fusion_builder_column_1_1 1_1 fusion-flex-column\" style=\"--awb-padding-right-small:20px;--awb-padding-left-small:20px;--awb-bg-size:cover;--awb-width-large:100%;--awb-margin-top-large:0px;--awb-spacing-right-large:1.92%;--awb-margin-bottom-large:0px;--awb-spacing-left-large:1.92%;--awb-width-medium:100%;--awb-order-medium:0;--awb-spacing-right-medium:1.92%;--awb-spacing-left-medium:1.92%;--awb-width-small:100%;--awb-order-small:0;--awb-spacing-right-small:0px;--awb-spacing-left-small:0px;\"><div class=\"fusion-column-wrapper fusion-column-has-shadow fusion-flex-justify-content-flex-start fusion-content-layout-column\"><div class=\"fusion-section-separator section-separator hills-opacity fusion-section-separator-1 fusion-no-small-visibility\" style=\"--awb-spacer-padding-top:inherit;--awb-svg-margin-left:1.92%;--awb-svg-margin-right:1.92%;--awb-svg-margin-left-medium:1.92%;--awb-svg-margin-right-medium:1.92%;--awb-svg-margin-left-small:0px;--awb-svg-margin-right-small:0px;--awb-divider-height:75px;--awb-spacer-height:75px;--awb-sep-font-size:0;--awb-sep-line-height:0;--awb-margin-top:0px;--awb-margin-right:0px;--awb-margin-bottom:40px;--awb-margin-left:0px;\"><div class=\"fusion-section-separator-svg\"><svg class=\"fusion-hills-opacity-candy\" xmlns=\"http:\/\/www.w3.org\/2000\/svg\" version=\"1.1\" width=\"100%\" viewBox=\"0 0 1024 182\" preserveAspectRatio=\"none\" fill=\"rgba(255,204,0,1)\"><path class=\"st0\" d=\"M0 0h1024v140.5C995.9 162 963.9 178 926.9 178c-112.8 0-198.1-93.8-289.8-93.8s-199.5 91-285.3 91-142.2-82.1-238.5-82.1c-63.1 0-75.7 31.6-113.3 53.6V0z\"\/>\n\t\t\t\t\t\t\t\t\t<path class=\"st1\" d=\"M1024 0v75.9C984.3 60 942.2 48.6 905.3 50.1c-110.4 4.5-191.8 109.8-325.5 116.2C470.6 171.5 235.6 46.1 150.3 0H1024z\"\/>\n\t\t\t\t\t\t\t\t\t<path class=\"st2\" d=\"M0 0h1024v92c-57.5 30.9-116.9 73.7-199.9 75-133.8 2-158.9-87.9-342-87.9S202.1 183.7 74.2 182c-27.8-.3-52.4-4.2-74.2-9.7V0z\"\/>\n\t\t\t\t\t\t\t\t\t<path class=\"st3\" d=\"M0 0h1024v101.6C986.8 82 943.3 66.3 884.4 65.4 733.3 63 742.8 94 585.9 94.6S447 47.6 280.4 50.9C132.8 53.6 91.2 137.5 0 154V0z\"\/>\n\t\t\t\t\t\t\t\t\t<path class=\"st4\" d=\"M0 0h1024v77.3c-49-20.1-120.5-42.4-193.2-42.1-128.9.5-159.8 72.3-255.8 72.3-89.1 0-134.7-80.2-245-82-110.4-1.8-160.9 57.2-280 59.2-17.2.3-33.9-1.8-50-5.7V0z\"\/>\n\t\t\t\t\t\t\t\t<\/svg><\/div><div class=\"fusion-section-separator-spacer\"><div class=\"fusion-section-separator-spacer-height\"><\/div><\/div><\/div><div class=\"fusion-image-element \" style=\"text-align:center;--awb-margin-top:0px;--awb-margin-right:0px;--awb-margin-bottom:20px;--awb-margin-left:0px;--awb-max-width:95%;--awb-caption-title-font-family:var(--h2_typography-font-family);--awb-caption-title-font-weight:var(--h2_typography-font-weight);--awb-caption-title-font-style:var(--h2_typography-font-style);--awb-caption-title-size:var(--h2_typography-font-size);--awb-caption-title-transform:var(--h2_typography-text-transform);--awb-caption-title-line-height:var(--h2_typography-line-height);--awb-caption-title-letter-spacing:var(--h2_typography-letter-spacing);\"><span class=\" fusion-imageframe imageframe-none imageframe-1 hover-type-none section-title\"><img decoding=\"async\" width=\"1920\" height=\"320\" title=\"Solicitud De Certificacion\" src=\"https:\/\/www.lincolngoldfinch.com\/wp-content\/uploads\/2022\/12\/Solicitud-De-Certificacion.png\" alt class=\"img-responsive wp-image-44056\" srcset=\"https:\/\/www.lincolngoldfinch.com\/wp-content\/uploads\/2022\/12\/Solicitud-De-Certificacion-200x33.png 200w, https:\/\/www.lincolngoldfinch.com\/wp-content\/uploads\/2022\/12\/Solicitud-De-Certificacion-400x67.png 400w, https:\/\/www.lincolngoldfinch.com\/wp-content\/uploads\/2022\/12\/Solicitud-De-Certificacion-600x100.png 600w, https:\/\/www.lincolngoldfinch.com\/wp-content\/uploads\/2022\/12\/Solicitud-De-Certificacion-800x133.png 800w, https:\/\/www.lincolngoldfinch.com\/wp-content\/uploads\/2022\/12\/Solicitud-De-Certificacion-1200x200.png 1200w, https:\/\/www.lincolngoldfinch.com\/wp-content\/uploads\/2022\/12\/Solicitud-De-Certificacion.png 1920w\" sizes=\"(max-width: 640px) 100vw, 1920px\" \/><\/span><\/div><div class=\"fusion-video fusion-youtube\" style=\"--awb-max-width:900px;--awb-max-height:506px;--awb-align-self:center;--awb-width:100%;\"><div class=\"video-shortcode\"><div class=\"fluid-width-video-wrapper\" style=\"padding-top:56.22%;\" ><iframe title=\"YouTube video player 1\" src=\"https:\/\/www.youtube.com\/embed\/NfWLFYpKlIo?rel=0?wmode=transparent&autoplay=0\" width=\"900\" height=\"506\" allowfullscreen allow=\"autoplay; clipboard-write; encrypted-media; gyroscope; picture-in-picture;\"><\/iframe><\/div><\/div><\/div><div class=\"fusion-text fusion-text-1 fusion-text-no-margin\" style=\"--awb-text-transform:none;--awb-margin-top:40px;--awb-margin-right:15px;--awb-margin-bottom:20px;--awb-margin-left:15px;\"><p><strong>Estimado cliente:<\/strong><\/p>\n<p><span style=\"font-weight: 400;\">Est\u00e1 recibiendo este correo electr\u00f3nico porque en esta etapa de su caso, s<\/span><b>u Equipo Legal ha enviado la solicitud de Certificaci\u00f3n para su caso de Visa U a la agencia apropiada.\u00a0<\/b><\/p>\n<p><span style=\"font-weight: 400;\">Este proceso puede ser estresante y llevar mucho tiempo. Sin embargo, la solicitud de Certificaci\u00f3n de Visa U es un requisito para que podamos seguir adelante con su solicitud de la visa.\u00a0<\/span><\/p>\n<p><span style=\"font-weight: 400;\">Necesitamos recibir su Certificaci\u00f3n firmada antes de que podamos seguir adelante con su caso. Este proceso puede tomar desde tan solo tres (3) meses y hasta un a\u00f1o. Aunque no esperamos que una respuesta sobre su Certificaci\u00f3n demore tanto, hemos visto algunos casos que han demorado alrededor de un a\u00f1o, por lo que queremos que usted est\u00e9 preparado si este es el caso.<\/span><\/p>\n<p><span style=\"font-weight: 400;\">Desafortunadamente, no podemos controlar el tiempo de procesamiento o la decisi\u00f3n de la agencia de aplicaci\u00f3n de la ley a la que enviamos su Certificaci\u00f3n.<\/span><\/p>\n<p><span style=\"font-weight: 400;\">Si por alguna raz\u00f3n no recibimos una respuesta de una agencia, podemos intentar solicitar una Certificaci\u00f3n de una agencia diferente, si corresponde. Recuerde que cada agencia es diferente y su equipo legal est\u00e1 haciendo todo lo posible para comunicarse de manera efectiva con las agencias involucradas para tratar de obtener un resultado positivo para su caso.<\/span><\/p>\n<p><span style=\"font-weight: 400;\">Una vez que se haya firmado su Certificaci\u00f3n de Visa U, tenga en cuenta que tenemos un plazo de seis (6) meses a partir de la fecha en que se firm\u00f3 para enviar la solicitud de Visa U completa a USCIS<\/span><span style=\"font-weight: 400;\">.<\/span><\/p>\n<p><span style=\"font-weight: 400;\">Incluso despu\u00e9s de que se haya firmado la Certificaci\u00f3n, usted deber\u00e1 seguir cooperando con las fuerzas del orden p\u00fablico si se lo solicitan. Esto se debe a que los organismos encargados de hacer cumplir la ley siempre pueden revocar la U-Cert, incluso despu\u00e9s de ser firmada.<\/span><\/p>\n<p><span style=\"font-weight: 400;\">Mientras su Certificaci\u00f3n de Visa U est\u00e1 pendiente, usted puede comenzar a recopilar documentos importantes como: pasaportes, actas de nacimiento, decretos de divorcio y licencias de matrimonio. H\u00e1ganos saber si tiene alg\u00fan problema al tratar de recopilar estos documentos.<\/span><\/p>\n<p><b>Por favor inf\u00f3rmenos tambi\u00e9n si usted, o alguno de sus derivados, entra en contacto con la polic\u00eda o inmigraci\u00f3n, ya que esto puede afectar su caso.<\/b><\/p>\n<p><span style=\"font-weight: 400;\">Si tiene alguna pregunta o inquietud, no dude en comunicarse con su Especialista de Atenci\u00f3n al Cliente. Su Equipo Legal est\u00e1 a su servicio para lo que necesite.\u00a0<\/span><\/p>\n<p>Gracias por su confianza.<\/p>\n<p>Respetuosamente,<\/p>\n<p><strong>Lincoln-Goldfinch Law &#8211; Abogados de Inmigraci\u00f3n<\/strong><\/p>\n<\/div><\/div><\/div><div class=\"fusion-layout-column fusion_builder_column fusion-builder-column-1 fusion_builder_column_1_1 1_1 fusion-flex-column\" style=\"--awb-padding-right-small:0px;--awb-padding-left-small:0px;--awb-bg-size:cover;--awb-width-large:100%;--awb-margin-top-large:0px;--awb-spacing-right-large:1.92%;--awb-margin-bottom-large:20px;--awb-spacing-left-large:1.92%;--awb-width-medium:100%;--awb-order-medium:0;--awb-spacing-right-medium:1.92%;--awb-spacing-left-medium:1.92%;--awb-width-small:100%;--awb-order-small:0;--awb-spacing-right-small:0px;--awb-spacing-left-small:0px;\"><div class=\"fusion-column-wrapper fusion-column-has-shadow fusion-flex-justify-content-flex-start fusion-content-layout-column\"><div style=\"--awb-image-max-width:80%;--awb-alignment:center;--awb-popover-heading-background-color:var(--awb-color4);--awb-popover-content-background-color:var(--awb-color4);--awb-popover-text-color:#000000;--awb-popover-border-color:#000000;--awb-margin-top:20px;--awb-margin-right:0px;--awb-margin-bottom:0px;--awb-margin-left:0px;\" class=\"awb-image-hotspots awb-image-hotspots-1\"><div class=\"awb-image-hotspots-wrapper\"><img decoding=\"async\" src=\"https:\/\/www.lincolngoldfinch.com\/wp-content\/uploads\/2022\/12\/Visa-U-Solicitud-De-Certificacion.png\" alt=\"Visa U Solicitud De Certificacion\" width=\"1920\" height=\"3049\" title=\"Visa U Solicitud De Certificacion\" class=\"awb-image-hotspots-image wp-image-44049\" srcset=\"https:\/\/www.lincolngoldfinch.com\/wp-content\/uploads\/2022\/12\/Visa-U-Solicitud-De-Certificacion-200x318.png 200w, https:\/\/www.lincolngoldfinch.com\/wp-content\/uploads\/2022\/12\/Visa-U-Solicitud-De-Certificacion-400x635.png 400w, https:\/\/www.lincolngoldfinch.com\/wp-content\/uploads\/2022\/12\/Visa-U-Solicitud-De-Certificacion-600x953.png 600w, https:\/\/www.lincolngoldfinch.com\/wp-content\/uploads\/2022\/12\/Visa-U-Solicitud-De-Certificacion-768x1220.png 768w, https:\/\/www.lincolngoldfinch.com\/wp-content\/uploads\/2022\/12\/Visa-U-Solicitud-De-Certificacion-800x1270.png 800w, https:\/\/www.lincolngoldfinch.com\/wp-content\/uploads\/2022\/12\/Visa-U-Solicitud-De-Certificacion-967x1536.png 967w, https:\/\/www.lincolngoldfinch.com\/wp-content\/uploads\/2022\/12\/Visa-U-Solicitud-De-Certificacion-1000x1588.png 1000w, https:\/\/www.lincolngoldfinch.com\/wp-content\/uploads\/2022\/12\/Visa-U-Solicitud-De-Certificacion-1200x1906.png 1200w, https:\/\/www.lincolngoldfinch.com\/wp-content\/uploads\/2022\/12\/Visa-U-Solicitud-De-Certificacion-1290x2048.png 1290w, https:\/\/www.lincolngoldfinch.com\/wp-content\/uploads\/2022\/12\/Visa-U-Solicitud-De-Certificacion-1500x2382.png 1500w, https:\/\/www.lincolngoldfinch.com\/wp-content\/uploads\/2022\/12\/Visa-U-Solicitud-De-Certificacion.png 1920w\" sizes=\"(max-width: 1920px) 100vw, 1920px\"\/><a style=\"--awb-font-size:20px;--awb-hotspot-text-color:var(--awb-color4);--awb-hotspot-background-color:#000000;--awb-hotspot-hover-text-color:#000000;--awb-hotspot-hover-background-color:var(--awb-color4);--awb-icon-distance:0px;--awb-padding-top:10px;--awb-padding-right:5px;--awb-padding-bottom:10px;--awb-padding-left:5px;--awb-border-radius-top-left:5px;--awb-border-radius-top-right:5px;--awb-border-radius-bottom-right:5px;--awb-border-radius-bottom-left:5px;--awb-pos-x:54.2%;--awb-pos-y:33.3%;\" class=\"awb-image-hotspots-hotspot awb-image-hotspots-hotspot-1 awb-image-hotspots-hotspot-anim-pumping\" role=\"button\" tabindex=\"0\" data-awb-toggle-image-hotspot-popover=\"true\" data-title=\"Solicitud De Certificaci\u00f3n\" data-content=\"Cont\u00e1ctenos si tiene dudas o preguntas sobre su caso.\" data-trigger=\"hover focus\" data-placement=\"auto left\"><i class=\"fa-map-marker-alt fas\"><\/i> USTED EST\u00c1 AQU\u00cd<\/a><\/div><\/div><\/div><\/div><div class=\"fusion-layout-column fusion_builder_column fusion-builder-column-2 fusion_builder_column_1_1 1_1 fusion-flex-column\" style=\"--awb-bg-size:cover;--awb-width-large:100%;--awb-margin-top-large:0px;--awb-spacing-right-large:1.92%;--awb-margin-bottom-large:20px;--awb-spacing-left-large:1.92%;--awb-width-medium:100%;--awb-order-medium:0;--awb-spacing-right-medium:1.92%;--awb-spacing-left-medium:1.92%;--awb-width-small:100%;--awb-order-small:0;--awb-spacing-right-small:1.92%;--awb-spacing-left-small:1.92%;\"><div class=\"fusion-column-wrapper fusion-column-has-shadow fusion-flex-justify-content-flex-start fusion-content-layout-column\"><div class=\"fusion-image-element \" style=\"text-align:center;--awb-margin-top:0px;--awb-margin-right:0px;--awb-margin-bottom:20px;--awb-margin-left:0px;--awb-max-width:90%;--awb-caption-title-font-family:var(--h2_typography-font-family);--awb-caption-title-font-weight:var(--h2_typography-font-weight);--awb-caption-title-font-style:var(--h2_typography-font-style);--awb-caption-title-size:var(--h2_typography-font-size);--awb-caption-title-transform:var(--h2_typography-text-transform);--awb-caption-title-line-height:var(--h2_typography-line-height);--awb-caption-title-letter-spacing:var(--h2_typography-letter-spacing);\"><span class=\" fusion-imageframe imageframe-none imageframe-2 hover-type-none section-title\"><img decoding=\"async\" width=\"1920\" height=\"237\" alt=\"Pasos Por El Camino\" title=\"Pasos Por El Camino\" src=\"https:\/\/www.lincolngoldfinch.com\/wp-content\/uploads\/2022\/09\/Pasos-Por-El-Camino.png\" class=\"img-responsive wp-image-38142\" srcset=\"https:\/\/www.lincolngoldfinch.com\/wp-content\/uploads\/2022\/09\/Pasos-Por-El-Camino-200x25.png 200w, https:\/\/www.lincolngoldfinch.com\/wp-content\/uploads\/2022\/09\/Pasos-Por-El-Camino-400x49.png 400w, https:\/\/www.lincolngoldfinch.com\/wp-content\/uploads\/2022\/09\/Pasos-Por-El-Camino-600x74.png 600w, https:\/\/www.lincolngoldfinch.com\/wp-content\/uploads\/2022\/09\/Pasos-Por-El-Camino-800x99.png 800w, https:\/\/www.lincolngoldfinch.com\/wp-content\/uploads\/2022\/09\/Pasos-Por-El-Camino-1200x148.png 1200w, https:\/\/www.lincolngoldfinch.com\/wp-content\/uploads\/2022\/09\/Pasos-Por-El-Camino.png 1920w\" sizes=\"(max-width: 640px) 100vw, 1920px\" \/><\/span><\/div><div class=\"fusion-builder-row fusion-builder-row-inner fusion-row fusion-flex-align-items-flex-start fusion-flex-content-wrap\" style=\"--awb-flex-grow:0;--awb-flex-grow-medium:0;--awb-flex-grow-small:0;--awb-flex-shrink:0;--awb-flex-shrink-medium:0;--awb-flex-shrink-small:0;width:104% !important;max-width:104% !important;margin-left: calc(-4% \/ 2 );margin-right: calc(-4% \/ 2 );\"><div class=\"fusion-layout-column fusion_builder_column_inner fusion-builder-nested-column-0 fusion_builder_column_inner_1_2 1_2 fusion-flex-column fusion-flex-align-self-stretch\" style=\"--awb-padding-left:25%;--awb-padding-right-small:0px;--awb-padding-bottom-small:0px;--awb-padding-left-small:18%;--awb-bg-size:cover;--awb-width-large:50%;--awb-margin-top-large:0px;--awb-spacing-right-large:3.84%;--awb-margin-bottom-large:20px;--awb-spacing-left-large:3.84%;--awb-width-medium:50%;--awb-order-medium:0;--awb-spacing-right-medium:3.84%;--awb-spacing-left-medium:3.84%;--awb-width-small:100%;--awb-order-small:1;--awb-spacing-right-small:0px;--awb-margin-bottom-small:0px;--awb-spacing-left-small:0px;\"><div class=\"fusion-column-wrapper fusion-column-has-shadow fusion-flex-justify-content-flex-start fusion-content-layout-column\"><ul style=\"--awb-line-height:27.2px;--awb-icon-width:27.2px;--awb-icon-height:27.2px;--awb-icon-margin:11.2px;--awb-content-margin:38.4px;--awb-circlecolor:var(--awb-color4);--awb-circle-yes-font-size:14.08px;\" class=\"fusion-checklist fusion-checklist-1 fusion-checklist-default type-icons to-do-list\"><li class=\"fusion-li-item\" style=\"\"><span class=\"icon-wrapper circle-yes\"><i class=\"fusion-li-icon awb-icon-check\" aria-hidden=\"true\"><\/i><\/span><div class=\"fusion-li-item-content\"><a href=\"https:\/\/www.lincolngoldfinch.com\/es\/viaje-del-cliente\/visa-u-bienvenido-a-lincoln-goldfinch-law\/\">1. \u00a1Bienvenido A Lincoln-Goldfinch Law &#8211; Abogados de Inmigraci\u00f3n!<\/a><\/div><\/li><li class=\"fusion-li-item\" style=\"\"><span class=\"icon-wrapper circle-yes\"><i class=\"fusion-li-icon awb-icon-check\" aria-hidden=\"true\"><\/i><\/span><div class=\"fusion-li-item-content\"><a href=\"https:\/\/www.lincolngoldfinch.com\/es\/viaje-del-cliente\/visa-u-conoce-al-equipo\/\">2. Conoce Al Equipo<\/a><\/div><\/li><li class=\"fusion-li-item\" style=\"\"><span class=\"icon-wrapper circle-yes\"><i class=\"fusion-li-icon awb-icon-check\" aria-hidden=\"true\"><\/i><\/span><div class=\"fusion-li-item-content\"><a href=\"https:\/\/www.lincolngoldfinch.com\/es\/viaje-del-cliente\/visa-u-informacion-de-la-visa\/\">3. Informaci\u00f3n De Visa U<\/a><\/div><\/li><li class=\"fusion-li-item\" style=\"\"><span class=\"icon-wrapper circle-yes\"><i class=\"fusion-li-icon awb-icon-check\" aria-hidden=\"true\"><\/i><\/span><div class=\"fusion-li-item-content\"><a href=\"https:\/\/www.lincolngoldfinch.com\/es\/viaje-del-cliente\/visa-u-gerente-de-cuentas\/\">4. Gerente De Cuentas<\/a><\/div><\/li><li class=\"fusion-li-item\" style=\"\"><span class=\"icon-wrapper circle-yes\"><i class=\"fusion-li-icon awb-icon-check\" aria-hidden=\"true\"><\/i><\/span><div class=\"fusion-li-item-content\">5. Solicitud De Certificaci\u00f3n<\/div><\/li><\/ul><ul style=\"--awb-line-height:27.2px;--awb-icon-width:27.2px;--awb-icon-height:27.2px;--awb-icon-margin:11.2px;--awb-content-margin:38.4px;\" class=\"fusion-checklist fusion-checklist-2 fusion-checklist-default type-icons to-do-list\"><li class=\"fusion-li-item\" style=\"\"><span class=\"icon-wrapper circle-no\"><i class=\"fusion-li-icon awb-icon-check\" aria-hidden=\"true\"><\/i><\/span><div class=\"fusion-li-item-content\">6. Certificaci\u00f3n Recibida<\/div><\/li><li class=\"fusion-li-item\" style=\"\"><span class=\"icon-wrapper circle-no\"><i class=\"fusion-li-icon awb-icon-check\" aria-hidden=\"true\"><\/i><\/span><div class=\"fusion-li-item-content\">7. Declaraci\u00f3n Jurada<\/div><\/li><li class=\"fusion-li-item\" style=\"\"><span class=\"icon-wrapper circle-no\"><i class=\"fusion-li-icon awb-icon-check\" aria-hidden=\"true\"><\/i><\/span><div class=\"fusion-li-item-content\">8. Revisi\u00f3n Inicial De Documentos<\/div><\/li><li class=\"fusion-li-item\" style=\"\"><span class=\"icon-wrapper circle-no\"><i class=\"fusion-li-icon awb-icon-check\" aria-hidden=\"true\"><\/i><\/span><div class=\"fusion-li-item-content\">9. Documentos Recaudados<\/div><\/li><li class=\"fusion-li-item\" style=\"\"><span class=\"icon-wrapper circle-no\"><i class=\"fusion-li-icon awb-icon-check\" aria-hidden=\"true\"><\/i><\/span><div class=\"fusion-li-item-content\">10. Preparando Formularios<\/div><\/li><li class=\"fusion-li-item\" style=\"\"><span class=\"icon-wrapper circle-no\"><i class=\"fusion-li-icon awb-icon-check\" aria-hidden=\"true\"><\/i><\/span><div class=\"fusion-li-item-content\">11. Preparando Paquete<\/div><\/li><li class=\"fusion-li-item\" style=\"\"><span class=\"icon-wrapper circle-no\"><i class=\"fusion-li-icon awb-icon-check\" aria-hidden=\"true\"><\/i><\/span><div class=\"fusion-li-item-content\">12. Petici\u00f3n Enviada<\/div><\/li><li class=\"fusion-li-item\" style=\"\"><span class=\"icon-wrapper circle-no\"><i class=\"fusion-li-icon awb-icon-check\" aria-hidden=\"true\"><\/i><\/span><div class=\"fusion-li-item-content\">13. Aviso De Recibo<\/div><\/li><li class=\"fusion-li-item\" style=\"\"><span class=\"icon-wrapper circle-no\"><i class=\"fusion-li-icon awb-icon-check\" aria-hidden=\"true\"><\/i><\/span><div class=\"fusion-li-item-content\">14. Cita Biom\u00e9trica<\/div><\/li><li class=\"fusion-li-item\" style=\"\"><span class=\"icon-wrapper circle-no\"><i class=\"fusion-li-icon awb-icon-check\" aria-hidden=\"true\"><\/i><\/span><div class=\"fusion-li-item-content\">15. Aviso De Caso Pendiente<\/div><\/li><li class=\"fusion-li-item\" style=\"\"><span class=\"icon-wrapper circle-no\"><i class=\"fusion-li-icon awb-icon-check\" aria-hidden=\"true\"><\/i><\/span><div class=\"fusion-li-item-content\">16. Solicitud De Evidencias<\/div><\/li><li class=\"fusion-li-item\" style=\"\"><span class=\"icon-wrapper circle-no\"><i class=\"fusion-li-icon awb-icon-check\" aria-hidden=\"true\"><\/i><\/span><div class=\"fusion-li-item-content\">17. Acci\u00f3n Diferida<\/div><\/li><li class=\"fusion-li-item\" style=\"\"><span class=\"icon-wrapper circle-no\"><i class=\"fusion-li-icon awb-icon-check\" aria-hidden=\"true\"><\/i><\/span><div class=\"fusion-li-item-content\">18. Permiso De Trabajo<\/div><\/li><li class=\"fusion-li-item\" style=\"\"><span class=\"icon-wrapper circle-no\"><i class=\"fusion-li-icon awb-icon-check\" aria-hidden=\"true\"><\/i><\/span><div class=\"fusion-li-item-content\">19. Visa U Aprobada<\/div><\/li><li class=\"fusion-li-item\" style=\"\"><span class=\"icon-wrapper circle-no\"><i class=\"fusion-li-icon awb-icon-check\" aria-hidden=\"true\"><\/i><\/span><div class=\"fusion-li-item-content\">20. Conclusi\u00f3n De Su Caso<\/div><\/li><\/ul><\/div><\/div><div class=\"fusion-layout-column fusion_builder_column_inner fusion-builder-nested-column-1 fusion_builder_column_inner_1_2 1_2 fusion-flex-column fusion-flex-align-self-stretch\" style=\"--awb-padding-right:10%;--awb-padding-right-small:0px;--awb-padding-left-small:0px;--awb-bg-size:cover;--awb-width-large:50%;--awb-margin-top-large:0px;--awb-spacing-right-large:3.84%;--awb-margin-bottom-large:20px;--awb-spacing-left-large:3.84%;--awb-width-medium:50%;--awb-order-medium:0;--awb-spacing-right-medium:3.84%;--awb-spacing-left-medium:3.84%;--awb-width-small:100%;--awb-order-small:0;--awb-spacing-right-small:1.92%;--awb-spacing-left-small:1.92%;\"><div class=\"fusion-column-wrapper fusion-column-has-shadow fusion-flex-justify-content-center fusion-content-layout-column\"><div class=\"fusion-image-element \" style=\"text-align:center;--awb-margin-top:0px;--awb-margin-right:0px;--awb-margin-bottom:0px;--awb-margin-left:0px;--awb-max-width:100%;--awb-caption-title-font-family:var(--h2_typography-font-family);--awb-caption-title-font-weight:var(--h2_typography-font-weight);--awb-caption-title-font-style:var(--h2_typography-font-style);--awb-caption-title-size:var(--h2_typography-font-size);--awb-caption-title-transform:var(--h2_typography-text-transform);--awb-caption-title-line-height:var(--h2_typography-line-height);--awb-caption-title-letter-spacing:var(--h2_typography-letter-spacing);\"><span class=\" fusion-imageframe imageframe-none imageframe-3 hover-type-none to-do-image\"><img decoding=\"async\" width=\"1502\" height=\"1188\" alt=\"To Do\" title=\"To Do\" src=\"https:\/\/www.lincolngoldfinch.com\/wp-content\/uploads\/2022\/05\/To-Do.png\" class=\"img-responsive wp-image-30943\" srcset=\"https:\/\/www.lincolngoldfinch.com\/wp-content\/uploads\/2022\/05\/To-Do-200x158.png 200w, https:\/\/www.lincolngoldfinch.com\/wp-content\/uploads\/2022\/05\/To-Do-400x316.png 400w, https:\/\/www.lincolngoldfinch.com\/wp-content\/uploads\/2022\/05\/To-Do-600x475.png 600w, https:\/\/www.lincolngoldfinch.com\/wp-content\/uploads\/2022\/05\/To-Do-800x633.png 800w, https:\/\/www.lincolngoldfinch.com\/wp-content\/uploads\/2022\/05\/To-Do-1200x949.png 1200w, https:\/\/www.lincolngoldfinch.com\/wp-content\/uploads\/2022\/05\/To-Do.png 1502w\" sizes=\"(max-width: 640px) 100vw, 600px\" \/><\/span><\/div><\/div><\/div><\/div><\/div><\/div><\/div><\/div>\n<div class=\"gsp_post_data\" \r\n\t            data-post_type=\"page\" \r\n\t            data-cat=\"\" \r\n\t            data-modified=\"120\"\r\n\t            data-created=\"1670922846\"\r\n\t            data-title=\"Visa U: Solicitud de certificaci\u00f3n\" \r\n\t            data-home=\"https:\/\/www.lincolngoldfinch.com\/es\/\"><\/div>","protected":false},"excerpt":{"rendered":"","protected":false},"author":1,"featured_media":0,"parent":31547,"menu_order":0,"comment_status":"closed","ping_status":"closed","template":"100-width.php","meta":{"_acf_changed":false,"rop_custom_images_group":[],"rop_custom_messages_group":[],"rop_publish_now":"initial","rop_publish_now_accounts":[],"rop_publish_now_history":[],"rop_publish_now_status":"pending","_analytify_skip_tracking":false,"rank_math_title":"","rank_math_description":"","rank_math_focus_keyword":"","rank_math_canonical_url":"","footnotes":""},"class_list":["post-44048","page","type-page","status-publish","hentry"],"acf":[],"_links":{"self":[{"href":"https:\/\/www.lincolngoldfinch.com\/es\/wp-json\/wp\/v2\/pages\/44048","targetHints":{"allow":["GET"]}}],"collection":[{"href":"https:\/\/www.lincolngoldfinch.com\/es\/wp-json\/wp\/v2\/pages"}],"about":[{"href":"https:\/\/www.lincolngoldfinch.com\/es\/wp-json\/wp\/v2\/types\/page"}],"author":[{"embeddable":true,"href":"https:\/\/www.lincolngoldfinch.com\/es\/wp-json\/wp\/v2\/users\/1"}],"replies":[{"embeddable":true,"href":"https:\/\/www.lincolngoldfinch.com\/es\/wp-json\/wp\/v2\/comments?post=44048"}],"version-history":[{"count":0,"href":"https:\/\/www.lincolngoldfinch.com\/es\/wp-json\/wp\/v2\/pages\/44048\/revisions"}],"up":[{"embeddable":true,"href":"https:\/\/www.lincolngoldfinch.com\/es\/wp-json\/wp\/v2\/pages\/31547"}],"wp:attachment":[{"href":"https:\/\/www.lincolngoldfinch.com\/es\/wp-json\/wp\/v2\/media?parent=44048"}],"curies":[{"name":"wp","href":"https:\/\/api.w.org\/{rel}","templated":true}]}}