{"id":35213,"date":"2022-07-14T17:18:51","date_gmt":"2022-07-14T22:18:51","guid":{"rendered":"https:\/\/www.lincolngoldfinch.com\/?page_id=35213"},"modified":"2026-03-03T15:53:13","modified_gmt":"2026-03-03T21:53:13","slug":"yunuen","status":"publish","type":"page","link":"https:\/\/www.lincolngoldfinch.com\/es\/conozca-nuestro-equipo\/yunuen\/","title":{"rendered":"Yunuen \u2013 Gerente de Crecimiento y Desarrollo"},"content":{"rendered":"<div class=\"fusion-fullwidth fullwidth-box fusion-builder-row-1 fusion-flex-container nonhundred-percent-fullwidth non-hundred-percent-height-scrolling\" style=\"--awb-background-position:left center;--awb-border-radius-top-left:0px;--awb-border-radius-top-right:0px;--awb-border-radius-bottom-right:0px;--awb-border-radius-bottom-left:0px;--awb-padding-top:0px;--awb-padding-right:0px;--awb-padding-bottom:30px;--awb-padding-left:0px;--awb-padding-top-small:0px;--awb-padding-right-small:30px;--awb-padding-bottom-small:0px;--awb-padding-left-small:30px;--awb-flex-wrap:wrap;\" id=\"hero-section\" ><div class=\"fusion-builder-row fusion-row fusion-flex-align-items-center fusion-flex-align-content-flex-start fusion-flex-justify-content-space-evenly fusion-flex-content-wrap\" style=\"max-width:1331.2px;margin-left: calc(-4% \/ 2 );margin-right: calc(-4% \/ 2 );\"><div class=\"fusion-layout-column fusion_builder_column fusion-builder-column-0 fusion-flex-column fusion-flex-align-self-center\" style=\"--awb-padding-top:5px;--awb-padding-right:5px;--awb-padding-bottom:5px;--awb-padding-left:5px;--awb-padding-top-small:0px;--awb-padding-right-small:0px;--awb-padding-bottom-small:0px;--awb-padding-left-small:0px;--awb-bg-position:left center;--awb-bg-size:cover;--awb-border-color:#fbd717;--awb-border-top:.5px;--awb-border-right:.5px;--awb-border-bottom:.5px;--awb-border-left:.5px;--awb-border-style:solid;--awb-width-large:30%;--awb-margin-top-large:0px;--awb-spacing-right-large:0px;--awb-margin-bottom-large:0px;--awb-spacing-left-large:0px;--awb-width-medium:30%;--awb-order-medium:0;--awb-spacing-right-medium:0px;--awb-spacing-left-medium:0px;--awb-width-small:100%;--awb-order-small:0;--awb-margin-top-small:0px;--awb-spacing-right-small:14.4%;--awb-margin-bottom-small:30px;--awb-spacing-left-small:14.4%;\" data-scroll-devices=\"small-visibility,medium-visibility,large-visibility\"><div class=\"fusion-column-wrapper fusion-column-has-shadow fusion-flex-justify-content-center fusion-content-layout-column\"><div class=\"fusion-image-element \" style=\"text-align:center;--awb-margin-top-small:0px;--awb-margin-right-small:0px;--awb-margin-bottom-small:0px;--awb-margin-left-small:0px;--awb-max-width:400px;--awb-caption-title-font-family:var(--h2_typography-font-family);--awb-caption-title-font-weight:var(--h2_typography-font-weight);--awb-caption-title-font-style:var(--h2_typography-font-style);--awb-caption-title-size:var(--h2_typography-font-size);--awb-caption-title-transform:var(--h2_typography-text-transform);--awb-caption-title-line-height:var(--h2_typography-line-height);--awb-caption-title-letter-spacing:var(--h2_typography-letter-spacing);\"><span class=\" fusion-imageframe imageframe-dropshadow imageframe-1 hover-type-none\" style=\"-webkit-box-shadow: 6px 6px 10px rgba(0,0,0,0.1);box-shadow: 6px 6px 10px rgba(0,0,0,0.1);\"><img decoding=\"async\" width=\"380\" height=\"500\" alt=\"Yunuen Alvarado Marketing Manager At Lincoln-Goldfinch Law Firm\" title=\"Yunuen Alvarado Marketing Manager At Lincoln-Goldfinch Immigrati\" src=\"https:\/\/www.lincolngoldfinch.com\/wp-content\/uploads\/2024\/07\/yunuen-alvarado-marketing-manager-at-lincoln-goldfinch-law-firm-in-austin-texas.webp\" class=\"img-responsive wp-image-65355\"\/><\/span><\/div><\/div><\/div><div class=\"fusion-layout-column fusion_builder_column fusion-builder-column-1 fusion-flex-column fusion-flex-align-self-center\" style=\"--awb-padding-top-small:0px;--awb-padding-right-small:0px;--awb-padding-bottom-small:0px;--awb-padding-left-small:0px;--awb-bg-size:cover;--awb-width-large:70%;--awb-margin-top-large:0px;--awb-spacing-right-large:0px;--awb-margin-bottom-large:20px;--awb-spacing-left-large:2.7428571428571%;--awb-width-medium:70%;--awb-order-medium:0;--awb-spacing-right-medium:0px;--awb-spacing-left-medium:2.7428571428571%;--awb-width-small:100%;--awb-order-small:0;--awb-spacing-right-small:0px;--awb-margin-bottom-small:20px;--awb-spacing-left-small:0px;\"><div class=\"fusion-column-wrapper fusion-column-has-shadow fusion-flex-justify-content-flex-start fusion-content-layout-column\"><div class=\"fusion-title title fusion-title-1 fusion-sep-none fusion-title-text fusion-title-size-one\" style=\"--awb-margin-top:0px;--awb-margin-bottom:0px;--awb-margin-top-small:10px;--awb-margin-right-small:0px;--awb-margin-bottom-small:10px;--awb-margin-left-small:0px;\"><h1 class=\"fusion-title-heading title-heading-left\" style=\"margin:0;\"><p style=\"text-align: left;\">Yunuen<\/p><\/h1><\/div><div class=\"fusion-title title fusion-title-2 fusion-title-text fusion-title-size-div\" style=\"--awb-margin-bottom:0px;--awb-margin-top-small:10px;--awb-margin-right-small:0px;--awb-margin-bottom-small:10px;--awb-margin-left-small:0px;--awb-sep-color:#fbd717;\"><div class=\"title-sep-container title-sep-container-left fusion-no-large-visibility fusion-no-medium-visibility fusion-no-small-visibility\"><div class=\"title-sep sep-single sep-solid\" style=\"border-color:#fbd717;\"><\/div><\/div><span class=\"awb-title-spacer fusion-no-large-visibility fusion-no-medium-visibility fusion-no-small-visibility\"><\/span><div class=\"fusion-title-heading title-heading-left title-heading-tag\" style=\"margin:0;\"><h2>Gerente de Crecimiento y Desarrollo<\/h2><\/div><span class=\"awb-title-spacer\"><\/span><div class=\"title-sep-container title-sep-container-right\"><div class=\"title-sep sep-single sep-solid\" style=\"border-color:#fbd717;\"><\/div><\/div><\/div><div class=\"fusion-text fusion-text-1\" style=\"--awb-line-height:2;--awb-text-transform:none;--awb-margin-right:0px;--awb-margin-left:0px;\"><p>Mi nombre Yunuen, y nac\u00ed en Quer\u00e9taro, M\u00e9xico. Inmigr\u00e9 a los Estados Unidos cuando ten\u00eda seis a\u00f1os y crec\u00ed mud\u00e1ndome por los estados del sur (Georgia, Florida y Alabama) antes de finalmente establecerme en Austin, Texas cuando ten\u00eda 14 a\u00f1os.<\/p>\n<p>Al principio, crecer como una ni\u00f1a indocumentada fue muy dif\u00edcil. No ten\u00eda un conocimiento completo del idioma ingl\u00e9s y, a veces, se burlaban de m\u00ed por tener acento.<\/p>\n<p>Aunque los tiempos eran dif\u00edciles, mi madre no se rindi\u00f3 ni una sola vez y me ense\u00f1\u00f3 la importancia de la <strong>resiliencia, la compasi\u00f3n y el respeto por los dem\u00e1s<\/strong>, as\u00ed como la necesidad de tener una buena br\u00fajula moral ante la incertidumbre y la injusticia. Por eso, s\u00e9 que mi prop\u00f3sito en la vida es estar al servicio de mi comunidad y siempre defender lo que creo que es correcto.<\/p>\n<p>Cuando ten\u00eda 15 a\u00f1os, me convert\u00ed en beneficiario de DACA y esto me abri\u00f3 muchas puertas. Tener un permiso de trabajo me permiti\u00f3 muchas oportunidades que nunca hubiera tenido de otra manera. Me gradu\u00e9 de la Universidad Estatal de Texas en el 2020 con una licenciatura en Periodismo y Comunicaci\u00f3n Masiva (concentraci\u00f3n en Medios Digitales) y una especializaci\u00f3n en Estudios de Diversidad. Actualmente, estoy trabajando en una maestr\u00eda en Estudios de Sostenibilidad. Tambi\u00e9n tengo formaci\u00f3n en sociolog\u00eda y filosof\u00eda.<\/p>\n<p>Trabajo en Lincoln-Goldfinch Law &#8211; Abogados de Inmigraci\u00f3n porque me encanta ayudar a las personas y me da mucha alegr\u00eda usar mis conocimientos y habilidades para brindar apoyo a las comunidades subrepresentadas. S\u00e9 lo que es sentirse impotente, o como si no pertenecieras, y lucho todos los d\u00edas para asegurarme de que otras personas no tengan que sentirse as\u00ed.<\/p>\n<\/div><\/div><\/div><\/div><\/div><div class=\"fusion-fullwidth fullwidth-box fusion-builder-row-2 fusion-flex-container hundred-percent-fullwidth non-hundred-percent-height-scrolling\" style=\"--awb-border-radius-top-left:0px;--awb-border-radius-top-right:0px;--awb-border-radius-bottom-right:0px;--awb-border-radius-bottom-left:0px;--awb-padding-top:20px;--awb-padding-bottom:10px;--awb-margin-top:0px;--awb-margin-bottom:-30px;--awb-background-color:#fae768;--awb-flex-wrap:wrap;\" ><div class=\"fusion-builder-row fusion-row fusion-flex-align-items-center fusion-flex-justify-content-center fusion-flex-content-wrap\" style=\"width:104% !important;max-width:104% !important;margin-left: calc(-4% \/ 2 );margin-right: calc(-4% \/ 2 );\"><div class=\"fusion-layout-column fusion_builder_column fusion-builder-column-2 fusion_builder_column_1_1 1_1 fusion-flex-column fusion-flex-align-self-center\" style=\"--awb-bg-size:cover;--awb-width-large:100%;--awb-margin-top-large:0px;--awb-spacing-right-large:1.92%;--awb-margin-bottom-large:0px;--awb-spacing-left-large:1.92%;--awb-width-medium:100%;--awb-order-medium:0;--awb-spacing-right-medium:1.92%;--awb-spacing-left-medium:1.92%;--awb-width-small:100%;--awb-order-small:0;--awb-spacing-right-small:1.92%;--awb-spacing-left-small:1.92%;\"><div class=\"fusion-column-wrapper fusion-column-has-shadow fusion-flex-justify-content-center fusion-content-layout-column\"><div class=\"fusion-text fusion-text-2 fusion-text-no-margin\" style=\"--awb-content-alignment:center;--awb-font-size:28px;--awb-text-transform:none;--awb-text-color:#000000;--awb-margin-top:0px;--awb-margin-bottom:0px;--awb-text-font-family:&quot;Josefin Sans&quot;;--awb-text-font-style:normal;--awb-text-font-weight:400;\" id=\"call-to-action\"><p style=\"text-align: center; color: black !important;\"><a href=\"https:\/\/www.lincolngoldfinch.com\/es\/contactenos\/\">D\u00c9JENOS PONER NUESTROS CONOCIMIENTOS Y EXPERIENCIA A SU SERVICIO.<\/a><\/p>\n<\/div><\/div><\/div><\/div><\/div>\n<div class=\"gsp_post_data\" \r\n\t            data-post_type=\"page\" \r\n\t            data-cat=\"\" \r\n\t            data-modified=\"120\"\r\n\t            data-created=\"1657819131\"\r\n\t            data-title=\"Yunuen \u2013 Gerente de Crecimiento y Desarrollo\" \r\n\t            data-home=\"https:\/\/www.lincolngoldfinch.com\/es\/\"><\/div>","protected":false},"excerpt":{"rendered":"","protected":false},"author":1,"featured_media":0,"parent":5839,"menu_order":0,"comment_status":"closed","ping_status":"closed","template":"100-width.php","meta":{"_acf_changed":false,"rop_custom_images_group":[],"rop_custom_messages_group":[],"rop_publish_now":"initial","rop_publish_now_accounts":[],"rop_publish_now_history":[],"rop_publish_now_status":"pending","_analytify_skip_tracking":false,"rank_math_title":"Yunuen | Gerente de Crecimiento y Desarrollo","rank_math_description":"Conozca a Yunuen, Gerente de Crecimiento y Desarrollo de Lincoln-Goldfinch Law, \u00a1ella hace la magia con nuestra marca!","rank_math_focus_keyword":"yunuen","rank_math_canonical_url":"","footnotes":""},"class_list":["post-35213","page","type-page","status-publish","hentry"],"acf":[],"_links":{"self":[{"href":"https:\/\/www.lincolngoldfinch.com\/es\/wp-json\/wp\/v2\/pages\/35213","targetHints":{"allow":["GET"]}}],"collection":[{"href":"https:\/\/www.lincolngoldfinch.com\/es\/wp-json\/wp\/v2\/pages"}],"about":[{"href":"https:\/\/www.lincolngoldfinch.com\/es\/wp-json\/wp\/v2\/types\/page"}],"author":[{"embeddable":true,"href":"https:\/\/www.lincolngoldfinch.com\/es\/wp-json\/wp\/v2\/users\/1"}],"replies":[{"embeddable":true,"href":"https:\/\/www.lincolngoldfinch.com\/es\/wp-json\/wp\/v2\/comments?post=35213"}],"version-history":[{"count":0,"href":"https:\/\/www.lincolngoldfinch.com\/es\/wp-json\/wp\/v2\/pages\/35213\/revisions"}],"up":[{"embeddable":true,"href":"https:\/\/www.lincolngoldfinch.com\/es\/wp-json\/wp\/v2\/pages\/5839"}],"wp:attachment":[{"href":"https:\/\/www.lincolngoldfinch.com\/es\/wp-json\/wp\/v2\/media?parent=35213"}],"curies":[{"name":"wp","href":"https:\/\/api.w.org\/{rel}","templated":true}]}}