{"id":14882,"date":"2021-09-25T00:18:45","date_gmt":"2021-09-25T05:18:45","guid":{"rendered":"https:\/\/www.lincolngoldfinchfirm.com\/?page_id=14882"},"modified":"2024-12-05T15:29:19","modified_gmt":"2024-12-05T21:29:19","slug":"lo-que-viene-despues-de-una-apelacion","status":"publish","type":"page","link":"https:\/\/www.lincolngoldfinch.com\/es\/lo-que-viene-despues-de-una-apelacion\/","title":{"rendered":"\u00bfQu\u00e9 ocurre tras un recurso contra una orden de expulsi\u00f3n?"},"content":{"rendered":"<div class=\"fusion-fullwidth fullwidth-box fusion-builder-row-1 fusion-flex-container nonhundred-percent-fullwidth non-hundred-percent-height-scrolling\" style=\"--awb-border-radius-top-left:0px;--awb-border-radius-top-right:0px;--awb-border-radius-bottom-right:0px;--awb-border-radius-bottom-left:0px;--awb-flex-wrap:wrap;\" ><div class=\"fusion-builder-row fusion-row fusion-flex-align-items-flex-start fusion-flex-content-wrap\" style=\"max-width:1331.2px;margin-left: calc(-4% \/ 2 );margin-right: calc(-4% \/ 2 );\"><div class=\"fusion-layout-column fusion_builder_column fusion-builder-column-0 fusion_builder_column_1_1 1_1 fusion-flex-column\" style=\"--awb-bg-size:cover;--awb-width-large:100%;--awb-margin-top-large:0px;--awb-spacing-right-large:1.92%;--awb-margin-bottom-large:0px;--awb-spacing-left-large:1.92%;--awb-width-medium:100%;--awb-spacing-right-medium:1.92%;--awb-spacing-left-medium:1.92%;--awb-width-small:100%;--awb-spacing-right-small:1.92%;--awb-spacing-left-small:1.92%;\"><div class=\"fusion-column-wrapper fusion-flex-justify-content-flex-start fusion-content-layout-column\"><div class=\"fusion-text fusion-text-1\"><h1>\u00bfQu\u00e9 ocurre tras un recurso contra una orden de expulsi\u00f3n?<\/h1>\n<p><span style=\"font-weight: 400;\">As\u00ed que quiere prolongar su estancia en Estados Unidos. Desgraciadamente, el juez ha dictado una orden de expulsi\u00f3n. Entonces decide recurrir su caso. Si present\u00f3 una solicitud a la Junta de Apelaciones de Inmigraci\u00f3n (BIA), \u00bfqu\u00e9 ocurre despu\u00e9s? Esto es lo que debe saber.<\/span><\/p>\n<p><img decoding=\"async\" class=\"size-full wp-image-55748 aligncenter\" src=\"https:\/\/www.lincolngoldfinch.com\/wp-content\/uploads\/2023\/07\/no-complique-mas-su-situacion-legal-y-contrate-los-servicios-de-un-abogado-de-inmigracion-que-se-dedique-a-realizar-casos-de-apelacion.jpg\" alt=\"\" width=\"799\" height=\"450\" srcset=\"https:\/\/www.lincolngoldfinch.com\/wp-content\/uploads\/2023\/07\/no-complique-mas-su-situacion-legal-y-contrate-los-servicios-de-un-abogado-de-inmigracion-que-se-dedique-a-realizar-casos-de-apelacion-200x113.jpg 200w, https:\/\/www.lincolngoldfinch.com\/wp-content\/uploads\/2023\/07\/no-complique-mas-su-situacion-legal-y-contrate-los-servicios-de-un-abogado-de-inmigracion-que-se-dedique-a-realizar-casos-de-apelacion-400x225.jpg 400w, https:\/\/www.lincolngoldfinch.com\/wp-content\/uploads\/2023\/07\/no-complique-mas-su-situacion-legal-y-contrate-los-servicios-de-un-abogado-de-inmigracion-que-se-dedique-a-realizar-casos-de-apelacion-600x338.jpg 600w, https:\/\/www.lincolngoldfinch.com\/wp-content\/uploads\/2023\/07\/no-complique-mas-su-situacion-legal-y-contrate-los-servicios-de-un-abogado-de-inmigracion-que-se-dedique-a-realizar-casos-de-apelacion-768x433.jpg 768w, https:\/\/www.lincolngoldfinch.com\/wp-content\/uploads\/2023\/07\/no-complique-mas-su-situacion-legal-y-contrate-los-servicios-de-un-abogado-de-inmigracion-que-se-dedique-a-realizar-casos-de-apelacion.jpg 799w\" sizes=\"(max-width: 799px) 100vw, 799px\" \/><\/p>\n<h2>Recurso ante la BIA<\/h2>\n<p><span style=\"font-weight: 400;\">Si decide presentar una solicitud ante la Junta de Apelaciones de Inmigraci\u00f3n, no tendr\u00e1 que pasar por otra vista en un tribunal. En su lugar, la BIA revisar\u00e1 todas las pruebas y documentos de su audiencia inicial de inmigraci\u00f3n y de m\u00e9ritos. <\/span><\/p>\n<p><span style=\"font-weight: 400;\">En raras ocasiones, pueden invitar a personas a su sede en Virginia para que presten declaraci\u00f3n verbal. Sin embargo, hay pocas posibilidades de que esto ocurra; una declaraci\u00f3n por escrito suele ser suficiente.<\/span><\/p>\n<h3>La decisi\u00f3n del BIA<\/h3>\n<p><span style=\"font-weight: 400;\">Despu\u00e9s de presentar su recurso de inmigraci\u00f3n, espere entre 6 y 12 meses a que se dicte sentencia. Puede que tenga que esperar m\u00e1s de 12 meses si su caso es especialmente complejo. Recuerde obtener una pr\u00f3rroga para permanecer en Estados Unidos cuando recurra. De este modo, podr\u00e1 permanecer en el pa\u00eds mientras dure el proceso.<\/span><\/p>\n<p><span style=\"font-weight: 400;\">A\u00fan puede conseguir que se revoque su orden de expulsi\u00f3n, incluso si el BIA deniega su apelaci\u00f3n. En su lugar, existe la opci\u00f3n de presentar un recurso ante el Circuito Federal.<\/span><\/p>\n<h2>Recurso ante el circuito federal<\/h2>\n<p><span style=\"font-weight: 400;\">Si sigue insistiendo en permanecer en Estados Unidos, tendr\u00e1 que presentar un recurso ante el Circuito Federal. Puede hacerlo en un plazo de 30 d\u00edas a partir de la recepci\u00f3n de la decisi\u00f3n final del BIA. Si espera m\u00e1s de 30 d\u00edas, ya no podr\u00e1 presentar una solicitud. En consecuencia, deber\u00e1 cumplir la orden de expulsi\u00f3n.<\/span><\/p>\n<h3>A la espera de la decisi\u00f3n del circuito federal<\/h3>\n<p><span style=\"font-weight: 400;\">Hay 13 tribunales que componen el Circuito Federal. El plazo de resoluci\u00f3n puede depender del lugar donde haya presentado la solicitud. Por ejemplo, si sus audiencias iniciales de inmigraci\u00f3n tuvieron lugar en Texas, el Quinto Circuito tramitar\u00e1 su apelaci\u00f3n. La mayor\u00eda de los tribunales del Circuito Federal tardan entre 12 y 22 meses en tomar una decisi\u00f3n. Sin embargo, en algunos casos, los circuitos pueden concluir en un plazo de 6 a 7 meses. Depende de la complejidad de su caso.<\/span><\/p>\n<h2>Recurso ante el tribunal supremo<\/h2>\n<p><span style=\"font-weight: 400;\">Si tanto la BIA como el Circuito Federal deniegan sus recursos, puede optar por recurrir al Tribunal Supremo. Sin embargo, es muy probable que le denieguen la solicitud. En su mayor parte, el Tribunal Supremo s\u00f3lo se ocupa de casos extraordinarios.<\/span><\/p>\n<h2>\u00bfQu\u00e9 ocurre si le deniegan todos los recursos?<\/h2>\n<p><span style=\"font-weight: 400;\">Si las tres agencias deniegan sus recursos, deber\u00e1 cumplir la orden de expulsi\u00f3n. Esto significa que tendr\u00e1 que presentarse en el lugar indicado a la hora y en la fecha que figuran en su \u00faltima orden de expulsi\u00f3n. Es posible que tenga que esperar de 5 a 20 a\u00f1os para volver a entrar en Estados Unidos. Sin embargo, es posible que le levanten la prohibici\u00f3n. Los funcionarios de inmigraci\u00f3n pueden concederte una visa temporal para volver a entrar en el pa\u00eds.<\/span><\/p>\n<h2>Busque un abogado de inmigraci\u00f3n con experiencia<\/h2>\n<p><span style=\"font-weight: 400;\">Usted quiere tener las mejores posibilidades posibles de permanecer en Estados Unidos, incluso despu\u00e9s de una orden de expulsi\u00f3n. Lincoln-Goldfinch Law &#8211; Abogados de Inmigraci\u00f3n cuenta con abogados de inmigraci\u00f3n que reforzar\u00e1n sus posibilidades de obtener resultados favorables. Lo mejor es consultar a un abogado y garantizar una solicitud de recurso sin problemas.<\/span><\/p>\n<h2>Resumen<\/h2>\n<p><span style=\"font-weight: 400;\">Para recurrir una orden de expulsi\u00f3n, debe dirigirse a la Junta de Apelaciones de Inmigraci\u00f3n. El BIA revisar\u00e1 su caso y decidir\u00e1 mantener o anular la orden de expulsi\u00f3n. Si es lo primero, puede apelar ante el Circuito Federal. Su \u00faltima opci\u00f3n es el Tribunal Supremo, que se ocupa principalmente de casos importantes. Perder en las tres le obligar\u00e1 a cumplir la orden de expulsi\u00f3n. Sin embargo, puede volver a entrar en Estados Unidos en un plazo de 5 a 10 a\u00f1os. Para tener m\u00e1s posibilidades de obtener resultados favorables, consulte con un abogado de inmigraci\u00f3n.<\/span><\/p>\n<p><a href=\"https:\/\/www.lincolngoldfinch.com\/es\/permanecer-en-el-pais-mientras-espera-la-solicitud-de-green-card\/\">\u00bfSe puede permanecer en Estados Unidos mientras se espera una petici\u00f3n?<\/a><br \/>\ny<br \/>\n<a href=\"https:\/\/www.lincolngoldfinch.com\/es\/abogado-de-inmigracion-austin\/abogado-de-green-card\/\">M\u00e1s Sobre Nosotros<\/a><\/p>\n<\/div><\/div><\/div><\/div><\/div>\n<div class=\"gsp_post_data\" \r\n\t            data-post_type=\"page\" \r\n\t            data-cat=\"\" \r\n\t            data-modified=\"120\"\r\n\t            data-created=\"1632529125\"\r\n\t            data-title=\"\u00bfQu\u00e9 ocurre tras un recurso contra una orden de expulsi\u00f3n?\" \r\n\t            data-home=\"https:\/\/www.lincolngoldfinch.com\/es\/\"><\/div>","protected":false},"excerpt":{"rendered":"","protected":false},"author":1,"featured_media":0,"parent":0,"menu_order":7,"comment_status":"closed","ping_status":"closed","template":"","meta":{"_acf_changed":false,"rop_custom_images_group":[],"rop_custom_messages_group":[],"rop_publish_now":"initial","rop_publish_now_accounts":[],"rop_publish_now_history":[],"rop_publish_now_status":"pending","_analytify_skip_tracking":false,"rank_math_title":"\u00bfQu\u00e9 ocurre tras un recurso contra una orden de expulsi\u00f3n?","rank_math_description":"Descubra lo que ocurre tras un recurso contra su expulsi\u00f3n. Siga leyendo para conocer los posibles resultados y c\u00f3mo puede ayudarle un abogado de inmigraci\u00f3n.","rank_math_focus_keyword":"recurso","rank_math_canonical_url":"","footnotes":""},"class_list":["post-14882","page","type-page","status-publish","hentry"],"acf":[],"_links":{"self":[{"href":"https:\/\/www.lincolngoldfinch.com\/es\/wp-json\/wp\/v2\/pages\/14882","targetHints":{"allow":["GET"]}}],"collection":[{"href":"https:\/\/www.lincolngoldfinch.com\/es\/wp-json\/wp\/v2\/pages"}],"about":[{"href":"https:\/\/www.lincolngoldfinch.com\/es\/wp-json\/wp\/v2\/types\/page"}],"author":[{"embeddable":true,"href":"https:\/\/www.lincolngoldfinch.com\/es\/wp-json\/wp\/v2\/users\/1"}],"replies":[{"embeddable":true,"href":"https:\/\/www.lincolngoldfinch.com\/es\/wp-json\/wp\/v2\/comments?post=14882"}],"version-history":[{"count":0,"href":"https:\/\/www.lincolngoldfinch.com\/es\/wp-json\/wp\/v2\/pages\/14882\/revisions"}],"wp:attachment":[{"href":"https:\/\/www.lincolngoldfinch.com\/es\/wp-json\/wp\/v2\/media?parent=14882"}],"curies":[{"name":"wp","href":"https:\/\/api.w.org\/{rel}","templated":true}]}}