{"id":14874,"date":"2021-09-22T23:49:49","date_gmt":"2021-09-23T04:49:49","guid":{"rendered":"https:\/\/www.lincolngoldfinchfirm.com\/?page_id=14874"},"modified":"2024-12-05T14:04:25","modified_gmt":"2024-12-05T20:04:25","slug":"los-motivos-de-apelacion","status":"publish","type":"page","link":"https:\/\/www.lincolngoldfinch.com\/es\/los-motivos-de-apelacion\/","title":{"rendered":"Inmigraci\u00f3n de EE.UU: \u00bfcu\u00e1les son los motivos de apelaci\u00f3n?"},"content":{"rendered":"<div class=\"fusion-fullwidth fullwidth-box fusion-builder-row-1 fusion-flex-container nonhundred-percent-fullwidth non-hundred-percent-height-scrolling\" style=\"--awb-border-radius-top-left:0px;--awb-border-radius-top-right:0px;--awb-border-radius-bottom-right:0px;--awb-border-radius-bottom-left:0px;--awb-flex-wrap:wrap;\" ><div class=\"fusion-builder-row fusion-row fusion-flex-align-items-flex-start fusion-flex-content-wrap\" style=\"max-width:1331.2px;margin-left: calc(-4% \/ 2 );margin-right: calc(-4% \/ 2 );\"><div class=\"fusion-layout-column fusion_builder_column fusion-builder-column-0 fusion_builder_column_1_1 1_1 fusion-flex-column\" style=\"--awb-bg-size:cover;--awb-width-large:100%;--awb-margin-top-large:0px;--awb-spacing-right-large:1.92%;--awb-margin-bottom-large:0px;--awb-spacing-left-large:1.92%;--awb-width-medium:100%;--awb-spacing-right-medium:1.92%;--awb-spacing-left-medium:1.92%;--awb-width-small:100%;--awb-spacing-right-small:1.92%;--awb-spacing-left-small:1.92%;\"><div class=\"fusion-column-wrapper fusion-flex-justify-content-flex-start fusion-content-layout-column\"><div class=\"fusion-text fusion-text-1\"><h1>Inmigraci\u00f3n de EE.UU: \u00bfcu\u00e1les son los motivos de apelaci\u00f3n?<\/h1>\n<p><span style=\"font-weight: 400;\">\u00bfCu\u00e1les son los motivos para recurrir una decisi\u00f3n de inmigraci\u00f3n? Si desea saber si tiene motivos suficientes para solicitar la anulaci\u00f3n de la decisi\u00f3n de un juez y debe presentar un recurso ante la Junta de Apelaciones de Inmigraci\u00f3n (BIA), no tiene m\u00e1s que seguir leyendo.<\/span><\/p>\n<p><img decoding=\"async\" class=\"size-full wp-image-55688 aligncenter\" src=\"https:\/\/www.lincolngoldfinch.com\/wp-content\/uploads\/2023\/07\/descubra-si-usted-necesita-por-algun-proceso-migratorio-contratar-los-servicios-de-un-abogado-de-apelacion.jpg\" alt=\"\" width=\"799\" height=\"450\" srcset=\"https:\/\/www.lincolngoldfinch.com\/wp-content\/uploads\/2023\/07\/descubra-si-usted-necesita-por-algun-proceso-migratorio-contratar-los-servicios-de-un-abogado-de-apelacion-200x113.jpg 200w, https:\/\/www.lincolngoldfinch.com\/wp-content\/uploads\/2023\/07\/descubra-si-usted-necesita-por-algun-proceso-migratorio-contratar-los-servicios-de-un-abogado-de-apelacion-400x225.jpg 400w, https:\/\/www.lincolngoldfinch.com\/wp-content\/uploads\/2023\/07\/descubra-si-usted-necesita-por-algun-proceso-migratorio-contratar-los-servicios-de-un-abogado-de-apelacion-600x338.jpg 600w, https:\/\/www.lincolngoldfinch.com\/wp-content\/uploads\/2023\/07\/descubra-si-usted-necesita-por-algun-proceso-migratorio-contratar-los-servicios-de-un-abogado-de-apelacion-768x433.jpg 768w, https:\/\/www.lincolngoldfinch.com\/wp-content\/uploads\/2023\/07\/descubra-si-usted-necesita-por-algun-proceso-migratorio-contratar-los-servicios-de-un-abogado-de-apelacion.jpg 799w\" sizes=\"(max-width: 799px) 100vw, 799px\" \/><\/p>\n<h2>Motivos de recurso en Estados Unidos<\/h2>\n<p><span style=\"font-weight: 400;\">Para que se tramite su recurso, necesitar\u00e1 fundamentos jur\u00eddicos adecuados. Si tiene motivos suficientes para presentar un recurso, pida ayuda a un abogado de inmigraci\u00f3n.<\/span><\/p>\n<h3>Una disputa sobre la interpretaci\u00f3n del juez de hechos clave<\/h3>\n<p><span style=\"font-weight: 400;\">Tendr\u00e1 derecho legal a apelar la orden de expulsi\u00f3n si cree que el juez que presidi\u00f3 el tribunal interpret\u00f3 mal los hechos. Si decide presentar una demanda ante la Junta de Apelaciones de Inmigraci\u00f3n, deber\u00e1 citar los hechos de la audiencia.<\/span><\/p>\n<h3>La sentencia no se ajusta a la legislaci\u00f3n vigente en materia de inmigraci\u00f3n<\/h3>\n<p><span style=\"font-weight: 400;\">Otra raz\u00f3n por la que puede tener motivos suficientes para recurrir es si puede demostrar que la resoluci\u00f3n del juez que preside no se ajusta a las leyes de inmigraci\u00f3n vigentes. Tendr\u00e1 que identificar las normas que el juez ignor\u00f3. Cite c\u00f3mo se le aplican estas leyes y en qu\u00e9 le favorecen.<\/span><\/p>\n<p><span style=\"font-weight: 400;\">La legislaci\u00f3n sobre inmigraci\u00f3n cambia continuamente. Por lo tanto, es crucial buscar la ayuda de un abogado experto en inmigraci\u00f3n. Est\u00e1n al d\u00eda de los cambios recientes en la ley de inmigraci\u00f3n y pueden ayudarle a entender las pol\u00edticas que se aplican a su caso.<\/span><\/p>\n<h3>Discrepancias en la forma en que los jueces tratan casos similares<\/h3>\n<p><span style=\"font-weight: 400;\">El juez puede haber optado por no deportar a acusados con casos similares. Para ello, facilite datos concretos tanto de su caso de inmigraci\u00f3n como de los casos que le gustar\u00eda que se compararan con su situaci\u00f3n. Puede ser dif\u00edcil encontrar circunstancias similares a las suyas. Por lo tanto, es ventajoso contratar a un abogado de inmigraci\u00f3n con experiencia. Un abogado puede ayudarle a encontrar casos similares pero con resultados favorables.<\/span><\/p>\n<h3>La reputaci\u00f3n de un juez por emitir un alto \u00edndice de notificaciones de deportaci\u00f3n<\/h3>\n<p><span style=\"font-weight: 400;\">No significa necesariamente que el juez sea parcial a la deportaci\u00f3n. Sin embargo, algunos pueden ser m\u00e1s estrictos con la documentaci\u00f3n y las pruebas que otros. Es esencial trabajar con un abogado de inmigraci\u00f3n en este caso. Pueden asegurarse de que presente un caso s\u00f3lido para tener m\u00e1s posibilidades de obtener un resultado m\u00e1s favorable. La BIA puede considerar la apelaci\u00f3n y anular su deportaci\u00f3n.<\/span><\/p>\n<h2>El proceso de apelaci\u00f3n ante la BIA<\/h2>\n<p><span style=\"font-weight: 400;\">Debe presentar la solicitud ante el BIA en un plazo de 30 d\u00edas a partir de la fecha en que se emiti\u00f3 formalmente su orden de expulsi\u00f3n. Ir m\u00e1s all\u00e1 supondr\u00e1 un rechazo rotundo.<\/span><\/p>\n<p><span style=\"font-weight: 400;\">Por lo general, un \u00fanico miembro del BIA tramitar\u00e1 su solicitud y examinar\u00e1 los puntos que usted haya planteado en su solicitud y las pruebas y leyes complementarias que haya citado. En algunas circunstancias, un panel puede juzgar su solicitud. Este es el caso si cree que su juez tom\u00f3 una decisi\u00f3n al margen de las leyes de inmigraci\u00f3n vigentes.<\/span><\/p>\n<p><span style=\"font-weight: 400;\">Recuerde que recibir noticias del BIA puede llevar m\u00e1s de seis meses. A veces puede tardar m\u00e1s de 12 meses. Durante este periodo, puede solicitar una pr\u00f3rroga de su orden de expulsi\u00f3n para permanecer en el pa\u00eds hasta la conclusi\u00f3n de su caso.<\/span><\/p>\n<p><span style=\"font-weight: 400;\">Adem\u00e1s, tenga en cuenta que si recibe noticias desfavorables de la BIA, puede presentar un nuevo recurso ante el Circuito Federal.<\/span><\/p>\n<h2>Busque la ayuda de un abogado de inmigraci\u00f3n<\/h2>\n<p><span style=\"font-weight: 400;\">Si se encuentra en alguna de las circunstancias anteriores, tenga la seguridad de que tendr\u00e1 motivos suficientes para presentar un recurso ante los BIA. Si est\u00e1 listo para iniciar el proceso, p\u00f3ngase en contacto con un abogado de inmigraci\u00f3n con experiencia. Lincoln-Goldfinch Law &#8211; Abogados de Inmigraci\u00f3n proporciona asistencia legal cuando usted necesita apelar su caso. <\/span><\/p>\n<h2>Resumen<\/h2>\n<p><span style=\"font-weight: 400;\">Varios motivos conducen a anular la decisi\u00f3n del juez sobre su expulsi\u00f3n. Por ejemplo, si un juez ha malinterpretado hechos clave de su caso. Tambi\u00e9n es posible que no hayan tenido en cuenta los cambios recientes en las leyes de inmigraci\u00f3n al revisar su caso. Adem\u00e1s, es posible que hayan permitido quedarse a personas con casos similares al suyo. Por \u00faltimo, el juez puede tener un alto \u00edndice de decisiones de deportaci\u00f3n que su parcialidad puede estar en entredicho. <\/span><\/p>\n<p><span style=\"font-weight: 400;\">Lo mejor es presentar el recurso en los 30 d\u00edas siguientes a la recepci\u00f3n de la notificaci\u00f3n de expulsi\u00f3n. Si la BIA confirma la decisi\u00f3n del juez, puede llevar su caso ante el Circuito Federal. Aseg\u00farese de contar con la ayuda de un abogado de inmigraci\u00f3n para asegurarse de que est\u00e1 tomando las medidas adecuadas.<\/span><\/p>\n<p><a href=\"https:\/\/www.lincolngoldfinch.com\/es\/posibles-resoluciones-emitidas-despues-de-una-apelacion\/\">4 Posibles resoluciones emitidas tras un recurso<\/a><br \/>\ny<br \/>\n<a href=\"https:\/\/www.lincolngoldfinch.com\/es\/pasos-para-presentar-un-recurso\/\">P\u00e1gina de inicio<\/a><\/p>\n<\/div><\/div><\/div><\/div><\/div>\n<div class=\"gsp_post_data\" \r\n\t            data-post_type=\"page\" \r\n\t            data-cat=\"\" \r\n\t            data-modified=\"120\"\r\n\t            data-created=\"1632354589\"\r\n\t            data-title=\"Inmigraci\u00f3n de EE.UU: \u00bfcu\u00e1les son los motivos de apelaci\u00f3n?\" \r\n\t            data-home=\"https:\/\/www.lincolngoldfinch.com\/es\/\"><\/div>","protected":false},"excerpt":{"rendered":"","protected":false},"author":1,"featured_media":0,"parent":0,"menu_order":7,"comment_status":"closed","ping_status":"closed","template":"","meta":{"_acf_changed":false,"rop_custom_images_group":[],"rop_custom_messages_group":[],"rop_publish_now":"initial","rop_publish_now_accounts":[],"rop_publish_now_history":[],"rop_publish_now_status":"pending","_analytify_skip_tracking":false,"rank_math_title":"Inmigraci\u00f3n de EE.UU: \u00bfcu\u00e1les son los motivos de apelaci\u00f3n?","rank_math_description":"Conozca los distintos motivos para recurrir una decisi\u00f3n de inmigraci\u00f3n en Estados Unidos. Conozca sus derechos y c\u00f3mo puede ayudarle un abogado de inmigraci\u00f3n.","rank_math_focus_keyword":"inmigracion","rank_math_canonical_url":"","footnotes":""},"class_list":["post-14874","page","type-page","status-publish","hentry"],"acf":[],"_links":{"self":[{"href":"https:\/\/www.lincolngoldfinch.com\/es\/wp-json\/wp\/v2\/pages\/14874","targetHints":{"allow":["GET"]}}],"collection":[{"href":"https:\/\/www.lincolngoldfinch.com\/es\/wp-json\/wp\/v2\/pages"}],"about":[{"href":"https:\/\/www.lincolngoldfinch.com\/es\/wp-json\/wp\/v2\/types\/page"}],"author":[{"embeddable":true,"href":"https:\/\/www.lincolngoldfinch.com\/es\/wp-json\/wp\/v2\/users\/1"}],"replies":[{"embeddable":true,"href":"https:\/\/www.lincolngoldfinch.com\/es\/wp-json\/wp\/v2\/comments?post=14874"}],"version-history":[{"count":0,"href":"https:\/\/www.lincolngoldfinch.com\/es\/wp-json\/wp\/v2\/pages\/14874\/revisions"}],"wp:attachment":[{"href":"https:\/\/www.lincolngoldfinch.com\/es\/wp-json\/wp\/v2\/media?parent=14874"}],"curies":[{"name":"wp","href":"https:\/\/api.w.org\/{rel}","templated":true}]}}