{"id":11916,"date":"2021-08-06T04:21:09","date_gmt":"2021-08-06T09:21:09","guid":{"rendered":"https:\/\/www.lincolngoldfinchfirm.com\/?page_id=11916"},"modified":"2024-11-29T10:09:58","modified_gmt":"2024-11-29T16:09:58","slug":"alfredo-langarica","status":"publish","type":"page","link":"https:\/\/www.lincolngoldfinch.com\/es\/conozca-nuestro-equipo\/alfredo-langarica\/","title":{"rendered":"Alfredo Langarica &#8211; Coordinador de nuevos clientes"},"content":{"rendered":"<div class=\"fusion-fullwidth fullwidth-box fusion-builder-row-1 fusion-flex-container nonhundred-percent-fullwidth non-hundred-percent-height-scrolling\" style=\"--awb-border-radius-top-left:0px;--awb-border-radius-top-right:0px;--awb-border-radius-bottom-right:0px;--awb-border-radius-bottom-left:0px;--awb-flex-wrap:wrap;\" ><div class=\"fusion-builder-row fusion-row fusion-flex-align-items-flex-start fusion-flex-content-wrap\" style=\"max-width:1331.2px;margin-left: calc(-4% \/ 2 );margin-right: calc(-4% \/ 2 );\"><div class=\"fusion-layout-column fusion_builder_column fusion-builder-column-0 fusion_builder_column_1_1 1_1 fusion-flex-column\" style=\"--awb-bg-size:cover;--awb-width-large:100%;--awb-margin-top-large:0px;--awb-spacing-right-large:1.92%;--awb-margin-bottom-large:0px;--awb-spacing-left-large:1.92%;--awb-width-medium:100%;--awb-spacing-right-medium:1.92%;--awb-spacing-left-medium:1.92%;--awb-width-small:100%;--awb-spacing-right-small:1.92%;--awb-spacing-left-small:1.92%;\"><div class=\"fusion-column-wrapper fusion-flex-justify-content-flex-start fusion-content-layout-column\"><div class=\"fusion-text fusion-text-1\"><p>[vc_row full_width=\u00bbstretch_row\u00bb bg_type=\u00bbimage\u00bb parallax_style=\u00bbvcpb-default\u00bb bg_image_new=\u00bbid^12190|url^https:\/\/www.lincolngoldfinch.com\/wp-content\/uploads\/2021\/08\/lincoln-goldfinch-immigration-law-firm-dots-bg.png|caption^null|alt^null|title^lincoln-goldfinch-immigration-law-firm-dots-bg|description^null\u00bb bg_image_repeat=\u00bbno-repeat\u00bb bg_image_size=\u00bbinitial\u00bb bg_image_posiiton=\u00bbleft\u00bb][vc_column][vc_row_inner css=\u00bb.vc_custom_1628956281748\u00bb][vc_column_inner width=\u00bb1\/3\u2033][vc_single_image image=\u00bb11971\u2033 img_size=\u00bbfull\u00bb style=\u00bbvc_box_shadow\u00bb css_animation=\u00bbfadeIn\u00bb css=\u00bb.vc_custom_1635260979694\u00bb][\/vc_column_inner][vc_column_inner width=\u00bb2\/3\u2033 css=\u00bb.vc_custom_1629335272863\u00bb][vc_column_text css=\u00bb.vc_custom_1636574116353\u00bb]<\/p>\n<h1>Alfredo langarica<\/h1>\n<p>[\/vc_column_text][vc_text_separator title=\u00bbCoordinador de Nuevos Clientes\u00bb title_align=\u00bbseparator_align_left\u00bb color=\u00bbcustom\u00bb border_width=\u00bb2\u2033 el_class=\u00bbtitle\u00bb accent_color=\u00bb#fdf363\u2033 css=\u00bb.vc_custom_1636574124082\u00bb][vc_column_text el_class=\u00bbnew-p\u00bb]Mi nombre es Alfredo Langarica, tengo 25 a\u00f1os y vivo en Guadalajara, me gusta trabajar en la firma de Lincoln-Goldfinch porque me motiva ayudar a la gente a cumplir sus metas, alcanzar el \u00e9xito que tanto desean en sus vidas. No importa si es por llamada o a trav\u00e9s de una breve explicaci\u00f3n, eso basta para que pueda cambiar la vida de alguien y que mejore.<\/p>\n<p>Mi sue\u00f1o es cumplir el sue\u00f1o de los dem\u00e1s.[\/vc_column_text][\/vc_column_inner][\/vc_row_inner][\/vc_column][\/vc_row][vc_row full_width=\u00bbstretch_row\u00bb bg_type=\u00bbimage\u00bb parallax_style=\u00bbvcpb-default\u00bb bg_image_new=\u00bbid^12223|url^https:\/\/www.lincolngoldfinch.com\/wp-content\/uploads\/2021\/08\/paw-pattern-immigration-team-pets-lincoln-goldfinch-law-firm.jpg|caption^null|alt^null|title^paw-pattern-immigration-team-pets-lincoln-goldfinch-law-firm|description^null\u00bb bg_image_size=\u00bbinitial\u00bb css=\u00bb.vc_custom_1642790553120\u00bb][vc_column][vc_row_inner css=\u00bb.vc_custom_1642790557457\u00bb][vc_column_inner width=\u00bb1\/4\u2033][vc_separator color=\u00bbcustom\u00bb accent_color=\u00bb#fadc3c\u00bb][\/vc_column_inner][vc_column_inner width=\u00bb1\/2\u2033][vc_column_text]<\/p>\n<h2 class=\"sidekick-title\" style=\"text-align: center;\"><span class=\"txt-sdk\">COMPA\u00d1EROS CONFIABLES<\/span><\/h2>\n<p>[\/vc_column_text][\/vc_column_inner][vc_column_inner width=\u00bb1\/4\u2033][vc_separator color=\u00bbcustom\u00bb accent_color=\u00bb#fadc3c\u00bb][\/vc_column_inner][\/vc_row_inner][vc_row_inner content_placement=\u00bbtop\u00bb el_class=\u00bbpets-section\u00bb css=\u00bb.vc_custom_1631507498778\u00bb][vc_column_inner width=\u00bb1\/4\u2033][\/vc_column_inner][vc_column_inner width=\u00bb1\/2\u2033][vc_single_image image=\u00bb13075\u2033 img_size=\u00bbfull\u00bb alignment=\u00bbcenter\u00bb style=\u00bbvc_box_shadow_border_circle_2\u2033 css_animation=\u00bbfadeIn\u00bb css=\u00bb.vc_custom_1631507136076\u00bb][vc_column_text css_animation=\u00bbnone\u00bb]<\/p>\n<h2 style=\"text-align: center;\"><span style=\"font-size: 18pt;\">Te presento a Buster, Morena, Zazu & Suaha!<\/span><\/h2>\n<p>[\/vc_column_text][\/vc_column_inner][vc_column_inner width=\u00bb1\/4\u2033][\/vc_column_inner][\/vc_row_inner][\/vc_column][\/vc_row][vc_row full_width=\u00bbstretch_row\u00bb css=\u00bb.vc_custom_1631426872633\u00bb][vc_column][vc_custom_heading text=\u00bbD\u00c9JENOS PONER NUESTROS CONOCIMIENTOS Y EXPERIENCIA A SU SERVICIO.\u00bb font_container=\u00bbtag:p|font_size:20px|text_align:center|color:%23000000\u2033 google_fonts=\u00bbfont_family:Josefin%20Sans%3A100%2C100italic%2C300%2C300italic%2Cregular%2Citalic%2C600%2C600italic%2C700%2C700italic|font_style:400%20regular%3A400%3Anormal\u00bb link=\u00bburl:https%3A%2F%2Fwww.lincolngoldfinch.com%2Fcontact-us%2F|title:Contact%20Us\u00bb el_class=\u00bbcta-bottom\u00bb][\/vc_column][\/vc_row]<\/p>\n<\/div><\/div><\/div><\/div><\/div>\n<div class=\"gsp_post_data\" \r\n\t            data-post_type=\"page\" \r\n\t            data-cat=\"\" \r\n\t            data-modified=\"120\"\r\n\t            data-created=\"1628223669\"\r\n\t            data-title=\"Alfredo Langarica &#8211; Coordinador de nuevos clientes\" \r\n\t            data-home=\"https:\/\/www.lincolngoldfinch.com\/es\/\"><\/div>","protected":false},"excerpt":{"rendered":"","protected":false},"author":1,"featured_media":0,"parent":5839,"menu_order":0,"comment_status":"closed","ping_status":"closed","template":"","meta":{"_acf_changed":false,"rop_custom_images_group":[],"rop_custom_messages_group":[],"rop_publish_now":"initial","rop_publish_now_accounts":[],"rop_publish_now_history":[],"rop_publish_now_status":"pending","_analytify_skip_tracking":false,"rank_math_title":"Alfredo Langarica | Nuestro Equipo | Lincoln-Goldfinch Law","rank_math_description":"Conoce a Alfredo Langarica, Director de Oficina y Coordinador de Nuevos Clientes en Lincoln-Goldfinch Law, abogados de inmigraci\u00f3n en Austin","rank_math_focus_keyword":"alfredo langarica","rank_math_canonical_url":"","footnotes":""},"class_list":["post-11916","page","type-page","status-publish","hentry"],"acf":[],"_links":{"self":[{"href":"https:\/\/www.lincolngoldfinch.com\/es\/wp-json\/wp\/v2\/pages\/11916","targetHints":{"allow":["GET"]}}],"collection":[{"href":"https:\/\/www.lincolngoldfinch.com\/es\/wp-json\/wp\/v2\/pages"}],"about":[{"href":"https:\/\/www.lincolngoldfinch.com\/es\/wp-json\/wp\/v2\/types\/page"}],"author":[{"embeddable":true,"href":"https:\/\/www.lincolngoldfinch.com\/es\/wp-json\/wp\/v2\/users\/1"}],"replies":[{"embeddable":true,"href":"https:\/\/www.lincolngoldfinch.com\/es\/wp-json\/wp\/v2\/comments?post=11916"}],"version-history":[{"count":0,"href":"https:\/\/www.lincolngoldfinch.com\/es\/wp-json\/wp\/v2\/pages\/11916\/revisions"}],"up":[{"embeddable":true,"href":"https:\/\/www.lincolngoldfinch.com\/es\/wp-json\/wp\/v2\/pages\/5839"}],"wp:attachment":[{"href":"https:\/\/www.lincolngoldfinch.com\/es\/wp-json\/wp\/v2\/media?parent=11916"}],"curies":[{"name":"wp","href":"https:\/\/api.w.org\/{rel}","templated":true}]}}