{"id":100661,"date":"2025-07-07T13:58:27","date_gmt":"2025-07-07T18:58:27","guid":{"rendered":"https:\/\/www.lincolngoldfinch.com\/?page_id=100661"},"modified":"2025-08-15T10:21:18","modified_gmt":"2025-08-15T15:21:18","slug":"lucia-marquez","status":"publish","type":"page","link":"https:\/\/www.lincolngoldfinch.com\/es\/conozca-nuestro-equipo\/lucia-marquez\/","title":{"rendered":"Lucia Marquez \u2013 Abogada"},"content":{"rendered":"<div class=\"fusion-fullwidth fullwidth-box fusion-builder-row-1 fusion-flex-container nonhundred-percent-fullwidth non-hundred-percent-height-scrolling\" style=\"--awb-background-position:left center;--awb-border-radius-top-left:0px;--awb-border-radius-top-right:0px;--awb-border-radius-bottom-right:0px;--awb-border-radius-bottom-left:0px;--awb-padding-top:0px;--awb-padding-right:0px;--awb-padding-bottom:30px;--awb-padding-left:0px;--awb-padding-top-small:0px;--awb-padding-right-small:30px;--awb-padding-bottom-small:0px;--awb-padding-left-small:30px;--awb-flex-wrap:wrap;\" id=\"hero-section\" ><div class=\"fusion-builder-row fusion-row fusion-flex-align-items-center fusion-flex-align-content-flex-start fusion-flex-justify-content-space-evenly fusion-flex-content-wrap\" style=\"max-width:1331.2px;margin-left: calc(-4% \/ 2 );margin-right: calc(-4% \/ 2 );\"><div class=\"fusion-layout-column fusion_builder_column fusion-builder-column-0 fusion-flex-column fusion-flex-align-self-center\" style=\"--awb-padding-top:5px;--awb-padding-right:5px;--awb-padding-bottom:5px;--awb-padding-left:5px;--awb-padding-top-small:0px;--awb-padding-right-small:0px;--awb-padding-bottom-small:0px;--awb-padding-left-small:0px;--awb-bg-position:left center;--awb-bg-size:cover;--awb-border-color:#fbd717;--awb-border-top:.5px;--awb-border-right:.5px;--awb-border-bottom:.5px;--awb-border-left:.5px;--awb-border-style:solid;--awb-width-large:30%;--awb-margin-top-large:0px;--awb-spacing-right-large:0px;--awb-margin-bottom-large:0px;--awb-spacing-left-large:0px;--awb-width-medium:30%;--awb-order-medium:0;--awb-spacing-right-medium:0px;--awb-spacing-left-medium:0px;--awb-width-small:100%;--awb-order-small:0;--awb-margin-top-small:0px;--awb-spacing-right-small:14.4%;--awb-margin-bottom-small:30px;--awb-spacing-left-small:14.4%;\" data-scroll-devices=\"small-visibility,medium-visibility,large-visibility\"><div class=\"fusion-column-wrapper fusion-column-has-shadow fusion-flex-justify-content-flex-start fusion-content-layout-column\"><div class=\"fusion-image-element \" style=\"text-align:center;--awb-margin-top-small:0px;--awb-margin-right-small:0px;--awb-margin-bottom-small:0px;--awb-margin-left-small:0px;--awb-max-width:400px;--awb-caption-title-font-family:var(--h2_typography-font-family);--awb-caption-title-font-weight:var(--h2_typography-font-weight);--awb-caption-title-font-style:var(--h2_typography-font-style);--awb-caption-title-size:var(--h2_typography-font-size);--awb-caption-title-transform:var(--h2_typography-text-transform);--awb-caption-title-line-height:var(--h2_typography-line-height);--awb-caption-title-letter-spacing:var(--h2_typography-letter-spacing);\"><span class=\" fusion-imageframe imageframe-dropshadow imageframe-1 hover-type-none\" style=\"-webkit-box-shadow: 6px 6px 10px rgba(0,0,0,0.1);box-shadow: 6px 6px 10px rgba(0,0,0,0.1);\"><img decoding=\"async\" width=\"380\" height=\"500\" title=\"Lucia Marquez Abogada De Lincoln Goldfinch Law\" src=\"https:\/\/www.lincolngoldfinch.com\/wp-content\/uploads\/2025\/08\/lucia-marquez-abogada-de-lincoln-goldfinch-law.jpg\" alt class=\"img-responsive wp-image-101948\" srcset=\"https:\/\/www.lincolngoldfinch.com\/wp-content\/uploads\/2025\/08\/lucia-marquez-abogada-de-lincoln-goldfinch-law-200x263.jpg 200w, https:\/\/www.lincolngoldfinch.com\/wp-content\/uploads\/2025\/08\/lucia-marquez-abogada-de-lincoln-goldfinch-law.jpg 380w\" sizes=\"(max-width: 640px) 100vw, 380px\" \/><\/span><\/div><\/div><\/div><div class=\"fusion-layout-column fusion_builder_column fusion-builder-column-1 fusion-flex-column fusion-flex-align-self-flex-start\" style=\"--awb-padding-top-small:0px;--awb-padding-right-small:0px;--awb-padding-bottom-small:0px;--awb-padding-left-small:0px;--awb-bg-size:cover;--awb-width-large:70%;--awb-margin-top-large:0px;--awb-spacing-right-large:0px;--awb-margin-bottom-large:20px;--awb-spacing-left-large:2.7428571428571%;--awb-width-medium:70%;--awb-order-medium:0;--awb-spacing-right-medium:0px;--awb-spacing-left-medium:2.7428571428571%;--awb-width-small:100%;--awb-order-small:0;--awb-spacing-right-small:0px;--awb-margin-bottom-small:20px;--awb-spacing-left-small:0px;\"><div class=\"fusion-column-wrapper fusion-column-has-shadow fusion-flex-justify-content-flex-start fusion-content-layout-column\"><div class=\"fusion-title title fusion-title-1 fusion-sep-none fusion-title-text fusion-title-size-one\" style=\"--awb-margin-top:0px;--awb-margin-bottom:0px;--awb-margin-top-small:10px;--awb-margin-right-small:0px;--awb-margin-bottom-small:10px;--awb-margin-left-small:0px;\"><h1 class=\"fusion-title-heading title-heading-left\" style=\"margin:0;\"><p style=\"text-align: left;\">Lucia Marquez<\/p><\/h1><\/div><div class=\"fusion-title title fusion-title-2 fusion-title-text fusion-title-size-div\" style=\"--awb-margin-bottom:0px;--awb-margin-top-small:10px;--awb-margin-right-small:0px;--awb-margin-bottom-small:10px;--awb-margin-left-small:0px;--awb-sep-color:#fbd717;\"><div class=\"title-sep-container title-sep-container-left fusion-no-large-visibility fusion-no-medium-visibility fusion-no-small-visibility\"><div class=\"title-sep sep-single sep-solid\" style=\"border-color:#fbd717;\"><\/div><\/div><span class=\"awb-title-spacer fusion-no-large-visibility fusion-no-medium-visibility fusion-no-small-visibility\"><\/span><div class=\"fusion-title-heading title-heading-left title-heading-tag\" style=\"margin:0;\"><h2>Abogada<\/h2><\/div><span class=\"awb-title-spacer\"><\/span><div class=\"title-sep-container title-sep-container-right\"><div class=\"title-sep sep-single sep-solid\" style=\"border-color:#fbd717;\"><\/div><\/div><\/div><div class=\"fusion-text fusion-text-1\" style=\"--awb-line-height:2;--awb-text-transform:none;--awb-margin-right:0px;--awb-margin-left:0px;\"><p>Nacida en Jalisco, M\u00e9xico, y criada entre California y Nebraska, traigo una perspectiva personal y emp\u00e1tica a mi trabajo como abogada de inmigraci\u00f3n.<\/p>\n<p>Desde 2008, he estado comprometida a servir a las comunidades de inmigrantes, primero como miembro de AmeriCorps con Servicios Luteranos de Inmigraci\u00f3n, y m\u00e1s tarde como abogada a partir de 2014. He representado a clientes en procedimientos de deportaci\u00f3n en varios estados, incluidos los detenidos, y me siento honrada por la confianza que depositan en m\u00ed en momentos que cambian la vida.<\/p>\n<p>Fuera de la ley, me gusta crear arte floral a trav\u00e9s del dibujo y la pintura, una pr\u00e1ctica que me mantiene conectado a tierra e inspirado. Mi objetivo es hacer que el proceso de inmigraci\u00f3n sea m\u00e1s compasivo, claro y humano.<\/p>\n<\/div><\/div><\/div><\/div><\/div><div class=\"fusion-fullwidth fullwidth-box fusion-builder-row-2 fusion-flex-container has-pattern-background has-mask-background hundred-percent-fullwidth non-hundred-percent-height-scrolling\" style=\"--link_hover_color: var(--awb-color5);--link_color: var(--awb-color8);--awb-border-radius-top-left:0px;--awb-border-radius-top-right:0px;--awb-border-radius-bottom-right:0px;--awb-border-radius-bottom-left:0px;--awb-padding-top:20px;--awb-padding-bottom:10px;--awb-margin-top:0px;--awb-margin-bottom:-30px;--awb-background-color:#fae768;--awb-flex-wrap:wrap;\" ><div class=\"fusion-builder-row fusion-row fusion-flex-align-items-center fusion-flex-justify-content-center fusion-flex-content-wrap\" style=\"width:104% !important;max-width:104% !important;margin-left: calc(-4% \/ 2 );margin-right: calc(-4% \/ 2 );\"><div class=\"fusion-layout-column fusion_builder_column fusion-builder-column-2 fusion_builder_column_1_1 1_1 fusion-flex-column fusion-flex-align-self-center\" style=\"--awb-bg-size:cover;--awb-width-large:100%;--awb-margin-top-large:0px;--awb-spacing-right-large:1.92%;--awb-margin-bottom-large:0px;--awb-spacing-left-large:1.92%;--awb-width-medium:100%;--awb-order-medium:0;--awb-spacing-right-medium:1.92%;--awb-spacing-left-medium:1.92%;--awb-width-small:100%;--awb-order-small:0;--awb-spacing-right-small:1.92%;--awb-spacing-left-small:1.92%;\"><div class=\"fusion-column-wrapper fusion-column-has-shadow fusion-flex-justify-content-center fusion-content-layout-column\"><div class=\"fusion-text fusion-text-2 fusion-text-no-margin\" style=\"--awb-content-alignment:center;--awb-font-size:32px;--awb-text-transform:none;--awb-text-color:#000000;--awb-margin-top:0px;--awb-margin-bottom:0px;--awb-text-font-family:&quot;Josefin Sans&quot;;--awb-text-font-style:normal;--awb-text-font-weight:400;\" id=\"call-to-action\"><p style=\"text-align: center; color: black !important;\"><a href=\"https:\/\/www.lincolngoldfinch.com\/es\/contactenos\/\">D\u00c9JANOS PONER NUESTROS SERVICIOS Y EXPERIENCIA A SU SERVICIO.<\/a><\/p>\n<\/div><\/div><\/div><\/div><\/div>\n<div class=\"gsp_post_data\" \r\n\t            data-post_type=\"page\" \r\n\t            data-cat=\"\" \r\n\t            data-modified=\"120\"\r\n\t            data-created=\"1751896707\"\r\n\t            data-title=\"Lucia Marquez \u2013 Abogada\" \r\n\t            data-home=\"https:\/\/www.lincolngoldfinch.com\/es\/\"><\/div>","protected":false},"excerpt":{"rendered":"","protected":false},"author":1,"featured_media":0,"parent":5839,"menu_order":0,"comment_status":"closed","ping_status":"closed","template":"100-width.php","meta":{"_acf_changed":false,"rop_custom_images_group":[],"rop_custom_messages_group":[],"rop_publish_now":"initial","rop_publish_now_accounts":[],"rop_publish_now_history":[],"rop_publish_now_status":"pending","_analytify_skip_tracking":false,"rank_math_title":"Lucia Marquez | Abogada de Inmigraci\u00f3n en Austin","rank_math_description":"Lucia M\u00e1rquez, una de nuestras abogadas de inmigraci\u00f3n que puede ayudar a resolver su situaci\u00f3n migratoria en EE.UU.","rank_math_focus_keyword":"Lucia Marquez","rank_math_canonical_url":"","footnotes":""},"class_list":["post-100661","page","type-page","status-publish","hentry"],"acf":[],"_links":{"self":[{"href":"https:\/\/www.lincolngoldfinch.com\/es\/wp-json\/wp\/v2\/pages\/100661","targetHints":{"allow":["GET"]}}],"collection":[{"href":"https:\/\/www.lincolngoldfinch.com\/es\/wp-json\/wp\/v2\/pages"}],"about":[{"href":"https:\/\/www.lincolngoldfinch.com\/es\/wp-json\/wp\/v2\/types\/page"}],"author":[{"embeddable":true,"href":"https:\/\/www.lincolngoldfinch.com\/es\/wp-json\/wp\/v2\/users\/1"}],"replies":[{"embeddable":true,"href":"https:\/\/www.lincolngoldfinch.com\/es\/wp-json\/wp\/v2\/comments?post=100661"}],"version-history":[{"count":0,"href":"https:\/\/www.lincolngoldfinch.com\/es\/wp-json\/wp\/v2\/pages\/100661\/revisions"}],"up":[{"embeddable":true,"href":"https:\/\/www.lincolngoldfinch.com\/es\/wp-json\/wp\/v2\/pages\/5839"}],"wp:attachment":[{"href":"https:\/\/www.lincolngoldfinch.com\/es\/wp-json\/wp\/v2\/media?parent=100661"}],"curies":[{"name":"wp","href":"https:\/\/api.w.org\/{rel}","templated":true}]}}